{"id":108,"date":"2020-12-04T12:53:07","date_gmt":"2020-12-04T12:53:07","guid":{"rendered":"http:\/\/www.ull.es\/eventos\/volcanes-de-papel\/?page_id=108"},"modified":"2020-12-04T12:57:31","modified_gmt":"2020-12-04T12:57:31","slug":"catalogo","status":"publish","type":"page","link":"https:\/\/www.ull.es\/eventos\/volcanes-de-papel\/catalogo\/","title":{"rendered":"Cat\u00e1logo"},"content":{"rendered":"<p>[vc_row][vc_column][vc_empty_space][\/vc_column][\/vc_row][vc_row equal_height=\u00bbyes\u00bb content_placement=\u00bbbottom\u00bb][vc_column width=\u00bb1\/3&#8243;][vc_row_inner][vc_column_inner][vc_empty_space height=\u00bb12px\u00bb][vc_single_image image=\u00bb72&#8243; img_size=\u00bb72px\u00bb onclick=\u00bbcustom_link\u00bb link=\u00bbhttps:\/\/www.ull.es\/eventos\/volcanes-de-papel\/\u00bb][\/vc_column_inner][\/vc_row_inner][vc_separator color=\u00bbblack\u00bb][\/vc_column][vc_column width=\u00bb2\/3&#8243;][vc_row_inner][vc_column_inner width=\u00bb1\/2&#8243;][vc_custom_heading source=\u00bbpost_title\u00bb font_container=\u00bbtag:h1|font_size:2.8em|text_align:left|color:%230a0a0a|line_height:100%25&#8243; google_fonts=\u00bbfont_family:Vollkorn%3Aregular%2Citalic%2C700%2C700italic|font_style:400%20regular%3A400%3Anormal\u00bb][vc_separator color=\u00bbblack\u00bb][\/vc_column_inner][vc_column_inner width=\u00bb1\/2&#8243;][\/vc_column_inner][\/vc_row_inner][\/vc_column][\/vc_row][vc_row][vc_column width=\u00bb1\/3&#8243; css=\u00bb.vc_custom_1607079009573{padding-right: 30px !important;}\u00bb][vc_empty_space][vc_single_image image=\u00bb111&#8243; img_size=\u00bbfull\u00bb][\/vc_column][vc_column width=\u00bb2\/3&#8243;][vc_empty_space][vc_column_text]El Servicio de Publicaciones de la Universidad ha editado el cat\u00e1logo de la exposici\u00f3n, acompa\u00f1ado de un amplio art\u00edculo de los profesores Eduardo Mart\u00ednez de Pis\u00f3n y Carmen Romero Ruiz sobre las claves que explican el papel de los volcanes entre la ciencia y la cultura a lo largo de nuestra historia.<\/p>\n<p>El cat\u00e1logo propiamente dicho est\u00e1 dividido en cinco secciones:\u00a0<em><strong>Conocimiento de los volcanes<\/strong><\/em>, donde se incluyen las obras que dan noticias, que contienen descripciones y mapas referidos a los volcanes;\u00a0<strong><em>Causas de los volcanes<\/em><\/strong>, donde se exponen los libros que vierten las antiguas ideas acerca del origen de los procesos eruptivos;\u00a0<em><strong>Volcanes hispanos<\/strong><\/em>, donde se agrupan las obras esenciales referidas a relieves y erupciones desarrolladas en territorios relacionados con el antiguo Imperio espa\u00f1ol;\u00a0<em><strong>Volcanes de tinta<\/strong><\/em>, donde se exhiben los numerosos grabados que guardan nuestros fondos y\u00a0<em><strong>Volcanes escritos<\/strong><\/em>, donde se muestran algunas de las aportaciones literarias a la cultura de los volcanes firmadas por autores como Dante, Quevedo o Goethe, entre tantos otros.<\/p>\n<p>Contiene, adem\u00e1s de reproducciones de grabados, un \u00edndice de autores y otro de t\u00edtulos de las obras expuestas.<\/p>\n<p>&nbsp;<\/p>\n<hr \/>\n<p>M\u00e1s informaci\u00f3n:<\/p>\n<p><strong><em>Servicio de Publicaciones<br \/>\nde la Universidad de La Laguna<\/em><\/strong><br \/>\n<a href=\"mailto:supubl@ull.es\" target=\"_blank\" rel=\"noopener\">supubl@ull.es<\/a><br \/>\ntel. 922 31 91 98 \/ 76[\/vc_column_text][vc_separator color=\u00bbblack\u00bb][\/vc_column][\/vc_row]<\/p>\n","protected":false},"excerpt":{"rendered":"<p>[vc_row][vc_column][vc_empty_space][\/vc_column][\/vc_row][vc_row equal_height=\u00bbyes\u00bb content_placement=\u00bbbottom\u00bb][vc_column width=\u00bb1\/3&#8243;][vc_row_inner][vc_column_inner][vc_empty_space height=\u00bb12px\u00bb][vc_single_image image=\u00bb72&#8243; img_size=\u00bb72px\u00bb onclick=\u00bbcustom_link\u00bb link=\u00bbhttps:\/\/www.ull.es\/eventos\/volcanes-de-papel\/\u00bb][\/vc_column_inner][\/vc_row_inner][vc_separator color=\u00bbblack\u00bb][\/vc_column][vc_column width=\u00bb2\/3&#8243;][vc_row_inner][vc_column_inner width=\u00bb1\/2&#8243;][vc_custom_heading source=\u00bbpost_title\u00bb font_container=\u00bbtag:h1|font_size:2.8em|text_align:left|color:%230a0a0a|line_height:100%25&#8243; google_fonts=\u00bbfont_family:Vollkorn%3Aregular%2Citalic%2C700%2C700italic|font_style:400%20regular%3A400%3Anormal\u00bb][vc_separator color=\u00bbblack\u00bb][\/vc_column_inner][vc_column_inner width=\u00bb1\/2&#8243;][\/vc_column_inner][\/vc_row_inner][\/vc_column][\/vc_row][vc_row][vc_column width=\u00bb1\/3&#8243; css=\u00bb.vc_custom_1607079009573{padding-right: 30px !important;}\u00bb][vc_empty_space][vc_single_image image=\u00bb111&#8243; img_size=\u00bbfull\u00bb][\/vc_column][vc_column width=\u00bb2\/3&#8243;][vc_empty_space][vc_column_text]El Servicio de Publicaciones de la Universidad ha editado el cat\u00e1logo de la exposici\u00f3n, acompa\u00f1ado de un amplio art\u00edculo de los profesores Eduardo Mart\u00ednez de Pis\u00f3n y Carmen Romero Ruiz sobre las&#8230;<\/p>\n","protected":false},"author":14,"featured_media":0,"parent":0,"menu_order":0,"comment_status":"closed","ping_status":"closed","template":"templates\/template-no-title.php","meta":{"footnotes":""},"class_list":["post-108","page","type-page","status-publish","hentry"],"_links":{"self":[{"href":"https:\/\/www.ull.es\/eventos\/volcanes-de-papel\/wp-json\/wp\/v2\/pages\/108"}],"collection":[{"href":"https:\/\/www.ull.es\/eventos\/volcanes-de-papel\/wp-json\/wp\/v2\/pages"}],"about":[{"href":"https:\/\/www.ull.es\/eventos\/volcanes-de-papel\/wp-json\/wp\/v2\/types\/page"}],"author":[{"embeddable":true,"href":"https:\/\/www.ull.es\/eventos\/volcanes-de-papel\/wp-json\/wp\/v2\/users\/14"}],"replies":[{"embeddable":true,"href":"https:\/\/www.ull.es\/eventos\/volcanes-de-papel\/wp-json\/wp\/v2\/comments?post=108"}],"version-history":[{"count":3,"href":"https:\/\/www.ull.es\/eventos\/volcanes-de-papel\/wp-json\/wp\/v2\/pages\/108\/revisions"}],"predecessor-version":[{"id":110,"href":"https:\/\/www.ull.es\/eventos\/volcanes-de-papel\/wp-json\/wp\/v2\/pages\/108\/revisions\/110"}],"wp:attachment":[{"href":"https:\/\/www.ull.es\/eventos\/volcanes-de-papel\/wp-json\/wp\/v2\/media?parent=108"}],"curies":[{"name":"wp","href":"https:\/\/api.w.org\/{rel}","templated":true}]}}