{"id":113,"date":"2020-12-04T12:58:40","date_gmt":"2020-12-04T12:58:40","guid":{"rendered":"http:\/\/www.ull.es\/eventos\/volcanes-de-papel\/?page_id=113"},"modified":"2020-12-04T13:09:36","modified_gmt":"2020-12-04T13:09:36","slug":"prensa","status":"publish","type":"page","link":"https:\/\/www.ull.es\/eventos\/volcanes-de-papel\/prensa\/","title":{"rendered":"Prensa"},"content":{"rendered":"<p>[vc_row][vc_column][vc_empty_space][\/vc_column][\/vc_row][vc_row equal_height=\u00bbyes\u00bb content_placement=\u00bbbottom\u00bb][vc_column width=\u00bb1\/3&#8243;][vc_row_inner][vc_column_inner][vc_empty_space height=\u00bb12px\u00bb][vc_single_image image=\u00bb72&#8243; img_size=\u00bb72px\u00bb onclick=\u00bbcustom_link\u00bb link=\u00bbhttps:\/\/www.ull.es\/eventos\/volcanes-de-papel\/\u00bb][\/vc_column_inner][\/vc_row_inner][vc_separator color=\u00bbblack\u00bb][\/vc_column][vc_column width=\u00bb2\/3&#8243;][vc_row_inner][vc_column_inner width=\u00bb1\/2&#8243;][vc_custom_heading source=\u00bbpost_title\u00bb font_container=\u00bbtag:h1|font_size:2.8em|text_align:left|color:%230a0a0a|line_height:100%25&#8243; google_fonts=\u00bbfont_family:Vollkorn%3Aregular%2Citalic%2C700%2C700italic|font_style:400%20regular%3A400%3Anormal\u00bb][vc_separator color=\u00bbblack\u00bb][\/vc_column_inner][vc_column_inner width=\u00bb1\/2&#8243;][\/vc_column_inner][\/vc_row_inner][\/vc_column][\/vc_row][vc_row][vc_column width=\u00bb1\/3&#8243; css=\u00bb.vc_custom_1607079009573{padding-right: 30px !important;}\u00bb][vc_empty_space][\/vc_column][vc_column width=\u00bb2\/3&#8243;][vc_empty_space][vc_column_text]<\/p>\n<h3><a title=\"ull.es\" href=\"textos\/elperseguidor.pdf\" target=\"_blank\" rel=\"noopener noreferrer\" target=\"_blank\" rel=\"noopener\">Volcanes de papel<\/a>\u00a0(pdf)<\/h3>\n<p>Alejandro Rodr\u00edguez Refojo.\u00a0<em>El Perseguidor, Diario de Avisos<\/em>, 04\/07\/2011<\/p>\n<hr \/>\n<h3><a title=\"ull.es\" href=\"textos\/laprensa.pdf\" target=\"_blank\" rel=\"noopener noreferrer\" target=\"_blank\" rel=\"noopener\">Volcanes de papel<\/a>\u00a0(pdf)<\/h3>\n<p>Daniel Garc\u00eda Pulido.\u00a0<em>La Prensa, El D\u00eda,\u00a0<\/em>18\/07\/2011<\/p>\n<hr \/>\n<h3><a title=\"ull.es\" href=\"http:\/\/www.ull.es\/viewullnew\/institucional\/prensa\/Noticias_ULL\/es\/2100443\" target=\"_blank\" rel=\"noopener noreferrer\" target=\"_blank\" rel=\"noopener\">Inaugurada la exposici\u00f3n \u201cVolcanes de papel\u201d, con la que la Universidad de La Laguna celebra el D\u00eda del Libro<\/a><\/h3>\n<p>ull.es<\/p>\n<hr \/>\n<h3><a title=\"notienenombre.es\" href=\"http:\/\/www.notienenombre.es\/sinnombre\/enterate\/Entradas\/2011\/4\/25_Volcanes_de_Papel__Dia_del_Libro_en_la_ULL_1.html\" target=\"_blank\" rel=\"noopener noreferrer\" target=\"_blank\" rel=\"noopener\">Volcanes de Papel: D\u00eda del Libro en la ULL<\/a><\/h3>\n<p>notienenombre.es<\/p>\n<hr \/>\n<h3><a title=\"asarca.org\" href=\"http:\/\/www.asarca.org\/blog\/la-biblioteca-de-la-universidad-de-la-laguna-celebro-el-dia-del-libro-con-la-exposicion-volcanes-de-papel\" target=\"_blank\" rel=\"noopener noreferrer\" target=\"_blank\" rel=\"noopener\">La Biblioteca de la Universidad de La Laguna celebr\u00f3 el D\u00eda del Libro con la exposici\u00f3n \u00abVolcanes de papel\u00bb<\/a><\/h3>\n<p>asarca.org<\/p>\n<hr \/>\n<h3><a title=\"desnivel.es\" href=\"http:\/\/desnivel.com\/cultura\/la-primera-al-popocatepetl-en-volcanes-de-papel\" target=\"_blank\" rel=\"noopener noreferrer\" target=\"_blank\" rel=\"noopener\">La primera al Popocat\u00e9petl en Volcanes de papel<\/a><\/h3>\n<p>desnivel.es<\/p>\n<hr \/>\n<h3><a title=\"planetavivoradio.es\" href=\"http:\/\/www.planetavivoradio.es\/noticias.php\" target=\"_blank\" rel=\"noopener noreferrer\" target=\"_blank\" rel=\"noopener\">Exposici\u00f3n VOLCANES DE PAPEL<\/a><\/h3>\n<p>planetavivoradio.es<\/p>\n<hr \/>\n<h3><a title=\"avcam.org\" href=\"http:\/\/www.avcan.org\/?m=Noticias&amp;a=noticia&amp;N=848\" target=\"_blank\" rel=\"noopener noreferrer\" target=\"_blank\" rel=\"noopener\">Exposici\u00f3n Volcanes de papel<\/a><\/h3>\n<p>avcam.org<\/p>\n<hr \/>\n<h3><a title=\"eldia.es\" href=\"http:\/\/www.eldia.es\/2011-05-05\/CULTURA\/4-ULL-celebra-Dia-Libro-exposicion-titulada-Volcanes-papel.htm\" target=\"_blank\" rel=\"noopener noreferrer\" target=\"_blank\" rel=\"noopener\">La ULL celebra el D\u00eda del Libro con la exposici\u00f3n titulada \u00abVolcanes de papel\u00bb<\/a><\/h3>\n<p>eldia.es<\/p>\n<hr \/>\n<p>[\/vc_column_text][vc_separator color=\u00bbblack\u00bb][\/vc_column][\/vc_row]<\/p>\n","protected":false},"excerpt":{"rendered":"<p>[vc_row][vc_column][vc_empty_space][\/vc_column][\/vc_row][vc_row equal_height=\u00bbyes\u00bb content_placement=\u00bbbottom\u00bb][vc_column width=\u00bb1\/3&#8243;][vc_row_inner][vc_column_inner][vc_empty_space height=\u00bb12px\u00bb][vc_single_image image=\u00bb72&#8243; img_size=\u00bb72px\u00bb onclick=\u00bbcustom_link\u00bb link=\u00bbhttps:\/\/www.ull.es\/eventos\/volcanes-de-papel\/\u00bb][\/vc_column_inner][\/vc_row_inner][vc_separator color=\u00bbblack\u00bb][\/vc_column][vc_column width=\u00bb2\/3&#8243;][vc_row_inner][vc_column_inner width=\u00bb1\/2&#8243;][vc_custom_heading source=\u00bbpost_title\u00bb font_container=\u00bbtag:h1|font_size:2.8em|text_align:left|color:%230a0a0a|line_height:100%25&#8243; google_fonts=\u00bbfont_family:Vollkorn%3Aregular%2Citalic%2C700%2C700italic|font_style:400%20regular%3A400%3Anormal\u00bb][vc_separator color=\u00bbblack\u00bb][\/vc_column_inner][vc_column_inner width=\u00bb1\/2&#8243;][\/vc_column_inner][\/vc_row_inner][\/vc_column][\/vc_row][vc_row][vc_column width=\u00bb1\/3&#8243; css=\u00bb.vc_custom_1607079009573{padding-right: 30px !important;}\u00bb][vc_empty_space][\/vc_column][vc_column width=\u00bb2\/3&#8243;][vc_empty_space][vc_column_text] Volcanes de papel\u00a0(pdf) Alejandro Rodr\u00edguez Refojo.\u00a0El Perseguidor, Diario de Avisos, 04\/07\/2011 Volcanes de papel\u00a0(pdf) Daniel Garc\u00eda Pulido.\u00a0La Prensa, El D\u00eda,\u00a018\/07\/2011 Inaugurada la exposici\u00f3n \u201cVolcanes de papel\u201d, con la que la Universidad de La&#8230;<\/p>\n","protected":false},"author":14,"featured_media":0,"parent":0,"menu_order":0,"comment_status":"closed","ping_status":"closed","template":"templates\/template-no-title.php","meta":{"footnotes":""},"class_list":["post-113","page","type-page","status-publish","hentry"],"_links":{"self":[{"href":"https:\/\/www.ull.es\/eventos\/volcanes-de-papel\/wp-json\/wp\/v2\/pages\/113"}],"collection":[{"href":"https:\/\/www.ull.es\/eventos\/volcanes-de-papel\/wp-json\/wp\/v2\/pages"}],"about":[{"href":"https:\/\/www.ull.es\/eventos\/volcanes-de-papel\/wp-json\/wp\/v2\/types\/page"}],"author":[{"embeddable":true,"href":"https:\/\/www.ull.es\/eventos\/volcanes-de-papel\/wp-json\/wp\/v2\/users\/14"}],"replies":[{"embeddable":true,"href":"https:\/\/www.ull.es\/eventos\/volcanes-de-papel\/wp-json\/wp\/v2\/comments?post=113"}],"version-history":[{"count":3,"href":"https:\/\/www.ull.es\/eventos\/volcanes-de-papel\/wp-json\/wp\/v2\/pages\/113\/revisions"}],"predecessor-version":[{"id":115,"href":"https:\/\/www.ull.es\/eventos\/volcanes-de-papel\/wp-json\/wp\/v2\/pages\/113\/revisions\/115"}],"wp:attachment":[{"href":"https:\/\/www.ull.es\/eventos\/volcanes-de-papel\/wp-json\/wp\/v2\/media?parent=113"}],"curies":[{"name":"wp","href":"https:\/\/api.w.org\/{rel}","templated":true}]}}