{"id":122,"date":"2020-12-04T13:12:44","date_gmt":"2020-12-04T13:12:44","guid":{"rendered":"http:\/\/www.ull.es\/eventos\/volcanes-de-papel\/?page_id=122"},"modified":"2020-12-04T13:12:44","modified_gmt":"2020-12-04T13:12:44","slug":"creditos","status":"publish","type":"page","link":"https:\/\/www.ull.es\/eventos\/volcanes-de-papel\/creditos\/","title":{"rendered":"Cr\u00e9ditos"},"content":{"rendered":"<p>[vc_row][vc_column][vc_empty_space][\/vc_column][\/vc_row][vc_row equal_height=\u00bbyes\u00bb content_placement=\u00bbbottom\u00bb][vc_column width=\u00bb1\/3&#8243;][vc_row_inner][vc_column_inner][vc_empty_space height=\u00bb12px\u00bb][vc_single_image image=\u00bb72&#8243; img_size=\u00bb72px\u00bb onclick=\u00bbcustom_link\u00bb link=\u00bbhttps:\/\/www.ull.es\/eventos\/volcanes-de-papel\/\u00bb][\/vc_column_inner][\/vc_row_inner][vc_separator color=\u00bbblack\u00bb][\/vc_column][vc_column width=\u00bb2\/3&#8243;][vc_row_inner][vc_column_inner width=\u00bb1\/2&#8243;][vc_custom_heading source=\u00bbpost_title\u00bb font_container=\u00bbtag:h1|font_size:2.8em|text_align:left|color:%230a0a0a|line_height:100%25&#8243; google_fonts=\u00bbfont_family:Vollkorn%3Aregular%2Citalic%2C700%2C700italic|font_style:400%20regular%3A400%3Anormal\u00bb][vc_separator color=\u00bbblack\u00bb][\/vc_column_inner][vc_column_inner width=\u00bb1\/2&#8243;][\/vc_column_inner][\/vc_row_inner][\/vc_column][\/vc_row][vc_row][vc_column width=\u00bb1\/3&#8243; css=\u00bb.vc_custom_1607079009573{padding-right: 30px !important;}\u00bb][vc_empty_space][\/vc_column][vc_column width=\u00bb2\/3&#8243;][vc_empty_space][vc_column_text]<\/p>\n<h2>Comisarios:<\/h2>\n<p><strong>Eduardo Mart\u00ednez de Pis\u00f3n<\/strong><br \/>\nCatedr\u00e1tico de Geograf\u00eda de la Universidad Aut\u00f3noma de Madrid<\/p>\n<p><strong>Carmen Romero Ruiz<\/strong><br \/>\nProfesora titular de la Facultad de Geograf\u00eda<br \/>\nde la Universidad de La Laguna<\/p>\n<p><strong>Paz Fern\u00e1ndez Palomeque<\/strong><br \/>\nResponsable del Fondo Antiguo de la Universidad de La Laguna<\/p>\n<hr \/>\n<p><strong>Dise\u00f1o de la exposici\u00f3n y p\u00e1gina web<\/strong>:<br \/>\nIsmael Garc\u00eda<\/p>\n<p><strong>Realizaci\u00f3n del video:<\/strong><br \/>\nEduardo Torres Negr\u00edn<\/p>\n<hr \/>\n<h2>Organiza:<\/h2>\n<p><strong>Vicerrectorado de Servicios Universitarios<br \/>\ny Servicio de Biblioteca de la Universidad de La Laguna<\/strong><\/p>\n<hr \/>\n<h2><strong>Colabora<\/strong>n:<\/h2>\n<p><strong>Grupo de Investigaci\u00f3n Arte y Entorno<br \/>\nde la Facultad de Bellas Artes<br \/>\n<\/strong>(Catedr\u00e1tica M\u00aa Isabel S\u00e1nchez Bonilla)<\/p>\n<p><strong>Secretariado de Publicaciones<br \/>\nde la Universidad de La Laguna<\/strong><\/p>\n<hr \/>\n<h2>Agradecimientos:<\/h2>\n<p>Rosario \u00c1lvarez Mart\u00ednez, Catedr\u00e1tica de M\u00fasica de la Universidad<br \/>\nde La Laguna<\/p>\n<p>Jos\u00e9 Sabat\u00e9, Presidente de la Sociedad Tel\u00e9ferico de Tenerife<\/p>\n<p>Personal de la Biblioteca de la Universidad de La Laguna<\/p>\n<p>Unidad de Docencia Virtual de la Universidad de La Laguna<\/p>\n<hr \/>\n<h2>M\u00e1s informaci\u00f3n:<\/h2>\n<p><a href=\"mailto:gesbull@ull.es\" target=\"_blank\" rel=\"noopener\">gesbull@ull.es<\/a><br \/>\ntel. 922 317 859<\/p>\n<hr \/>\n<p>&nbsp;<\/p>\n<h3><\/h3>\n<p>[\/vc_column_text][vc_separator color=\u00bbblack\u00bb][\/vc_column][\/vc_row]<\/p>\n","protected":false},"excerpt":{"rendered":"<p>[vc_row][vc_column][vc_empty_space][\/vc_column][\/vc_row][vc_row equal_height=\u00bbyes\u00bb content_placement=\u00bbbottom\u00bb][vc_column width=\u00bb1\/3&#8243;][vc_row_inner][vc_column_inner][vc_empty_space height=\u00bb12px\u00bb][vc_single_image image=\u00bb72&#8243; img_size=\u00bb72px\u00bb onclick=\u00bbcustom_link\u00bb link=\u00bbhttps:\/\/www.ull.es\/eventos\/volcanes-de-papel\/\u00bb][\/vc_column_inner][\/vc_row_inner][vc_separator color=\u00bbblack\u00bb][\/vc_column][vc_column width=\u00bb2\/3&#8243;][vc_row_inner][vc_column_inner width=\u00bb1\/2&#8243;][vc_custom_heading source=\u00bbpost_title\u00bb font_container=\u00bbtag:h1|font_size:2.8em|text_align:left|color:%230a0a0a|line_height:100%25&#8243; google_fonts=\u00bbfont_family:Vollkorn%3Aregular%2Citalic%2C700%2C700italic|font_style:400%20regular%3A400%3Anormal\u00bb][vc_separator color=\u00bbblack\u00bb][\/vc_column_inner][vc_column_inner width=\u00bb1\/2&#8243;][\/vc_column_inner][\/vc_row_inner][\/vc_column][\/vc_row][vc_row][vc_column width=\u00bb1\/3&#8243; css=\u00bb.vc_custom_1607079009573{padding-right: 30px !important;}\u00bb][vc_empty_space][\/vc_column][vc_column width=\u00bb2\/3&#8243;][vc_empty_space][vc_column_text] Comisarios: Eduardo Mart\u00ednez de Pis\u00f3n Catedr\u00e1tico de Geograf\u00eda de la Universidad Aut\u00f3noma de Madrid Carmen Romero Ruiz Profesora titular de la Facultad de Geograf\u00eda de la Universidad de La Laguna Paz Fern\u00e1ndez Palomeque&#8230;<\/p>\n","protected":false},"author":14,"featured_media":0,"parent":0,"menu_order":0,"comment_status":"closed","ping_status":"closed","template":"templates\/template-no-title.php","meta":{"footnotes":""},"class_list":["post-122","page","type-page","status-publish","hentry"],"_links":{"self":[{"href":"https:\/\/www.ull.es\/eventos\/volcanes-de-papel\/wp-json\/wp\/v2\/pages\/122"}],"collection":[{"href":"https:\/\/www.ull.es\/eventos\/volcanes-de-papel\/wp-json\/wp\/v2\/pages"}],"about":[{"href":"https:\/\/www.ull.es\/eventos\/volcanes-de-papel\/wp-json\/wp\/v2\/types\/page"}],"author":[{"embeddable":true,"href":"https:\/\/www.ull.es\/eventos\/volcanes-de-papel\/wp-json\/wp\/v2\/users\/14"}],"replies":[{"embeddable":true,"href":"https:\/\/www.ull.es\/eventos\/volcanes-de-papel\/wp-json\/wp\/v2\/comments?post=122"}],"version-history":[{"count":1,"href":"https:\/\/www.ull.es\/eventos\/volcanes-de-papel\/wp-json\/wp\/v2\/pages\/122\/revisions"}],"predecessor-version":[{"id":123,"href":"https:\/\/www.ull.es\/eventos\/volcanes-de-papel\/wp-json\/wp\/v2\/pages\/122\/revisions\/123"}],"wp:attachment":[{"href":"https:\/\/www.ull.es\/eventos\/volcanes-de-papel\/wp-json\/wp\/v2\/media?parent=122"}],"curies":[{"name":"wp","href":"https:\/\/api.w.org\/{rel}","templated":true}]}}