{"id":29,"date":"2020-12-01T11:11:47","date_gmt":"2020-12-01T11:11:47","guid":{"rendered":"http:\/\/www.ull.es\/eventos\/volcanes-de-papel\/?page_id=29"},"modified":"2021-05-06T12:57:08","modified_gmt":"2021-05-06T12:57:08","slug":"el-conocimiento-de-los-volcanes","status":"publish","type":"page","link":"https:\/\/www.ull.es\/eventos\/volcanes-de-papel\/el-conocimiento-de-los-volcanes\/","title":{"rendered":"Conocimiento de los volcanes"},"content":{"rendered":"<p>[vc_row][vc_column][vc_empty_space][\/vc_column][\/vc_row][vc_row equal_height=\u00bbyes\u00bb content_placement=\u00bbbottom\u00bb][vc_column width=\u00bb1\/3&#8243;][vc_row_inner][vc_column_inner][vc_empty_space height=\u00bb12px\u00bb][vc_single_image image=\u00bb72&#8243; img_size=\u00bb72px\u00bb onclick=\u00bbcustom_link\u00bb link=\u00bbhttps:\/\/www.ull.es\/eventos\/volcanes-de-papel\/\u00bb][\/vc_column_inner][\/vc_row_inner][vc_separator color=\u00bbblack\u00bb][\/vc_column][vc_column width=\u00bb2\/3&#8243;][vc_row_inner][vc_column_inner width=\u00bb1\/2&#8243;][vc_custom_heading source=\u00bbpost_title\u00bb font_container=\u00bbtag:h1|font_size:2.8em|text_align:left|color:%230a0a0a|line_height:100%25&#8243; google_fonts=\u00bbfont_family:Vollkorn%3Aregular%2Citalic%2C700%2C700italic|font_style:400%20regular%3A400%3Anormal\u00bb][vc_separator color=\u00bbblack\u00bb][\/vc_column_inner][vc_column_inner width=\u00bb1\/2&#8243;][\/vc_column_inner][\/vc_row_inner][\/vc_column][\/vc_row][vc_row][vc_column width=\u00bb1\/3&#8243; css=\u00bb.vc_custom_1607079009573{padding-right: 30px !important;}\u00bb][vc_empty_space][\/vc_column][vc_column width=\u00bb2\/3&#8243;][vc_empty_space][vc_custom_heading text=\u00bbEl car\u00e1cter inaccesible del interior de la Tierra ha propiciado todo tipo de especulaciones sobre la naturaleza, el comportamiento y el origen de los volcanes a lo largo de los siglos.\u00bb font_container=\u00bbtag:h3|text_align:left|color:%230a0a0a\u00bb google_fonts=\u00bbfont_family:Vollkorn%3Aregular%2Citalic%2C700%2C700italic|font_style:400%20italic%3A400%3Aitalic\u00bb][vc_empty_space][vc_media_grid grid_id=\u00bbvc_gid:1620303904981-8c7094a5-314e-0&#8243; include=\u00bb149,150,151&#8243;][vc_empty_space][vc_column_text]El conocimiento de los volcanes de la cultura greco-latina se expande de modo progresivo por el mundo al ritmo impuesto por el desarrollo de episodios volc\u00e1nicos concretos y por la ampliaci\u00f3n de los l\u00edmites geogr\u00e1ficos del orbe conocido. Para cada etapa existe una erupci\u00f3n, un autor y un marco geogr\u00e1fico de referencia.<\/p>\n<p>Las primeras monograf\u00edas de volcanes activos de Europa se elaboran durante el siglo XVII, despu\u00e9s de las erupciones del Monte Nuovo en 1538 (Campos Flegreos,) y del Vesubio en 1631. A fines del siglo XVIII Giovanni Maria de la Torre escribe uno de los primeros tratados modernos de volcanismo basado en el estudio de las fuentes que describen las erupciones del Vesubio, del Etna y en las observaciones directas de los volcanes llevadas a cabo durante m\u00e1s de veinte a\u00f1os.<\/p>\n<p>El an\u00e1lisis directo sobre los volcanes y sus erupciones, as\u00ed como la experiencia adquirida durante los viajes por todo el mundo, permitieron la recopilaci\u00f3n de im\u00e1genes y datos, en una extensi\u00f3n imparable que fue haciendo retroceder el tel\u00f3n de los mitos geogr\u00e1ficos sin cesar.<\/p>\n<p>El viaje cient\u00edfico de Humboldt y su experiencia directa en volcanes como el Teide, el Pichincha y el Chimborazo fue fundamental en este proceso de conocimiento:<\/p>\n<blockquote>\n<blockquote><p><em>\u2026 los viajes a climas remotos, la comparaci\u00f3n de las vastas regiones situadas dentro o fuera de Europa, eran necesarios para reconocer claramente el car\u00e1cter com\u00fan a todos los fen\u00f3menos volc\u00e1nicos y su universalidad.<\/em><\/p><\/blockquote>\n<\/blockquote>\n<p>A este autor le debemos la primera construcci\u00f3n intelectual acerca de la estructura, tipos y distribuci\u00f3n mundial de los volcanes, la primera visi\u00f3n del volcanismo como fen\u00f3meno permanente, as\u00ed como la primera imagen sobre la morfolog\u00eda comparada de los volcanes del mundo. Sus ideas transcendieron del mundo cient\u00edfico y ayudaron a ver y a entender los volcanes como fen\u00f3meno no s\u00f3lo f\u00edsico sino tambi\u00e9n cultural.<\/p>\n<p>El conocimiento se propaga, pues, a partir de la Ilustraci\u00f3n y, por disposici\u00f3n intelectual y exploraci\u00f3n del mundo, el volc\u00e1n del \u00ablogos\u00bb desplaza y cierra el largo per\u00edodo del volc\u00e1n del mito.<\/p>\n<p>[\/vc_column_text][vc_separator color=\u00bbblack\u00bb][\/vc_column][\/vc_row]<\/p>\n","protected":false},"excerpt":{"rendered":"<p>[vc_row][vc_column][vc_empty_space][\/vc_column][\/vc_row][vc_row equal_height=\u00bbyes\u00bb content_placement=\u00bbbottom\u00bb][vc_column width=\u00bb1\/3&#8243;][vc_row_inner][vc_column_inner][vc_empty_space height=\u00bb12px\u00bb][vc_single_image image=\u00bb72&#8243; img_size=\u00bb72px\u00bb onclick=\u00bbcustom_link\u00bb link=\u00bbhttps:\/\/www.ull.es\/eventos\/volcanes-de-papel\/\u00bb][\/vc_column_inner][\/vc_row_inner][vc_separator color=\u00bbblack\u00bb][\/vc_column][vc_column width=\u00bb2\/3&#8243;][vc_row_inner][vc_column_inner width=\u00bb1\/2&#8243;][vc_custom_heading source=\u00bbpost_title\u00bb font_container=\u00bbtag:h1|font_size:2.8em|text_align:left|color:%230a0a0a|line_height:100%25&#8243; google_fonts=\u00bbfont_family:Vollkorn%3Aregular%2Citalic%2C700%2C700italic|font_style:400%20regular%3A400%3Anormal\u00bb][vc_separator color=\u00bbblack\u00bb][\/vc_column_inner][vc_column_inner width=\u00bb1\/2&#8243;][\/vc_column_inner][\/vc_row_inner][\/vc_column][\/vc_row][vc_row][vc_column width=\u00bb1\/3&#8243; css=\u00bb.vc_custom_1607079009573{padding-right: 30px !important;}\u00bb][vc_empty_space][\/vc_column][vc_column width=\u00bb2\/3&#8243;][vc_empty_space][vc_custom_heading text=\u00bbEl car\u00e1cter inaccesible del interior de la Tierra ha propiciado todo tipo de especulaciones sobre la naturaleza, el comportamiento y el origen de los volcanes a lo largo de los siglos.\u00bb font_container=\u00bbtag:h3|text_align:left|color:%230a0a0a\u00bb google_fonts=\u00bbfont_family:Vollkorn%3Aregular%2Citalic%2C700%2C700italic|font_style:400%20italic%3A400%3Aitalic\u00bb][vc_empty_space][vc_media_grid&#8230;<\/p>\n","protected":false},"author":14,"featured_media":37,"parent":0,"menu_order":0,"comment_status":"closed","ping_status":"closed","template":"templates\/template-no-title.php","meta":{"footnotes":""},"class_list":["post-29","page","type-page","status-publish","has-post-thumbnail","hentry"],"_links":{"self":[{"href":"https:\/\/www.ull.es\/eventos\/volcanes-de-papel\/wp-json\/wp\/v2\/pages\/29"}],"collection":[{"href":"https:\/\/www.ull.es\/eventos\/volcanes-de-papel\/wp-json\/wp\/v2\/pages"}],"about":[{"href":"https:\/\/www.ull.es\/eventos\/volcanes-de-papel\/wp-json\/wp\/v2\/types\/page"}],"author":[{"embeddable":true,"href":"https:\/\/www.ull.es\/eventos\/volcanes-de-papel\/wp-json\/wp\/v2\/users\/14"}],"replies":[{"embeddable":true,"href":"https:\/\/www.ull.es\/eventos\/volcanes-de-papel\/wp-json\/wp\/v2\/comments?post=29"}],"version-history":[{"count":31,"href":"https:\/\/www.ull.es\/eventos\/volcanes-de-papel\/wp-json\/wp\/v2\/pages\/29\/revisions"}],"predecessor-version":[{"id":154,"href":"https:\/\/www.ull.es\/eventos\/volcanes-de-papel\/wp-json\/wp\/v2\/pages\/29\/revisions\/154"}],"wp:featuredmedia":[{"embeddable":true,"href":"https:\/\/www.ull.es\/eventos\/volcanes-de-papel\/wp-json\/wp\/v2\/media\/37"}],"wp:attachment":[{"href":"https:\/\/www.ull.es\/eventos\/volcanes-de-papel\/wp-json\/wp\/v2\/media?parent=29"}],"curies":[{"name":"wp","href":"https:\/\/api.w.org\/{rel}","templated":true}]}}