{"id":96,"date":"2020-12-04T12:43:51","date_gmt":"2020-12-04T12:43:51","guid":{"rendered":"http:\/\/www.ull.es\/eventos\/volcanes-de-papel\/?page_id=96"},"modified":"2021-05-06T13:22:14","modified_gmt":"2021-05-06T13:22:14","slug":"volcanes-hispanos","status":"publish","type":"page","link":"https:\/\/www.ull.es\/eventos\/volcanes-de-papel\/volcanes-hispanos\/","title":{"rendered":"Volcanes hispanos"},"content":{"rendered":"<p>[vc_row][vc_column][vc_empty_space][\/vc_column][\/vc_row][vc_row equal_height=\u00bbyes\u00bb content_placement=\u00bbbottom\u00bb][vc_column width=\u00bb1\/3&#8243;][vc_row_inner][vc_column_inner][vc_empty_space height=\u00bb12px\u00bb][vc_single_image image=\u00bb72&#8243; img_size=\u00bb72px\u00bb onclick=\u00bbcustom_link\u00bb link=\u00bbhttps:\/\/www.ull.es\/eventos\/volcanes-de-papel\/\u00bb][\/vc_column_inner][\/vc_row_inner][vc_separator color=\u00bbblack\u00bb][\/vc_column][vc_column width=\u00bb2\/3&#8243;][vc_row_inner][vc_column_inner width=\u00bb1\/2&#8243;][vc_custom_heading source=\u00bbpost_title\u00bb font_container=\u00bbtag:h1|font_size:2.8em|text_align:left|color:%230a0a0a|line_height:100%25&#8243; google_fonts=\u00bbfont_family:Vollkorn%3Aregular%2Citalic%2C700%2C700italic|font_style:400%20regular%3A400%3Anormal\u00bb][vc_separator color=\u00bbblack\u00bb][\/vc_column_inner][vc_column_inner width=\u00bb1\/2&#8243;][\/vc_column_inner][\/vc_row_inner][\/vc_column][\/vc_row][vc_row][vc_column width=\u00bb1\/3&#8243; css=\u00bb.vc_custom_1607079009573{padding-right: 30px !important;}\u00bb][vc_empty_space][\/vc_column][vc_column width=\u00bb2\/3&#8243;][vc_empty_space][vc_column_text]<\/p>\n<h3><strong>\u00ab\u2026 y as\u00ed, est\u00e1 la experiencia<br \/>\nen contra de la filosof\u00eda&#8230;\u00bb<\/strong><\/h3>\n<p>Las cr\u00f3nicas canarias primero y m\u00e1s tarde las indianas y pac\u00edficas, trajeron a Europa una copiosa informaci\u00f3n local y una renovaci\u00f3n conceptual, que abri\u00f3, como en el resto de los descubrimientos, puertas al conocimiento. Los conquistadores y misioneros espa\u00f1oles fueron m\u00e1s all\u00e1 de lo conocido, pero llevaron sus patrones culturales y llamaron a las cosas nuevas, para identificarlas, con nombres viejos. Al volc\u00e1n lo denominaron con el gen\u00e9rico de siempre. El Etna, el modelo, iba en el equipaje mental del descubridor. Y con \u00e9l, en la biblioteca del navegante, las explicaciones de los maestros cl\u00e1sicos: Arist\u00f3teles, Plinio, Agr\u00edcola, San Agust\u00edn y Alberto Magno.<\/p>\n<p>El contacto o confrontaci\u00f3n con la realidad fue para los espa\u00f1oles un descubrimiento, una aportaci\u00f3n y una revisi\u00f3n. L\u00f3pez de G\u00f3mara se\u00f1alaba, con la cita que encabeza este texto, lo mucho ense\u00f1ado por el terreno frente a lo poco aprendido en los libros.<\/p>\n<p>La experiencia viaj\u00f3 desde Canarias a M\u00e9xico y desde aqu\u00ed a los confines de la exploraci\u00f3n andina, con especial intensidad en Guatemala, Nicaragua, Per\u00fa y Ecuador, pero tambi\u00e9n alcanz\u00f3 las aguas del inmenso mar Pac\u00edfico. Para los conquistadores el volc\u00e1n activo, desde la explosi\u00f3n al lago de lava, es un descubrimiento al que incorporan los patrones europeos de comprensi\u00f3n: del Etna, para la erupci\u00f3n o del Teide, para el azufre, del Vesubio, para la cat\u00e1strofe y del Heckla, para el hielo de las altas cimas.<\/p>\n<p>De un modo o de otro, el resultado fue un caudal de conocimientos y observaciones, vertido, devuelto, corregido y aumentado al Renacimiento europeo, con una parcial revisi\u00f3n de la ciencia aristot\u00e9lica por teor\u00edas derivadas m\u00e1s o menos innovadoras.[\/vc_column_text][vc_separator color=\u00bbblack\u00bb][\/vc_column][\/vc_row]<\/p>\n","protected":false},"excerpt":{"rendered":"<p>[vc_row][vc_column][vc_empty_space][\/vc_column][\/vc_row][vc_row equal_height=\u00bbyes\u00bb content_placement=\u00bbbottom\u00bb][vc_column width=\u00bb1\/3&#8243;][vc_row_inner][vc_column_inner][vc_empty_space height=\u00bb12px\u00bb][vc_single_image image=\u00bb72&#8243; img_size=\u00bb72px\u00bb onclick=\u00bbcustom_link\u00bb link=\u00bbhttps:\/\/www.ull.es\/eventos\/volcanes-de-papel\/\u00bb][\/vc_column_inner][\/vc_row_inner][vc_separator color=\u00bbblack\u00bb][\/vc_column][vc_column width=\u00bb2\/3&#8243;][vc_row_inner][vc_column_inner width=\u00bb1\/2&#8243;][vc_custom_heading source=\u00bbpost_title\u00bb font_container=\u00bbtag:h1|font_size:2.8em|text_align:left|color:%230a0a0a|line_height:100%25&#8243; google_fonts=\u00bbfont_family:Vollkorn%3Aregular%2Citalic%2C700%2C700italic|font_style:400%20regular%3A400%3Anormal\u00bb][vc_separator color=\u00bbblack\u00bb][\/vc_column_inner][vc_column_inner width=\u00bb1\/2&#8243;][\/vc_column_inner][\/vc_row_inner][\/vc_column][\/vc_row][vc_row][vc_column width=\u00bb1\/3&#8243; css=\u00bb.vc_custom_1607079009573{padding-right: 30px !important;}\u00bb][vc_empty_space][\/vc_column][vc_column width=\u00bb2\/3&#8243;][vc_empty_space][vc_column_text] \u00ab\u2026 y as\u00ed, est\u00e1 la experiencia en contra de la filosof\u00eda&#8230;\u00bb Las cr\u00f3nicas canarias primero y m\u00e1s tarde las indianas y pac\u00edficas, trajeron a Europa una copiosa informaci\u00f3n local y una renovaci\u00f3n conceptual,&#8230;<\/p>\n","protected":false},"author":14,"featured_media":0,"parent":0,"menu_order":0,"comment_status":"closed","ping_status":"closed","template":"templates\/template-no-title.php","meta":{"footnotes":""},"class_list":["post-96","page","type-page","status-publish","hentry"],"_links":{"self":[{"href":"https:\/\/www.ull.es\/eventos\/volcanes-de-papel\/wp-json\/wp\/v2\/pages\/96"}],"collection":[{"href":"https:\/\/www.ull.es\/eventos\/volcanes-de-papel\/wp-json\/wp\/v2\/pages"}],"about":[{"href":"https:\/\/www.ull.es\/eventos\/volcanes-de-papel\/wp-json\/wp\/v2\/types\/page"}],"author":[{"embeddable":true,"href":"https:\/\/www.ull.es\/eventos\/volcanes-de-papel\/wp-json\/wp\/v2\/users\/14"}],"replies":[{"embeddable":true,"href":"https:\/\/www.ull.es\/eventos\/volcanes-de-papel\/wp-json\/wp\/v2\/comments?post=96"}],"version-history":[{"count":4,"href":"https:\/\/www.ull.es\/eventos\/volcanes-de-papel\/wp-json\/wp\/v2\/pages\/96\/revisions"}],"predecessor-version":[{"id":171,"href":"https:\/\/www.ull.es\/eventos\/volcanes-de-papel\/wp-json\/wp\/v2\/pages\/96\/revisions\/171"}],"wp:attachment":[{"href":"https:\/\/www.ull.es\/eventos\/volcanes-de-papel\/wp-json\/wp\/v2\/media?parent=96"}],"curies":[{"name":"wp","href":"https:\/\/api.w.org\/{rel}","templated":true}]}}