{"id":99,"date":"2020-12-04T12:46:28","date_gmt":"2020-12-04T12:46:28","guid":{"rendered":"http:\/\/www.ull.es\/eventos\/volcanes-de-papel\/?page_id=99"},"modified":"2020-12-04T12:46:28","modified_gmt":"2020-12-04T12:46:28","slug":"volcanes-de-tinta","status":"publish","type":"page","link":"https:\/\/www.ull.es\/eventos\/volcanes-de-papel\/volcanes-de-tinta\/","title":{"rendered":"Volcanes de tinta"},"content":{"rendered":"<p>[vc_row][vc_column][vc_empty_space][\/vc_column][\/vc_row][vc_row equal_height=\u00bbyes\u00bb content_placement=\u00bbbottom\u00bb][vc_column width=\u00bb1\/3&#8243;][vc_row_inner][vc_column_inner][vc_empty_space height=\u00bb12px\u00bb][vc_single_image image=\u00bb72&#8243; img_size=\u00bb72px\u00bb onclick=\u00bbcustom_link\u00bb link=\u00bbhttps:\/\/www.ull.es\/eventos\/volcanes-de-papel\/\u00bb][\/vc_column_inner][\/vc_row_inner][vc_separator color=\u00bbblack\u00bb][\/vc_column][vc_column width=\u00bb2\/3&#8243;][vc_row_inner][vc_column_inner width=\u00bb1\/2&#8243;][vc_custom_heading source=\u00bbpost_title\u00bb font_container=\u00bbtag:h1|font_size:2.8em|text_align:left|color:%230a0a0a|line_height:100%25&#8243; google_fonts=\u00bbfont_family:Vollkorn%3Aregular%2Citalic%2C700%2C700italic|font_style:400%20regular%3A400%3Anormal\u00bb][vc_separator color=\u00bbblack\u00bb][\/vc_column_inner][vc_column_inner width=\u00bb1\/2&#8243;][\/vc_column_inner][\/vc_row_inner][\/vc_column][\/vc_row][vc_row][vc_column width=\u00bb1\/3&#8243; css=\u00bb.vc_custom_1607079009573{padding-right: 30px !important;}\u00bb][vc_empty_space][\/vc_column][vc_column width=\u00bb2\/3&#8243;][vc_empty_space][vc_custom_heading text=\u00bbLos volcanes de tinta constituyen relatos que se van estableciendo poco a poco en inventarios iconogr\u00e1ficos, en est\u00e1ndares visuales de un determinado per\u00edodo pict\u00f3rico. Nacidos de la mano del hombre, son el resultado visual de concepciones est\u00e9ticas precisas, cuyo trasfondo ha ido evolucionando de modo paralelo a los cambios experimentados por la ciencia, la filosof\u00eda, la cultura o la religi\u00f3n.\u00bb font_container=\u00bbtag:h3|text_align:left|color:%230a0a0a\u00bb google_fonts=\u00bbfont_family:Vollkorn%3Aregular%2Citalic%2C700%2C700italic|font_style:400%20italic%3A400%3Aitalic\u00bb][vc_column_text]<a href=\"imagenes\/imagenes_originales\/27.jpg\" target=\"_blank\" rel=\"noopener\"><img loading=\"lazy\" decoding=\"async\" src=\"imagenes\/imagenes_retocadas\/27.jpg\" width=\"480\" height=\"372\" \/><\/a><\/p>\n<p class=\"pie_de_foto\"><em>Le Mo<\/em><em>nt Rainier<\/em>. En GEORGE VANCOUVER.\u00a0<em>Voyage de decouvertes\u2026<\/em>, 1800.<\/p>\n<hr \/>\n<p>La visi\u00f3n cultural cl\u00e1sica del volc\u00e1n de los mitos se prolong\u00f3 largamente en el tiempo, y su influencia, tamizada por la concepci\u00f3n cristianizada del mundo, contribuir\u00eda a su representaci\u00f3n m\u00edtica, aleg\u00f3rica y metaf\u00f3rica con que fueron representados a lo largo de la Edad Media.<\/p>\n<p>Su verdadera difusi\u00f3n se lleva a cabo con el paso de la obra manuscrita a la obra impresa; primero, con anterioridad a 1500, a trav\u00e9s de los incunables; luego, a partir del desarrollo de las artes gr\u00e1ficas, que permiten que su imagen est\u00e9 presente en multitud de mapas y libros religiosos, escol\u00e1sticos o de emblemas. Estas obras contribuyen, por vez primera, a la transmisi\u00f3n de una iconograf\u00eda colectiva del volc\u00e1n, muy esquematizada y de dise\u00f1o simple; un imaginario donde los volcanes est\u00e1n muy alejados de sus perfiles, de formas reales, y donde su representaci\u00f3n no obedece a\u00fan a una observaci\u00f3n detenida del fen\u00f3meno.<\/p>\n<p>&nbsp;<\/p>\n<hr \/>\n<p><a href=\"imagenes\/imagenes_originales\/51.jpg\" target=\"_blank\" rel=\"noopener\"><img loading=\"lazy\" decoding=\"async\" src=\"imagenes\/imagenes_retocadas\/51.jpg\" width=\"480\" height=\"315\" \/><\/a><\/p>\n<p class=\"pie_de_foto\">F. SCHRADER<em>. El Fuziyama vista tomada desde el sudoeste<\/em>. En \u00c9LIS\u00c8E RECLUS.<em><br \/>\nNueva geograf\u00eda universal: la tierra y los hombres<\/em>, 1890.<\/p>\n<p>&nbsp;<\/p>\n<hr \/>\n<p>Durante el siglo XVII el volc\u00e1n deja de ser un s\u00edmbolo para convertirse en trasunto de un fen\u00f3meno natural vivido. Los artistas no reproducen ya un concepto abstracto, sino que muestran lo observado directamente en el desarrollo de los episodios volc\u00e1nicos. Entre mediados y fines del siglo XVIII el gusto por el saber enciclop\u00e9dico extender\u00e1 por el mundo la imagen de los volcanes en erupci\u00f3n. Grabados e ilustraciones de volcanes, fundamentalmente europeos, acompa\u00f1an frecuentemente a textos donde se estudian, describen o representan las mayores erupciones producidas en esos momentos.<\/p>\n<p>En la segunda mitad del siglo XIX, la imagen del volc\u00e1n dibujado y pintado deja paso en los libros cient\u00edficos, atlas, y enciclopedias al volc\u00e1n fotografiado, libre ya, aparentemente, de la subjetividad de la representaci\u00f3n realizada por la mano del hombre.<\/p>\n<p>&nbsp;<\/p>\n<hr \/>\n<p><a href=\"imagenes\/imagenes_originales\/46.jpg\" target=\"_blank\" rel=\"noopener\"><img loading=\"lazy\" decoding=\"async\" src=\"imagenes\/imagenes_retocadas\/46.jpg\" width=\"480\" height=\"364\" \/><\/a><\/p>\n<p class=\"pie_de_foto\"><em>Vue de Ternate.<\/em>\u00a0En\u00a0<em>Histoire g\u00e9n\u00e9rale des voyages\u2026<\/em>\u00a0Tome dix-septi\u00e8me, 1761.<\/p>\n<p>[\/vc_column_text][vc_separator color=\u00bbblack\u00bb][\/vc_column][\/vc_row]<\/p>\n","protected":false},"excerpt":{"rendered":"<p>[vc_row][vc_column][vc_empty_space][\/vc_column][\/vc_row][vc_row equal_height=\u00bbyes\u00bb content_placement=\u00bbbottom\u00bb][vc_column width=\u00bb1\/3&#8243;][vc_row_inner][vc_column_inner][vc_empty_space height=\u00bb12px\u00bb][vc_single_image image=\u00bb72&#8243; img_size=\u00bb72px\u00bb onclick=\u00bbcustom_link\u00bb link=\u00bbhttps:\/\/www.ull.es\/eventos\/volcanes-de-papel\/\u00bb][\/vc_column_inner][\/vc_row_inner][vc_separator color=\u00bbblack\u00bb][\/vc_column][vc_column width=\u00bb2\/3&#8243;][vc_row_inner][vc_column_inner width=\u00bb1\/2&#8243;][vc_custom_heading source=\u00bbpost_title\u00bb font_container=\u00bbtag:h1|font_size:2.8em|text_align:left|color:%230a0a0a|line_height:100%25&#8243; google_fonts=\u00bbfont_family:Vollkorn%3Aregular%2Citalic%2C700%2C700italic|font_style:400%20regular%3A400%3Anormal\u00bb][vc_separator color=\u00bbblack\u00bb][\/vc_column_inner][vc_column_inner width=\u00bb1\/2&#8243;][\/vc_column_inner][\/vc_row_inner][\/vc_column][\/vc_row][vc_row][vc_column width=\u00bb1\/3&#8243; css=\u00bb.vc_custom_1607079009573{padding-right: 30px !important;}\u00bb][vc_empty_space][\/vc_column][vc_column width=\u00bb2\/3&#8243;][vc_empty_space][vc_custom_heading text=\u00bbLos volcanes de tinta constituyen relatos que se van estableciendo poco a poco en inventarios iconogr\u00e1ficos, en est\u00e1ndares visuales de un determinado per\u00edodo pict\u00f3rico. Nacidos de la mano del hombre, son el resultado&#8230;<\/p>\n","protected":false},"author":14,"featured_media":0,"parent":0,"menu_order":0,"comment_status":"closed","ping_status":"closed","template":"templates\/template-no-title.php","meta":{"footnotes":""},"class_list":["post-99","page","type-page","status-publish","hentry"],"_links":{"self":[{"href":"https:\/\/www.ull.es\/eventos\/volcanes-de-papel\/wp-json\/wp\/v2\/pages\/99"}],"collection":[{"href":"https:\/\/www.ull.es\/eventos\/volcanes-de-papel\/wp-json\/wp\/v2\/pages"}],"about":[{"href":"https:\/\/www.ull.es\/eventos\/volcanes-de-papel\/wp-json\/wp\/v2\/types\/page"}],"author":[{"embeddable":true,"href":"https:\/\/www.ull.es\/eventos\/volcanes-de-papel\/wp-json\/wp\/v2\/users\/14"}],"replies":[{"embeddable":true,"href":"https:\/\/www.ull.es\/eventos\/volcanes-de-papel\/wp-json\/wp\/v2\/comments?post=99"}],"version-history":[{"count":2,"href":"https:\/\/www.ull.es\/eventos\/volcanes-de-papel\/wp-json\/wp\/v2\/pages\/99\/revisions"}],"predecessor-version":[{"id":101,"href":"https:\/\/www.ull.es\/eventos\/volcanes-de-papel\/wp-json\/wp\/v2\/pages\/99\/revisions\/101"}],"wp:attachment":[{"href":"https:\/\/www.ull.es\/eventos\/volcanes-de-papel\/wp-json\/wp\/v2\/media?parent=99"}],"curies":[{"name":"wp","href":"https:\/\/api.w.org\/{rel}","templated":true}]}}