{"id":33,"date":"2018-03-15T09:45:15","date_gmt":"2018-03-15T09:45:15","guid":{"rendered":"http:\/\/www.ull.es\/formacion-permanente\/certificado-de-formacion-especifica-en-administracion-de-fincas\/?page_id=33"},"modified":"2025-08-13T10:56:00","modified_gmt":"2025-08-13T10:56:00","slug":"estructura-del-plan-de-estudios","status":"publish","type":"page","link":"https:\/\/www.ull.es\/formacion-permanente\/certificado-de-formacion-especifica-en-administracion-de-fincas\/fr\/estructura-del-plan-de-estudios\/","title":{"rendered":"Structure du programme"},"content":{"rendered":"\n<div class=\"wp-block-stackable-columns alignfull stk-block-columns stk-block stk-8657999\" data-block-id=\"8657999\"><style>.stk-8657999 {padding-bottom:0px !important;margin-top:-30px !important;margin-bottom:0px !important;}@media screen and (max-width: 767px){.stk-8657999 {margin-top:-10% !important;}}<\/style><div class=\"stk-row stk-inner-blocks stk-block-content stk-content-align stk-8657999-column alignfull\">\n<div class=\"wp-block-stackable-column stk-block-column stk-column stk-block stk-914f03e\" data-v=\"4\" data-block-id=\"914f03e\"><div class=\"stk-column-wrapper stk-block-column__content stk-container stk-914f03e-container stk--no-background stk--no-padding\"><div class=\"stk-block-content stk-inner-blocks stk-914f03e-inner-blocks\"><style id=\"depicter-2-inline-pre-css\">\n\n.depicter-2:not(.depicter-ready){\n\theight:450px;\n}\n\n\/***** Tablet *****\/\n@media screen and (max-width: 1024px){\n\n.depicter-2:not(.depicter-ready){\n\theight:700px;\n}\n\n}\n\/***** Mobile *****\/\n@media screen and (max-width: 767px){\n\n.depicter-2:not(.depicter-ready){\n\theight:450px;\n}\n\n}\n<\/style>\n<div id=\"depicter-2\" class=\"depicter depicter-document depicter-revert depicter-2 depicter-layout-fullwidth\">\n\n<div class=\"depicter-loading-container depicter-loading dotFlashing-dark\"><div class=\"depicter-loading-dark depicter-dot-flashing\">\n   <span><\/span>\n   <span><\/span>\n   <span><\/span>\n<\/div>\n<\/div>\n<div id=\"depicter-2-section-1\" class=\"depicter-section depicter-2-section-1\" data-name=\"Section 1\" data-type=\"section\" data-local-id=\"section-1\">\n<picture class=\"depicter-bg\">\n<source data-depicter-srcset=\"https:\/\/www.ull.es\/formacion-permanente\/certificado-de-formacion-especifica-en-administracion-de-fincas\/wp-content\/uploads\/sites\/76\/2025\/08\/@UnSinN2WbG2oTu0-768x512.jpg, https:\/\/www.ull.es\/formacion-permanente\/certificado-de-formacion-especifica-en-administracion-de-fincas\/wp-content\/uploads\/sites\/76\/2025\/08\/@UnSinN2WbG2oTu0.jpg 2x\" srcset=\"data:image\/gif;base64,R0lGODlhAQABAIAAAAAAAP\/\/\/yH5BAEAAAAALAAAAAABAAEAAAIBRAA7\" media=\"(max-width: 1024px)\" \/>\n\n<source data-depicter-srcset=\"https:\/\/www.ull.es\/formacion-permanente\/certificado-de-formacion-especifica-en-administracion-de-fincas\/wp-content\/uploads\/sites\/76\/2025\/08\/@UnSinN2WbG2oTu0.jpg, https:\/\/www.ull.es\/formacion-permanente\/certificado-de-formacion-especifica-en-administracion-de-fincas\/wp-content\/uploads\/sites\/76\/2025\/08\/@UnSinN2WbG2oTu0-1920x1280.jpg 2x\" srcset=\"data:image\/gif;base64,R0lGODlhAQABAIAAAAAAAP\/\/\/yH5BAEAAAAALAAAAAABAAEAAAIBRAA7\" media=\"(min-width: 1025px)\" \/>\n<img decoding=\"async\" src=\"data:image\/gif;base64,R0lGODlhAQABAIAAAAAAAP\/\/\/yH5BAEAAAAALAAAAAABAAEAAAIBRAA7\" data-ken-burns=\"false\" data-tablet-ken-burns=\"false\" data-mobile-ken-burns=\"false\" alt=\"\" data-depicter-src=\"https:\/\/www.ull.es\/formacion-permanente\/certificado-de-formacion-especifica-en-administracion-de-fincas\/wp-content\/uploads\/sites\/76\/2025\/08\/@UnSinN2WbG2oTu0.jpg\" data-object-fit=\"custom,custom,\" data-object-position=\"center top,,\" data-crop=\"{'focalPoint':{'x':0.5,'y':0.5},'mediaSize':{'width':1200,'height':800.100225507391542123514227569103240966796875}}\" data-tablet-crop=\"{'focalPoint':{'x':0.5,'y':0.5},'mediaSize':{'width':1049.868470499812019625096581876277923583984375,'height':699.9999999999998863131622783839702606201171875}}\" data-mobile-crop=\"{'focalPoint':{'x':0.5,'y':0.5},'mediaSize':{'width':674.9154453213077431428246200084686279296875,'height':450}}\" \/>\n<\/picture>\n\n\n<h1 id=\"depicter-2-element-5\" class=\"depicter-element depicter-layer depicter-2-element-5\" data-type=\"text\" data-wrap=\"true\" data-name=\"Text 2\" data-local-id=\"element-5\" data-offset=\"x:0px;y:118px;origin:tl\" data-tablet-offset=\"x:189px;y:170px;origin:tl\" data-mobile-offset=\"x:0px;y:142px;origin:tl\" data-width=\"1200px,646px,376px\" data-height=\"auto,auto,auto\" data-responsive-scale=\"true,,\">Certificado De Formaci\u00f3n Espec\u00edfica En Administraci\u00f3n De Fincas y Gesti\u00f3n Inmobiliaria<br><\/h1>\n\n<div id=\"depicter-2-element-10\" class=\"depicter-element depicter-layer depicter-2-element-10\" data-type=\"shape\" data-wrap=\"true\" data-name=\"Shape 1\" data-local-id=\"element-10\" data-offset=\"x:0px;y:382px;origin:tl\" data-tablet-offset=\"x:189px;y:569px;origin:tl\" data-mobile-offset=\"x:0px;y:360px;origin:tl\" data-width=\"1200px,647px,360px\" data-height=\"8px,8px,8px\" data-responsive-scale=\"true,,\"><\/div>\n<\/div>\n<\/div>\n<script>\n(window.depicterSetups = window.depicterSetups || []).push(function(){\n\tDepicter.basePath = 'https:\/\/www.ull.es\/formacion-permanente\/certificado-de-formacion-especifica-en-administracion-de-fincas\/wp-content\/plugins\/depicter\/resources\/scripts\/player\/';\n\tconst dpPlayer = Depicter.setup('.depicter-2',\n\t\t{\"width\":[\"1200\",\"1024\",\"360\"],\"height\":[\"450\",\"700\",\"450\"],\"view\":\"basic\",\"keepAspectRatio\":true,\"preload\":0,\"layout\":\"fullwidth\",\"rtl\":false,\"initAfterAppear\":false,\"ajaxApiUrl\":\"https:\\\/\\\/www.ull.es\\\/formacion-permanente\\\/certificado-de-formacion-especifica-en-administracion-de-fincas\\\/wp-admin\\\/admin-ajax.php\",\"mouseSwipe\":true,\"touchSwipe\":true,\"useWatermark\":false}\n\t);\n});\n<\/script><\/div><\/div><\/div>\n<\/div><\/div>\n\n\n\n<div class=\"wp-block-stackable-columns alignfull stk-block-columns stk--hide-mobile stk-block stk-ceecbdc stk-block-background\" data-block-id=\"ceecbdc\"><style>.stk-ceecbdc {background-color:#e2be27 !important;padding-top:65px !important;padding-right:0px !important;padding-bottom:2px !important;padding-left:0px !important;margin-top:-20px !important;margin-bottom:0px !important;}.stk-ceecbdc:before{background-color:#e2be27 !important;}<\/style><div class=\"stk-row stk-inner-blocks stk-block-content stk-content-align stk-ceecbdc-column alignfull\">\n<div class=\"wp-block-stackable-column stk-block-column stk-column stk-block stk-fc60a5d\" data-v=\"4\" data-block-id=\"fc60a5d\"><div class=\"stk-column-wrapper stk-block-column__content stk-container stk-fc60a5d-container stk--no-background stk--no-padding\"><div class=\"stk-block-content stk-inner-blocks stk-fc60a5d-inner-blocks\">\n<div class=\"wp-block-stackable-spacer stk-block-spacer stk--no-padding stk-block stk-a3a8a68\" data-block-id=\"a3a8a68\"><style>.stk-a3a8a68 {height:0px !important;}<\/style><\/div>\n<\/div><\/div><\/div>\n<\/div><\/div>\n\n\n\n<div class=\"wp-block-stackable-columns stk-block-columns stk-block stk-8b59b96\" data-block-id=\"8b59b96\"><style>.stk-8b59b96 .stk--block-align-8b59b96{align-items:flex-start !important;}.stk-8b59b96 {margin-top:50px !important;}.stk-8b59b96-column{--stk-columns-spacing:0px !important;--stk-column-gap:50px !important;}@media screen and (max-width: 767px){.stk-8b59b96-column{row-gap:var(--stk--preset--spacing--60, 2.25rem) !important;}}<\/style><div class=\"stk-row stk-inner-blocks stk--block-align-8b59b96 stk-block-content stk-content-align stk-8b59b96-column\">\n<div class=\"wp-block-stackable-column stk-block-column stk-column stk-block stk-dbb7e15\" data-v=\"4\" data-block-id=\"dbb7e15\"><style>@media screen and (min-width: 768px){.stk-dbb7e15 {flex:var(--stk-flex-grow, 1) 1 66.7% !important;}}<\/style><div class=\"stk-column-wrapper stk-block-column__content stk-container stk-dbb7e15-container stk--no-background stk--no-padding\"><div class=\"stk-block-content stk-inner-blocks stk-dbb7e15-inner-blocks\">\n<div class=\"wp-block-stackable-heading stk-block-heading stk-block-heading--v2 stk-block stk-fc6338c\" id=\"estructura-del-plan-de-estudios\" data-block-id=\"fc6338c\"><style>.stk-fc6338c {margin-bottom:50px !important;}.stk-fc6338c .stk-block-heading__text{color:#000000 !important;}<\/style><h1 class=\"stk-block-heading__text has-text-color\">Estructura del plan de estudios<\/h1><\/div>\n\n\n\n<table width=\"100%\">\n<tbody>\n<tr>\n<td style=\"text-align: center\" width=\"75%\">Asignatura<\/td>\n<td style=\"text-align: center\" width=\"5%\">Tipolog\u00eda<\/td>\n<td style=\"text-align: center\" width=\"5%\">Cr\u00e9ditos<\/td>\n<td style=\"text-align: center\" width=\"5%\">Car\u00e1cter<\/td>\n<\/tr>\n<tr>\n<td>Introducci\u00f3n al Derecho Privado<\/td>\n<td>Obligatoria<\/td>\n<td>6<\/td>\n<td>Cuatrimestral<\/td>\n<\/tr>\n<tr>\n<td>Derecho Administrativo: administraci\u00f3n p\u00fablica, procedimientos, resoluciones y recursos<\/td>\n<td>Obligatoria<\/td>\n<td>6<\/td>\n<td>Cuatrimestral<\/td>\n<\/tr>\n<tr>\n<td>Derecho Civil I: contrataci\u00f3n inmobiliaria<\/td>\n<td>Obligatoria<\/td>\n<td>6<\/td>\n<td>Cuatrimestral<\/td>\n<\/tr>\n<tr>\n<td>Fiscalidad: visi\u00f3n general del sistema tributario<\/td>\n<td>Obligatoria<\/td>\n<td>6<\/td>\n<td>Cuatrimestral<\/td>\n<\/tr>\n<tr>\n<td>Propiedad Horizontal I<\/td>\n<td>Obligatoria<\/td>\n<td>6<\/td>\n<td>Cuatrimestral<\/td>\n<\/tr>\n<tr>\n<td>Derecho Civil II: propiedad, y derechos reales inmobiliarios. La hipoteca inmobiliaria<\/td>\n<td>Obligatoria<\/td>\n<td>6<\/td>\n<td>Cuatrimestral<\/td>\n<\/tr>\n<tr>\n<td>Contabilidad aplicada a las Comunidades de Propietarios<\/td>\n<td>Obligatoria<\/td>\n<td>6<\/td>\n<td>Cuatrimestral<\/td>\n<\/tr>\n<tr>\n<td>Derecho Mercantil: r\u00e9gimen jur\u00eddico de la empresa y del empresario<\/td>\n<td>Obligatoria<\/td>\n<td>6<\/td>\n<td>Cuatrimestral<\/td>\n<\/tr>\n<tr>\n<td>Normas t\u00e9cnicas de edificaci\u00f3n y Conservaci\u00f3n de Edificios<\/td>\n<td>Obligatoria<\/td>\n<td>6<\/td>\n<td>Cuatrimestral<\/td>\n<\/tr>\n<tr>\n<td>M\u00e9todos alternativos de resoluci\u00f3n de conflictos I<\/td>\n<td>Obligatoria<\/td>\n<td>6<\/td>\n<td>Cuatrimestral<\/td>\n<\/tr>\n<tr>\n<td>Derecho Civil III: el arrendamiento inmobiliario<\/td>\n<td>Obligatoria<\/td>\n<td>6<\/td>\n<td>Cuatrimestral<\/td>\n<\/tr>\n<tr>\n<td>M\u00e9todos alternativos de resoluci\u00f3n de conflictos II<\/td>\n<td>Obligatoria<\/td>\n<td>6<\/td>\n<td>Cuatrimestral<\/td>\n<\/tr>\n<tr>\n<td>Habilidades de comunicaci\u00f3n<\/td>\n<td>Obligatoria<\/td>\n<td>6<\/td>\n<td>Cuatrimestral<\/td>\n<\/tr>\n<tr>\n<td>Sociolog\u00eda urbana<\/td>\n<td>Obligatoria<\/td>\n<td>6<\/td>\n<td>Cuatrimestral<\/td>\n<\/tr>\n<tr>\n<td>Propiedad Horizontal II<\/td>\n<td>Obligatoria<\/td>\n<td>6<\/td>\n<td>Cuatrimestral<\/td>\n<\/tr>\n<tr>\n<td>Equipamiento, Conservaci\u00f3n y Sostenibilidad de Inmuebles<\/td>\n<td>Obligatoria<\/td>\n<td>6<\/td>\n<td>Cuatrimestral<\/td>\n<\/tr>\n<tr>\n<td>Normativa de ordenaci\u00f3n de la construcci\u00f3n. Responsabilidad por da\u00f1os y por defectos de construcci\u00f3n<\/td>\n<td>Obligatoria<\/td>\n<td>6<\/td>\n<td>Cuatrimestral<\/td>\n<\/tr>\n<tr>\n<td>Herramientas tecnol\u00f3gicas para la Administraci\u00f3n de Fincas I<\/td>\n<td>Obligatoria<\/td>\n<td>6<\/td>\n<td>Cuatrimestral<\/td>\n<\/tr>\n<tr>\n<td>Derecho Inmobiliario Registral<\/td>\n<td>Obligatoria<\/td>\n<td>6<\/td>\n<td>Cuatrimestral<\/td>\n<\/tr>\n<tr>\n<td>Otras formas de tenencia de inmuebles<\/td>\n<td>Obligatoria<\/td>\n<td>6<\/td>\n<td>Cuatrimestral<\/td>\n<\/tr>\n<tr>\n<td>Deontolog\u00eda Profesional y Normativa del Colegio de Administradores de Fincas<\/td>\n<td>Obligatoria<\/td>\n<td>6<\/td>\n<td>Cuatrimestral<\/td>\n<\/tr>\n<tr>\n<td>Procedimientos y protocolos de gesti\u00f3n en los despachos de administradores de fincas<\/td>\n<td>Obligatoria<\/td>\n<td>3<\/td>\n<td>Bimensual<\/td>\n<\/tr>\n<tr>\n<td>Calidad y ODS en los despachos profesionales de los administradores de fincas<\/td>\n<td>Obligatoria<\/td>\n<td>3<\/td>\n<td>Bimensual<\/td>\n<\/tr>\n<tr>\n<td>Derecho Urban\u00edstico: nociones b\u00e1sicas<\/td>\n<td>Obligatoria<\/td>\n<td>6<\/td>\n<td>Cuatrimestral<\/td>\n<\/tr>\n<tr>\n<td>Tributaci\u00f3n estatal, local y auton\u00f3mica<\/td>\n<td>Obligatoria<\/td>\n<td>6<\/td>\n<td>Cuatrimestral<\/td>\n<\/tr>\n<tr>\n<td>R\u00e9gimen jur\u00eddico de la vivienda<\/td>\n<td>Obligatoria<\/td>\n<td>6<\/td>\n<td>Cuatrimestral<\/td>\n<\/tr>\n<tr>\n<td>Derecho de Seguros<\/td>\n<td>Obligatoria<\/td>\n<td>3<\/td>\n<td>Bimensual<\/td>\n<\/tr>\n<tr>\n<td>Protecci\u00f3n de Datos<\/td>\n<td>Obligatoria<\/td>\n<td>3<\/td>\n<td>Bimensual<\/td>\n<\/tr>\n<tr>\n<td>T\u00e9cnicas de Reuni\u00f3n y Direcci\u00f3n de Grupos<\/td>\n<td>Obligatoria<\/td>\n<td>6<\/td>\n<td>Cuatrimestral<\/td>\n<\/tr>\n<tr>\n<td>Derecho del Trabajo y la Seguridad Social en la Administraci\u00f3n de Fincas<\/td>\n<td>Obligatoria<\/td>\n<td>6<\/td>\n<td>Cuatrimestral<\/td>\n<\/tr>\n<tr>\n<td>Herramientas tecnol\u00f3gicas para la administraci\u00f3n de Fincas II<\/td>\n<td>Obligatoria<\/td>\n<td>6<\/td>\n<td>Cuatrimestral<\/td>\n<\/tr>\n<tr>\n<td>Trabajo de Fin de Titulaci\u00f3n<\/td>\n<td>Obligatoria<\/td>\n<td>6<\/td>\n<td>Cuatrimestral<\/td>\n<\/tr>\n<\/tbody>\n<\/table>\n<\/div><\/div><\/div>\n\n\n\n<div class=\"wp-block-stackable-column stk-block-column stk-column stk-block stk-53ec762\" data-v=\"4\" data-block-id=\"53ec762\"><style>.stk-53ec762-inner-blocks{row-gap:0px !important;}.stk-53ec762 {padding-top:0px !important;padding-right:0px !important;padding-bottom:0px !important;padding-left:0px !important;margin-top:1.75% !important;}@media screen and (min-width: 768px){.stk-53ec762 {flex:var(--stk-flex-grow, 1) 1 33.3% !important;}}<\/style><div class=\"stk-column-wrapper stk-block-column__content stk-container stk-53ec762-container stk--no-background stk--no-padding\"><div class=\"stk-block-content stk-inner-blocks stk-53ec762-inner-blocks\">\n<ul class=\"widget-box\">\n<li class='contacto-header'>Informaci\u00f3n de contacto<\/li><li><i class=\"fa fa-map-marker\"><\/i> Avda. Astrof\u00edsico Francisco S\u00e1nchez, SN. Edificio Calabaza 38200 San Crist\u00f3bal de La Laguna.<\/li><li><i class=\"fa fa-phone\"><\/i> (+34) 922 31 79 00 \/ 95 38<\/li><li><i class=\"fa fa-envelope\"><\/i>  <a href=mailto:dirafgi@ull.es>dirafgi@ull.es<\/a><\/li><li><i class=\"fa fa-envelope\"><\/i>  <a href=mailto:admonfincas.gestionmo@ull.es>admonfincas.gestionmo@ull.es<\/a><\/li>\n<\/ul>\n\n\n\n\n\n<div class=\"wp-block-stackable-spacer stk-block-spacer stk--no-padding stk-block stk-6d33d0e\" data-block-id=\"6d33d0e\"><style>.stk-6d33d0e {height:25px !important;}<\/style><\/div>\n<\/div><\/div><\/div>\n<\/div><\/div>\n","protected":false},"excerpt":{"rendered":"<p>Structure du programme Mati\u00e8re Type Cr\u00e9dits Nature Introduction au droit priv\u00e9 Obligatoire 6 Trimestriel Droit administratif : administration publique, proc\u00e9dures, r\u00e9solutions et recours Obligatoire 6 Trimestriel Droit civil I : contrats immobiliers Obligatoire 6 Trimestriel Fiscalit\u00e9 : aper\u00e7u g\u00e9n\u00e9ral du syst\u00e8me fiscal Obligatoire 6 Trimestriel Propri\u00e9t\u00e9 horizontale I Obligatoire 6 Trimestriel Droit civil II : propri\u00e9t\u00e9, et\u2026<\/p>","protected":false},"author":1,"featured_media":0,"parent":0,"menu_order":0,"comment_status":"closed","ping_status":"closed","template":"templates\/template-frontpage.php","meta":{"footnotes":""},"class_list":["post-33","page","type-page","status-publish","hentry"],"_links":{"self":[{"href":"https:\/\/www.ull.es\/formacion-permanente\/certificado-de-formacion-especifica-en-administracion-de-fincas\/fr\/wp-json\/wp\/v2\/pages\/33","targetHints":{"allow":["GET"]}}],"collection":[{"href":"https:\/\/www.ull.es\/formacion-permanente\/certificado-de-formacion-especifica-en-administracion-de-fincas\/fr\/wp-json\/wp\/v2\/pages"}],"about":[{"href":"https:\/\/www.ull.es\/formacion-permanente\/certificado-de-formacion-especifica-en-administracion-de-fincas\/fr\/wp-json\/wp\/v2\/types\/page"}],"author":[{"embeddable":true,"href":"https:\/\/www.ull.es\/formacion-permanente\/certificado-de-formacion-especifica-en-administracion-de-fincas\/fr\/wp-json\/wp\/v2\/users\/1"}],"replies":[{"embeddable":true,"href":"https:\/\/www.ull.es\/formacion-permanente\/certificado-de-formacion-especifica-en-administracion-de-fincas\/fr\/wp-json\/wp\/v2\/comments?post=33"}],"version-history":[{"count":11,"href":"https:\/\/www.ull.es\/formacion-permanente\/certificado-de-formacion-especifica-en-administracion-de-fincas\/fr\/wp-json\/wp\/v2\/pages\/33\/revisions"}],"predecessor-version":[{"id":231,"href":"https:\/\/www.ull.es\/formacion-permanente\/certificado-de-formacion-especifica-en-administracion-de-fincas\/fr\/wp-json\/wp\/v2\/pages\/33\/revisions\/231"}],"wp:attachment":[{"href":"https:\/\/www.ull.es\/formacion-permanente\/certificado-de-formacion-especifica-en-administracion-de-fincas\/fr\/wp-json\/wp\/v2\/media?parent=33"}],"curies":[{"name":"wp","href":"https:\/\/api.w.org\/{rel}","templated":true}]}}