{"id":31,"date":"2018-03-15T09:39:30","date_gmt":"2018-03-15T09:39:30","guid":{"rendered":"http:\/\/www.ull.es\/formacion-permanente\/certificado-de-formacion-especifica-en-administracion-de-fincas\/?page_id=31"},"modified":"2025-08-19T07:04:29","modified_gmt":"2025-08-19T07:04:29","slug":"competencias","status":"publish","type":"page","link":"https:\/\/www.ull.es\/formacion-permanente\/certificado-de-formacion-especifica-en-administracion-de-fincas\/competencias\/","title":{"rendered":"Competencias"},"content":{"rendered":"\n<div class=\"wp-block-stackable-columns alignfull stk-block-columns stk-block stk-8657999\" data-block-id=\"8657999\"><style>.stk-8657999 {padding-bottom:0px !important;margin-top:-30px !important;margin-bottom:0px !important;}@media screen and (max-width: 767px){.stk-8657999 {margin-top:-10% !important;}}<\/style><div class=\"stk-row stk-inner-blocks stk-block-content stk-content-align stk-8657999-column alignfull\">\n<div class=\"wp-block-stackable-column stk-block-column stk-column stk-block stk-914f03e\" data-v=\"4\" data-block-id=\"914f03e\"><div class=\"stk-column-wrapper stk-block-column__content stk-container stk-914f03e-container stk--no-background stk--no-padding\"><div class=\"stk-block-content stk-inner-blocks stk-914f03e-inner-blocks\"><style id=\"depicter-2-inline-pre-css\">\n\n.depicter-2:not(.depicter-ready){\n\theight:450px;\n}\n\n\/***** Tablet *****\/\n@media screen and (max-width: 1024px){\n\n.depicter-2:not(.depicter-ready){\n\theight:700px;\n}\n\n}\n\/***** Mobile *****\/\n@media screen and (max-width: 767px){\n\n.depicter-2:not(.depicter-ready){\n\theight:450px;\n}\n\n}\n<\/style>\n<div id=\"depicter-2\" class=\"depicter depicter-document depicter-revert depicter-2 depicter-layout-fullwidth\">\n\n<div class=\"depicter-loading-container depicter-loading dotFlashing-dark\"><div class=\"depicter-loading-dark depicter-dot-flashing\">\n   <span><\/span>\n   <span><\/span>\n   <span><\/span>\n<\/div>\n<\/div>\n<div id=\"depicter-2-section-1\" class=\"depicter-section depicter-2-section-1\" data-name=\"Section 1\" data-type=\"section\" data-local-id=\"section-1\">\n<picture class=\"depicter-bg\">\n<source data-depicter-srcset=\"https:\/\/www.ull.es\/formacion-permanente\/certificado-de-formacion-especifica-en-administracion-de-fincas\/wp-content\/uploads\/sites\/76\/2025\/08\/@UnSinN2WbG2oTu0-768x512.jpg, https:\/\/www.ull.es\/formacion-permanente\/certificado-de-formacion-especifica-en-administracion-de-fincas\/wp-content\/uploads\/sites\/76\/2025\/08\/@UnSinN2WbG2oTu0.jpg 2x\" srcset=\"data:image\/gif;base64,R0lGODlhAQABAIAAAAAAAP\/\/\/yH5BAEAAAAALAAAAAABAAEAAAIBRAA7\" media=\"(max-width: 1024px)\" \/>\n\n<source data-depicter-srcset=\"https:\/\/www.ull.es\/formacion-permanente\/certificado-de-formacion-especifica-en-administracion-de-fincas\/wp-content\/uploads\/sites\/76\/2025\/08\/@UnSinN2WbG2oTu0.jpg, https:\/\/www.ull.es\/formacion-permanente\/certificado-de-formacion-especifica-en-administracion-de-fincas\/wp-content\/uploads\/sites\/76\/2025\/08\/@UnSinN2WbG2oTu0-1920x1280.jpg 2x\" srcset=\"data:image\/gif;base64,R0lGODlhAQABAIAAAAAAAP\/\/\/yH5BAEAAAAALAAAAAABAAEAAAIBRAA7\" media=\"(min-width: 1025px)\" \/>\n<img decoding=\"async\" src=\"data:image\/gif;base64,R0lGODlhAQABAIAAAAAAAP\/\/\/yH5BAEAAAAALAAAAAABAAEAAAIBRAA7\" data-ken-burns=\"false\" data-tablet-ken-burns=\"false\" data-mobile-ken-burns=\"false\" alt=\"\" data-depicter-src=\"https:\/\/www.ull.es\/formacion-permanente\/certificado-de-formacion-especifica-en-administracion-de-fincas\/wp-content\/uploads\/sites\/76\/2025\/08\/@UnSinN2WbG2oTu0.jpg\" data-object-fit=\"custom,custom,\" data-object-position=\"center top,,\" data-crop=\"{'focalPoint':{'x':0.5,'y':0.5},'mediaSize':{'width':1200,'height':800.100225507391542123514227569103240966796875}}\" data-tablet-crop=\"{'focalPoint':{'x':0.5,'y':0.5},'mediaSize':{'width':1049.868470499812019625096581876277923583984375,'height':699.9999999999998863131622783839702606201171875}}\" data-mobile-crop=\"{'focalPoint':{'x':0.5,'y':0.5},'mediaSize':{'width':674.9154453213077431428246200084686279296875,'height':450}}\" \/>\n<\/picture>\n\n\n<h1 id=\"depicter-2-element-5\" class=\"depicter-element depicter-layer depicter-2-element-5\" data-type=\"text\" data-wrap=\"true\" data-name=\"Text 2\" data-local-id=\"element-5\" data-offset=\"x:0px;y:118px;origin:tl\" data-tablet-offset=\"x:189px;y:170px;origin:tl\" data-mobile-offset=\"x:0px;y:142px;origin:tl\" data-width=\"1200px,646px,376px\" data-height=\"auto,auto,auto\" data-responsive-scale=\"true,,\">Certificado De Formaci\u00f3n Espec\u00edfica En Administraci\u00f3n De Fincas y Gesti\u00f3n Inmobiliaria<br><\/h1>\n\n<div id=\"depicter-2-element-10\" class=\"depicter-element depicter-layer depicter-2-element-10\" data-type=\"shape\" data-wrap=\"true\" data-name=\"Shape 1\" data-local-id=\"element-10\" data-offset=\"x:0px;y:382px;origin:tl\" data-tablet-offset=\"x:189px;y:569px;origin:tl\" data-mobile-offset=\"x:0px;y:360px;origin:tl\" data-width=\"1200px,647px,360px\" data-height=\"8px,8px,8px\" data-responsive-scale=\"true,,\"><\/div>\n<\/div>\n<\/div>\n<script>\n(window.depicterSetups = window.depicterSetups || []).push(function(){\n\tDepicter.basePath = 'https:\/\/www.ull.es\/formacion-permanente\/certificado-de-formacion-especifica-en-administracion-de-fincas\/wp-content\/plugins\/depicter\/resources\/scripts\/player\/';\n\tconst dpPlayer = Depicter.setup('.depicter-2',\n\t\t{\"width\":[\"1200\",\"1024\",\"360\"],\"height\":[\"450\",\"700\",\"450\"],\"view\":\"basic\",\"keepAspectRatio\":true,\"preload\":0,\"layout\":\"fullwidth\",\"rtl\":false,\"initAfterAppear\":false,\"ajaxApiUrl\":\"https:\\\/\\\/www.ull.es\\\/formacion-permanente\\\/certificado-de-formacion-especifica-en-administracion-de-fincas\\\/wp-admin\\\/admin-ajax.php\",\"mouseSwipe\":true,\"touchSwipe\":true,\"useWatermark\":false}\n\t);\n});\n<\/script><\/div><\/div><\/div>\n<\/div><\/div>\n\n\n\n<div class=\"wp-block-stackable-columns alignfull stk-block-columns stk--hide-mobile stk-block stk-ceecbdc stk-block-background\" data-block-id=\"ceecbdc\"><style>.stk-ceecbdc {background-color:#e2be27 !important;padding-top:65px !important;padding-right:0px !important;padding-bottom:2px !important;padding-left:0px !important;margin-top:-20px !important;margin-bottom:0px !important;}.stk-ceecbdc:before{background-color:#e2be27 !important;}<\/style><div class=\"stk-row stk-inner-blocks stk-block-content stk-content-align stk-ceecbdc-column alignfull\">\n<div class=\"wp-block-stackable-column stk-block-column stk-column stk-block stk-fc60a5d\" data-v=\"4\" data-block-id=\"fc60a5d\"><div class=\"stk-column-wrapper stk-block-column__content stk-container stk-fc60a5d-container stk--no-background stk--no-padding\"><div class=\"stk-block-content stk-inner-blocks stk-fc60a5d-inner-blocks\">\n<div class=\"wp-block-stackable-spacer stk-block-spacer stk--no-padding stk-block stk-a3a8a68\" data-block-id=\"a3a8a68\"><style>.stk-a3a8a68 {height:0px !important;}<\/style><\/div>\n<\/div><\/div><\/div>\n<\/div><\/div>\n\n\n\n<div class=\"wp-block-stackable-columns stk-block-columns stk-block stk-8b59b96\" data-block-id=\"8b59b96\"><style>.stk-8b59b96 .stk--block-align-8b59b96{align-items:flex-start !important;}.stk-8b59b96 {margin-top:50px !important;}.stk-8b59b96-column{--stk-columns-spacing:0px !important;--stk-column-gap:50px !important;}@media screen and (max-width: 767px){.stk-8b59b96-column{row-gap:var(--stk--preset--spacing--60, 2.25rem) !important;}}<\/style><div class=\"stk-row stk-inner-blocks stk--block-align-8b59b96 stk-block-content stk-content-align stk-8b59b96-column\">\n<div class=\"wp-block-stackable-column stk-block-column stk-column stk-block stk-dbb7e15\" data-v=\"4\" data-block-id=\"dbb7e15\"><style>@media screen and (min-width: 768px){.stk-dbb7e15 {flex:var(--stk-flex-grow, 1) 1 66.7% !important;}}<\/style><div class=\"stk-column-wrapper stk-block-column__content stk-container stk-dbb7e15-container stk--no-background stk--no-padding\"><div class=\"stk-block-content stk-inner-blocks stk-dbb7e15-inner-blocks\">\n<div class=\"wp-block-stackable-heading stk-block-heading stk-block-heading--v2 stk-block stk-fc6338c\" id=\"competencias\" data-block-id=\"fc6338c\"><style>.stk-fc6338c {margin-bottom:20px !important;}.stk-fc6338c .stk-block-heading__text{color:#000000 !important;}<\/style><h1 class=\"stk-block-heading__text has-text-color\">Competencias<\/h1><\/div>\n\n\n\n<details class=\"wp-block-stackable-accordion stk-block-accordion stk-inner-blocks stk-block-content stk-block stk-d1d8d36 is-style-default\" id=\"generales\" data-block-id=\"d1d8d36\"><style>.stk-d1d8d36 {margin-bottom:5px !important;}<\/style>\n<summary class=\"wp-block-stackable-column stk-block-column stk-column stk-block stk-42037aa stk--container-small stk-block-accordion__heading\" data-v=\"4\" data-block-id=\"42037aa\"><style>.stk-42037aa {border-style:solid !important;border-top-width:0px !important;border-right-width:0px !important;border-bottom-width:1px !important;border-left-width:0px !important;}<\/style><div class=\"stk-column-wrapper stk-block-column__content stk-container stk-42037aa-container stk--no-background stk--no-padding\"><div class=\"stk-block-content stk-inner-blocks stk-42037aa-inner-blocks\">\n<div class=\"wp-block-stackable-icon-label stk-block-icon-label stk-block stk-fd93638\" data-block-id=\"fd93638\"><style>.stk-fd93638 .stk-inner-blocks{gap:40px !important;}@media screen and (max-width: 1023px){.stk-fd93638 .stk-inner-blocks{gap:40px !important;}}@media screen and (max-width: 767px){.stk-fd93638 .stk-inner-blocks{gap:40px !important;}}<\/style><div class=\"stk-row stk-inner-blocks stk-block-content\">\n<div class=\"wp-block-stackable-icon stk-block-icon stk-block stk-5eada00\" data-block-id=\"5eada00\"><style>.stk-5eada00 .stk--svg-wrapper .stk--inner-svg svg:last-child{height:24px !important;width:24px !important;}.stk-5eada00 .stk--svg-wrapper .stk--inner-svg svg:last-child, .stk-5eada00 .stk--svg-wrapper .stk--inner-svg svg:last-child :is(g, path, rect, polygon, ellipse){fill:#fcb900 !important;}<\/style><span class=\"stk--svg-wrapper stk--has-icon2\"><div class=\"stk--inner-svg\"><svg style=\"height:0;width:0\"><defs><linearGradient id=\"linear-gradient-5eada00\" x1=\"0\" x2=\"100%\" y1=\"0\" y2=\"0\"><stop offset=\"0%\" style=\"stop-opacity:1;stop-color:var(--linear-gradient-5-eada-00-color-1)\"><\/stop><stop offset=\"100%\" style=\"stop-opacity:1;stop-color:var(--linear-gradient-5-eada-00-color-2)\"><\/stop><\/linearGradient><\/defs><\/svg><svg xmlns=\"http:\/\/www.w3.org\/2000\/svg\" viewBox=\"0 0 512 512\" aria-hidden=\"true\" width=\"32\" height=\"32\"><path d=\"M256 512A256 256 0 1 0 256 0a256 256 0 1 0 0 512zM216 336h24V272H216c-13.3 0-24-10.7-24-24s10.7-24 24-24h48c13.3 0 24 10.7 24 24v88h8c13.3 0 24 10.7 24 24s-10.7 24-24 24H216c-13.3 0-24-10.7-24-24s10.7-24 24-24zm40-208a32 32 0 1 1 0 64 32 32 0 1 1 0-64z\"><\/path><\/svg><\/div><div class=\"stk--inner-svg stk--icon-2\" style=\"display:none\"><svg style=\"height:0;width:0\"><defs><linearGradient id=\"linear-gradient-5eada00\" x1=\"0\" x2=\"100%\" y1=\"0\" y2=\"0\"><stop offset=\"0%\" style=\"stop-opacity:1;stop-color:var(--linear-gradient-5-eada-00-color-1)\"><\/stop><stop offset=\"100%\" style=\"stop-opacity:1;stop-color:var(--linear-gradient-5-eada-00-color-2)\"><\/stop><\/linearGradient><\/defs><\/svg><svg xmlns=\"http:\/\/www.w3.org\/2000\/svg\" viewBox=\"0 0 192 512\" aria-hidden=\"true\" width=\"32\" height=\"32\"><path d=\"M48 80a48 48 0 1 1 96 0A48 48 0 1 1 48 80zM0 224c0-17.7 14.3-32 32-32H96c17.7 0 32 14.3 32 32V448h32c17.7 0 32 14.3 32 32s-14.3 32-32 32H32c-17.7 0-32-14.3-32-32s14.3-32 32-32H64V256H32c-17.7 0-32-14.3-32-32z\"><\/path><\/svg><\/div><\/span><\/div>\n\n\n\n<div class=\"wp-block-stackable-heading stk-block-heading stk-block-heading--v2 stk-block stk-415f164\" id=\"competencias-generales\" data-block-id=\"415f164\"><style>.stk-415f164 .stk-block-heading__text{font-size:18px !important;font-weight:700 !important;font-family:\"Montserrat\", Sans-serif !important;}@media screen and (max-width: 1023px){.stk-415f164 .stk-block-heading__text{font-size:18px !important;}}<\/style><p class=\"stk-block-heading__text\">Competencias Generales<\/p><\/div>\n<\/div><\/div>\n<\/div><\/div><\/summary>\n\n\n\n<div class=\"wp-block-stackable-column stk-block-column stk-column stk-block stk-fe64bc0 stk-block-accordion__content\" data-v=\"4\" data-block-id=\"fe64bc0\"><div class=\"stk-column-wrapper stk-block-column__content stk-container stk-fe64bc0-container stk--no-background stk--no-padding\"><div class=\"stk-block-content stk-inner-blocks stk-fe64bc0-inner-blocks\">\n<p>Una de las finalidades de los t\u00edtulos propios es contribuir a la formaci\u00f3n a lo largo de la vida, desde una perspectiva universitaria. En ese sentido, el Marco Europeo de Cualificaciones (EQF en sus siglas en ingl\u00e9s) constituye una referencia para fomentar el aprendizaje permanente. En consonancia con el mismo, en los t\u00edtulos propios de grado se garantizar\u00e1, como m\u00ednimo, los siguientes conocimientos, destrezas y competencias, correspondientes al nivel 6 del EQF:<\/p>\n\n\n\n<p>CG1. Que los y las estudiantes posean conocimientos avanzados en un campo de trabajo o estudio que requiera una comprensi\u00f3n cr\u00edtica de teor\u00edas y principios.<\/p>\n\n\n\n<p>CG2. Que los y las estudiantes demuestren el dominio y las dotes de innovaci\u00f3n necesarias para resolver problemas complejos e imprevisibles en un campo especializado de trabajo o estudio.<\/p>\n\n\n\n<p>CG3. Que los y las estudiantes sepan gestionar actividades o proyectos t\u00e9cnicos o profesionales complejos, asumiendo responsabilidades por la toma de decisiones en contextos de trabajo o estudio imprevisibles.<\/p>\n\n\n\n<p>CG4. Que los y las estudiantes sean capaces de asumir responsabilidades en lo que respecta a la gesti\u00f3n del desarrollo profesional de particulares y grupos.<\/p>\n<\/div><\/div><\/div>\n<\/details>\n\n\n\n<details class=\"wp-block-stackable-accordion stk-block-accordion stk-inner-blocks stk-block-content stk-block stk-1f55712 is-style-default\" id=\"espec\u00edficas\" data-block-id=\"1f55712\"><style>.stk-1f55712 {margin-bottom:5px !important;}<\/style>\n<summary class=\"wp-block-stackable-column stk-block-column stk-column stk-block stk-67ea2d7 stk--container-small stk-block-accordion__heading\" data-v=\"4\" data-block-id=\"67ea2d7\"><style>.stk-67ea2d7 {border-style:solid !important;border-top-width:0px !important;border-right-width:0px !important;border-bottom-width:1px !important;border-left-width:0px !important;}<\/style><div class=\"stk-column-wrapper stk-block-column__content stk-container stk-67ea2d7-container stk--no-background stk--no-padding\"><div class=\"stk-block-content stk-inner-blocks stk-67ea2d7-inner-blocks\">\n<div class=\"wp-block-stackable-icon-label stk-block-icon-label stk-block stk-21b67c7\" data-block-id=\"21b67c7\"><style>.stk-21b67c7 .stk-inner-blocks{gap:40px !important;}@media screen and (max-width: 1023px){.stk-21b67c7 .stk-inner-blocks{gap:40px !important;}}@media screen and (max-width: 767px){.stk-21b67c7 .stk-inner-blocks{gap:40px !important;}}<\/style><div class=\"stk-row stk-inner-blocks stk-block-content\">\n<div class=\"wp-block-stackable-icon stk-block-icon stk-block stk-6e38cc6\" data-block-id=\"6e38cc6\"><style>.stk-6e38cc6 .stk--svg-wrapper .stk--inner-svg svg:last-child{height:24px !important;width:24px !important;}.stk-6e38cc6 .stk--svg-wrapper .stk--inner-svg svg:last-child, .stk-6e38cc6 .stk--svg-wrapper .stk--inner-svg svg:last-child :is(g, path, rect, polygon, ellipse){fill:#fcb900 !important;}<\/style><span class=\"stk--svg-wrapper stk--has-icon2\"><div class=\"stk--inner-svg\"><svg style=\"height:0;width:0\"><defs><linearGradient id=\"linear-gradient-6e38cc6\" x1=\"0\" x2=\"100%\" y1=\"0\" y2=\"0\"><stop offset=\"0%\" style=\"stop-opacity:1;stop-color:var(--linear-gradient-6-e-38-cc-6-color-1)\"><\/stop><stop offset=\"100%\" style=\"stop-opacity:1;stop-color:var(--linear-gradient-6-e-38-cc-6-color-2)\"><\/stop><\/linearGradient><\/defs><\/svg><svg xmlns=\"http:\/\/www.w3.org\/2000\/svg\" viewBox=\"0 0 512 512\" aria-hidden=\"true\" width=\"32\" height=\"32\"><path d=\"M256 512A256 256 0 1 0 256 0a256 256 0 1 0 0 512zM169.8 165.3c7.9-22.3 29.1-37.3 52.8-37.3h58.3c34.9 0 63.1 28.3 63.1 63.1c0 22.6-12.1 43.5-31.7 54.8L280 264.4c-.2 13-10.9 23.6-24 23.6c-13.3 0-24-10.7-24-24V250.5c0-8.6 4.6-16.5 12.1-20.8l44.3-25.4c4.7-2.7 7.6-7.7 7.6-13.1c0-8.4-6.8-15.1-15.1-15.1H222.6c-3.4 0-6.4 2.1-7.5 5.3l-.4 1.2c-4.4 12.5-18.2 19-30.6 14.6s-19-18.2-14.6-30.6l.4-1.2zM224 352a32 32 0 1 1 64 0 32 32 0 1 1 -64 0z\"><\/path><\/svg><\/div><div class=\"stk--inner-svg stk--icon-2\" style=\"display:none\"><svg style=\"height:0;width:0\"><defs><linearGradient id=\"linear-gradient-6e38cc6\" x1=\"0\" x2=\"100%\" y1=\"0\" y2=\"0\"><stop offset=\"0%\" style=\"stop-opacity:1;stop-color:var(--linear-gradient-6-e-38-cc-6-color-1)\"><\/stop><stop offset=\"100%\" style=\"stop-opacity:1;stop-color:var(--linear-gradient-6-e-38-cc-6-color-2)\"><\/stop><\/linearGradient><\/defs><\/svg><svg xmlns=\"http:\/\/www.w3.org\/2000\/svg\" viewBox=\"0 0 512 512\" aria-hidden=\"true\" width=\"32\" height=\"32\"><path d=\"M464 256A208 208 0 1 0 48 256a208 208 0 1 0 416 0zM0 256a256 256 0 1 1 512 0A256 256 0 1 1 0 256zm169.8-90.7c7.9-22.3 29.1-37.3 52.8-37.3h58.3c34.9 0 63.1 28.3 63.1 63.1c0 22.6-12.1 43.5-31.7 54.8L280 264.4c-.2 13-10.9 23.6-24 23.6c-13.3 0-24-10.7-24-24V250.5c0-8.6 4.6-16.5 12.1-20.8l44.3-25.4c4.7-2.7 7.6-7.7 7.6-13.1c0-8.4-6.8-15.1-15.1-15.1H222.6c-3.4 0-6.4 2.1-7.5 5.3l-.4 1.2c-4.4 12.5-18.2 19-30.6 14.6s-19-18.2-14.6-30.6l.4-1.2zM224 352a32 32 0 1 1 64 0 32 32 0 1 1 -64 0z\"><\/path><\/svg><\/div><\/span><\/div>\n\n\n\n<div class=\"wp-block-stackable-heading stk-block-heading stk-block-heading--v2 stk-block stk-dd169c8\" id=\"competencias-especificas\" data-block-id=\"dd169c8\"><style>.stk-dd169c8 .stk-block-heading__text{font-size:18px !important;font-weight:700 !important;font-family:\"Montserrat\", Sans-serif !important;}@media screen and (max-width: 1023px){.stk-dd169c8 .stk-block-heading__text{font-size:18px !important;}}<\/style><p class=\"stk-block-heading__text\">Competencias Espec\u00edficas<\/p><\/div>\n<\/div><\/div>\n<\/div><\/div><\/summary>\n\n\n\n<div class=\"wp-block-stackable-column stk-block-column stk-column stk-block stk-1792ad8 stk-block-accordion__content\" data-v=\"4\" data-block-id=\"1792ad8\"><div class=\"stk-column-wrapper stk-block-column__content stk-container stk-1792ad8-container stk--no-background stk--no-padding\"><div class=\"stk-block-content stk-inner-blocks stk-1792ad8-inner-blocks\">\n<p>Tras la realizaci\u00f3n de este t\u00edtulo, el estudiantado habr\u00e1 adquirido adem\u00e1s de las competencias generales sobre todos los aspectos relacionados con el mercado inmobiliario, otras de car\u00e1cter espec\u00edfico, tales como:<\/p>\n\n\n\n<p>CE1 \u2013 Adquirir la capacidad para analizar problemas jur\u00eddicos y econ\u00f3micos referentes al \u00e1mbito inmobiliario y b\u00fasqueda de soluciones adecuadas a la normativa aplicable.<\/p>\n\n\n\n<p>CE2 \u2013 Adquirir el conocimiento de los conceptos y contenidos b\u00e1sicos de la Administraci\u00f3n de Fincas y el r\u00e9gimen jur\u00eddico de las comunidades de propietarios.<\/p>\n\n\n\n<p>CE3 \u2013 Adquirir la capacidad para el manejo de fuentes jur\u00eddicas (legales, jurisprudenciales y doctrinales) para la resoluci\u00f3n de cuestiones concernientes al mercado inmobiliario.<\/p>\n\n\n\n<p>CE4 \u2013 Desarrollar las habilidades necesarias para la negociaci\u00f3n, la mediaci\u00f3n y el arbitraje como m\u00e9todo de soluci\u00f3n de conflictos en el \u00e1mbito de la administraci\u00f3n de fincas.<\/p>\n\n\n\n<p>CE5 \u2013 Manejar las nuevas tecnolog\u00edas en el desarrollo de la labor del profesional del mercado inmobiliario.<\/p>\n\n\n\n<p>CE6 \u2013 Mejorar las habilidades comunicativas en el \u00e1mbito del ejercicio profesional.<\/p>\n<\/div><\/div><\/div>\n<\/details>\n<\/div><\/div><\/div>\n\n\n\n<div class=\"wp-block-stackable-column stk-block-column stk-column stk-block stk-53ec762\" data-v=\"4\" data-block-id=\"53ec762\"><style>.stk-53ec762-inner-blocks{row-gap:0px !important;}.stk-53ec762 {padding-top:0px !important;padding-right:0px !important;padding-bottom:0px !important;padding-left:0px !important;margin-top:1.75% !important;}@media screen and (min-width: 768px){.stk-53ec762 {flex:var(--stk-flex-grow, 1) 1 33.3% !important;}}<\/style><div class=\"stk-column-wrapper stk-block-column__content stk-container stk-53ec762-container stk--no-background stk--no-padding\"><div class=\"stk-block-content stk-inner-blocks stk-53ec762-inner-blocks\">\n<div class=\"wp-block-stackable-spacer stk-block-spacer stk--no-padding stk-block stk-3e5abad\" data-block-id=\"3e5abad\"><style>.stk-3e5abad {height:25px !important;}<\/style><\/div>\n\n\n\n<ul class=\"widget-box\">\n<li class='contacto-header'>Informaci\u00f3n de contacto<\/li><li><i class=\"fa fa-map-marker\"><\/i> Avda. Astrof\u00edsico Francisco S\u00e1nchez, SN. Edificio Calabaza 38200 San Crist\u00f3bal de La Laguna.<\/li><li><i class=\"fa fa-phone\"><\/i> (+34) 922 31 79 00 \/ 95 38<\/li><li><i class=\"fa fa-envelope\"><\/i>  <a href=mailto:dirafgi@ull.es>dirafgi@ull.es<\/a><\/li><li><i class=\"fa fa-envelope\"><\/i>  <a href=mailto:admonfincas.gestionmo@ull.es>admonfincas.gestionmo@ull.es<\/a><\/li>\n<\/ul>\n\n\n\n\n\n<div class=\"wp-block-stackable-spacer stk-block-spacer stk--no-padding stk-block stk-6d33d0e\" data-block-id=\"6d33d0e\"><style>.stk-6d33d0e {height:25px !important;}<\/style><\/div>\n<\/div><\/div><\/div>\n<\/div><\/div>\n","protected":false},"excerpt":{"rendered":"<p>Competencias Competencias Generales Una de las finalidades de los t\u00edtulos propios es contribuir a la formaci\u00f3n a lo largo de la vida, desde una perspectiva universitaria. En ese sentido, el Marco Europeo de Cualificaciones (EQF en sus siglas en ingl\u00e9s) constituye una referencia para fomentar el aprendizaje permanente. En consonancia con el mismo, en los&#8230;<\/p>\n","protected":false},"author":1,"featured_media":0,"parent":0,"menu_order":0,"comment_status":"closed","ping_status":"closed","template":"templates\/template-frontpage.php","meta":{"footnotes":""},"class_list":["post-31","page","type-page","status-publish","hentry"],"_links":{"self":[{"href":"https:\/\/www.ull.es\/formacion-permanente\/certificado-de-formacion-especifica-en-administracion-de-fincas\/wp-json\/wp\/v2\/pages\/31","targetHints":{"allow":["GET"]}}],"collection":[{"href":"https:\/\/www.ull.es\/formacion-permanente\/certificado-de-formacion-especifica-en-administracion-de-fincas\/wp-json\/wp\/v2\/pages"}],"about":[{"href":"https:\/\/www.ull.es\/formacion-permanente\/certificado-de-formacion-especifica-en-administracion-de-fincas\/wp-json\/wp\/v2\/types\/page"}],"author":[{"embeddable":true,"href":"https:\/\/www.ull.es\/formacion-permanente\/certificado-de-formacion-especifica-en-administracion-de-fincas\/wp-json\/wp\/v2\/users\/1"}],"replies":[{"embeddable":true,"href":"https:\/\/www.ull.es\/formacion-permanente\/certificado-de-formacion-especifica-en-administracion-de-fincas\/wp-json\/wp\/v2\/comments?post=31"}],"version-history":[{"count":7,"href":"https:\/\/www.ull.es\/formacion-permanente\/certificado-de-formacion-especifica-en-administracion-de-fincas\/wp-json\/wp\/v2\/pages\/31\/revisions"}],"predecessor-version":[{"id":244,"href":"https:\/\/www.ull.es\/formacion-permanente\/certificado-de-formacion-especifica-en-administracion-de-fincas\/wp-json\/wp\/v2\/pages\/31\/revisions\/244"}],"wp:attachment":[{"href":"https:\/\/www.ull.es\/formacion-permanente\/certificado-de-formacion-especifica-en-administracion-de-fincas\/wp-json\/wp\/v2\/media?parent=31"}],"curies":[{"name":"wp","href":"https:\/\/api.w.org\/{rel}","templated":true}]}}