{"id":29,"date":"2018-03-15T09:34:26","date_gmt":"2018-03-15T09:34:26","guid":{"rendered":"http:\/\/www.ull.es\/formacion-permanente\/cef-competencias-para-liderazgo\/?page_id=29"},"modified":"2025-08-22T08:48:55","modified_gmt":"2025-08-22T08:48:55","slug":"acceso-y-admision","status":"publish","type":"page","link":"https:\/\/www.ull.es\/formacion-permanente\/cfe-competencias-esenciales-para-la-digitalizacion\/en\/acceso-y-admision\/","title":{"rendered":"Access and admission"},"content":{"rendered":"\n<div class=\"wp-block-stackable-columns alignfull stk-block-columns stk-block stk-8657999\" data-block-id=\"8657999\"><style>.stk-8657999 {padding-bottom:0px !important;margin-top:-30px !important;margin-bottom:0px !important;}@media screen and (max-width: 767px){.stk-8657999 {margin-top:-10% !important;}}<\/style><div class=\"stk-row stk-inner-blocks stk-block-content stk-content-align stk-8657999-column alignfull\">\n<div class=\"wp-block-stackable-column stk-block-column stk-column stk-block stk-914f03e\" data-v=\"4\" data-block-id=\"914f03e\"><div class=\"stk-column-wrapper stk-block-column__content stk-container stk-914f03e-container stk--no-background stk--no-padding\"><div class=\"stk-block-content stk-inner-blocks stk-914f03e-inner-blocks\"><style id=\"depicter-4-inline-pre-css\">\n\n.depicter-4:not(.depicter-ready){\n\theight:450px;\n}\n\n\/***** Tablet *****\/\n@media screen and (max-width: 1024px){\n\n.depicter-4:not(.depicter-ready){\n\theight:700px;\n}\n\n}\n\/***** Mobile *****\/\n@media screen and (max-width: 767px){\n\n.depicter-4:not(.depicter-ready){\n\theight:450px;\n}\n\n}\n<\/style>\n<div id=\"depicter-4\" class=\"depicter depicter-document depicter-revert depicter-4 depicter-layout-fullwidth\">\n\n<div class=\"depicter-loading-container depicter-loading dotFlashing-dark\"><div class=\"depicter-loading-dark depicter-dot-flashing\">\n   <span><\/span>\n   <span><\/span>\n   <span><\/span>\n<\/div>\n<\/div>\n<div id=\"depicter-4-section-1\" class=\"depicter-section depicter-4-section-1\" data-name=\"Section 1\" data-type=\"section\" data-local-id=\"section-1\">\n<picture class=\"depicter-bg\">\n<source data-depicter-srcset=\"https:\/\/www.ull.es\/formacion-permanente\/cfe-competencias-esenciales-para-la-digitalizacion\/wp-content\/uploads\/sites\/80\/2025\/08\/@UnSieCc7FjMoR74-768x512.jpg, https:\/\/www.ull.es\/formacion-permanente\/cfe-competencias-esenciales-para-la-digitalizacion\/wp-content\/uploads\/sites\/80\/2025\/08\/@UnSieCc7FjMoR74.jpg 2x\" srcset=\"data:image\/gif;base64,R0lGODlhAQABAIAAAAAAAP\/\/\/yH5BAEAAAAALAAAAAABAAEAAAIBRAA7\" media=\"(max-width: 1024px)\" \/>\n\n<source data-depicter-srcset=\"https:\/\/www.ull.es\/formacion-permanente\/cfe-competencias-esenciales-para-la-digitalizacion\/wp-content\/uploads\/sites\/80\/2025\/08\/@UnSieCc7FjMoR74.jpg, https:\/\/www.ull.es\/formacion-permanente\/cfe-competencias-esenciales-para-la-digitalizacion\/wp-content\/uploads\/sites\/80\/2025\/08\/@UnSieCc7FjMoR74-1920x1280.jpg 2x\" srcset=\"data:image\/gif;base64,R0lGODlhAQABAIAAAAAAAP\/\/\/yH5BAEAAAAALAAAAAABAAEAAAIBRAA7\" media=\"(min-width: 1025px)\" \/>\n<img decoding=\"async\" src=\"data:image\/gif;base64,R0lGODlhAQABAIAAAAAAAP\/\/\/yH5BAEAAAAALAAAAAABAAEAAAIBRAA7\" data-ken-burns=\"false\" data-tablet-ken-burns=\"false\" data-mobile-ken-burns=\"false\" alt=\"\" data-depicter-src=\"https:\/\/www.ull.es\/formacion-permanente\/cfe-competencias-esenciales-para-la-digitalizacion\/wp-content\/uploads\/sites\/80\/2025\/08\/@UnSieCc7FjMoR74.jpg\" data-object-fit=\"custom,custom,\" data-object-position=\"center top,,\" data-crop=\"{'focalPoint':{'x':0.5,'y':0.5},'mediaSize':{'width':1200,'height':800}}\" data-tablet-crop=\"{'focalPoint':{'x':0.5,'y':0.5},'mediaSize':{'width':1050,'height':700}}\" data-mobile-crop=\"{'focalPoint':{'x':0.5,'y':0.5},'mediaSize':{'width':675,'height':450}}\" \/>\n<\/picture>\n\n\n<h1 id=\"depicter-4-element-5\" class=\"depicter-element depicter-layer depicter-4-element-5\" data-type=\"text\" data-wrap=\"true\" data-name=\"Text 2\" data-local-id=\"element-5\" data-offset=\"x:8px;y:103px;origin:tl\" data-tablet-offset=\"x:208px;y:79px;origin:tl\" data-mobile-offset=\"x:0px;y:70px;origin:tl\" data-width=\"1184px,646px,376px\" data-height=\"auto,auto,auto\" data-responsive-scale=\"true,,\">Certificado de Formaci\u00f3n Espec\u00edfica en Competencias Esenciales para la Digitalizaci\u00f3n y Transformaci\u00f3n Digital del Transporte y la Log\u00edstica en Canarias <br><\/h1>\n\n<div id=\"depicter-4-element-10\" class=\"depicter-element depicter-layer depicter-4-element-10\" data-type=\"shape\" data-wrap=\"true\" data-name=\"Shape 1\" data-local-id=\"element-10\" data-offset=\"x:0px;y:385px;origin:tl\" data-tablet-offset=\"x:189px;y:506px;origin:tl\" data-mobile-offset=\"x:0px;y:375px;origin:tl\" data-width=\"1200px,647px,360px\" data-height=\"8px,8px,8px\" data-responsive-scale=\"true,,\"><\/div>\n<\/div>\n<\/div>\n<script>\n(window.depicterSetups = window.depicterSetups || []).push(function(){\n\tDepicter.basePath = 'https:\/\/www.ull.es\/formacion-permanente\/cfe-competencias-esenciales-para-la-digitalizacion\/wp-content\/plugins\/depicter\/resources\/scripts\/player\/';\n\tconst dpPlayer = Depicter.setup('.depicter-4',\n\t\t{\"width\":[\"1200\",\"1024\",\"360\"],\"height\":[\"450\",\"700\",\"450\"],\"view\":\"basic\",\"keepAspectRatio\":true,\"preload\":0,\"layout\":\"fullwidth\",\"rtl\":false,\"initAfterAppear\":false,\"ajaxApiUrl\":\"https:\\\/\\\/www.ull.es\\\/formacion-permanente\\\/cfe-competencias-esenciales-para-la-digitalizacion\\\/wp-admin\\\/admin-ajax.php\",\"mouseSwipe\":true,\"touchSwipe\":true,\"useWatermark\":false}\n\t);\n});\n<\/script><\/div><\/div><\/div>\n<\/div><\/div>\n\n\n\n<div class=\"wp-block-stackable-columns alignfull stk-block-columns stk--hide-mobile stk-block stk-ceecbdc stk-block-background\" data-block-id=\"ceecbdc\"><style>.stk-ceecbdc {background-color:#e2be27 !important;padding-top:65px !important;padding-right:0px !important;padding-bottom:2px !important;padding-left:0px !important;margin-top:-20px !important;margin-bottom:0px !important;}.stk-ceecbdc:before{background-color:#e2be27 !important;}<\/style><div class=\"stk-row stk-inner-blocks stk-block-content stk-content-align stk-ceecbdc-column alignfull\">\n<div class=\"wp-block-stackable-column stk-block-column stk-column stk-block stk-fc60a5d\" data-v=\"4\" data-block-id=\"fc60a5d\"><div class=\"stk-column-wrapper stk-block-column__content stk-container stk-fc60a5d-container stk--no-background stk--no-padding\"><div class=\"stk-block-content stk-inner-blocks stk-fc60a5d-inner-blocks\">\n<div class=\"wp-block-stackable-spacer stk-block-spacer stk--no-padding stk-block stk-a3a8a68\" data-block-id=\"a3a8a68\"><style>.stk-a3a8a68 {height:0px !important;}<\/style><\/div>\n<\/div><\/div><\/div>\n<\/div><\/div>\n\n\n\n<div class=\"wp-block-stackable-columns stk-block-columns stk-block stk-8b59b96\" data-block-id=\"8b59b96\"><style>.stk-8b59b96 .stk--block-align-8b59b96{align-items:flex-start !important;}.stk-8b59b96 {margin-top:50px !important;}.stk-8b59b96-column{--stk-columns-spacing:0px !important;--stk-column-gap:50px !important;}@media screen and (max-width: 767px){.stk-8b59b96-column{row-gap:var(--stk--preset--spacing--60, 2.25rem) !important;}}<\/style><div class=\"stk-row stk-inner-blocks stk--block-align-8b59b96 stk-block-content stk-content-align stk-8b59b96-column\">\n<div class=\"wp-block-stackable-column stk-block-column stk-column stk-block stk-dbb7e15\" data-v=\"4\" data-block-id=\"dbb7e15\"><style>@media screen and (min-width: 768px){.stk-dbb7e15 {flex:var(--stk-flex-grow, 1) 1 66.7% !important;}}<\/style><div class=\"stk-column-wrapper stk-block-column__content stk-container stk-dbb7e15-container stk--no-background stk--no-padding\"><div class=\"stk-block-content stk-inner-blocks stk-dbb7e15-inner-blocks\">\n<div class=\"wp-block-stackable-heading stk-block-heading stk-block-heading--v2 stk-block stk-fc6338c\" id=\"acceso-y-admision\" data-block-id=\"fc6338c\"><style>.stk-fc6338c .stk-block-heading__text{color:#000000 !important;}<\/style><h1 class=\"stk-block-heading__text has-text-color\">Acceso y admisi\u00f3n<\/h1><\/div>\n\n\n\n<details class=\"wp-block-stackable-accordion stk-block-accordion stk-inner-blocks stk-block-content stk-block stk-f742639 is-style-default\" id=\"acceso\" data-block-id=\"f742639\"><style>.stk-f742639 {margin-bottom:5px !important;}<\/style>\n<summary class=\"wp-block-stackable-column stk-block-column stk-column stk-block stk-892c21e stk--container-small stk-block-accordion__heading\" data-v=\"4\" data-block-id=\"892c21e\"><style>.stk-892c21e {border-style:solid !important;border-top-width:0px !important;border-right-width:0px !important;border-bottom-width:1px !important;border-left-width:0px !important;}<\/style><div class=\"stk-column-wrapper stk-block-column__content stk-container stk-892c21e-container stk--no-background stk--no-padding\"><div class=\"stk-block-content stk-inner-blocks stk-892c21e-inner-blocks\">\n<div class=\"wp-block-stackable-icon-label stk-block-icon-label stk-block stk-956ee49\" data-block-id=\"956ee49\"><style>.stk-956ee49 .stk-inner-blocks{gap:40px !important;}@media screen and (max-width: 1023px){.stk-956ee49 .stk-inner-blocks{gap:40px !important;}}@media screen and (max-width: 767px){.stk-956ee49 .stk-inner-blocks{gap:40px !important;}}<\/style><div class=\"stk-row stk-inner-blocks stk-block-content\">\n<div class=\"wp-block-stackable-icon stk-block-icon stk-block stk-693af38\" data-block-id=\"693af38\"><style>.stk-693af38 .stk--svg-wrapper .stk--inner-svg svg:last-child{height:24px !important;width:24px !important;}.stk-693af38 .stk--svg-wrapper .stk--inner-svg svg:last-child, .stk-693af38 .stk--svg-wrapper .stk--inner-svg svg:last-child :is(g, path, rect, polygon, ellipse){fill:#fcb900 !important;}<\/style><span class=\"stk--svg-wrapper stk--has-icon2\"><div class=\"stk--inner-svg\"><svg style=\"height:0;width:0\"><defs><linearGradient id=\"linear-gradient-693af38\" x1=\"0\" x2=\"100%\" y1=\"0\" y2=\"0\"><stop offset=\"0%\" style=\"stop-opacity:1;stop-color:var(--linear-gradient-693-af-38-color-1)\"><\/stop><stop offset=\"100%\" style=\"stop-opacity:1;stop-color:var(--linear-gradient-693-af-38-color-2)\"><\/stop><\/linearGradient><\/defs><\/svg><svg xmlns=\"http:\/\/www.w3.org\/2000\/svg\" viewBox=\"0 0 576 512\" aria-hidden=\"true\" width=\"32\" height=\"32\"><path d=\"M96 64c0-35.3 28.7-64 64-64H416c35.3 0 64 28.7 64 64V448h64c17.7 0 32 14.3 32 32s-14.3 32-32 32H432 144 32c-17.7 0-32-14.3-32-32s14.3-32 32-32H96V64zM384 288a32 32 0 1 0 0-64 32 32 0 1 0 0 64z\"><\/path><\/svg><\/div><div class=\"stk--inner-svg stk--icon-2\" style=\"display:none\"><svg style=\"height:0;width:0\"><defs><linearGradient id=\"linear-gradient-693af38\" x1=\"0\" x2=\"100%\" y1=\"0\" y2=\"0\"><stop offset=\"0%\" style=\"stop-opacity:1;stop-color:var(--linear-gradient-693-af-38-color-1)\"><\/stop><stop offset=\"100%\" style=\"stop-opacity:1;stop-color:var(--linear-gradient-693-af-38-color-2)\"><\/stop><\/linearGradient><\/defs><\/svg><svg xmlns=\"http:\/\/www.w3.org\/2000\/svg\" viewBox=\"0 0 576 512\" aria-hidden=\"true\" width=\"32\" height=\"32\"><path d=\"M320 32c0-9.9-4.5-19.2-12.3-25.2S289.8-1.4 280.2 1l-179.9 45C79 51.3 64 70.5 64 92.5V448H32c-17.7 0-32 14.3-32 32s14.3 32 32 32H96 288h32V480 32zM256 256c0 17.7-10.7 32-24 32s-24-14.3-24-32s10.7-32 24-32s24 14.3 24 32zm96-128h96V480c0 17.7 14.3 32 32 32h64c17.7 0 32-14.3 32-32s-14.3-32-32-32H512V128c0-35.3-28.7-64-64-64H352v64z\"><\/path><\/svg><\/div><\/span><\/div>\n\n\n\n<div class=\"wp-block-stackable-heading stk-block-heading stk-block-heading--v2 stk-block stk-6c2fa1d\" id=\"acceso\" data-block-id=\"6c2fa1d\"><style>.stk-6c2fa1d .stk-block-heading__text{font-size:18px !important;font-weight:700 !important;font-family:\"Montserrat\", Sans-serif !important;}@media screen and (max-width: 1023px){.stk-6c2fa1d .stk-block-heading__text{font-size:18px !important;}}<\/style><p class=\"stk-block-heading__text\">Acceso<\/p><\/div>\n<\/div><\/div>\n<\/div><\/div><\/summary>\n\n\n\n<div class=\"wp-block-stackable-column stk-block-column stk-column stk-block stk-4f2fad4 stk-block-accordion__content\" data-v=\"4\" data-block-id=\"4f2fad4\"><div class=\"stk-column-wrapper stk-block-column__content stk-container stk-4f2fad4-container stk--no-background stk--no-padding\"><div class=\"stk-block-content stk-inner-blocks stk-4f2fad4-inner-blocks\">\n<p>Para acceder a este Certificado de Formaci\u00f3n Espec\u00edfica ser\u00e1 necesario:<\/p>\n\n\n\n<ul class=\"wp-block-list\">\n<li>Estar en posesi\u00f3n de un t\u00edtulo universitario oficial espa\u00f1ol u otro expedido por una instituci\u00f3n de educaci\u00f3n superior perteneciente a otro Estado miembro del Espacio Europeo de Educaci\u00f3n superior.<\/li>\n\n\n\n<li>Estar en posesi\u00f3n de un t\u00edtulo expedido por un sistema educativo ajeno al Espacio Europeo de Educaci\u00f3n superior con resoluci\u00f3n de homologaci\u00f3n&nbsp; o declaraci\u00f3n de equivalencia.<\/li>\n\n\n\n<li>Contar con documentaci\u00f3n acreditativa de haber realizado la prueba de acceso a la universidad.<\/li>\n\n\n\n<li>Poseer la nacionalidad espa\u00f1ola o ser ciudadano\/a de alg\u00fan Estado miembro de la Uni\u00f3n Europea o de terceros pa\u00edses con permiso de residencia en Canarias (presentar copia del documento de identificaci\u00f3n).<\/li>\n\n\n\n<li>Tener un contrato laboral vinculado a una empresa relacionada con el sector del transporte o la log\u00edstica en Canarias, o ser desempleado\/a.<\/li>\n<\/ul>\n<\/div><\/div><\/div>\n<\/details>\n\n\n\n<details class=\"wp-block-stackable-accordion stk-block-accordion stk-inner-blocks stk-block-content stk-block stk-1d0705d is-style-default\" id=\"admision\" data-block-id=\"1d0705d\"><style>.stk-1d0705d {margin-bottom:5px !important;}<\/style>\n<summary class=\"wp-block-stackable-column stk-block-column stk-column stk-block stk-2c0cee0 stk--container-small stk-block-accordion__heading\" data-v=\"4\" data-block-id=\"2c0cee0\"><style>.stk-2c0cee0 {border-style:solid !important;border-top-width:0px !important;border-right-width:0px !important;border-bottom-width:1px !important;border-left-width:0px !important;}<\/style><div class=\"stk-column-wrapper stk-block-column__content stk-container stk-2c0cee0-container stk--no-background stk--no-padding\"><div class=\"stk-block-content stk-inner-blocks stk-2c0cee0-inner-blocks\">\n<div class=\"wp-block-stackable-icon-label stk-block-icon-label stk-block stk-3e16e7a\" data-block-id=\"3e16e7a\"><style>.stk-3e16e7a .stk-inner-blocks{gap:40px !important;}@media screen and (max-width: 1023px){.stk-3e16e7a .stk-inner-blocks{gap:40px !important;}}@media screen and (max-width: 767px){.stk-3e16e7a .stk-inner-blocks{gap:40px !important;}}<\/style><div class=\"stk-row stk-inner-blocks stk-block-content\">\n<div class=\"wp-block-stackable-icon stk-block-icon stk-block stk-8ea5435\" data-block-id=\"8ea5435\"><style>.stk-8ea5435 .stk--svg-wrapper .stk--inner-svg svg:last-child{height:24px !important;width:24px !important;}.stk-8ea5435 .stk--svg-wrapper .stk--inner-svg svg:last-child, .stk-8ea5435 .stk--svg-wrapper .stk--inner-svg svg:last-child :is(g, path, rect, polygon, ellipse){fill:#fcb900 !important;}<\/style><span class=\"stk--svg-wrapper stk--has-icon2\"><div class=\"stk--inner-svg\"><svg style=\"height:0;width:0\"><defs><linearGradient id=\"linear-gradient-8ea5435\" x1=\"0\" x2=\"100%\" y1=\"0\" y2=\"0\"><stop offset=\"0%\" style=\"stop-opacity:1;stop-color:var(--linear-gradient-8-ea-5435-color-1)\"><\/stop><stop offset=\"100%\" style=\"stop-opacity:1;stop-color:var(--linear-gradient-8-ea-5435-color-2)\"><\/stop><\/linearGradient><\/defs><\/svg><svg xmlns=\"http:\/\/www.w3.org\/2000\/svg\" viewBox=\"0 0 512 512\" aria-hidden=\"true\" width=\"32\" height=\"32\"><path d=\"M256 512A256 256 0 1 0 256 0a256 256 0 1 0 0 512zM216 336h24V272H216c-13.3 0-24-10.7-24-24s10.7-24 24-24h48c13.3 0 24 10.7 24 24v88h8c13.3 0 24 10.7 24 24s-10.7 24-24 24H216c-13.3 0-24-10.7-24-24s10.7-24 24-24zm40-208a32 32 0 1 1 0 64 32 32 0 1 1 0-64z\"><\/path><\/svg><\/div><div class=\"stk--inner-svg stk--icon-2\" style=\"display:none\"><svg style=\"height:0;width:0\"><defs><linearGradient id=\"linear-gradient-8ea5435\" x1=\"0\" x2=\"100%\" y1=\"0\" y2=\"0\"><stop offset=\"0%\" style=\"stop-opacity:1;stop-color:var(--linear-gradient-8-ea-5435-color-1)\"><\/stop><stop offset=\"100%\" style=\"stop-opacity:1;stop-color:var(--linear-gradient-8-ea-5435-color-2)\"><\/stop><\/linearGradient><\/defs><\/svg><svg xmlns=\"http:\/\/www.w3.org\/2000\/svg\" viewBox=\"0 0 192 512\" aria-hidden=\"true\" width=\"32\" height=\"32\"><path d=\"M48 80a48 48 0 1 1 96 0A48 48 0 1 1 48 80zM0 224c0-17.7 14.3-32 32-32H96c17.7 0 32 14.3 32 32V448h32c17.7 0 32 14.3 32 32s-14.3 32-32 32H32c-17.7 0-32-14.3-32-32s14.3-32 32-32H64V256H32c-17.7 0-32-14.3-32-32z\"><\/path><\/svg><\/div><\/span><\/div>\n\n\n\n<div class=\"wp-block-stackable-heading stk-block-heading stk-block-heading--v2 stk-block stk-556466f\" id=\"admision-y-baremo\" data-block-id=\"556466f\"><style>.stk-556466f .stk-block-heading__text{font-size:18px !important;font-weight:700 !important;font-family:\"Montserrat\", Sans-serif !important;}@media screen and (max-width: 1023px){.stk-556466f .stk-block-heading__text{font-size:18px !important;}}<\/style><p class=\"stk-block-heading__text\">Admisi\u00f3n y baremo<\/p><\/div>\n<\/div><\/div>\n<\/div><\/div><\/summary>\n\n\n\n<div class=\"wp-block-stackable-column stk-block-column stk-column stk-block stk-7652c4c stk-block-accordion__content\" data-v=\"4\" data-block-id=\"7652c4c\"><div class=\"stk-column-wrapper stk-block-column__content stk-container stk-7652c4c-container stk--no-background stk--no-padding\"><div class=\"stk-block-content stk-inner-blocks stk-7652c4c-inner-blocks\">\n<div class=\"wp-block-stackable-text stk-block-text stk-block stk-53f57bf\" data-block-id=\"53f57bf\"><p class=\"stk-block-text__text\">El proceso de admisi\u00f3n al Certificado de Formaci\u00f3n Espec\u00edfica, se realizar\u00e1 mediante solicitud de las personas interesadas.<\/p><\/div>\n\n\n\n<p>En este Certificado de Formaci\u00f3n Espec\u00edfica se reservar\u00e1 un 5% de las plazas disponibles para estudiantes que tengan reconocido un grado de discapacidad igual o superior al 33%.<\/p>\n\n\n\n<p>En el caso de inadmisi\u00f3n, el o la estudiante podr\u00e1 presentar una reclamaci\u00f3n ante la Subcomisi\u00f3n de T\u00edtulos Propios y Microcredenciales de la Comisi\u00f3n de Ense\u00f1anzas Propias y, en caso de resoluci\u00f3n denegatoria, podr\u00e1 interponer un recurso de alzada ante el Rector o la Rectora de la ULL.<\/p>\n\n\n\n<p>En el caso de que, finalizado el plazo de preinscripci\u00f3n, quedaran plazas vacantes, se podr\u00eda establecer un per\u00edodo de preinscripci\u00f3n extraordinario a decisi\u00f3n de la Comisi\u00f3n Acad\u00e9mica del t\u00edtulo, que fijar\u00e1 la fecha l\u00edmite que estime oportuna.<\/p>\n\n\n\n<p>Las solicitudes se aceptar\u00e1n en funci\u00f3n del cumplimiento de los requisitos descritos, disponi\u00e9ndose las plazas en orden de entrada.<\/p>\n<\/div><\/div><\/div>\n<\/details>\n\n\n\n<details class=\"wp-block-stackable-accordion stk-block-accordion stk-inner-blocks stk-block-content stk-block stk-62f3704 is-style-default\" id=\"preinscripcion\" data-block-id=\"62f3704\"><style>.stk-62f3704 {margin-bottom:15px !important;}<\/style>\n<summary class=\"wp-block-stackable-column stk-block-column stk-column stk-block stk-6266a27 stk--container-small stk-block-accordion__heading\" data-v=\"4\" data-block-id=\"6266a27\"><style>.stk-6266a27 {border-style:solid !important;border-top-width:0px !important;border-right-width:0px !important;border-bottom-width:1px !important;border-left-width:0px !important;}<\/style><div class=\"stk-column-wrapper stk-block-column__content stk-container stk-6266a27-container stk--no-background stk--no-padding\"><div class=\"stk-block-content stk-inner-blocks stk-6266a27-inner-blocks\">\n<div class=\"wp-block-stackable-icon-label stk-block-icon-label stk-block stk-5d8c779\" data-block-id=\"5d8c779\"><style>.stk-5d8c779 .stk-inner-blocks{gap:40px !important;}@media screen and (max-width: 1023px){.stk-5d8c779 .stk-inner-blocks{gap:40px !important;}}@media screen and (max-width: 767px){.stk-5d8c779 .stk-inner-blocks{gap:40px !important;}}<\/style><div class=\"stk-row stk-inner-blocks stk-block-content\">\n<div class=\"wp-block-stackable-icon stk-block-icon stk-block stk-9a113d4\" data-block-id=\"9a113d4\"><style>.stk-9a113d4 .stk--svg-wrapper .stk--inner-svg svg:last-child{height:24px !important;width:24px !important;}.stk-9a113d4 .stk--svg-wrapper .stk--inner-svg svg:last-child, .stk-9a113d4 .stk--svg-wrapper .stk--inner-svg svg:last-child :is(g, path, rect, polygon, ellipse){fill:#fcb900 !important;}<\/style><span class=\"stk--svg-wrapper stk--has-icon2\"><div class=\"stk--inner-svg\"><svg style=\"height:0;width:0\"><defs><linearGradient id=\"linear-gradient-9a113d4\" x1=\"0\" x2=\"100%\" y1=\"0\" y2=\"0\"><stop offset=\"0%\" style=\"stop-opacity:1;stop-color:var(--linear-gradient-9-a-113-d-4-color-1)\"><\/stop><stop offset=\"100%\" style=\"stop-opacity:1;stop-color:var(--linear-gradient-9-a-113-d-4-color-2)\"><\/stop><\/linearGradient><\/defs><\/svg><svg xmlns=\"http:\/\/www.w3.org\/2000\/svg\" viewBox=\"0 0 384 512\" aria-hidden=\"true\" width=\"32\" height=\"32\"><path d=\"M64 0C28.7 0 0 28.7 0 64V448c0 35.3 28.7 64 64 64H320c35.3 0 64-28.7 64-64V160H256c-17.7 0-32-14.3-32-32V0H64zM256 0V128H384L256 0zM112 256H272c8.8 0 16 7.2 16 16s-7.2 16-16 16H112c-8.8 0-16-7.2-16-16s7.2-16 16-16zm0 64H272c8.8 0 16 7.2 16 16s-7.2 16-16 16H112c-8.8 0-16-7.2-16-16s7.2-16 16-16zm0 64H272c8.8 0 16 7.2 16 16s-7.2 16-16 16H112c-8.8 0-16-7.2-16-16s7.2-16 16-16z\"><\/path><\/svg><\/div><div class=\"stk--inner-svg stk--icon-2\" style=\"display:none\"><svg style=\"height:0;width:0\"><defs><linearGradient id=\"linear-gradient-9a113d4\" x1=\"0\" x2=\"100%\" y1=\"0\" y2=\"0\"><stop offset=\"0%\" style=\"stop-opacity:1;stop-color:var(--linear-gradient-9-a-113-d-4-color-1)\"><\/stop><stop offset=\"100%\" style=\"stop-opacity:1;stop-color:var(--linear-gradient-9-a-113-d-4-color-2)\"><\/stop><\/linearGradient><\/defs><\/svg><svg xmlns=\"http:\/\/www.w3.org\/2000\/svg\" viewBox=\"0 0 384 512\" aria-hidden=\"true\" width=\"32\" height=\"32\"><path d=\"M64 464c-8.8 0-16-7.2-16-16V64c0-8.8 7.2-16 16-16H224v80c0 17.7 14.3 32 32 32h80V448c0 8.8-7.2 16-16 16H64zM64 0C28.7 0 0 28.7 0 64V448c0 35.3 28.7 64 64 64H320c35.3 0 64-28.7 64-64V154.5c0-17-6.7-33.3-18.7-45.3L274.7 18.7C262.7 6.7 246.5 0 229.5 0H64zm56 256c-13.3 0-24 10.7-24 24s10.7 24 24 24H264c13.3 0 24-10.7 24-24s-10.7-24-24-24H120zm0 96c-13.3 0-24 10.7-24 24s10.7 24 24 24H264c13.3 0 24-10.7 24-24s-10.7-24-24-24H120z\"><\/path><\/svg><\/div><\/span><\/div>\n\n\n\n<div class=\"wp-block-stackable-heading stk-block-heading stk-block-heading--v2 stk-block stk-d1b2f20\" id=\"preinscripcion-y-matricula\" data-block-id=\"d1b2f20\"><style>.stk-d1b2f20 .stk-block-heading__text{font-size:18px !important;font-weight:700 !important;font-family:\"Montserrat\", Sans-serif !important;}@media screen and (max-width: 1023px){.stk-d1b2f20 .stk-block-heading__text{font-size:18px !important;}}<\/style><p class=\"stk-block-heading__text\">Preinscripci\u00f3n y matr\u00edcula<\/p><\/div>\n<\/div><\/div>\n<\/div><\/div><\/summary>\n\n\n\n<div class=\"wp-block-stackable-column stk-block-column stk-column stk-block stk-e3293e3 stk-block-accordion__content\" data-v=\"4\" data-block-id=\"e3293e3\"><div class=\"stk-column-wrapper stk-block-column__content stk-container stk-e3293e3-container stk--no-background stk--no-padding\"><div class=\"stk-block-content stk-inner-blocks stk-e3293e3-inner-blocks\">\n<div class=\"wp-block-stackable-text stk-block-text stk-block stk-e5c3d63\" data-block-id=\"e5c3d63\"><p class=\"stk-block-text__text\">Pr\u00f3ximamente m\u00e1s informaci\u00f3n<\/p><\/div>\n<\/div><\/div><\/div>\n<\/details>\n<\/div><\/div><\/div>\n\n\n\n<div class=\"wp-block-stackable-column stk-block-column stk-column stk-block stk-53ec762\" data-v=\"4\" data-block-id=\"53ec762\"><style>.stk-53ec762-inner-blocks{row-gap:0px !important;}.stk-53ec762 {padding-top:0px !important;padding-right:0px !important;padding-bottom:0px !important;padding-left:0px !important;margin-top:1.75% !important;}@media screen and (min-width: 768px){.stk-53ec762 {flex:var(--stk-flex-grow, 1) 1 33.3% !important;}}<\/style><div class=\"stk-column-wrapper stk-block-column__content stk-container stk-53ec762-container stk--no-background stk--no-padding\"><div class=\"stk-block-content stk-inner-blocks stk-53ec762-inner-blocks\">\n<ul class=\"widget-box\">\n<li class='contacto-header'>Informaci\u00f3n de contacto<\/li><li><i class=\"fa fa-map-marker\"><\/i> Avda. Astrof\u00edsico Francisco S\u00e1nchez, SN. Edificio Calabaza 38200 San Crist\u00f3bal de La Laguna.<\/li><li><i class=\"fa fa-phone\"><\/i> (+34) 922 31 79 00 \/ 95 38<\/li><li><i class=\"fa fa-envelope\"><\/i>  <a href=mailto:tpropios@ull.es>tpropios@ull.es<\/a><\/li>\n<\/ul>\n\n\n\n\n\n<div class=\"wp-block-stackable-spacer stk-block-spacer stk--no-padding stk-block stk-6d33d0e\" data-block-id=\"6d33d0e\"><style>.stk-6d33d0e {height:25px !important;}<\/style><\/div>\n<\/div><\/div><\/div>\n<\/div><\/div>\n","protected":false},"excerpt":{"rendered":"<p>Access and Admission Access To access this Specific Training Certificate, you will need: Admission and criteria. The admission process for the Specific Training Certificate will be carried out upon application by interested parties. In this Specific Training Certificate, 51% of the available places will be reserved for students who have a recognized degree\u2026<\/p>","protected":false},"author":1,"featured_media":0,"parent":0,"menu_order":0,"comment_status":"closed","ping_status":"closed","template":"templates\/template-frontpage.php","meta":{"footnotes":""},"class_list":["post-29","page","type-page","status-publish","hentry"],"_links":{"self":[{"href":"https:\/\/www.ull.es\/formacion-permanente\/cfe-competencias-esenciales-para-la-digitalizacion\/en\/wp-json\/wp\/v2\/pages\/29","targetHints":{"allow":["GET"]}}],"collection":[{"href":"https:\/\/www.ull.es\/formacion-permanente\/cfe-competencias-esenciales-para-la-digitalizacion\/en\/wp-json\/wp\/v2\/pages"}],"about":[{"href":"https:\/\/www.ull.es\/formacion-permanente\/cfe-competencias-esenciales-para-la-digitalizacion\/en\/wp-json\/wp\/v2\/types\/page"}],"author":[{"embeddable":true,"href":"https:\/\/www.ull.es\/formacion-permanente\/cfe-competencias-esenciales-para-la-digitalizacion\/en\/wp-json\/wp\/v2\/users\/1"}],"replies":[{"embeddable":true,"href":"https:\/\/www.ull.es\/formacion-permanente\/cfe-competencias-esenciales-para-la-digitalizacion\/en\/wp-json\/wp\/v2\/comments?post=29"}],"version-history":[{"count":17,"href":"https:\/\/www.ull.es\/formacion-permanente\/cfe-competencias-esenciales-para-la-digitalizacion\/en\/wp-json\/wp\/v2\/pages\/29\/revisions"}],"predecessor-version":[{"id":358,"href":"https:\/\/www.ull.es\/formacion-permanente\/cfe-competencias-esenciales-para-la-digitalizacion\/en\/wp-json\/wp\/v2\/pages\/29\/revisions\/358"}],"wp:attachment":[{"href":"https:\/\/www.ull.es\/formacion-permanente\/cfe-competencias-esenciales-para-la-digitalizacion\/en\/wp-json\/wp\/v2\/media?parent=29"}],"curies":[{"name":"wp","href":"https:\/\/api.w.org\/{rel}","templated":true}]}}