{"id":33,"date":"2018-03-15T09:45:15","date_gmt":"2018-03-15T09:45:15","guid":{"rendered":"http:\/\/www.ull.es\/formacion-permanente\/diploma-universitario-formacion-pedagogica-didactica-equivalente\/?page_id=33"},"modified":"2026-05-15T10:08:26","modified_gmt":"2026-05-15T10:08:26","slug":"estructura-del-plan-de-estudios","status":"publish","type":"page","link":"https:\/\/www.ull.es\/formacion-permanente\/cfe-diversidad-lgtbiqa\/en\/estructura-del-plan-de-estudios\/","title":{"rendered":"Structure of the curriculum"},"content":{"rendered":"\n<div class=\"wp-block-stackable-columns alignfull stk-block-columns stk-block stk-8657999\" data-block-id=\"8657999\"><style>.stk-8657999 {padding-bottom:0px !important;margin-top:-30px !important;margin-bottom:0px !important;}@media screen and (max-width: 767px){.stk-8657999 {margin-top:-10% !important;}}<\/style><div class=\"stk-row stk-inner-blocks stk-block-content stk-content-align stk-8657999-column alignfull\">\n<div class=\"wp-block-stackable-column stk-block-column stk-column stk-block stk-914f03e\" data-v=\"4\" data-block-id=\"914f03e\"><div class=\"stk-column-wrapper stk-block-column__content stk-container stk-914f03e-container stk--no-background stk--no-padding\"><div class=\"stk-block-content stk-inner-blocks stk-914f03e-inner-blocks\"><style id=\"depicter-3-inline-pre-css\">\n\n.depicter-3:not(.depicter-ready){\n\theight:450px;\n}\n\n\/***** Tablet *****\/\n@media screen and (max-width: 1024px){\n\n.depicter-3:not(.depicter-ready){\n\theight:700px;\n}\n\n}\n\/***** Mobile *****\/\n@media screen and (max-width: 767px){\n\n.depicter-3:not(.depicter-ready){\n\theight:450px;\n}\n\n}\n<\/style>\n<div id=\"depicter-3\" class=\"depicter depicter-document depicter-revert depicter-3 depicter-layout-fullwidth\">\n\n<div class=\"depicter-loading-container depicter-loading dotFlashing-dark\"><div class=\"depicter-loading-dark depicter-dot-flashing\">\n   <span><\/span>\n   <span><\/span>\n   <span><\/span>\n<\/div>\n<\/div>\n<div id=\"depicter-3-section-1\" class=\"depicter-section depicter-3-section-1\" data-name=\"Section 1\" data-type=\"section\" data-local-id=\"section-1\">\n<picture class=\"depicter-bg\">\n<source data-depicter-srcset=\"https:\/\/www.ull.es\/formacion-permanente\/cfe-diversidad-lgtbiqa\/wp-content\/uploads\/sites\/85\/2026\/05\/3-768x240.jpg, https:\/\/www.ull.es\/formacion-permanente\/cfe-diversidad-lgtbiqa\/wp-content\/uploads\/sites\/85\/2026\/05\/3.jpg 2x\" srcset=\"data:image\/gif;base64,R0lGODlhAQABAIAAAAAAAP\/\/\/yH5BAEAAAAALAAAAAABAAEAAAIBRAA7\" media=\"(max-width: 1024px)\" \/>\n\n<source data-depicter-srcset=\"https:\/\/www.ull.es\/formacion-permanente\/cfe-diversidad-lgtbiqa\/wp-content\/uploads\/sites\/85\/2026\/05\/3.jpg, https:\/\/www.ull.es\/formacion-permanente\/cfe-diversidad-lgtbiqa\/wp-content\/uploads\/sites\/85\/2026\/05\/3-1920x600.jpg 2x\" srcset=\"data:image\/gif;base64,R0lGODlhAQABAIAAAAAAAP\/\/\/yH5BAEAAAAALAAAAAABAAEAAAIBRAA7\" media=\"(min-width: 1025px)\" \/>\n<img decoding=\"async\" src=\"data:image\/gif;base64,R0lGODlhAQABAIAAAAAAAP\/\/\/yH5BAEAAAAALAAAAAABAAEAAAIBRAA7\" data-ken-burns=\"false\" data-tablet-ken-burns=\"false\" data-mobile-ken-burns=\"false\" alt=\"\" data-depicter-src=\"https:\/\/www.ull.es\/formacion-permanente\/cfe-diversidad-lgtbiqa\/wp-content\/uploads\/sites\/85\/2026\/05\/3.jpg\" data-object-fit=\"custom,custom,\" data-object-position=\"center top,,\" data-crop=\"{'focalPoint':{'x':0.5,'y':0.5},'mediaSize':{'width':1440,'height':450}}\" data-tablet-crop=\"{'focalPoint':{'x':0.5,'y':0.5},'mediaSize':{'width':2240,'height':700}}\" data-mobile-crop=\"{'focalPoint':{'x':0.5,'y':0.5},'mediaSize':{'width':1440,'height':450}}\" \/>\n<\/picture>\n\n\n<h1 id=\"depicter-3-element-5\" class=\"depicter-element depicter-layer depicter-3-element-5\" data-type=\"text\" data-wrap=\"true\" data-name=\"Text 2\" data-local-id=\"element-5\" data-offset=\"x:-8px;y:141px;origin:tl\" data-tablet-offset=\"x:154px;y:242px;origin:tl\" data-mobile-offset=\"x:-2px;y:171px;origin:tl\" data-width=\"1217px,718px,376px\" data-height=\"auto,auto,auto\" data-responsive-scale=\"true,,\">Certificado de Formaci\u00f3n Espec\u00edfica en Diversidad LGTBIQA<br><\/h1>\n\n<div id=\"depicter-3-element-10\" class=\"depicter-element depicter-layer depicter-3-element-10\" data-type=\"shape\" data-wrap=\"true\" data-name=\"Shape 1\" data-local-id=\"element-10\" data-offset=\"x:0px;y:325px;origin:tl\" data-tablet-offset=\"x:154px;y:464px;origin:tl\" data-mobile-offset=\"x:3px;y:293px;origin:tl\" data-width=\"1200px,707px,366px\" data-height=\"8px,8px,8px\" data-responsive-scale=\"true,,\"><\/div>\n<\/div>\n<\/div>\n<script>\n(window.depicterSetups = window.depicterSetups || []).push(function(){\n\tDepicter.basePath = 'https:\/\/www.ull.es\/formacion-permanente\/cfe-diversidad-lgtbiqa\/wp-content\/plugins\/depicter\/resources\/scripts\/player\/';\n\tconst dpPlayer = Depicter.setup('.depicter-3',\n\t\t{\"width\":[\"1200\",\"1024\",\"360\"],\"height\":[\"450\",\"700\",\"450\"],\"view\":\"basic\",\"keepAspectRatio\":true,\"preload\":0,\"layout\":\"fullwidth\",\"rtl\":false,\"initAfterAppear\":false,\"ajaxApiUrl\":\"https:\\\/\\\/www.ull.es\\\/formacion-permanente\\\/cfe-diversidad-lgtbiqa\\\/wp-admin\\\/admin-ajax.php\",\"mouseSwipe\":true,\"touchSwipe\":true,\"useWatermark\":false}\n\t);\n});\n<\/script><\/div><\/div><\/div>\n<\/div><\/div>\n\n\n\n<div class=\"wp-block-stackable-columns alignfull stk-block-columns stk--hide-mobile stk-block stk-ceecbdc stk-block-background\" data-block-id=\"ceecbdc\"><style>.stk-ceecbdc {background-color:#e2be27 !important;padding-top:65px !important;padding-right:0px !important;padding-bottom:2px !important;padding-left:0px !important;margin-top:-20px !important;margin-bottom:0px !important;}.stk-ceecbdc:before{background-color:#e2be27 !important;}<\/style><div class=\"stk-row stk-inner-blocks stk-block-content stk-content-align stk-ceecbdc-column alignfull\">\n<div class=\"wp-block-stackable-column stk-block-column stk-column stk-block stk-fc60a5d\" data-v=\"4\" data-block-id=\"fc60a5d\"><div class=\"stk-column-wrapper stk-block-column__content stk-container stk-fc60a5d-container stk--no-background stk--no-padding\"><div class=\"stk-block-content stk-inner-blocks stk-fc60a5d-inner-blocks\">\n<div class=\"wp-block-stackable-spacer stk-block-spacer stk--no-padding stk-block stk-a3a8a68\" data-block-id=\"a3a8a68\"><style>.stk-a3a8a68 {height:0px !important;}<\/style><\/div>\n<\/div><\/div><\/div>\n<\/div><\/div>\n\n\n\n<div class=\"wp-block-stackable-columns stk-block-columns stk-block stk-8b59b96\" data-block-id=\"8b59b96\"><style>.stk-8b59b96 .stk--block-align-8b59b96{align-items:flex-start !important;}.stk-8b59b96 {margin-top:50px !important;}.stk-8b59b96-column{--stk-columns-spacing:0px !important;--stk-column-gap:50px !important;}@media screen and (max-width: 767px){.stk-8b59b96-column{row-gap:var(--stk--preset--spacing--60, 2.25rem) !important;}}<\/style><div class=\"stk-row stk-inner-blocks stk--block-align-8b59b96 stk-block-content stk-content-align stk-8b59b96-column\">\n<div class=\"wp-block-stackable-column stk-block-column stk-column stk-block stk-dbb7e15\" data-v=\"4\" data-block-id=\"dbb7e15\"><style>@media screen and (min-width: 768px){.stk-dbb7e15 {flex:var(--stk-flex-grow, 1) 1 66.7% !important;}}<\/style><div class=\"stk-column-wrapper stk-block-column__content stk-container stk-dbb7e15-container stk--no-background stk--no-padding\"><div class=\"stk-block-content stk-inner-blocks stk-dbb7e15-inner-blocks\">\n<div class=\"wp-block-stackable-heading stk-block-heading stk-block-heading--v2 stk-block stk-fc6338c\" id=\"estructura-del-plan-de-estudios\" data-block-id=\"fc6338c\"><style>.stk-fc6338c {margin-bottom:20px !important;}.stk-fc6338c .stk-block-heading__text{color:#000000 !important;}<\/style><h1 class=\"stk-block-heading__text has-text-color\">Estructura del plan de estudios<\/h1><\/div>\n\n\n\n<style>\n.hoverable {\n  transition: transform 0.3s, box-shadow 0.3s;\n  cursor: pointer;\n}\n.hoverable:hover {\n  transform: scale(1.02);\n  box-shadow: 0 0.5rem 1rem rgba(0,0,0,0.25);\n}\n<\/style>\n\n<table class=\"table table-bordered table-striped align-middle text-center shadow-sm rounded overflow-hidden table-hover-effect\" style=\"border-collapse: separate; border-spacing: 0; box-shadow: 0 0.5rem 1rem rgba(0,0,0,0.15); border-radius:2rem; width:100%;\">\n  <tbody>\n    <tr>\n      <td class=\"hoverable fw-bold\" colspan=\"4\" style=\"background-color:#e2be27; color:white; font-weight:bold; border-top-left-radius:1.5rem; border-top-right-radius:1.5rem; text-align:center;\">Modelo com\u00fan<\/td>\n    <\/tr>\n    <tr>\n      <td class=\"hoverable\" style=\"text-align:center;\">Asignaturas<\/td>\n      <td class=\"hoverable\" style=\"text-align:center;\">Modalidad<\/td>\n      <td class=\"hoverable\" style=\"text-align:center;\">Cr\u00e9ditos<\/td>\n      <td class=\"hoverable\" style=\"text-align:center;\">Car\u00e1cter<\/td>\n    <\/tr>\n    <tr>\n      <td class=\"hoverable\" style=\"text-align:center;\">Prejuicios y discriminaci\u00f3n a la comunidad LGTBIQA+<\/td>\n      <td class=\"hoverable\" style=\"text-align:center;\">Virtual<\/td>\n      <td class=\"hoverable\" style=\"text-align:center;\">5<\/td>\n      <td class=\"hoverable\" style=\"text-align:center;\">Obligatorio<\/td>\n    <\/tr>\n    <tr>\n      <td class=\"hoverable\" style=\"text-align:center;\">Introducci\u00f3n al marco normativo LGTBIQA+<\/td>\n      <td class=\"hoverable\" style=\"text-align:center;\">Virtual<\/td>\n      <td class=\"hoverable\" style=\"text-align:center;\">5<\/td>\n      <td class=\"hoverable\" style=\"text-align:center;\">Obligatorio<\/td>\n    <\/tr>\n    <tr>\n      <td class=\"hoverable\" style=\"text-align:center;\">Aproximaci\u00f3n a la diversidad sexual y de g\u00e9nero<\/td>\n      <td class=\"hoverable\" style=\"text-align:center;\">Virtual<\/td>\n      <td class=\"hoverable\" style=\"text-align:center;\">5<\/td>\n      <td class=\"hoverable\" style=\"text-align:center;\">Obligatorio<\/td>\n    <\/tr>\n    <tr>\n      <td class=\"hoverable\" style=\"text-align:center;\">Estudios de g\u00e9nero, teor\u00edas queer y memoria hist\u00f3rica de las disidencias sexo gen\u00e9ricas<\/td>\n      <td class=\"hoverable\" style=\"text-align:center;\">Virtual<\/td>\n      <td class=\"hoverable\" style=\"text-align:center;\">5<\/td>\n      <td class=\"hoverable\" style=\"text-align:center;\">Obligatorio<\/td>\n    <\/tr>\n  <\/tbody>\n<\/table>\n\n\n\n<table class=\"table table-bordered table-striped align-middle text-center shadow-sm rounded overflow-hidden table-hover-effect\" style=\"border-collapse: separate; border-spacing: 0; box-shadow: 0 0.5rem 1rem rgba(0,0,0,0.15); border-radius:2rem; width:100%;\">\n  <tbody>\n    <tr>\n      <td class=\"hoverable fw-bold\" colspan=\"4\" style=\"background-color:#e2be27; color:white; font-weight:bold; border-top-left-radius:1.5rem; border-top-right-radius:1.5rem; text-align:center;\">Itinerario de Ciencias Sociales y Jur\u00eddicas y pol\u00edticas p\u00fablicas LGTBIQA+<\/td>\n    <\/tr>\n    <tr>\n      <td class=\"hoverable\" style=\"text-align:center;\">Asignaturas<\/td>\n      <td class=\"hoverable\" style=\"text-align:center;\">Modalidad<\/td>\n      <td class=\"hoverable\" style=\"text-align:center;\">Cr\u00e9ditos<\/td>\n      <td class=\"hoverable\" style=\"text-align:center;\">Car\u00e1cter<\/td>\n    <\/tr>\n    <tr>\n      <td class=\"hoverable\" style=\"text-align:center;\">Marco normativo LGTBIQA+ para las administraciones p\u00fablicas<\/td>\n      <td class=\"hoverable\" style=\"text-align:center;\">Virtual<\/td>\n      <td class=\"hoverable\" style=\"text-align:center;\">3<\/td>\n      <td class=\"hoverable\" style=\"text-align:center;\">Optativa<\/td>\n    <\/tr>\n    <tr>\n      <td class=\"hoverable\" style=\"text-align:center;\">Derechos humanos y delitos de odio contra la Comunidad LGTBIQA+: perspectiva Jur\u00eddica y Protecci\u00f3n Penal<\/td>\n      <td class=\"hoverable\" style=\"text-align:center;\">Virtual<\/td>\n      <td class=\"hoverable\" style=\"text-align:center;\">3<\/td>\n      <td class=\"hoverable\" style=\"text-align:center;\">Optativa<\/td>\n    <\/tr>\n    <tr>\n      <td class=\"hoverable\" style=\"text-align:center;\">Intervenci\u00f3n social y comunitaria en la diversidad LGTBIQA+ desde una perspectiva interseccional<\/td>\n      <td class=\"hoverable\" style=\"text-align:center;\">Virtual<\/td>\n      <td class=\"hoverable\" style=\"text-align:center;\">3<\/td>\n      <td class=\"hoverable\" style=\"text-align:center;\">Optativa<\/td>\n    <\/tr>\n    <tr>\n      <td class=\"hoverable\" style=\"text-align:center;\">Po\u00edticas p\u00fablicas LGTBIQA+<\/td>\n      <td class=\"hoverable\" style=\"text-align:center;\">Virtual<\/td>\n      <td class=\"hoverable\" style=\"text-align:center;\">3<\/td>\n      <td class=\"hoverable\" style=\"text-align:center;\">Optativa<\/td>\n    <\/tr>\n  <\/tbody>\n<\/table>\n\n\n\n<table class=\"table table-bordered table-striped align-middle text-center shadow-sm rounded overflow-hidden table-hover-effect\" style=\"border-collapse: separate; border-spacing: 0; box-shadow: 0 0.5rem 1rem rgba(0,0,0,0.15); border-radius:2rem; width:100%;\">\n  <tbody>\n    <tr>\n      <td class=\"hoverable fw-bold\" colspan=\"4\" style=\"background-color:#e2be27; color:white; font-weight:bold; border-top-left-radius:1.5rem; border-top-right-radius:1.5rem; text-align:center;\">Itinerario de Ciencias de la Salud<\/td>\n    <\/tr>\n    <tr>\n      <td class=\"hoverable\" style=\"text-align:center;\">Asignaturas<\/td>\n      <td class=\"hoverable\" style=\"text-align:center;\">Modalidad<\/td>\n      <td class=\"hoverable\" style=\"text-align:center;\">Cr\u00e9ditos<\/td>\n      <td class=\"hoverable\" style=\"text-align:center;\">Car\u00e1cter<\/td>\n    <\/tr>\n    <tr>\n      <td class=\"hoverable\" style=\"text-align:center;\">Necesidades de cuidados y barreras sanitarias a personas trans<\/td>\n      <td class=\"hoverable\" style=\"text-align:center;\">Virtual<\/td>\n      <td class=\"hoverable\" style=\"text-align:center;\">3<\/td>\n      <td class=\"hoverable\" style=\"text-align:center;\">Optativa<\/td>\n    <\/tr>\n    <tr>\n      <td class=\"hoverable\" style=\"text-align:center;\">Protocolos y entornos sanitarios incluisivos LGTBIQA+<\/td>\n      <td class=\"hoverable\" style=\"text-align:center;\">Virtual<\/td>\n      <td class=\"hoverable\" style=\"text-align:center;\">3<\/td>\n      <td class=\"hoverable\" style=\"text-align:center;\">Optativa<\/td>\n    <\/tr>\n    <tr>\n      <td class=\"hoverable\" style=\"text-align:center;\">Abordaje de las necesidades de salud sexual del colectivo LGTBIQA+<\/td>\n      <td class=\"hoverable\" style=\"text-align:center;\">Virtual<\/td>\n      <td class=\"hoverable\" style=\"text-align:center;\">3<\/td>\n      <td class=\"hoverable\" style=\"text-align:center;\">Optativa<\/td>\n    <\/tr>\n    <tr>\n      <td class=\"hoverable\" style=\"text-align:center;\">Psicolog\u00eda afirmativa y salud mental en la diversidad LGTBIQA+<\/td>\n      <td class=\"hoverable\" style=\"text-align:center;\">Virtual<\/td>\n      <td class=\"hoverable\" style=\"text-align:center;\">3<\/td>\n      <td class=\"hoverable\" style=\"text-align:center;\">Optativa<\/td>\n    <\/tr>\n  <\/tbody>\n<\/table>\n\n\n\n<table class=\"table table-bordered table-striped align-middle text-center shadow-sm rounded overflow-hidden table-hover-effect\" style=\"border-collapse: separate; border-spacing: 0; box-shadow: 0 0.5rem 1rem rgba(0,0,0,0.15); border-radius:2rem; width:100%;\">\n  <tbody>\n    <tr>\n      <td class=\"hoverable fw-bold\" colspan=\"4\" style=\"background-color:#e2be27; color:white; font-weight:bold; border-top-left-radius:1.5rem; border-top-right-radius:1.5rem; text-align:center;\">Itinerario de Educaci\u00f3n, Arte y Humanidades<\/td>\n    <\/tr>\n    <tr>\n      <td class=\"hoverable\" style=\"text-align:center;\">Asignaturas<\/td>\n      <td class=\"hoverable\" style=\"text-align:center;\">Modalidad<\/td>\n      <td class=\"hoverable\" style=\"text-align:center;\">Cr\u00e9ditos<\/td>\n      <td class=\"hoverable\" style=\"text-align:center;\">Car\u00e1cter<\/td>\n    <\/tr>\n    <tr>\n      <td class=\"hoverable\" style=\"text-align:center;\">Antropolog\u00eda de las identidades de g\u00e9nero y orientaciones sexuales<\/td>\n      <td class=\"hoverable\" style=\"text-align:center;\">Virtual<\/td>\n      <td class=\"hoverable\" style=\"text-align:center;\">3<\/td>\n      <td class=\"hoverable\" style=\"text-align:center;\">Optativa<\/td>\n    <\/tr>\n    <tr>\n      <td class=\"hoverable\" style=\"text-align:center;\">Coeducaci\u00f3n y recursos en el abordaje de la diversidad LGTBIQA+ en el \u00e1mbito educativo<\/td>\n      <td class=\"hoverable\" style=\"text-align:center;\">Virtual<\/td>\n      <td class=\"hoverable\" style=\"text-align:center;\">3<\/td>\n      <td class=\"hoverable\" style=\"text-align:center;\">Optativa<\/td>\n    <\/tr>\n    <tr>\n      <td class=\"hoverable\" style=\"text-align:center;\">Representaci\u00f3n art\u00edstica y literario de la diversidad LGTBIQA+<\/td>\n      <td class=\"hoverable\" style=\"text-align:center;\">Virtual<\/td>\n      <td class=\"hoverable\" style=\"text-align:center;\">3<\/td>\n      <td class=\"hoverable\" style=\"text-align:center;\">Optativa<\/td>\n    <\/tr>\n    <tr>\n      <td class=\"hoverable\" style=\"text-align:center;\">Filosof\u00eda y \u00e9tica de la diversidad LGTBIQA+<\/td>\n      <td class=\"hoverable\" style=\"text-align:center;\">Virtual<\/td>\n      <td class=\"hoverable\" style=\"text-align:center;\">3<\/td>\n      <td class=\"hoverable\" style=\"text-align:center;\">Optativa<\/td>\n    <\/tr>\n  <\/tbody>\n<\/table>\n<\/div><\/div><\/div>\n\n\n\n<div class=\"wp-block-stackable-column stk-block-column stk-column stk-block stk-53ec762\" data-v=\"4\" data-block-id=\"53ec762\"><style>.stk-53ec762-inner-blocks{row-gap:0px !important;}.stk-53ec762 {padding-top:0px !important;padding-right:0px !important;padding-bottom:0px !important;padding-left:0px !important;margin-top:1.75% !important;}@media screen and (min-width: 768px){.stk-53ec762 {flex:var(--stk-flex-grow, 1) 1 33.3% !important;}}<\/style><div class=\"stk-column-wrapper stk-block-column__content stk-container stk-53ec762-container stk--no-background stk--no-padding\"><div class=\"stk-block-content stk-inner-blocks stk-53ec762-inner-blocks\">\n<ul class=\"widget-box\">\n<li class='contacto-header'>Informaci\u00f3n de contacto<\/li><li><i class=\"fa fa-map-marker\"><\/i> Avda. Astrof\u00edsico Francisco S\u00e1nchez, SN. Edificio Calabaza 38200 San Crist\u00f3bal de La Laguna.<\/li><li><i class=\"fa fa-phone\"><\/i> (+34) 922 31 79 00 \/ 95 38<\/li><li><i class=\"fa fa-envelope\"><\/i>  <a href=mailto:tpropios@ull.es>tpropios@ull.es<\/a><\/li>\n<\/ul>\n\n\n\n\n\n<div class=\"wp-block-stackable-spacer stk-block-spacer stk--no-padding stk-block stk-6d33d0e\" data-block-id=\"6d33d0e\"><style>.stk-6d33d0e {height:25px !important;}<\/style><\/div>\n<\/div><\/div><\/div>\n<\/div><\/div>\n","protected":false},"excerpt":{"rendered":"<p>Estructura del plan de estudios Modelo com\u00fan Asignaturas Modalidad Cr\u00e9ditos Car\u00e1cter Prejuicios y discriminaci\u00f3n a la comunidad LGTBIQA+ Virtual 5 Obligatorio Introducci\u00f3n al marco normativo LGTBIQA+ Virtual 5 Obligatorio Aproximaci\u00f3n a la diversidad sexual y de g\u00e9nero Virtual 5 Obligatorio Estudios de g\u00e9nero, teor\u00edas queer y memoria hist\u00f3rica de las disidencias sexo gen\u00e9ricas Virtual 5&#8230;<\/p>","protected":false},"author":1,"featured_media":0,"parent":0,"menu_order":0,"comment_status":"closed","ping_status":"closed","template":"templates\/template-frontpage.php","meta":{"footnotes":""},"class_list":["post-33","page","type-page","status-publish","hentry"],"_links":{"self":[{"href":"https:\/\/www.ull.es\/formacion-permanente\/cfe-diversidad-lgtbiqa\/en\/wp-json\/wp\/v2\/pages\/33","targetHints":{"allow":["GET"]}}],"collection":[{"href":"https:\/\/www.ull.es\/formacion-permanente\/cfe-diversidad-lgtbiqa\/en\/wp-json\/wp\/v2\/pages"}],"about":[{"href":"https:\/\/www.ull.es\/formacion-permanente\/cfe-diversidad-lgtbiqa\/en\/wp-json\/wp\/v2\/types\/page"}],"author":[{"embeddable":true,"href":"https:\/\/www.ull.es\/formacion-permanente\/cfe-diversidad-lgtbiqa\/en\/wp-json\/wp\/v2\/users\/1"}],"replies":[{"embeddable":true,"href":"https:\/\/www.ull.es\/formacion-permanente\/cfe-diversidad-lgtbiqa\/en\/wp-json\/wp\/v2\/comments?post=33"}],"version-history":[{"count":15,"href":"https:\/\/www.ull.es\/formacion-permanente\/cfe-diversidad-lgtbiqa\/en\/wp-json\/wp\/v2\/pages\/33\/revisions"}],"predecessor-version":[{"id":474,"href":"https:\/\/www.ull.es\/formacion-permanente\/cfe-diversidad-lgtbiqa\/en\/wp-json\/wp\/v2\/pages\/33\/revisions\/474"}],"wp:attachment":[{"href":"https:\/\/www.ull.es\/formacion-permanente\/cfe-diversidad-lgtbiqa\/en\/wp-json\/wp\/v2\/media?parent=33"}],"curies":[{"name":"wp","href":"https:\/\/api.w.org\/{rel}","templated":true}]}}