{"id":29,"date":"2018-03-15T09:34:26","date_gmt":"2018-03-15T09:34:26","guid":{"rendered":"http:\/\/www.ull.es\/formacion-permanente\/diploma-universitario-formacion-pedagogica-didactica-equivalente\/?page_id=29"},"modified":"2026-05-15T08:40:19","modified_gmt":"2026-05-15T08:40:19","slug":"acceso-y-admision","status":"publish","type":"page","link":"https:\/\/www.ull.es\/formacion-permanente\/cfe-diversidad-lgtbiqa\/fr\/acceso-y-admision\/","title":{"rendered":"Acc\u00e8s et admission"},"content":{"rendered":"\n<div class=\"wp-block-stackable-columns alignfull stk-block-columns stk-block stk-8657999\" data-block-id=\"8657999\"><style>.stk-8657999 {padding-bottom:0px !important;margin-top:-30px !important;margin-bottom:0px !important;}@media screen and (max-width: 767px){.stk-8657999 {margin-top:-10% !important;}}<\/style><div class=\"stk-row stk-inner-blocks stk-block-content stk-content-align stk-8657999-column alignfull\">\n<div class=\"wp-block-stackable-column stk-block-column stk-column stk-block stk-914f03e\" data-v=\"4\" data-block-id=\"914f03e\"><div class=\"stk-column-wrapper stk-block-column__content stk-container stk-914f03e-container stk--no-background stk--no-padding\"><div class=\"stk-block-content stk-inner-blocks stk-914f03e-inner-blocks\"><style id=\"depicter-3-inline-pre-css\">\n\n.depicter-3:not(.depicter-ready){\n\theight:450px;\n}\n\n\/***** Tablet *****\/\n@media screen and (max-width: 1024px){\n\n.depicter-3:not(.depicter-ready){\n\theight:700px;\n}\n\n}\n\/***** Mobile *****\/\n@media screen and (max-width: 767px){\n\n.depicter-3:not(.depicter-ready){\n\theight:450px;\n}\n\n}\n<\/style>\n<div id=\"depicter-3\" class=\"depicter depicter-document depicter-revert depicter-3 depicter-layout-fullwidth\">\n\n<div class=\"depicter-loading-container depicter-loading dotFlashing-dark\"><div class=\"depicter-loading-dark depicter-dot-flashing\">\n   <span><\/span>\n   <span><\/span>\n   <span><\/span>\n<\/div>\n<\/div>\n<div id=\"depicter-3-section-1\" class=\"depicter-section depicter-3-section-1\" data-name=\"Section 1\" data-type=\"section\" data-local-id=\"section-1\">\n<picture class=\"depicter-bg\">\n<source data-depicter-srcset=\"https:\/\/www.ull.es\/formacion-permanente\/cfe-diversidad-lgtbiqa\/wp-content\/uploads\/sites\/85\/2026\/05\/3-768x240.jpg, https:\/\/www.ull.es\/formacion-permanente\/cfe-diversidad-lgtbiqa\/wp-content\/uploads\/sites\/85\/2026\/05\/3.jpg 2x\" srcset=\"data:image\/gif;base64,R0lGODlhAQABAIAAAAAAAP\/\/\/yH5BAEAAAAALAAAAAABAAEAAAIBRAA7\" media=\"(max-width: 1024px)\" \/>\n\n<source data-depicter-srcset=\"https:\/\/www.ull.es\/formacion-permanente\/cfe-diversidad-lgtbiqa\/wp-content\/uploads\/sites\/85\/2026\/05\/3.jpg, https:\/\/www.ull.es\/formacion-permanente\/cfe-diversidad-lgtbiqa\/wp-content\/uploads\/sites\/85\/2026\/05\/3-1920x600.jpg 2x\" srcset=\"data:image\/gif;base64,R0lGODlhAQABAIAAAAAAAP\/\/\/yH5BAEAAAAALAAAAAABAAEAAAIBRAA7\" media=\"(min-width: 1025px)\" \/>\n<img decoding=\"async\" src=\"data:image\/gif;base64,R0lGODlhAQABAIAAAAAAAP\/\/\/yH5BAEAAAAALAAAAAABAAEAAAIBRAA7\" data-ken-burns=\"false\" data-tablet-ken-burns=\"false\" data-mobile-ken-burns=\"false\" alt=\"\" data-depicter-src=\"https:\/\/www.ull.es\/formacion-permanente\/cfe-diversidad-lgtbiqa\/wp-content\/uploads\/sites\/85\/2026\/05\/3.jpg\" data-object-fit=\"custom,custom,\" data-object-position=\"center top,,\" data-crop=\"{'focalPoint':{'x':0.5,'y':0.5},'mediaSize':{'width':1440,'height':450}}\" data-tablet-crop=\"{'focalPoint':{'x':0.5,'y':0.5},'mediaSize':{'width':2240,'height':700}}\" data-mobile-crop=\"{'focalPoint':{'x':0.5,'y':0.5},'mediaSize':{'width':1440,'height':450}}\" \/>\n<\/picture>\n\n\n<h1 id=\"depicter-3-element-5\" class=\"depicter-element depicter-layer depicter-3-element-5\" data-type=\"text\" data-wrap=\"true\" data-name=\"Text 2\" data-local-id=\"element-5\" data-offset=\"x:-8px;y:141px;origin:tl\" data-tablet-offset=\"x:154px;y:242px;origin:tl\" data-mobile-offset=\"x:-2px;y:171px;origin:tl\" data-width=\"1217px,718px,376px\" data-height=\"auto,auto,auto\" data-responsive-scale=\"true,,\">Certificado de Formaci\u00f3n Espec\u00edfica en Diversidad LGTBIQA<br><\/h1>\n\n<div id=\"depicter-3-element-10\" class=\"depicter-element depicter-layer depicter-3-element-10\" data-type=\"shape\" data-wrap=\"true\" data-name=\"Shape 1\" data-local-id=\"element-10\" data-offset=\"x:0px;y:325px;origin:tl\" data-tablet-offset=\"x:154px;y:464px;origin:tl\" data-mobile-offset=\"x:3px;y:293px;origin:tl\" data-width=\"1200px,707px,366px\" data-height=\"8px,8px,8px\" data-responsive-scale=\"true,,\"><\/div>\n<\/div>\n<\/div>\n<script>\n(window.depicterSetups = window.depicterSetups || []).push(function(){\n\tDepicter.basePath = 'https:\/\/www.ull.es\/formacion-permanente\/cfe-diversidad-lgtbiqa\/wp-content\/plugins\/depicter\/resources\/scripts\/player\/';\n\tconst dpPlayer = Depicter.setup('.depicter-3',\n\t\t{\"width\":[\"1200\",\"1024\",\"360\"],\"height\":[\"450\",\"700\",\"450\"],\"view\":\"basic\",\"keepAspectRatio\":true,\"preload\":0,\"layout\":\"fullwidth\",\"rtl\":false,\"initAfterAppear\":false,\"ajaxApiUrl\":\"https:\\\/\\\/www.ull.es\\\/formacion-permanente\\\/cfe-diversidad-lgtbiqa\\\/wp-admin\\\/admin-ajax.php\",\"mouseSwipe\":true,\"touchSwipe\":true,\"useWatermark\":false}\n\t);\n});\n<\/script><\/div><\/div><\/div>\n<\/div><\/div>\n\n\n\n<div class=\"wp-block-stackable-columns alignfull stk-block-columns stk--hide-mobile stk-block stk-ceecbdc stk-block-background\" data-block-id=\"ceecbdc\"><style>.stk-ceecbdc {background-color:#e2be27 !important;padding-top:65px !important;padding-right:0px !important;padding-bottom:2px !important;padding-left:0px !important;margin-top:-20px !important;margin-bottom:0px !important;}.stk-ceecbdc:before{background-color:#e2be27 !important;}<\/style><div class=\"stk-row stk-inner-blocks stk-block-content stk-content-align stk-ceecbdc-column alignfull\">\n<div class=\"wp-block-stackable-column stk-block-column stk-column stk-block stk-fc60a5d\" data-v=\"4\" data-block-id=\"fc60a5d\"><div class=\"stk-column-wrapper stk-block-column__content stk-container stk-fc60a5d-container stk--no-background stk--no-padding\"><div class=\"stk-block-content stk-inner-blocks stk-fc60a5d-inner-blocks\">\n<div class=\"wp-block-stackable-spacer stk-block-spacer stk--no-padding stk-block stk-a3a8a68\" data-block-id=\"a3a8a68\"><style>.stk-a3a8a68 {height:0px !important;}<\/style><\/div>\n<\/div><\/div><\/div>\n<\/div><\/div>\n\n\n\n<div class=\"wp-block-stackable-columns stk-block-columns stk-block stk-8b59b96\" data-block-id=\"8b59b96\"><style>.stk-8b59b96 .stk--block-align-8b59b96{align-items:flex-start !important;}.stk-8b59b96 {margin-top:50px !important;}.stk-8b59b96-column{--stk-columns-spacing:0px !important;--stk-column-gap:50px !important;}@media screen and (max-width: 767px){.stk-8b59b96-column{row-gap:var(--stk--preset--spacing--60, 2.25rem) !important;}}<\/style><div class=\"stk-row stk-inner-blocks stk--block-align-8b59b96 stk-block-content stk-content-align stk-8b59b96-column\">\n<div class=\"wp-block-stackable-column stk-block-column stk-column stk-block stk-dbb7e15\" data-v=\"4\" data-block-id=\"dbb7e15\"><style>@media screen and (min-width: 768px){.stk-dbb7e15 {flex:var(--stk-flex-grow, 1) 1 66.7% !important;}}<\/style><div class=\"stk-column-wrapper stk-block-column__content stk-container stk-dbb7e15-container stk--no-background stk--no-padding\"><div class=\"stk-block-content stk-inner-blocks stk-dbb7e15-inner-blocks\">\n<div class=\"wp-block-stackable-heading stk-block-heading stk-block-heading--v2 stk-block stk-fc6338c\" id=\"acceso-y-admision\" data-block-id=\"fc6338c\"><style>.stk-fc6338c {margin-bottom:20px !important;}.stk-fc6338c .stk-block-heading__text{color:#000000 !important;}<\/style><h1 class=\"stk-block-heading__text has-text-color\">Acceso y admisi\u00f3n<\/h1><\/div>\n\n\n\n<details class=\"wp-block-stackable-accordion stk-block-accordion stk-inner-blocks stk-block-content stk-block stk-f742639 is-style-default\" id=\"acceso\" data-block-id=\"f742639\"><style>.stk-f742639 {margin-bottom:5px !important;}<\/style>\n<summary class=\"wp-block-stackable-column stk-block-column stk-column stk-block stk-892c21e stk--container-small stk-block-accordion__heading\" data-v=\"4\" data-block-id=\"892c21e\"><style>.stk-892c21e {border-style:solid !important;border-top-width:0px !important;border-right-width:0px !important;border-bottom-width:1px !important;border-left-width:0px !important;}<\/style><div class=\"stk-column-wrapper stk-block-column__content stk-container stk-892c21e-container stk--no-background stk--no-padding\"><div class=\"stk-block-content stk-inner-blocks stk-892c21e-inner-blocks\">\n<div class=\"wp-block-stackable-icon-label stk-block-icon-label stk-block stk-956ee49\" data-block-id=\"956ee49\"><style>.stk-956ee49 .stk-inner-blocks{gap:40px !important;}@media screen and (max-width: 1023px){.stk-956ee49 .stk-inner-blocks{gap:40px !important;}}@media screen and (max-width: 767px){.stk-956ee49 .stk-inner-blocks{gap:40px !important;}}<\/style><div class=\"stk-row stk-inner-blocks stk-block-content\">\n<div class=\"wp-block-stackable-icon stk-block-icon stk-block stk-693af38\" data-block-id=\"693af38\"><style>.stk-693af38 .stk--svg-wrapper .stk--inner-svg svg:last-child{height:24px !important;width:24px !important;}.stk-693af38 .stk--svg-wrapper .stk--inner-svg svg:last-child, .stk-693af38 .stk--svg-wrapper .stk--inner-svg svg:last-child :is(g, path, rect, polygon, ellipse){fill:#fcb900 !important;}<\/style><span class=\"stk--svg-wrapper stk--has-icon2\"><div class=\"stk--inner-svg\"><svg style=\"height:0;width:0\"><defs><linearGradient id=\"linear-gradient-693af38\" x1=\"0\" x2=\"100%\" y1=\"0\" y2=\"0\"><stop offset=\"0%\" style=\"stop-opacity:1;stop-color:var(--linear-gradient-693-af-38-color-1)\"><\/stop><stop offset=\"100%\" style=\"stop-opacity:1;stop-color:var(--linear-gradient-693-af-38-color-2)\"><\/stop><\/linearGradient><\/defs><\/svg><svg xmlns=\"http:\/\/www.w3.org\/2000\/svg\" viewBox=\"0 0 576 512\" aria-hidden=\"true\" width=\"32\" height=\"32\"><path d=\"M96 64c0-35.3 28.7-64 64-64H416c35.3 0 64 28.7 64 64V448h64c17.7 0 32 14.3 32 32s-14.3 32-32 32H432 144 32c-17.7 0-32-14.3-32-32s14.3-32 32-32H96V64zM384 288a32 32 0 1 0 0-64 32 32 0 1 0 0 64z\"\/><\/svg><\/div><div class=\"stk--inner-svg stk--icon-2\" style=\"display:none\"><svg style=\"height:0;width:0\"><defs><linearGradient id=\"linear-gradient-693af38\" x1=\"0\" x2=\"100%\" y1=\"0\" y2=\"0\"><stop offset=\"0%\" style=\"stop-opacity:1;stop-color:var(--linear-gradient-693-af-38-color-1)\"><\/stop><stop offset=\"100%\" style=\"stop-opacity:1;stop-color:var(--linear-gradient-693-af-38-color-2)\"><\/stop><\/linearGradient><\/defs><\/svg><svg xmlns=\"http:\/\/www.w3.org\/2000\/svg\" viewBox=\"0 0 576 512\" aria-hidden=\"true\" width=\"32\" height=\"32\"><path d=\"M320 32c0-9.9-4.5-19.2-12.3-25.2S289.8-1.4 280.2 1l-179.9 45C79 51.3 64 70.5 64 92.5V448H32c-17.7 0-32 14.3-32 32s14.3 32 32 32H96 288h32V480 32zM256 256c0 17.7-10.7 32-24 32s-24-14.3-24-32s10.7-32 24-32s24 14.3 24 32zm96-128h96V480c0 17.7 14.3 32 32 32h64c17.7 0 32-14.3 32-32s-14.3-32-32-32H512V128c0-35.3-28.7-64-64-64H352v64z\"\/><\/svg><\/div><\/span><\/div>\n\n\n\n<div class=\"wp-block-stackable-heading stk-block-heading stk-block-heading--v2 stk-block stk-6c2fa1d\" id=\"acceso\" data-block-id=\"6c2fa1d\"><style>.stk-6c2fa1d .stk-block-heading__text{font-size:18px !important;font-weight:700 !important;font-family:\"Montserrat\", Sans-serif !important;}@media screen and (max-width: 1023px){.stk-6c2fa1d .stk-block-heading__text{font-size:18px !important;}}<\/style><p class=\"stk-block-heading__text\">Acceso<\/p><\/div>\n<\/div><\/div>\n<\/div><\/div><\/summary>\n\n\n\n<div class=\"wp-block-stackable-column stk-block-column stk-column stk-block stk-4f2fad4 stk-block-accordion__content\" data-v=\"4\" data-block-id=\"4f2fad4\"><div class=\"stk-column-wrapper stk-block-column__content stk-container stk-4f2fad4-container stk--no-background stk--no-padding\"><div class=\"stk-block-content stk-inner-blocks stk-4f2fad4-inner-blocks\">\n<div class=\"wp-block-stackable-text stk-block-text stk-block stk-b59ff2a\" data-block-id=\"b59ff2a\"><p class=\"stk-block-text__text\">Para poder acceder a estos estudios son necesarios reunir los requisitos indicados en el&nbsp;nuevo&nbsp;<a href=\"https:\/\/sede.ull.es\/ecivilis-site\/bulletinBoard\/showBulletin\/30961:1\" target=\"_blank\" rel=\"noreferrer noopener\" target=\"_blank\" rel=\"noopener\">Reglamento de T\u00edtulos Propios de la Universidad de La Laguna<\/a>, aprobado por Consejo de Gobierno en sesi\u00f3n celebrada el 26 de febrero de 2024.<\/p><\/div>\n\n\n\n<p>Por otra parte, solo podr\u00e1n acceder a estos estudios aquellas personas que por razones derivadas de su titulaci\u00f3n no puedan acceder a los estudios de m\u00e1ster regulados por la Orden ECI\/3858\/2007, de 27 de diciembre, por la que se establecen los requisitos para la verificaci\u00f3n de los t\u00edtulos universitarios oficiales que habiliten para el ejercicio de las profesiones de Profesor de Ense\u00f1anza Secundaria Obligatoria, Bachillerato, Formaci\u00f3n Profesional y Ense\u00f1anzas de Idiomas. Para el ejercicio de la profesi\u00f3n docente en los sectores singulares de la Formaci\u00f3n Profesional, las titulaciones habilitantes de T\u00e9cnico Superior de Formaci\u00f3n Profesional ser\u00e1n aquellas vinculadas con las diez especialidades docentes que para este profesorado han sido establecidas en la disposici\u00f3n adicional quinta de la Ley Org\u00e1nica 3\/2022, de 31 de marzo, de ordenaci\u00f3n e integraci\u00f3n de la Formaci\u00f3n Profesional (<a href=\"https:\/\/drive.google.com\/file\/d\/1cN3au0sgpTPMLq3qEPQilIg-GTxv76Lz\/view?usp=sharing\" target=\"_blank\" rel=\"noreferrer noopener\" target=\"_blank\" rel=\"noopener\">ver<\/a>).<\/p>\n\n\n\n<p>De conformidad con lo dispuesto en el art\u00edculo 4.2 de la Orden EDU\/2645\/2011, de 23 de septiembre, para acceder a la formaci\u00f3n a la que se refiere la presente Resoluci\u00f3n se deber\u00e1 acreditar como requisito previo el dominio de una lengua extranjera equivalente al nivel B1 del Marco Europeo de Referencia para las lenguas, de acuerdo con la Recomendaci\u00f3n n.\u00ba R (98) 6 del Comit\u00e9 de Ministros de Estados Miembros, de 17 de octubre de 2000.<\/p>\n<\/div><\/div><\/div>\n<\/details>\n\n\n\n<details class=\"wp-block-stackable-accordion stk-block-accordion stk-inner-blocks stk-block-content stk-block stk-d124b5a is-style-default\" id=\"admision\" data-block-id=\"d124b5a\"><style>.stk-d124b5a {margin-bottom:5px !important;}<\/style>\n<summary class=\"wp-block-stackable-column stk-block-column stk-column stk-block stk-73528f9 stk--container-small stk-block-accordion__heading\" data-v=\"4\" data-block-id=\"73528f9\"><style>.stk-73528f9 {border-style:solid !important;border-top-width:0px !important;border-right-width:0px !important;border-bottom-width:1px !important;border-left-width:0px !important;}<\/style><div class=\"stk-column-wrapper stk-block-column__content stk-container stk-73528f9-container stk--no-background stk--no-padding\"><div class=\"stk-block-content stk-inner-blocks stk-73528f9-inner-blocks\">\n<div class=\"wp-block-stackable-icon-label stk-block-icon-label stk-block stk-7e0b5b7\" data-block-id=\"7e0b5b7\"><style>.stk-7e0b5b7 .stk-inner-blocks{gap:40px !important;}@media screen and (max-width: 1023px){.stk-7e0b5b7 .stk-inner-blocks{gap:40px !important;}}@media screen and (max-width: 767px){.stk-7e0b5b7 .stk-inner-blocks{gap:40px !important;}}<\/style><div class=\"stk-row stk-inner-blocks stk-block-content\">\n<div class=\"wp-block-stackable-icon stk-block-icon stk-block stk-312a354\" data-block-id=\"312a354\"><style>.stk-312a354 .stk--svg-wrapper .stk--inner-svg svg:last-child{height:24px !important;width:24px !important;}.stk-312a354 .stk--svg-wrapper .stk--inner-svg svg:last-child, .stk-312a354 .stk--svg-wrapper .stk--inner-svg svg:last-child :is(g, path, rect, polygon, ellipse){fill:#fcb900 !important;}<\/style><span class=\"stk--svg-wrapper stk--has-icon2\"><div class=\"stk--inner-svg\"><svg style=\"height:0;width:0\"><defs><linearGradient id=\"linear-gradient-312a354\" x1=\"0\" x2=\"100%\" y1=\"0\" y2=\"0\"><stop offset=\"0%\" style=\"stop-opacity:1;stop-color:var(--linear-gradient-312-a-354-color-1)\"><\/stop><stop offset=\"100%\" style=\"stop-opacity:1;stop-color:var(--linear-gradient-312-a-354-color-2)\"><\/stop><\/linearGradient><\/defs><\/svg><svg xmlns=\"http:\/\/www.w3.org\/2000\/svg\" viewBox=\"0 0 448 512\" aria-hidden=\"true\" width=\"32\" height=\"32\"><path d=\"M219.3 .5c3.1-.6 6.3-.6 9.4 0l200 40C439.9 42.7 448 52.6 448 64s-8.1 21.3-19.3 23.5L352 102.9V160c0 70.7-57.3 128-128 128s-128-57.3-128-128V102.9L48 93.3v65.1l15.7 78.4c.9 4.7-.3 9.6-3.3 13.3s-7.6 5.9-12.4 5.9H16c-4.8 0-9.3-2.1-12.4-5.9s-4.3-8.6-3.3-13.3L16 158.4V86.6C6.5 83.3 0 74.3 0 64C0 52.6 8.1 42.7 19.3 40.5l200-40zM111.9 327.7c10.5-3.4 21.8 .4 29.4 8.5l71 75.5c6.3 6.7 17 6.7 23.3 0l71-75.5c7.6-8.1 18.9-11.9 29.4-8.5C401 348.6 448 409.4 448 481.3c0 17-13.8 30.7-30.7 30.7H30.7C13.8 512 0 498.2 0 481.3c0-71.9 47-132.7 111.9-153.6z\"\/><\/svg><\/div><div class=\"stk--inner-svg stk--icon-2\" style=\"display:none\"><svg style=\"height:0;width:0\"><defs><linearGradient id=\"linear-gradient-312a354\" x1=\"0\" x2=\"100%\" y1=\"0\" y2=\"0\"><stop offset=\"0%\" style=\"stop-opacity:1;stop-color:var(--linear-gradient-312-a-354-color-1)\"><\/stop><stop offset=\"100%\" style=\"stop-opacity:1;stop-color:var(--linear-gradient-312-a-354-color-2)\"><\/stop><\/linearGradient><\/defs><\/svg><svg xmlns=\"http:\/\/www.w3.org\/2000\/svg\" viewBox=\"0 0 448 512\" aria-hidden=\"true\" width=\"32\" height=\"32\"><path d=\"M224 256A128 128 0 1 0 224 0a128 128 0 1 0 0 256zm-45.7 48C79.8 304 0 383.8 0 482.3C0 498.7 13.3 512 29.7 512H418.3c16.4 0 29.7-13.3 29.7-29.7C448 383.8 368.2 304 269.7 304H178.3z\"\/><\/svg><\/div><\/span><\/div>\n\n\n\n<div class=\"wp-block-stackable-heading stk-block-heading stk-block-heading--v2 stk-block stk-571e876\" id=\"admision-y-baremo\" data-block-id=\"571e876\"><style>.stk-571e876 .stk-block-heading__text{font-size:18px !important;font-weight:700 !important;font-family:\"Montserrat\", Sans-serif !important;}@media screen and (max-width: 1023px){.stk-571e876 .stk-block-heading__text{font-size:18px !important;}}<\/style><p class=\"stk-block-heading__text\">Admisi\u00f3n y baremo<\/p><\/div>\n<\/div><\/div>\n<\/div><\/div><\/summary>\n\n\n\n<div class=\"wp-block-stackable-column stk-block-column stk-column stk-block stk-0fe5df2 stk-block-accordion__content\" data-v=\"4\" data-block-id=\"0fe5df2\"><div class=\"stk-column-wrapper stk-block-column__content stk-container stk-0fe5df2-container stk--no-background stk--no-padding\"><div class=\"stk-block-content stk-inner-blocks stk-0fe5df2-inner-blocks\">\n<div class=\"wp-block-stackable-text stk-block-text stk-block stk-c931ccf\" data-block-id=\"c931ccf\"><p class=\"stk-block-text__text\">Para acceder al Certificado de Formaci\u00f3n Espec\u00edfica Diversidad LGTBIQA+ ser\u00e1 necesario haber cursado anteriormente:<br>a) Las siguientes microcredenciales de 5 cr\u00e9ditos ECTS:<\/p><\/div>\n\n\n\n<ol class=\"wp-block-list\">\n<li>Identificaci\u00f3n y an\u00e1lisis de los prejuicios y discriminaci\u00f3n a la comunidad LGTBIQA+.<\/li>\n\n\n\n<li>Introducci\u00f3n al marco normativo LGTBIQA+.<\/li>\n\n\n\n<li>Bases conceptuales de la diversidad sexual y de g\u00e9nero.<\/li>\n\n\n\n<li>Estudios de g\u00e9nero, teor\u00edas queer y memoria hist\u00f3rica de las disidencias sexo gen\u00e9ricas.<\/li>\n\n\n\n<li><\/li>\n<\/ol>\n\n\n\n<p>b) Haber cursado cuatro microcredenciales optativas de 3 cr\u00e9ditos ECTS de un mismo itinerario:<\/p>\n\n\n\n<p>A) Itinerario de Ciencias Sociales y Jur\u00eddicas y pol\u00edticas p\u00fablicas LGTBIQA+<\/p>\n\n\n\n<ol class=\"wp-block-list\">\n<li>Marco normativo LGTBIQA+ para las administraciones p\u00fablicas.<\/li>\n\n\n\n<li>Derechos humanos y delitos de odio contra la Comunidad LGTBIQA+: perspectiva Jur\u00eddica y Protecci\u00f3n Penal.<\/li>\n\n\n\n<li>Intervenci\u00f3n social y comunitaria en la diversidad LGTBIQA+ desde una perspectiva interseccional.<\/li>\n\n\n\n<li>Pol\u00edticas p\u00fablicas LGTBIQA+.<br>B) Itinerario de Ciencias de la Salud<\/li>\n\n\n\n<li>Necesidades de cuidados y barreras sanitarias a personas trans.<\/li>\n\n\n\n<li>Protocolos y entornos sanitarios inclusivos LGTBIQA+.<\/li>\n\n\n\n<li>Abordaje de las necesidades de salud sexual del colectivo LGBTQIA+.<\/li>\n\n\n\n<li>Psicolog\u00eda afirmativa y salud mental en la diversidad LGTBIQA+.<br>C) Itinerario de Educaci\u00f3n, Arte y Humanidades<\/li>\n\n\n\n<li>Antropolog\u00eda de las identidades de g\u00e9nero y orientaciones sexuales.<\/li>\n\n\n\n<li>Coeducaci\u00f3n y recursos en el abordaje de la diversidad LGTBIQA+ en el \u00e1mbito educativo.<\/li>\n\n\n\n<li>An\u00e1lisis cultural de la representaci\u00f3n art\u00edstica y literaria de la diversidad LGTBIQA+.<\/li>\n\n\n\n<li>An\u00e1lisis y aplicaci\u00f3n de la Filosof\u00eda y \u00c9tica de la diversidad LGTBIQA+.<\/li>\n<\/ol>\n\n\n\n<p>En el curso 2025-2026 no se ofertar\u00e1n las asignaturas del t\u00edtulo propio, sino que se reconocer\u00e1 por la apilaci\u00f3n de las microcredenciales equivalentes a las asignaturas que formar el plan de estudio.<\/p>\n\n\n\n<p>El proceso de admisi\u00f3n al Certificado de Formaci\u00f3n Espec\u00edfica se realizar\u00e1 mediante solicitud de las personas interesadas, que ser\u00e1 tramitada por el Centro de Formaci\u00f3n Permanente. El Centro se encargar\u00e1 de la verificaci\u00f3n del cumplimiento de los requisitos de acceso de cada aspirante.<\/p>\n\n\n\n<p>En el caso de inadmisi\u00f3n, el o la estudiante podr\u00e1 presentar una reclamaci\u00f3n ante la Subcomisi\u00f3n de T\u00edtulos Propios y Microcredenciales de la Comisi\u00f3n de Ense\u00f1anzas Propias y, en caso de resoluci\u00f3n denegatoria, podr\u00e1 interponer un recurso de alzada ante el Rector o la Rectora de la ULL.<\/p>\n\n\n\n<p>En el caso de que, finalizado el plazo de preinscripci\u00f3n, quedaran plazas vacantes, se podr\u00eda establecer un per\u00edodo de preinscripci\u00f3n extraordinario a decisi\u00f3n de la Comisi\u00f3n Acad\u00e9mica de cada t\u00edtulo, que fijar\u00e1 la fecha l\u00edmite que estime oportuna.<\/p>\n\n\n\n<p>Las asignaturas del plan de estudio se reconocer\u00e1n por la microcredenciales equivalentes ofertadas por la Universidad de La Laguna<\/p>\n\n\n\n<ol class=\"wp-block-list\">\n<li><\/li>\n<\/ol>\n<\/div><\/div><\/div>\n<\/details>\n<\/div><\/div><\/div>\n\n\n\n<div class=\"wp-block-stackable-column stk-block-column stk-column stk-block stk-53ec762\" data-v=\"4\" data-block-id=\"53ec762\"><style>.stk-53ec762-inner-blocks{row-gap:0px !important;}.stk-53ec762 {padding-top:0px !important;padding-right:0px !important;padding-bottom:0px !important;padding-left:0px !important;margin-top:1.75% !important;}@media screen and (min-width: 768px){.stk-53ec762 {flex:var(--stk-flex-grow, 1) 1 33.3% !important;}}<\/style><div class=\"stk-column-wrapper stk-block-column__content stk-container stk-53ec762-container stk--no-background stk--no-padding\"><div class=\"stk-block-content stk-inner-blocks stk-53ec762-inner-blocks\">\n<ul class=\"widget-box\">\n<li class='contacto-header'>Informaci\u00f3n de contacto<\/li><li><i class=\"fa fa-map-marker\"><\/i> Avda. Astrof\u00edsico Francisco S\u00e1nchez, SN. Edificio Calabaza 38200 San Crist\u00f3bal de La Laguna.<\/li><li><i class=\"fa fa-phone\"><\/i> (+34) 922 31 79 00 \/ 95 38<\/li><li><i class=\"fa fa-envelope\"><\/i>  <a href=mailto:tpropios@ull.es>tpropios@ull.es<\/a><\/li>\n<\/ul>\n\n\n\n\n\n<div class=\"wp-block-stackable-spacer stk-block-spacer stk--no-padding stk-block stk-6d33d0e\" data-block-id=\"6d33d0e\"><style>.stk-6d33d0e {height:25px !important;}<\/style><\/div>\n<\/div><\/div><\/div>\n<\/div><\/div>\n","protected":false},"excerpt":{"rendered":"<p>Acc\u00e8s et admission Acc\u00e8s Pour acc\u00e9der \u00e0 ces cours, il est n\u00e9cessaire de remplir les conditions indiqu\u00e9es dans le nouveau R\u00e8glement des dipl\u00f4mes propres de l&#039;Universit\u00e9 de La Laguna, approuv\u00e9 par le Conseil d&#039;administration lors de sa r\u00e9union tenue le 26 f\u00e9vrier 2024. De plus, seuls ceux qui, pour des raisons\u2026<\/p>","protected":false},"author":1,"featured_media":0,"parent":0,"menu_order":0,"comment_status":"closed","ping_status":"closed","template":"templates\/template-frontpage.php","meta":{"footnotes":""},"class_list":["post-29","page","type-page","status-publish","hentry"],"_links":{"self":[{"href":"https:\/\/www.ull.es\/formacion-permanente\/cfe-diversidad-lgtbiqa\/fr\/wp-json\/wp\/v2\/pages\/29","targetHints":{"allow":["GET"]}}],"collection":[{"href":"https:\/\/www.ull.es\/formacion-permanente\/cfe-diversidad-lgtbiqa\/fr\/wp-json\/wp\/v2\/pages"}],"about":[{"href":"https:\/\/www.ull.es\/formacion-permanente\/cfe-diversidad-lgtbiqa\/fr\/wp-json\/wp\/v2\/types\/page"}],"author":[{"embeddable":true,"href":"https:\/\/www.ull.es\/formacion-permanente\/cfe-diversidad-lgtbiqa\/fr\/wp-json\/wp\/v2\/users\/1"}],"replies":[{"embeddable":true,"href":"https:\/\/www.ull.es\/formacion-permanente\/cfe-diversidad-lgtbiqa\/fr\/wp-json\/wp\/v2\/comments?post=29"}],"version-history":[{"count":89,"href":"https:\/\/www.ull.es\/formacion-permanente\/cfe-diversidad-lgtbiqa\/fr\/wp-json\/wp\/v2\/pages\/29\/revisions"}],"predecessor-version":[{"id":466,"href":"https:\/\/www.ull.es\/formacion-permanente\/cfe-diversidad-lgtbiqa\/fr\/wp-json\/wp\/v2\/pages\/29\/revisions\/466"}],"wp:attachment":[{"href":"https:\/\/www.ull.es\/formacion-permanente\/cfe-diversidad-lgtbiqa\/fr\/wp-json\/wp\/v2\/media?parent=29"}],"curies":[{"name":"wp","href":"https:\/\/api.w.org\/{rel}","templated":true}]}}