{"id":23,"date":"2018-03-15T09:21:38","date_gmt":"2018-03-15T09:21:38","guid":{"rendered":"http:\/\/www.ull.es\/formacion-permanente\/experto-universitario-terapias-contextuales-tercera-generacion\/?page_id=23"},"modified":"2025-09-01T07:03:51","modified_gmt":"2025-09-01T07:03:51","slug":"descripcion-del-titulo","status":"publish","type":"page","link":"https:\/\/www.ull.es\/formacion-permanente\/diploma-de-especializacion-terapias-contextuales-tercera-generacion\/en\/descripcion-del-titulo\/","title":{"rendered":"Title description"},"content":{"rendered":"\n<div class=\"wp-block-stackable-columns alignfull stk-block-columns stk-block stk-8657999\" data-block-id=\"8657999\"><style>.stk-8657999 {padding-bottom:0px !important;margin-top:-30px !important;margin-bottom:0px !important;}@media screen and (max-width: 767px){.stk-8657999 {margin-top:-10% !important;}}<\/style><div class=\"stk-row stk-inner-blocks stk-block-content stk-content-align stk-8657999-column alignfull\">\n<div class=\"wp-block-stackable-column stk-block-column stk-column stk-block stk-914f03e\" data-v=\"4\" data-block-id=\"914f03e\"><div class=\"stk-column-wrapper stk-block-column__content stk-container stk-914f03e-container stk--no-background stk--no-padding\"><div class=\"stk-block-content stk-inner-blocks stk-914f03e-inner-blocks\"><style id=\"depicter-4-inline-pre-css\">\n\n.depicter-4:not(.depicter-ready){\n\theight:450px;\n}\n\n\/***** Tablet *****\/\n@media screen and (max-width: 1024px){\n\n.depicter-4:not(.depicter-ready){\n\theight:700px;\n}\n\n}\n\/***** Mobile *****\/\n@media screen and (max-width: 767px){\n\n.depicter-4:not(.depicter-ready){\n\theight:450px;\n}\n\n}\n<\/style>\n<div id=\"depicter-4\" class=\"depicter depicter-document depicter-revert depicter-4 depicter-layout-fullwidth\">\n\n<div class=\"depicter-loading-container depicter-loading dotFlashing-dark\"><div class=\"depicter-loading-dark depicter-dot-flashing\">\n   <span><\/span>\n   <span><\/span>\n   <span><\/span>\n<\/div>\n<\/div>\n<div id=\"depicter-4-section-1\" class=\"depicter-section depicter-4-section-1\" data-name=\"Section 1\" data-type=\"section\" data-local-id=\"section-1\">\n<picture class=\"depicter-bg\">\n<source data-depicter-srcset=\"https:\/\/www.ull.es\/formacion-permanente\/diploma-de-especializacion-terapias-contextuales-tercera-generacion\/wp-content\/uploads\/sites\/10\/2025\/08\/Header-TTPP_DE_Terapias-Contextuales-Tercera-Generacion-768x248.jpg, https:\/\/www.ull.es\/formacion-permanente\/diploma-de-especializacion-terapias-contextuales-tercera-generacion\/wp-content\/uploads\/sites\/10\/2025\/08\/Header-TTPP_DE_Terapias-Contextuales-Tercera-Generacion.jpg 2x\" srcset=\"data:image\/gif;base64,R0lGODlhAQABAIAAAAAAAP\/\/\/yH5BAEAAAAALAAAAAABAAEAAAIBRAA7\" media=\"(max-width: 1024px)\" \/>\n\n<source data-depicter-srcset=\"https:\/\/www.ull.es\/formacion-permanente\/diploma-de-especializacion-terapias-contextuales-tercera-generacion\/wp-content\/uploads\/sites\/10\/2025\/08\/Header-TTPP_DE_Terapias-Contextuales-Tercera-Generacion.jpg, https:\/\/www.ull.es\/formacion-permanente\/diploma-de-especializacion-terapias-contextuales-tercera-generacion\/wp-content\/uploads\/sites\/10\/2025\/08\/Header-TTPP_DE_Terapias-Contextuales-Tercera-Generacion-1900x614.jpg 2x\" srcset=\"data:image\/gif;base64,R0lGODlhAQABAIAAAAAAAP\/\/\/yH5BAEAAAAALAAAAAABAAEAAAIBRAA7\" media=\"(min-width: 1025px)\" \/>\n<img decoding=\"async\" src=\"data:image\/gif;base64,R0lGODlhAQABAIAAAAAAAP\/\/\/yH5BAEAAAAALAAAAAABAAEAAAIBRAA7\" data-ken-burns=\"false\" data-tablet-ken-burns=\"false\" data-mobile-ken-burns=\"false\" alt=\"\" data-depicter-src=\"https:\/\/www.ull.es\/formacion-permanente\/diploma-de-especializacion-terapias-contextuales-tercera-generacion\/wp-content\/uploads\/sites\/10\/2025\/08\/Header-TTPP_DE_Terapias-Contextuales-Tercera-Generacion.jpg\" data-object-fit=\"custom,custom,\" data-object-position=\"center top,,\" data-crop=\"{'focalPoint':{'x':0.5,'y':0.54000000000000003552713678800500929355621337890625},'mediaSize':{'width':1792,'height':579}}\" data-tablet-crop=\"{'focalPoint':{'x':0.5,'y':0.5},'mediaSize':{'width':2166.12377850162874892703257501125335693359375,'height':700}}\" data-mobile-crop=\"{'focalPoint':{'x':0.5,'y':0.5},'mediaSize':{'width':1392.50814332247546190046705305576324462890625,'height':450}}\" \/>\n<\/picture>\n\n\n<h1 id=\"depicter-4-element-5\" class=\"depicter-element depicter-layer depicter-4-element-5\" data-type=\"text\" data-wrap=\"true\" data-name=\"Text 2\" data-local-id=\"element-5\" data-offset=\"x:0px;y:118px;origin:tl\" data-tablet-offset=\"x:189px;y:170px;origin:tl\" data-mobile-offset=\"x:-8px;y:153px;origin:tl\" data-width=\"1060px,657px,376px\" data-height=\"auto,auto,auto\" data-responsive-scale=\"true,,\">Diploma de Especializaci\u00f3n en Terapias Contextuales de Tercera Generaci\u00f3n<br><\/h1>\n\n<div id=\"depicter-4-element-10\" class=\"depicter-element depicter-layer depicter-4-element-10\" data-type=\"shape\" data-wrap=\"true\" data-name=\"Shape 1\" data-local-id=\"element-10\" data-offset=\"x:0px;y:366px;origin:tl\" data-tablet-offset=\"x:189px;y:548px;origin:tl\" data-mobile-offset=\"x:-8px;y:322px;origin:tl\" data-width=\"968px,647px,368px\" data-height=\"8px,8px,8px\" data-responsive-scale=\"true,,\"><\/div>\n<\/div>\n<\/div>\n<script>\n(window.depicterSetups = window.depicterSetups || []).push(function(){\n\tDepicter.basePath = 'https:\/\/www.ull.es\/formacion-permanente\/diploma-de-especializacion-terapias-contextuales-tercera-generacion\/wp-content\/plugins\/depicter\/resources\/scripts\/player\/';\n\tconst dpPlayer = Depicter.setup('.depicter-4',\n\t\t{\"width\":[\"1200\",\"1024\",\"360\"],\"height\":[\"450\",\"700\",\"450\"],\"view\":\"basic\",\"keepAspectRatio\":true,\"preload\":0,\"layout\":\"fullwidth\",\"rtl\":false,\"initAfterAppear\":false,\"ajaxApiUrl\":\"https:\\\/\\\/www.ull.es\\\/formacion-permanente\\\/diploma-de-especializacion-terapias-contextuales-tercera-generacion\\\/wp-admin\\\/admin-ajax.php\",\"mouseSwipe\":true,\"touchSwipe\":true,\"useWatermark\":false}\n\t);\n});\n<\/script><\/div><\/div><\/div>\n<\/div><\/div>\n\n\n\n<div class=\"wp-block-stackable-columns alignfull stk-block-columns stk--hide-mobile stk-block stk-ceecbdc stk-block-background\" data-block-id=\"ceecbdc\"><style>.stk-ceecbdc {background-color:#e2be27 !important;padding-top:65px !important;padding-right:0px !important;padding-bottom:2px !important;padding-left:0px !important;margin-top:-20px !important;margin-bottom:0px !important;}.stk-ceecbdc:before{background-color:#e2be27 !important;}<\/style><div class=\"stk-row stk-inner-blocks stk-block-content stk-content-align stk-ceecbdc-column alignfull\">\n<div class=\"wp-block-stackable-column stk-block-column stk-column stk-block stk-fc60a5d\" data-v=\"4\" data-block-id=\"fc60a5d\"><div class=\"stk-column-wrapper stk-block-column__content stk-container stk-fc60a5d-container stk--no-background stk--no-padding\"><div class=\"stk-block-content stk-inner-blocks stk-fc60a5d-inner-blocks\">\n<div class=\"wp-block-stackable-spacer stk-block-spacer stk--no-padding stk-block stk-a3a8a68\" data-block-id=\"a3a8a68\"><style>.stk-a3a8a68 {height:0px !important;}<\/style><\/div>\n<\/div><\/div><\/div>\n<\/div><\/div>\n\n\n\n<div class=\"wp-block-stackable-columns stk-block-columns stk-block stk-d73d9a8 stk-block-background\" data-block-id=\"d73d9a8\"><style>.stk-d73d9a8 {background-color:#ffffff !important;margin-top:15px !important;}.stk-d73d9a8:before{background-color:#ffffff !important;}<\/style><div class=\"stk-row stk-inner-blocks stk-block-content stk-content-align stk-d73d9a8-column\">\n<div class=\"wp-block-stackable-column stk-block-column stk-column stk-block stk-b3b8294\" data-v=\"4\" data-block-id=\"b3b8294\"><style>@media screen and (min-width: 768px){.stk-b3b8294 {flex:var(--stk-flex-grow, 1) 1 calc(66.7% - var(--stk-column-gap, 0px) * 1 \/ 2 ) !important;}}<\/style><div class=\"stk-column-wrapper stk-block-column__content stk-container stk-b3b8294-container stk--no-background stk--no-padding\"><div class=\"stk-block-content stk-inner-blocks stk-b3b8294-inner-blocks\">\n<h1 style=\"color:black;\">Descripci\u00f3n del t\u00edtulo<\/h1><br>\n<table width=\"100%\">\n<tbody>\n<tr>\n<td>Nombre del t\u00edtulo:<\/td>\n<td>Diploma de especializaci\u00f3n en Terapias Contextuales de Tercera Generaci\u00f3n<\/td>\n<\/tr>\n<tr>\n<td>Universidad y centros responsables:<\/td>\n<td>Universidad de La Laguna. <a href=\"http:\/\/ull.es\/centros\/facultad-ciencias-salud\" target=\"_blank\" rel=\"noopener\">Facultad de Ciencias de la Salud.<\/a>\u00a0Secci\u00f3n Psicolog\u00eda<\/td>\n<\/tr>\n<tr>\n<td>Tipo de ense\u00f1anza:<\/td>\n<td>Virtual<\/td>\n<\/tr>\n<tr>\n<td>Tipo de titulaci\u00f3n:<\/td>\n<td>Propia<\/td>\n<\/tr>\n<tr>\n<td>Plazas ofertadas:<\/td>\n<td>30<\/td>\n<\/tr>\n<tr>\n<td>N\u00famero de cr\u00e9ditos:<\/td>\n<td>30<\/td>\n<\/tr>\n<tr>\n<td>Lugar de impartici\u00f3n:<\/td>\n<td>Universidad de La Laguna. <a href=\"http:\/\/ull.es\/centros\/facultad-ciencias-salud\" target=\"_blank\" rel=\"noopener\">Facultad de Ciencias de la Salud.<\/a>\u00a0Secci\u00f3n Psicolog\u00eda<\/td>\n<\/tr>\n<tr>\n<td>Duraci\u00f3n del t\u00edtulo:<\/td>\n<td><span style=\"font-weight: 400;\">8 de noviembre de 2024 a 17 de mayo de 2025<\/span><\/td>\n<\/tr>\n<tr>\n<td>Idiomas en los que se imparte:<\/td>\n<td>Espa\u00f1ol<\/td>\n<\/tr>\n<tr>\n<td>Especialidades:<\/td>\n<td><\/td>\n<\/tr>\n<tr>\n<td>Tasas:<\/td>\n<td>1.950\u20ac<\/td>\n<\/tr>\n<tr>\n<td>Precio del cr\u00e9dito:<\/td>\n<td>65<\/td>\n<\/tr>\n<tr>\n<td>Justificaci\u00f3n del t\u00edtulo<\/td>\n<td><a href=\"http:\/\/www.ull.es\/titulospropios\/experto-universitario-terapias-contextuales-tercera-generacion\/justificacion-del-titulo\/\" target=\"_blank\" rel=\"noopener\">Acceso a la justificaci\u00f3n<\/a><\/td>\n<\/tr>\n<\/tbody>\n<\/table>\n<\/div><\/div><\/div>\n\n\n\n<div class=\"wp-block-stackable-column stk-block-column stk-column stk-block stk-603205b\" data-v=\"4\" data-block-id=\"603205b\"><style>.stk-603205b {padding-top:5% !important;}@media screen and (min-width: 768px){.stk-603205b {flex:var(--stk-flex-grow, 1) 1 calc(33.3% - var(--stk-column-gap, 0px) * 1 \/ 2 ) !important;}}<\/style><div class=\"stk-column-wrapper stk-block-column__content stk-container stk-603205b-container stk--no-background stk--no-padding\"><div class=\"stk-block-content stk-inner-blocks stk-603205b-inner-blocks\">\n<ul class=\"widget-box\">\n<li class='contacto-header'>Informaci\u00f3n de contacto<\/li><li><i class=\"fa fa-map-marker\"><\/i> Avda. Astrof\u00edsico Francisco S\u00e1nchez, SN. Edificio Calabaza - AN.2D Apdo. 456 38200 San Crist\u00f3bal de La Laguna.<\/li><li><i class=\"fa fa-phone\"><\/i> (+34) 922 31 79 00 \/ 95 38<\/li><li><i class=\"fa fa-envelope\"><\/i>  <a href=mailto:tpropios@ull.es>tpropios@ull.es<\/a><\/li>\n<\/ul>\n\n\n<\/div><\/div><\/div>\n<\/div><\/div>\n","protected":false},"excerpt":{"rendered":"<p>Descripci\u00f3n del t\u00edtulo Nombre del t\u00edtulo: Diploma de especializaci\u00f3n en Terapias Contextuales de Tercera Generaci\u00f3n Universidad y centros responsables: Universidad de La Laguna. Facultad de Ciencias de la Salud.\u00a0Secci\u00f3n Psicolog\u00eda Tipo de ense\u00f1anza: Virtual Tipo de titulaci\u00f3n: Propia Plazas ofertadas: 30 N\u00famero de cr\u00e9ditos: 30 Lugar de impartici\u00f3n: Universidad de La Laguna. Facultad de Ciencias&#8230;<\/p>","protected":false},"author":1,"featured_media":0,"parent":0,"menu_order":0,"comment_status":"closed","ping_status":"closed","template":"templates\/template-frontpage.php","meta":{"footnotes":""},"class_list":["post-23","page","type-page","status-publish","hentry"],"_links":{"self":[{"href":"https:\/\/www.ull.es\/formacion-permanente\/diploma-de-especializacion-terapias-contextuales-tercera-generacion\/en\/wp-json\/wp\/v2\/pages\/23","targetHints":{"allow":["GET"]}}],"collection":[{"href":"https:\/\/www.ull.es\/formacion-permanente\/diploma-de-especializacion-terapias-contextuales-tercera-generacion\/en\/wp-json\/wp\/v2\/pages"}],"about":[{"href":"https:\/\/www.ull.es\/formacion-permanente\/diploma-de-especializacion-terapias-contextuales-tercera-generacion\/en\/wp-json\/wp\/v2\/types\/page"}],"author":[{"embeddable":true,"href":"https:\/\/www.ull.es\/formacion-permanente\/diploma-de-especializacion-terapias-contextuales-tercera-generacion\/en\/wp-json\/wp\/v2\/users\/1"}],"replies":[{"embeddable":true,"href":"https:\/\/www.ull.es\/formacion-permanente\/diploma-de-especializacion-terapias-contextuales-tercera-generacion\/en\/wp-json\/wp\/v2\/comments?post=23"}],"version-history":[{"count":12,"href":"https:\/\/www.ull.es\/formacion-permanente\/diploma-de-especializacion-terapias-contextuales-tercera-generacion\/en\/wp-json\/wp\/v2\/pages\/23\/revisions"}],"predecessor-version":[{"id":190,"href":"https:\/\/www.ull.es\/formacion-permanente\/diploma-de-especializacion-terapias-contextuales-tercera-generacion\/en\/wp-json\/wp\/v2\/pages\/23\/revisions\/190"}],"wp:attachment":[{"href":"https:\/\/www.ull.es\/formacion-permanente\/diploma-de-especializacion-terapias-contextuales-tercera-generacion\/en\/wp-json\/wp\/v2\/media?parent=23"}],"curies":[{"name":"wp","href":"https:\/\/api.w.org\/{rel}","templated":true}]}}