{"id":15,"date":"2018-03-15T09:01:06","date_gmt":"2018-03-15T09:01:06","guid":{"rendered":"http:\/\/www.ull.es\/formacion-permanente\/certificado-formacion-especifica-representacion-grafica-fincas-registrales\/?page_id=15"},"modified":"2026-01-28T11:08:19","modified_gmt":"2026-01-28T11:08:19","slug":"inicio","status":"publish","type":"page","link":"https:\/\/www.ull.es\/formacion-permanente\/diploma-de-experto-competencias-digitales-docencia\/fr\/","title":{"rendered":"Commencer"},"content":{"rendered":"\n<div class=\"wp-block-stackable-columns alignfull stk-block-columns stk-block stk-8657999\" data-block-id=\"8657999\"><style>.stk-8657999 {padding-bottom:0px !important;margin-bottom:0px !important;}@media screen and (max-width: 767px){.stk-8657999 {margin-top:-20% !important;}}<\/style><div class=\"stk-row stk-inner-blocks stk-block-content stk-content-align stk-8657999-column alignfull\">\n<div class=\"wp-block-stackable-column stk-block-column stk-column stk-block stk-914f03e\" data-v=\"4\" data-block-id=\"914f03e\"><style>@media screen and (max-width: 767px){.stk-914f03e {margin-top:-15% !important;}}<\/style><div class=\"stk-column-wrapper stk-block-column__content stk-container stk-914f03e-container stk--no-background stk--no-padding\"><div class=\"stk-block-content stk-inner-blocks stk-914f03e-inner-blocks\"><style id=\"depicter-4-inline-pre-css\">\n\n.depicter-4:not(.depicter-ready){\n\theight:450px;\n}\n\n\/***** Tablet *****\/\n@media screen and (max-width: 1024px){\n\n.depicter-4:not(.depicter-ready){\n\theight:700px;\n}\n\n}\n\/***** Mobile *****\/\n@media screen and (max-width: 767px){\n\n.depicter-4:not(.depicter-ready){\n\theight:450px;\n}\n\n}\n<\/style>\n<div id=\"depicter-4\" class=\"depicter depicter-document depicter-revert depicter-4 depicter-layout-fullwidth\">\n\n<div class=\"depicter-loading-container depicter-loading dotFlashing-dark\"><div class=\"depicter-loading-dark depicter-dot-flashing\">\n   <span><\/span>\n   <span><\/span>\n   <span><\/span>\n<\/div>\n<\/div>\n<div id=\"depicter-4-section-1\" class=\"depicter-section depicter-4-section-1\" data-name=\"Section 1\" data-type=\"section\" data-local-id=\"section-1\">\n<picture class=\"depicter-bg\">\n<source data-depicter-srcset=\"https:\/\/www.ull.es\/formacion-permanente\/diploma-de-experto-competencias-digitales-docencia\/wp-content\/uploads\/sites\/39\/2025\/08\/Header-TTPP_DEx_Competencias-Digitales-Docencia-768x248.jpg, https:\/\/www.ull.es\/formacion-permanente\/diploma-de-experto-competencias-digitales-docencia\/wp-content\/uploads\/sites\/39\/2025\/08\/Header-TTPP_DEx_Competencias-Digitales-Docencia.jpg 2x\" srcset=\"data:image\/gif;base64,R0lGODlhAQABAIAAAAAAAP\/\/\/yH5BAEAAAAALAAAAAABAAEAAAIBRAA7\" media=\"(max-width: 1024px)\" \/>\n\n<source data-depicter-srcset=\"https:\/\/www.ull.es\/formacion-permanente\/diploma-de-experto-competencias-digitales-docencia\/wp-content\/uploads\/sites\/39\/2025\/08\/Header-TTPP_DEx_Competencias-Digitales-Docencia.jpg, https:\/\/www.ull.es\/formacion-permanente\/diploma-de-experto-competencias-digitales-docencia\/wp-content\/uploads\/sites\/39\/2025\/08\/Header-TTPP_DEx_Competencias-Digitales-Docencia-2000x646.jpg 2x\" srcset=\"data:image\/gif;base64,R0lGODlhAQABAIAAAAAAAP\/\/\/yH5BAEAAAAALAAAAAABAAEAAAIBRAA7\" media=\"(min-width: 1025px)\" \/>\n<img decoding=\"async\" src=\"data:image\/gif;base64,R0lGODlhAQABAIAAAAAAAP\/\/\/yH5BAEAAAAALAAAAAABAAEAAAIBRAA7\" data-ken-burns=\"false\" data-tablet-ken-burns=\"false\" data-mobile-ken-burns=\"false\" alt=\"\" data-depicter-src=\"https:\/\/www.ull.es\/formacion-permanente\/diploma-de-experto-competencias-digitales-docencia\/wp-content\/uploads\/sites\/39\/2025\/08\/Header-TTPP_DEx_Competencias-Digitales-Docencia.jpg\" data-object-fit=\"custom,custom,\" data-object-position=\"center top,,\" data-crop=\"{'focalPoint':{'x':0.5,'y':0.5},'mediaSize':{'width':1393.188854489164214101037941873073577880859375,'height':450.00000000000005684341886080801486968994140625}}\" data-tablet-crop=\"{'focalPoint':{'x':0.5,'y':0.5},'mediaSize':{'width':2167.18266253869978754664771258831024169921875,'height':700}}\" data-mobile-crop=\"{'focalPoint':{'x':0.5,'y':0.5},'mediaSize':{'width':1393.188854489164214101037941873073577880859375,'height':450.00000000000005684341886080801486968994140625}}\" \/>\n<\/picture>\n\n\n<h1 id=\"depicter-4-element-5\" class=\"depicter-element depicter-layer depicter-4-element-5\" data-type=\"text\" data-wrap=\"true\" data-name=\"Text 2\" data-local-id=\"element-5\" data-offset=\"x:0px;y:118px;origin:tl\" data-tablet-offset=\"x:189px;y:206px;origin:tl\" data-mobile-offset=\"x:-2px;y:171px;origin:tl\" data-width=\"1060px,646px,376px\" data-height=\"auto,auto,auto\" data-responsive-scale=\"true,,\">Diploma de Experto\/a en Competencias Digitales para la Docencia<br><\/h1>\n\n<div id=\"depicter-4-element-10\" class=\"depicter-element depicter-layer depicter-4-element-10\" data-type=\"shape\" data-wrap=\"true\" data-name=\"Shape 1\" data-local-id=\"element-10\" data-offset=\"x:0px;y:366px;origin:tl\" data-tablet-offset=\"x:189px;y:506px;origin:tl\" data-mobile-offset=\"x:0px;y:313px;origin:tl\" data-width=\"968px,647px,360px\" data-height=\"8px,8px,8px\" data-responsive-scale=\"true,,\"><\/div>\n<\/div>\n<\/div>\n<script>\n(window.depicterSetups = window.depicterSetups || []).push(function(){\n\tDepicter.basePath = 'https:\/\/www.ull.es\/formacion-permanente\/diploma-de-experto-competencias-digitales-docencia\/wp-content\/plugins\/depicter\/resources\/scripts\/player\/';\n\tconst dpPlayer = Depicter.setup('.depicter-4',\n\t\t{\"width\":[\"1200\",\"1024\",\"360\"],\"height\":[\"450\",\"700\",\"450\"],\"view\":\"basic\",\"keepAspectRatio\":true,\"preload\":0,\"layout\":\"fullwidth\",\"rtl\":false,\"initAfterAppear\":false,\"ajaxApiUrl\":\"https:\\\/\\\/www.ull.es\\\/formacion-permanente\\\/diploma-de-experto-competencias-digitales-docencia\\\/wp-admin\\\/admin-ajax.php\",\"mouseSwipe\":true,\"touchSwipe\":true,\"useWatermark\":false}\n\t);\n});\n<\/script><\/div><\/div><\/div>\n<\/div><\/div>\n\n\n\n<div class=\"wp-block-stackable-columns alignfull stk-block-columns stk--hide-mobile stk-block stk-ceecbdc stk-block-background\" data-block-id=\"ceecbdc\"><style>.stk-ceecbdc {background-color:#e2be27 !important;padding-top:65px !important;padding-right:0px !important;padding-bottom:2px !important;padding-left:0px !important;margin-top:-20px !important;margin-bottom:0px !important;}.stk-ceecbdc:before{background-color:#e2be27 !important;}<\/style><div class=\"stk-row stk-inner-blocks stk-block-content stk-content-align stk-ceecbdc-column alignfull\">\n<div class=\"wp-block-stackable-column stk-block-column stk-column stk-block stk-fc60a5d\" data-v=\"4\" data-block-id=\"fc60a5d\"><div class=\"stk-column-wrapper stk-block-column__content stk-container stk-fc60a5d-container stk--no-background stk--no-padding\"><div class=\"stk-block-content stk-inner-blocks stk-fc60a5d-inner-blocks\">\n<div class=\"wp-block-stackable-spacer stk-block-spacer stk--no-padding stk-block stk-a3a8a68\" data-block-id=\"a3a8a68\"><style>.stk-a3a8a68 {height:0px !important;}<\/style><\/div>\n<\/div><\/div><\/div>\n<\/div><\/div>\n\n\n\n<div class=\"wp-block-stackable-columns stk-block-columns stk-block stk-d73d9a8 stk-block-background\" data-block-id=\"d73d9a8\"><style>.stk-d73d9a8 {background-color:#ffffff !important;margin-top:15px !important;}.stk-d73d9a8:before{background-color:#ffffff !important;}<\/style><div class=\"stk-row stk-inner-blocks stk-block-content stk-content-align stk-d73d9a8-column\">\n<div class=\"wp-block-stackable-column stk-block-column stk-column stk-block stk-b3b8294\" data-v=\"4\" data-block-id=\"b3b8294\"><div class=\"stk-column-wrapper stk-block-column__content stk-container stk-b3b8294-container stk--no-background stk--no-padding\"><div class=\"stk-block-content stk-inner-blocks stk-b3b8294-inner-blocks\">        <div class=\"shortcode-descripcion\">\n            <p>La necesidad de asegurar una docencia de alta calidad se ha convertido en uno de los objetivos\r\nprioritarios del \u00abMarco estrat\u00e9gico europeo de Educaci\u00f3n y Formaci\u00f3n\u00bb (ET 2020). El Marco\r\nCom\u00fan de Competencia Digital Docente es un marco que nos sirve como referencia para apoyar\r\nel desarrollo de las competencias digitales del profesorado, con el objetivo de mejorar su pr\u00e1ctica\r\ndocente y para su formaci\u00f3n permanente. Este t\u00edtulo se presenta como una propuesta formativa  en la que\r\nse abordan aspectos sobre la transformaci\u00f3n digital de la ense\u00f1anza, los contenidos y las\r\nmetodolog\u00edas emergentes con TIC, la evaluaci\u00f3n con TIC, el dise\u00f1o y gesti\u00f3n de un aula virtual,\r\nla comunicaci\u00f3n y el seguimiento de las actividades de evaluaci\u00f3n, as\u00ed como las herramientas\r\nnecesarias para la creaci\u00f3n de materiales did\u00e1cticos digitales. El t\u00edtulo aunque va dirigido a todo\r\nel profesorado, tambi\u00e9n es cierto que su concepci\u00f3n y dise\u00f1o se ha hecho pensando en un perfil\r\nconcreto para la formaci\u00f3n del profesorado novel, incluidos los colectivos investigadores pre o postdoctorales contratados Ram\u00f3n y Cajal, Viera y Clavijo, Juan de la Cierva o el de investigadores\/as con\r\nencargo docente en el POD<\/p>        <\/div>\n    \n<\/div><\/div><\/div>\n<\/div><\/div>\n\n\n\n<div class=\"wp-block-stackable-columns alignwide stk-block-columns stk-block stk-3627255\" data-block-id=\"3627255\"><style>.stk-3627255 {margin-bottom:18px !important;}<\/style><div class=\"stk-row stk-inner-blocks stk-block-content stk-content-align stk-3627255-column alignwide\">\n<div class=\"wp-block-stackable-column stk-block-column stk-column stk-block stk-81e665a\" data-v=\"4\" data-block-id=\"81e665a\"><div class=\"stk-column-wrapper stk-block-column__content stk-container stk-81e665a-container stk--no-background stk--no-padding\"><div class=\"stk-block-content stk-inner-blocks stk-81e665a-inner-blocks\">\n<div class=\"wp-block-stackable-columns alignwide stk-block-columns stk-block stk-235020b\" data-block-id=\"235020b\"><style>.stk-235020b {padding-right:5% !important;padding-left:5% !important;margin-bottom:1% !important;}.stk-235020b-column{--stk-column-gap:25px !important;}@media screen and (max-width: 767px){.stk-235020b {padding-right:10px !important;padding-left:10px !important;}.stk-235020b-column{row-gap:var(--stk--preset--spacing--50, 1.5rem) !important;}}<\/style><div class=\"stk-row stk-inner-blocks has-text-align-left stk-block-content stk-content-align stk-235020b-column alignwide\">\n<div class=\"wp-block-stackable-column stk-block-column stk-column stk-block stk-332643c stk-block-background\" data-v=\"4\" data-block-id=\"332643c\"><style>.stk-332643c {border-top-left-radius:5px !important;border-top-right-radius:5px !important;border-bottom-right-radius:5px !important;border-bottom-left-radius:5px !important;overflow:hidden !important;padding-top:5px !important;padding-right:0px !important;padding-bottom:5px !important;padding-left:0px !important;}@media screen and (max-width: 767px){.stk-332643c {padding-bottom:40px !important;}}<\/style><div class=\"stk-column-wrapper stk-block-column__content stk-container stk-332643c-container stk--no-background stk--no-padding\"><div class=\"has-text-align-center stk-block-content stk-inner-blocks stk-332643c-inner-blocks\">\n<div class=\"wp-block-stackable-image stk-block-image stk-block stk-295428f\" data-block-id=\"295428f\"><style>.stk-295428f .stk-img-wrapper{width:100% !important;}<\/style><figure><span class=\"stk-img-wrapper stk-image--shape-stretch\"><img loading=\"lazy\" decoding=\"async\" class=\"stk-img wp-image-411\" src=\"https:\/\/www.ull.es\/formacion-permanente\/master-formacion-permanente-asesoria-fiscal-contable\/wp-content\/uploads\/sites\/3\/2025\/08\/shutterstock_2226590773.jpg\" width=\"1000\" height=\"658\"\/><\/span><\/figure><\/div>\n\n\n\n<div class=\"wp-block-stackable-text stk-block-text stk-block stk-2f7ec9f\" data-block-id=\"2f7ec9f\"><style>.stk-2f7ec9f {padding-top:0px !important;padding-right:0px !important;padding-bottom:0px !important;padding-left:0px !important;}.stk-2f7ec9f .stk-block-text__text{font-size:16px !important;font-weight:500 !important;}@media screen and (max-width: 1023px){.stk-2f7ec9f .stk-block-text__text{font-size:16px !important;}}<\/style><p class=\"stk-block-text__text has-text-align-center\"><span style=\"color: #000000;\" class=\"stk-highlight\">Horarios y calendario de ex\u00e1menes<\/span><\/p><\/div>\n<\/div><a class=\"stk-link stk-block-link stk--transparent-overlay\" href=\"https:\/\/www.ull.es\/formacion-permanente\/diploma-de-experto-competencias-digitales-docencia\/horarios-y-calendario-examenes\/\" aria-hidden=\"true\" tabindex=\"-1\" target=\"_blank\" rel=\"noopener\"><\/a><\/div><\/div>\n\n\n\n<div class=\"wp-block-stackable-column stk-block-column stk-column stk-block stk-50f8570 stk-block-background\" data-v=\"4\" data-block-id=\"50f8570\"><style>.stk-50f8570 {border-top-left-radius:5px !important;border-top-right-radius:5px !important;border-bottom-right-radius:5px !important;border-bottom-left-radius:5px !important;overflow:hidden !important;padding-top:5px !important;padding-right:0px !important;padding-bottom:5px !important;padding-left:0px !important;}@media screen and (max-width: 767px){.stk-50f8570 {padding-bottom:40px !important;}}<\/style><div class=\"stk-column-wrapper stk-block-column__content stk-container stk-50f8570-container stk--no-background stk--no-padding\"><div class=\"has-text-align-center stk-block-content stk-inner-blocks stk-50f8570-inner-blocks\">\n<div class=\"wp-block-stackable-image stk-block-image stk-block stk-7fa0675\" data-block-id=\"7fa0675\"><figure><span class=\"stk-img-wrapper stk-image--shape-stretch\"><img loading=\"lazy\" decoding=\"async\" class=\"stk-img wp-image-412\" src=\"https:\/\/www.ull.es\/formacion-permanente\/master-formacion-permanente-asesoria-fiscal-contable\/wp-content\/uploads\/sites\/3\/2025\/08\/shutterstock_2277124363_1.jpg\" width=\"1000\" height=\"667\"\/><\/span><\/figure><\/div>\n\n\n\n<div class=\"wp-block-stackable-text stk-block-text stk-block stk-a2fc74a\" data-block-id=\"a2fc74a\"><style>.stk-a2fc74a {padding-top:0px !important;padding-right:0px !important;padding-bottom:0px !important;padding-left:0px !important;}.stk-a2fc74a .stk-block-text__text{font-size:16px !important;font-weight:500 !important;}@media screen and (max-width: 1023px){.stk-a2fc74a .stk-block-text__text{font-size:16px !important;}}<\/style><p class=\"stk-block-text__text has-text-align-center\"><span style=\"color: #000000;\" class=\"stk-highlight\">Gu\u00edas docentes<\/span><\/p><\/div>\n<\/div><a class=\"stk-link stk-block-link stk--transparent-overlay\" href=\"https:\/\/www.ull.es\/formacion-permanente\/diploma-de-experto-competencias-digitales-docencia\/guias-docentes\/\" aria-hidden=\"true\" tabindex=\"-1\" target=\"_blank\" rel=\"noopener\"><\/a><\/div><\/div>\n\n\n\n<div class=\"wp-block-stackable-column stk-block-column stk-column stk-block stk-1616f2a stk-block-background\" data-v=\"4\" data-block-id=\"1616f2a\"><style>.stk-1616f2a {border-top-left-radius:5px !important;border-top-right-radius:5px !important;border-bottom-right-radius:5px !important;border-bottom-left-radius:5px !important;overflow:hidden !important;padding-top:5px !important;padding-right:0px !important;padding-bottom:5px !important;padding-left:0px !important;}@media screen and (max-width: 767px){.stk-1616f2a {padding-bottom:40px !important;}}<\/style><div class=\"stk-column-wrapper stk-block-column__content stk-container stk-1616f2a-container stk--no-background stk--no-padding\"><div class=\"has-text-align-center stk-block-content stk-inner-blocks stk-1616f2a-inner-blocks\">\n<div class=\"wp-block-stackable-image stk-block-image stk-block stk-a84c316\" data-block-id=\"a84c316\"><figure><span class=\"stk-img-wrapper stk-image--shape-stretch\"><img loading=\"lazy\" decoding=\"async\" class=\"stk-img wp-image-410\" src=\"https:\/\/www.ull.es\/formacion-permanente\/master-formacion-permanente-asesoria-fiscal-contable\/wp-content\/uploads\/sites\/3\/2025\/08\/shutterstock_2058987047.jpg\" width=\"1000\" height=\"667\"\/><\/span><\/figure><\/div>\n\n\n\n<div class=\"wp-block-stackable-text stk-block-text stk-block stk-7c7fdb3\" data-block-id=\"7c7fdb3\"><style>.stk-7c7fdb3 {padding-top:0px !important;padding-right:0px !important;padding-bottom:0px !important;padding-left:0px !important;}.stk-7c7fdb3 .stk-block-text__text{font-size:16px !important;font-weight:500 !important;}@media screen and (max-width: 1023px){.stk-7c7fdb3 .stk-block-text__text{font-size:16px !important;}}<\/style><p class=\"stk-block-text__text has-text-align-center\"><span style=\"color: #000000;\" class=\"stk-highlight\">Estructura del plan de estudios<\/span><\/p><\/div>\n<\/div><a class=\"stk-link stk-block-link stk--transparent-overlay\" href=\"https:\/\/www.ull.es\/formacion-permanente\/diploma-de-experto-competencias-digitales-docencia\/estructura-del-plan-de-estudios\/\" aria-hidden=\"true\" tabindex=\"-1\" target=\"_blank\" rel=\"noopener\"><\/a><\/div><\/div>\n\n\n\n<div class=\"wp-block-stackable-column stk-block-column stk-column stk-block stk-c3c0a56 stk-block-background\" data-v=\"4\" data-block-id=\"c3c0a56\"><style>.stk-c3c0a56 {border-top-left-radius:5px !important;border-top-right-radius:5px !important;border-bottom-right-radius:5px !important;border-bottom-left-radius:5px !important;overflow:hidden !important;padding-top:5px !important;padding-right:0px !important;padding-bottom:5px !important;padding-left:0px !important;}@media screen and (max-width: 767px){.stk-c3c0a56 {padding-bottom:40px !important;}}<\/style><div class=\"stk-column-wrapper stk-block-column__content stk-container stk-c3c0a56-container stk--no-background stk--no-padding\"><div class=\"has-text-align-center stk-block-content stk-inner-blocks stk-c3c0a56-inner-blocks\">\n<div class=\"wp-block-stackable-image stk-block-image stk-block stk-148379b\" data-block-id=\"148379b\"><figure><span class=\"stk-img-wrapper stk-image--shape-stretch\"><img loading=\"lazy\" decoding=\"async\" class=\"stk-img wp-image-409\" src=\"https:\/\/www.ull.es\/formacion-permanente\/master-formacion-permanente-asesoria-fiscal-contable\/wp-content\/uploads\/sites\/3\/2025\/08\/shutterstock_2570070391.jpg\" width=\"1000\" height=\"668\"\/><\/span><\/figure><\/div>\n\n\n\n<div class=\"wp-block-stackable-text stk-block-text stk-block stk-300f357\" data-block-id=\"300f357\"><style>.stk-300f357 {padding-top:0px !important;padding-right:0px !important;padding-bottom:0px !important;padding-left:0px !important;}.stk-300f357 .stk-block-text__text{font-size:16px !important;font-weight:500 !important;}@media screen and (max-width: 1023px){.stk-300f357 .stk-block-text__text{font-size:16px !important;}}<\/style><p class=\"stk-block-text__text has-text-align-center\"><span style=\"color: #000000;\" class=\"stk-highlight\">Acceso y admisi\u00f3n<\/span><\/p><\/div>\n<\/div><a class=\"stk-link stk-block-link stk--transparent-overlay\" href=\"https:\/\/www.ull.es\/formacion-permanente\/diploma-de-experto-competencias-digitales-docencia\/acceso-y-admision\/\" aria-hidden=\"true\" tabindex=\"-1\" target=\"_blank\" rel=\"noopener\"><\/a><\/div><\/div>\n<\/div><\/div>\n<\/div><\/div><\/div>\n<\/div><\/div>\n\n\n\n<div class=\"wp-block-stackable-columns stk-block-columns stk-block stk-8b59b96\" data-block-id=\"8b59b96\"><style>.stk-8b59b96 .stk--block-align-8b59b96{align-items:flex-start !important;}.stk-8b59b96 {margin-top:25px !important;}.stk-8b59b96-column{--stk-columns-spacing:0px !important;--stk-column-gap:50px !important;}@media screen and (max-width: 767px){.stk-8b59b96-column{row-gap:var(--stk--preset--spacing--60, 2.25rem) !important;}}<\/style><div class=\"stk-row stk-inner-blocks stk--block-align-8b59b96 stk-block-content stk-content-align stk-8b59b96-column\">\n<div class=\"wp-block-stackable-column stk-block-column stk-column stk-block stk-dbb7e15\" data-v=\"4\" data-block-id=\"dbb7e15\"><style>@media screen and (min-width: 768px){.stk-dbb7e15 {flex:var(--stk-flex-grow, 1) 1 66.7% !important;}}<\/style><div class=\"stk-column-wrapper stk-block-column__content stk-container stk-dbb7e15-container stk--no-background stk--no-padding\"><div class=\"stk-block-content stk-inner-blocks stk-dbb7e15-inner-blocks\">\n<style>\n    h2 {\n        margin-bottom: 0;\n        margin-top: 0;\n    }\n    .seccion-info-general \n   {\n        background: #e6e6e6;\n        padding-bottom: 1px;\n    }\n    .seccion-info-general h2{\n        background: #5c068c;\n        color: #ffffff;\n        padding-left: 20px;\n        line-height: 50px;\n        margin-top: 20px;\n\tfont-size: 26px;\n        font-weight: 800;\n    }\n    .seccion-info-general ul{\n        list-style: none;\n        line-height: 2em;\n        margin-top: 5px;\n        margin-bottom: 5px !important;\n        padding-left: 16px;\n        font-size: 14px;\n    }\n    .btn-masinfo {\n        background: #44919d;\n        color: #fff;\n        text-align: left;\n        padding: 15px 20px;\n        font-size: 16px;\n    }\n    .btn-masinfo:hover,\n    .btn-masinfo:focus {\n        color: #fff;\n        text-decoration: none !important;\n        background: #69a7b1 !important;\n\n    }\n    .seccion-mas-info {\n        margin-top: 36px;\n    }\n<\/style>\n\n\n\n<div class=\"informacion-general\">\n\n    <div class=\"seccion-info-general\">\n        <h2>Informaci\u00f3n general<\/h2>\n        <ul>\n            <li><strong>Tipolog\u00eda:<\/strong> T\u00edtulo Propio<\/li><li><strong>Cr\u00e9ditos:<\/strong> 15 ECTS<\/li><li><strong>Duraci\u00f3n:<\/strong> 18\/02\/2026 - 30\/04\/2026<\/li><li><strong>Tipo de ense\u00f1anza:<\/strong> Virtual<\/li><li><strong>N\u00famero de plazas:<\/strong> 30<\/li><li><strong>Precio:<\/strong> 947,2 \u20ac  (el profesorado de la Universidad de La Laguna admitido al curso, quedar\u00e1 exento del pago de las tasas) <\/li>        <\/ul>\n    <\/div>\n\n    \n<!--\n\n        <div class=\"seccion-mas-info\">\n            <a class=\"btn-masinfo\" href=\"https:\/\/www.ull.es\/titulospropios\/diploma-universitario-formacion-pedagogica-didactica-equivalente\" target=\"_blank\">Acceso a la p\u00e1gina web de la titulaci\u00f3n <i class=\"fa fa-angle-double-right\"><\/i><\/a>\n        <\/div>\n-->\n\n    \n<\/div>\n\n\n\n\n<div class=\"wp-block-stackable-spacer stk-block-spacer stk--no-padding stk-block stk-b031d98\" data-block-id=\"b031d98\"><\/div>\n<\/div><\/div><\/div>\n\n\n\n<div class=\"wp-block-stackable-column stk-block-column stk-column stk-block stk-53ec762\" data-v=\"4\" data-block-id=\"53ec762\"><style>.stk-53ec762-inner-blocks{row-gap:0px !important;}.stk-53ec762 {padding-top:0px !important;padding-right:0px !important;padding-bottom:0px !important;padding-left:0px !important;margin-top:1.75% !important;}@media screen and (min-width: 768px){.stk-53ec762 {flex:var(--stk-flex-grow, 1) 1 33.3% !important;}}<\/style><div class=\"stk-column-wrapper stk-block-column__content stk-container stk-53ec762-container stk--no-background stk--no-padding\"><div class=\"stk-block-content stk-inner-blocks stk-53ec762-inner-blocks\">\n<div class=\"wp-block-stackable-columns stk-block-columns stk-block stk-e412d38\" data-block-id=\"e412d38\"><style>.stk-e412d38 .stk--block-align-e412d38{align-items:center !important;}.stk-e412d38 {margin-bottom:10px !important;}<\/style><div class=\"stk-row stk-inner-blocks stk--block-align-e412d38 stk-block-content stk-content-align stk-e412d38-column\">\n<div class=\"wp-block-stackable-column stk-block-column stk-column stk-block stk-7241ed4 stk-block-background\" data-v=\"4\" data-block-id=\"7241ed4\"><style>.stk-7241ed4-inner-blocks{justify-content:center !important;}.stk-7241ed4 {background-color:#333333 !important;padding-top:2% !important;padding-right:0% !important;padding-bottom:5% !important;padding-left:5% !important;}.stk-7241ed4:before{background-color:#333333 !important;}<\/style><div class=\"stk-column-wrapper stk-block-column__content stk-container stk-7241ed4-container stk--no-background stk--no-padding\"><div class=\"stk--column-flex stk-block-content stk-inner-blocks stk-7241ed4-inner-blocks\">\n<div class=\"wp-block-stackable-text stk-block-text stk-block stk-bdd3a63\" data-block-id=\"bdd3a63\"><style>.stk-bdd3a63 {margin-top:12px !important;margin-bottom:10px !important;}.stk-bdd3a63 .stk-block-text__text{font-size:20px !important;color:#ffffff !important;}@media screen and (max-width: 1023px){.stk-bdd3a63 .stk-block-text__text{font-size:20px !important;}}<\/style><p class=\"stk-block-text__text has-text-color\">Procedimiento de preinscripci\u00f3n<\/p><\/div>\n<\/div><a class=\"stk-link stk-block-link stk--transparent-overlay\" href=\"https:\/\/sede.ull.es\/ecivilis-site\/catalog\/showProcedure\/329\" aria-hidden=\"true\" tabindex=\"-1\" target=\"_blank\" rel=\"noopener\"><\/a><\/div><\/div>\n<\/div><\/div>\n\n\n\n<div class=\"wp-block-stackable-spacer stk-block-spacer stk--no-padding stk-block stk-6d33d0e\" data-block-id=\"6d33d0e\"><style>.stk-6d33d0e {height:5px !important;}<\/style><\/div>\n\n\n\n<ul class=\"widget-box\">\n<li class='contacto-header'>Informaci\u00f3n de contacto<\/li><li><i class=\"fa fa-map-marker\"><\/i> Avda. Astrof\u00edsico Francisco S\u00e1nchez, SN. Edificio Calabaza - AN.2D Apdo. 456 38200 San Crist\u00f3bal de La Laguna.<\/li><li><i class=\"fa fa-phone\"><\/i> (+34) 922 31 79 00 \/ 95 38<\/li><li><i class=\"fa fa-envelope\"><\/i>  <a href=mailto:tpropios@ull.es>tpropios@ull.es<\/a><\/li>\n<\/ul>\n\n\n<\/div><\/div><\/div>\n<\/div><\/div>\n","protected":false},"excerpt":{"rendered":"<p>Horarios y calendario de ex\u00e1menes Gu\u00edas docentes Estructura del plan de estudios Acceso y admisi\u00f3n Procedimiento de preinscripci\u00f3n<\/p>","protected":false},"author":4,"featured_media":0,"parent":0,"menu_order":0,"comment_status":"closed","ping_status":"closed","template":"templates\/template-frontpage.php","meta":{"footnotes":""},"class_list":["post-15","page","type-page","status-publish","hentry"],"_links":{"self":[{"href":"https:\/\/www.ull.es\/formacion-permanente\/diploma-de-experto-competencias-digitales-docencia\/fr\/wp-json\/wp\/v2\/pages\/15","targetHints":{"allow":["GET"]}}],"collection":[{"href":"https:\/\/www.ull.es\/formacion-permanente\/diploma-de-experto-competencias-digitales-docencia\/fr\/wp-json\/wp\/v2\/pages"}],"about":[{"href":"https:\/\/www.ull.es\/formacion-permanente\/diploma-de-experto-competencias-digitales-docencia\/fr\/wp-json\/wp\/v2\/types\/page"}],"author":[{"embeddable":true,"href":"https:\/\/www.ull.es\/formacion-permanente\/diploma-de-experto-competencias-digitales-docencia\/fr\/wp-json\/wp\/v2\/users\/4"}],"replies":[{"embeddable":true,"href":"https:\/\/www.ull.es\/formacion-permanente\/diploma-de-experto-competencias-digitales-docencia\/fr\/wp-json\/wp\/v2\/comments?post=15"}],"version-history":[{"count":19,"href":"https:\/\/www.ull.es\/formacion-permanente\/diploma-de-experto-competencias-digitales-docencia\/fr\/wp-json\/wp\/v2\/pages\/15\/revisions"}],"predecessor-version":[{"id":339,"href":"https:\/\/www.ull.es\/formacion-permanente\/diploma-de-experto-competencias-digitales-docencia\/fr\/wp-json\/wp\/v2\/pages\/15\/revisions\/339"}],"wp:attachment":[{"href":"https:\/\/www.ull.es\/formacion-permanente\/diploma-de-experto-competencias-digitales-docencia\/fr\/wp-json\/wp\/v2\/media?parent=15"}],"curies":[{"name":"wp","href":"https:\/\/api.w.org\/{rel}","templated":true}]}}