{"id":124,"date":"2019-05-28T11:20:45","date_gmt":"2019-05-28T11:20:45","guid":{"rendered":"http:\/\/www.ull.es\/formacion-permanente\/experto-universitario-parentalidad-positiva-convivencia-familiar\/?page_id=124"},"modified":"2025-08-18T06:30:58","modified_gmt":"2025-08-18T06:30:58","slug":"formas-de-pago","status":"publish","type":"page","link":"https:\/\/www.ull.es\/formacion-permanente\/diploma-de-experto-parentalidad-positiva-convivencia-familiar\/en\/formas-de-pago\/","title":{"rendered":"Payment methods"},"content":{"rendered":"\n<div class=\"wp-block-stackable-columns alignfull stk-block-columns stk-block stk-8657999\" data-block-id=\"8657999\"><style>.stk-8657999 {padding-bottom:0px !important;margin-top:-30px !important;margin-bottom:0px !important;}@media screen and (max-width: 767px){.stk-8657999 {margin-top:-10% !important;}}<\/style><div class=\"stk-row stk-inner-blocks stk-block-content stk-content-align stk-8657999-column alignfull\">\n<div class=\"wp-block-stackable-column stk-block-column stk-column stk-block stk-914f03e\" data-v=\"4\" data-block-id=\"914f03e\"><div class=\"stk-column-wrapper stk-block-column__content stk-container stk-914f03e-container stk--no-background stk--no-padding\"><div class=\"stk-block-content stk-inner-blocks stk-914f03e-inner-blocks\"><style id=\"depicter-3-inline-pre-css\">\n\n.depicter-3:not(.depicter-ready){\n\theight:450px;\n}\n\n\/***** Tablet *****\/\n@media screen and (max-width: 1024px){\n\n.depicter-3:not(.depicter-ready){\n\theight:700px;\n}\n\n}\n\/***** Mobile *****\/\n@media screen and (max-width: 767px){\n\n.depicter-3:not(.depicter-ready){\n\theight:450px;\n}\n\n}\n<\/style>\n<div id=\"depicter-3\" class=\"depicter depicter-document depicter-revert depicter-3 depicter-layout-fullwidth\">\n\n<div class=\"depicter-loading-container depicter-loading dotFlashing-dark\"><div class=\"depicter-loading-dark depicter-dot-flashing\">\n   <span><\/span>\n   <span><\/span>\n   <span><\/span>\n<\/div>\n<\/div>\n<div id=\"depicter-3-section-1\" class=\"depicter-section depicter-3-section-1\" data-name=\"Section 1\" data-type=\"section\" data-local-id=\"section-1\">\n<picture class=\"depicter-bg\">\n<source data-depicter-srcset=\"https:\/\/www.ull.es\/formacion-permanente\/diploma-de-experto-parentalidad-positiva-convivencia-familiar\/wp-content\/uploads\/sites\/8\/2025\/08\/@PeXi236164-768x512.jpg, https:\/\/www.ull.es\/formacion-permanente\/diploma-de-experto-parentalidad-positiva-convivencia-familiar\/wp-content\/uploads\/sites\/8\/2025\/08\/@PeXi236164.jpg 2x\" srcset=\"data:image\/gif;base64,R0lGODlhAQABAIAAAAAAAP\/\/\/yH5BAEAAAAALAAAAAABAAEAAAIBRAA7\" media=\"(max-width: 1024px)\" \/>\n\n<source data-depicter-srcset=\"https:\/\/www.ull.es\/formacion-permanente\/diploma-de-experto-parentalidad-positiva-convivencia-familiar\/wp-content\/uploads\/sites\/8\/2025\/08\/@PeXi236164.jpg, https:\/\/www.ull.es\/formacion-permanente\/diploma-de-experto-parentalidad-positiva-convivencia-familiar\/wp-content\/uploads\/sites\/8\/2025\/08\/@PeXi236164-1920x1280.jpg 2x\" srcset=\"data:image\/gif;base64,R0lGODlhAQABAIAAAAAAAP\/\/\/yH5BAEAAAAALAAAAAABAAEAAAIBRAA7\" media=\"(min-width: 1025px)\" \/>\n<img decoding=\"async\" src=\"data:image\/gif;base64,R0lGODlhAQABAIAAAAAAAP\/\/\/yH5BAEAAAAALAAAAAABAAEAAAIBRAA7\" data-ken-burns=\"false\" data-tablet-ken-burns=\"false\" data-mobile-ken-burns=\"false\" alt=\"\" data-depicter-src=\"https:\/\/www.ull.es\/formacion-permanente\/diploma-de-experto-parentalidad-positiva-convivencia-familiar\/wp-content\/uploads\/sites\/8\/2025\/08\/@PeXi236164.jpg\" data-object-fit=\"custom,custom,\" data-object-position=\"center top,,\" data-crop=\"{'focalPoint':{'x':0.5,'y':0.5},'mediaSize':{'width':1200,'height':800}}\" data-tablet-crop=\"{'focalPoint':{'x':0.5,'y':0.5},'mediaSize':{'width':1050,'height':700}}\" data-mobile-crop=\"{'focalPoint':{'x':0.5,'y':0.5},'mediaSize':{'width':675,'height':450.00000000000005684341886080801486968994140625}}\" \/>\n<\/picture>\n\n\n<h1 id=\"depicter-3-element-5\" class=\"depicter-element depicter-layer depicter-3-element-5\" data-type=\"text\" data-wrap=\"true\" data-name=\"Text 2\" data-local-id=\"element-5\" data-offset=\"x:0px;y:118px;origin:tl\" data-tablet-offset=\"x:196px;y:170px;origin:tl\" data-mobile-offset=\"x:-27px;y:143px;origin:tl\" data-width=\"968px,633px,438px\" data-height=\"auto,auto,auto\" data-responsive-scale=\"true,,\">Diploma de Experto\/a en Parentalidad Positiva y Convivencia Familiar<br><\/h1>\n\n<div id=\"depicter-3-element-10\" class=\"depicter-element depicter-layer depicter-3-element-10\" data-type=\"shape\" data-wrap=\"true\" data-name=\"Shape 1\" data-local-id=\"element-10\" data-offset=\"x:0px;y:366px;origin:tl\" data-tablet-offset=\"x:189px;y:540px;origin:tl\" data-mobile-offset=\"x:-27px;y:352px;origin:tl\" data-width=\"763px,647px,438px\" data-height=\"8px,8px,8px\" data-responsive-scale=\"true,,\"><\/div>\n<\/div>\n<\/div>\n<script>\n(window.depicterSetups = window.depicterSetups || []).push(function(){\n\tDepicter.basePath = 'https:\/\/www.ull.es\/formacion-permanente\/diploma-de-experto-parentalidad-positiva-convivencia-familiar\/wp-content\/plugins\/depicter\/resources\/scripts\/player\/';\n\tconst dpPlayer = Depicter.setup('.depicter-3',\n\t\t{\"width\":[\"1200\",\"1024\",\"360\"],\"height\":[\"450\",\"700\",\"450\"],\"view\":\"basic\",\"keepAspectRatio\":true,\"preload\":0,\"layout\":\"fullwidth\",\"rtl\":false,\"initAfterAppear\":false,\"ajaxApiUrl\":\"https:\\\/\\\/www.ull.es\\\/formacion-permanente\\\/diploma-de-experto-parentalidad-positiva-convivencia-familiar\\\/wp-admin\\\/admin-ajax.php\",\"mouseSwipe\":true,\"touchSwipe\":true,\"useWatermark\":false}\n\t);\n});\n<\/script><\/div><\/div><\/div>\n<\/div><\/div>\n\n\n\n<div class=\"wp-block-stackable-columns alignfull stk-block-columns stk--hide-mobile stk-block stk-ceecbdc stk-block-background\" data-block-id=\"ceecbdc\"><style>.stk-ceecbdc {background-color:#e2be27 !important;padding-top:65px !important;padding-right:0px !important;padding-bottom:2px !important;padding-left:0px !important;margin-top:-20px !important;margin-bottom:0px !important;}.stk-ceecbdc:before{background-color:#e2be27 !important;}<\/style><div class=\"stk-row stk-inner-blocks stk-block-content stk-content-align stk-ceecbdc-column alignfull\">\n<div class=\"wp-block-stackable-column stk-block-column stk-column stk-block stk-fc60a5d\" data-v=\"4\" data-block-id=\"fc60a5d\"><div class=\"stk-column-wrapper stk-block-column__content stk-container stk-fc60a5d-container stk--no-background stk--no-padding\"><div class=\"stk-block-content stk-inner-blocks stk-fc60a5d-inner-blocks\">\n<div class=\"wp-block-stackable-spacer stk-block-spacer stk--no-padding stk-block stk-a3a8a68\" data-block-id=\"a3a8a68\"><style>.stk-a3a8a68 {height:0px !important;}<\/style><\/div>\n<\/div><\/div><\/div>\n<\/div><\/div>\n\n\n\n<div class=\"wp-block-stackable-columns stk-block-columns stk-block stk-8b59b96\" data-block-id=\"8b59b96\"><style>.stk-8b59b96 .stk--block-align-8b59b96{align-items:flex-start !important;}.stk-8b59b96 {margin-top:50px !important;}.stk-8b59b96-column{--stk-columns-spacing:0px !important;--stk-column-gap:50px !important;}@media screen and (max-width: 767px){.stk-8b59b96-column{row-gap:var(--stk--preset--spacing--60, 2.25rem) !important;}}<\/style><div class=\"stk-row stk-inner-blocks stk--block-align-8b59b96 stk-block-content stk-content-align stk-8b59b96-column\">\n<div class=\"wp-block-stackable-column stk-block-column stk-column stk-block stk-dbb7e15\" data-v=\"4\" data-block-id=\"dbb7e15\"><style>@media screen and (min-width: 768px){.stk-dbb7e15 {flex:var(--stk-flex-grow, 1) 1 66.7% !important;}}<\/style><div class=\"stk-column-wrapper stk-block-column__content stk-container stk-dbb7e15-container stk--no-background stk--no-padding\"><div class=\"stk-block-content stk-inner-blocks stk-dbb7e15-inner-blocks\">\n<div class=\"wp-block-stackable-heading stk-block-heading stk-block-heading--v2 stk-block stk-fc6338c\" id=\"formas-de-pago\" data-block-id=\"fc6338c\"><style>.stk-fc6338c .stk-block-heading__text{color:#000000 !important;}<\/style><h1 class=\"stk-block-heading__text has-text-color\">Formas de pago<\/h1><\/div>\n\n\n\n<div class=\"wp-block-stackable-text stk-block-text stk-block stk-83a8b2a\" data-block-id=\"83a8b2a\"><p class=\"stk-block-text__text\">El&nbsp;<strong>Experto Universitario en Parentalidad Positiva y Convivencia Familia<\/strong>r&nbsp;tiene un coste de 800\u20ac&nbsp;<\/p><\/div>\n\n\n\n<p>Si est\u00e1s trabajando su empresa puede acogerse al sistema de formaci\u00f3n bonificada a trav\u00e9s de&nbsp;<strong>FUNDAE<\/strong>&nbsp;(<em>contacta con nosotros cuanto antes para tramitarlo<\/em>).<\/p>\n\n\n\n<p>Para m\u00e1s informaci\u00f3n:<\/p>\n\n\n\n<ul class=\"wp-block-list\">\n<li>922 319 927 (<em>lunes a viernes de 9 a 14 h. y lunes de 16.30-19 h.<\/em>)<\/li>\n\n\n\n<li><a href=\"mailto:gestpropios@ull.es\" target=\"_blank\" rel=\"noreferrer noopener\" target=\"_blank\" rel=\"noopener\">Gestpropios@ull.es<\/a><\/li>\n\n\n\n<li>Mediante WhatsApp \u2013<a href=\"https:\/\/api.whatsapp.com\/send?phone=34922319200&amp;text=%C2%A1Hola!%20Te%20escribo%20para%20saber%20m%C3%A1s%20sobre%20el%20Experto%20Universitario%20en%20Parentalidad%20Positiva%20y%20Convivencia%20Familiar.%20%C2%BFPuedes%20ayudarme?\" target=\"_blank\" rel=\"noreferrer noopener\" target=\"_blank\" rel=\"noopener\">Pulsa aqu\u00ed<\/a>\u2013<\/li>\n<\/ul>\n\n\n\n<p>Adem\u00e1s, puedes fraccionar el pago, tramitamos tu cr\u00e9dito desde la&nbsp;<strong>Fundaci\u00f3n General de la ULL<\/strong>&nbsp;a&nbsp;<a href=\"https:\/\/fg.ull.es\/servicios-de-financiacion\/\" target=\"_blank\" rel=\"noreferrer noopener\" target=\"_blank\" rel=\"noopener\">trav\u00e9s de Cajasiete&nbsp;de Caixa Bank Consumer<\/a>, aportando la m\u00ednima documentaci\u00f3n y sin necesidad de cambiar de banco.<\/p>\n\n\n\n<p>En caso de que ya seas cliente dichas entidades s\u00f3lo necesitamos tu DNI y n\u00famero de tarjeta bancaria y, si no eres cliente, debes aportar, adem\u00e1s del DNI e IBAN de la cuenta donde deseas domiciliar el pago, los documentos que justifiquen tus ingresos (N\u00f3minas, declaraci\u00f3n de IRPF\u2026)<\/p>\n\n\n\n<p>Si quieres m\u00e1s informaci\u00f3n env\u00edanos un mail a&nbsp;<a href=\"mailto:gestpropios@ull.es\" target=\"_blank\" rel=\"noreferrer noopener\" target=\"_blank\" rel=\"noopener\">gestpropios@ull.es<\/a>&nbsp;para comenzar con la tramitaci\u00f3n del cr\u00e9dito que podr\u00e1s fraccionar en c\u00f3modas cuotas mensuales.<\/p>\n\n\n\n<p>Puedes&nbsp;<a href=\"https:\/\/fg.ull.es\/servicios-de-financiacion\/\" target=\"_blank\" rel=\"noreferrer noopener\" target=\"_blank\" rel=\"noopener\">consultar m\u00e1s informaci\u00f3n sobre la financiaci\u00f3n en est\u00e1 direcci\u00f3n web<\/a>.<\/p>\n\n\n\n<h3 class=\"wp-block-heading\">Ayudas<\/h3>\n\n\n\n<p>Por el momento no ofrecemos ninguna ayuda espec\u00edfica para este t\u00edtulo propio.<\/p>\n<\/div><\/div><\/div>\n\n\n\n<div class=\"wp-block-stackable-column stk-block-column stk-column stk-block stk-53ec762\" data-v=\"4\" data-block-id=\"53ec762\"><style>.stk-53ec762-inner-blocks{row-gap:0px !important;}.stk-53ec762 {padding-top:0px !important;padding-right:0px !important;padding-bottom:0px !important;padding-left:0px !important;margin-top:1.75% !important;}@media screen and (min-width: 768px){.stk-53ec762 {flex:var(--stk-flex-grow, 1) 1 33.3% !important;}}<\/style><div class=\"stk-column-wrapper stk-block-column__content stk-container stk-53ec762-container stk--no-background stk--no-padding\"><div class=\"stk-block-content stk-inner-blocks stk-53ec762-inner-blocks\">\n<ul class=\"widget-box\">\n<li class='contacto-header'>Informaci\u00f3n de contacto<\/li><li><i class=\"fa fa-map-marker\"><\/i> Avda. Astrof\u00edsico Francisco S\u00e1nchez, SN. Edificio Calabaza - AN.2D Apdo. 456 38200 San Crist\u00f3bal de La Laguna.<\/li><li><i class=\"fa fa-phone\"><\/i> (+34) 922 31 79 00 \/ 95 38<\/li><li><i class=\"fa fa-envelope\"><\/i>  <a href=mailto:tpropios@ull.es>tpropios@ull.es<\/a><\/li>\n<\/ul>\n\n\n\n\n\n<div class=\"wp-block-stackable-spacer stk-block-spacer stk--no-padding stk-block stk-6d33d0e\" data-block-id=\"6d33d0e\"><style>.stk-6d33d0e {height:25px !important;}<\/style><\/div>\n<\/div><\/div><\/div>\n<\/div><\/div>\n","protected":false},"excerpt":{"rendered":"<p>Formas de pago El&nbsp;Experto Universitario en Parentalidad Positiva y Convivencia Familiar&nbsp;tiene un coste de 800\u20ac&nbsp; Si est\u00e1s trabajando su empresa puede acogerse al sistema de formaci\u00f3n bonificada a trav\u00e9s de&nbsp;FUNDAE&nbsp;(contacta con nosotros cuanto antes para tramitarlo). Para m\u00e1s informaci\u00f3n: Adem\u00e1s, puedes fraccionar el pago, tramitamos tu cr\u00e9dito desde la&nbsp;Fundaci\u00f3n General de la ULL&nbsp;a&nbsp;trav\u00e9s de Cajasiete&nbsp;de&#8230;<\/p>","protected":false},"author":15,"featured_media":0,"parent":0,"menu_order":0,"comment_status":"closed","ping_status":"closed","template":"templates\/template-frontpage.php","meta":{"footnotes":""},"class_list":["post-124","page","type-page","status-publish","hentry"],"_links":{"self":[{"href":"https:\/\/www.ull.es\/formacion-permanente\/diploma-de-experto-parentalidad-positiva-convivencia-familiar\/en\/wp-json\/wp\/v2\/pages\/124","targetHints":{"allow":["GET"]}}],"collection":[{"href":"https:\/\/www.ull.es\/formacion-permanente\/diploma-de-experto-parentalidad-positiva-convivencia-familiar\/en\/wp-json\/wp\/v2\/pages"}],"about":[{"href":"https:\/\/www.ull.es\/formacion-permanente\/diploma-de-experto-parentalidad-positiva-convivencia-familiar\/en\/wp-json\/wp\/v2\/types\/page"}],"author":[{"embeddable":true,"href":"https:\/\/www.ull.es\/formacion-permanente\/diploma-de-experto-parentalidad-positiva-convivencia-familiar\/en\/wp-json\/wp\/v2\/users\/15"}],"replies":[{"embeddable":true,"href":"https:\/\/www.ull.es\/formacion-permanente\/diploma-de-experto-parentalidad-positiva-convivencia-familiar\/en\/wp-json\/wp\/v2\/comments?post=124"}],"version-history":[{"count":4,"href":"https:\/\/www.ull.es\/formacion-permanente\/diploma-de-experto-parentalidad-positiva-convivencia-familiar\/en\/wp-json\/wp\/v2\/pages\/124\/revisions"}],"predecessor-version":[{"id":260,"href":"https:\/\/www.ull.es\/formacion-permanente\/diploma-de-experto-parentalidad-positiva-convivencia-familiar\/en\/wp-json\/wp\/v2\/pages\/124\/revisions\/260"}],"wp:attachment":[{"href":"https:\/\/www.ull.es\/formacion-permanente\/diploma-de-experto-parentalidad-positiva-convivencia-familiar\/en\/wp-json\/wp\/v2\/media?parent=124"}],"curies":[{"name":"wp","href":"https:\/\/api.w.org\/{rel}","templated":true}]}}