{"id":26,"date":"2018-03-15T09:25:25","date_gmt":"2018-03-15T09:25:25","guid":{"rendered":"http:\/\/www.ull.es\/formacion-permanente\/experto-universitario-parentalidad-positiva-convivencia-familiar\/?page_id=26"},"modified":"2019-03-18T08:50:55","modified_gmt":"2019-03-18T08:50:55","slug":"justificacion-del-titulo","status":"publish","type":"page","link":"https:\/\/www.ull.es\/formacion-permanente\/diploma-de-experto-parentalidad-positiva-convivencia-familiar\/justificacion-del-titulo\/","title":{"rendered":"Justificaci\u00f3n del t\u00edtulo"},"content":{"rendered":"<h1>Justificaci\u00f3n del t\u00edtulo<\/h1>\n<p>La presente titulaci\u00f3n de experto se enmarca en el nuevo paradigma que se est\u00e1 desarrollando en Europa en el \u00e1mbito del trabajo con familias, ligado a los cambios sociales y demogr\u00e1ficos, las crisis econ\u00f3micas y pol\u00edticas as\u00ed como a los nuevos valores y comportamientos que se adoptan en la sociedad actual y que han complicado la tarea de ser padres. Contribuyen adem\u00e1s a dicha complejidad en la tarea socializadora otros factores asociados tales como: la gran diversidad de formas familiares y de culturas existentes, la necesidad de conciliar la vida personal, familiar y laboral, la mayor sensibilidad ante las situaciones de infracci\u00f3n y desprotecci\u00f3n del menor, la violencia de g\u00e9nero, las necesidades de apoyo de las familias inmigrantes y aquellas con miembros discapacitados o dependientes. Todos ellos son factores que incrementan la variabilidad familiar y los retos existentes en la tarea de ser padres y madres.<\/p>\n<p>El Consejo de Europa, consciente de la importancia de las familias y del buen desempe\u00f1o de las responsabilidades parentales en la sociedad actual ha promovido la\u00a0<a href=\"https:\/\/www.mscbs.gob.es\/ssi\/familiasInfancia\/parentalidadPos2012\/docs\/informeRecomendacion.pdf\" target=\"_blank\" rel=\"noopener\" target=\"_blank\" rel=\"noopener\">Recomendaci\u00f3n Rec (2006), sobre Pol\u00edticas de Apoyo al Ejercicio Positivo de la Parentalidad<\/a>.<\/p>\n<p>El concepto de parentalidad positiva se refiere \u00abal comportamiento de los\u00a0padres fundamentado en el inter\u00e9s superior del ni\u00f1o, que cuida, desarrolla sus\u00a0capacidades, no es violento y ofrece reconocimiento y orientaci\u00f3n que incluyen el\u00a0establecimiento de l\u00edmites que permitan el pleno desarrollo del ni\u00f1o\u00bb. Seg\u00fan la\u00a0recomendaci\u00f3n, el objetivo de la tarea de ser padres es el de promover relaciones\u00a0positivas entre padres e hijos, fundadas en el ejercicio de la responsabilidad\u00a0parental, para garantizar los derechos del menor en el seno de la familia y\u00a0optimizar el desarrollo potencial del menor y su bienestar. Asimismo, la\u00a0Recomendaci\u00f3n del Consejo de Europa se propone conseguir que los Estados\u00a0miembros sean conscientes de la necesidad de proporcionar a los padres los\u00a0mecanismos de apoyo suficientes para cumplir sus importantes responsabilidades\u00a0en la crianza y educaci\u00f3n de sus hijos.<\/p>\n<p>Para proporcionar el apoyo adecuado al ejercicio de la parentalidad positiva\u00a0es necesario contar con buenos profesionales formados en este nuevo enfoque y\u00a0buenos servicios para poder llevar a cabo dicha labor de apoyo. En particular, los\u00a0profesionales interesados en adoptar este nuevo enfoque deben aprender una\u00a0serie de pr\u00e1cticas entre las que se encuentran:<\/p>\n<ul>\n<li>Fomentar en los servicios de apoyo a las familias un modo de actuar proactivo\u00a0y no s\u00f3lo reactivo ante las situaciones familiares<\/li>\n<li>Reconocer la gran diversidad de formas familiares y desarrollar actuaciones para promover la convivencia familiar<\/li>\n<li>Garantizar y propiciar la preservaci\u00f3n familiar y los v\u00ednculos afectivos\u00a0existentes en las familias en riesgo psicosocial.<\/li>\n<li>Propiciar la colaboraci\u00f3n, responsabilizaci\u00f3n y el fomento de la autonom\u00eda de<br \/>\ntodas las familias.<\/li>\n<li>Promover en los profesionales una visi\u00f3n positiva de las competencias de las\u00a0familias, a\u00fan en las situaciones m\u00e1s adversas, con el f in de promover las.<\/li>\n<li>Adoptar un punto de vista m\u00e1s comunitario y preventivo al considerar que se\u00a0debe hacer un esfuerzo por desarrollar comunidades protectoras y sensibles a\u00a0las necesidades de las familias.<\/li>\n<\/ul>\n<p>Tomando en consideraci\u00f3n esas necesidades espec\u00edficas de formaci\u00f3n de los\u00a0profesionales que trabajan con las familias, se oferta este t\u00edtulo de experto\u00a0internacional online en Parentalidad Positiva y Convivencia Familiar, el cual\u00a0tiene los siguientes objetivos:<\/p>\n<ol>\n<li>Conocer un nuevo enfoque de trabajo con familias basado en la\u00a0prevenci\u00f3n y promoci\u00f3n de capacidades.<\/li>\n<li>Adquirir competencias profesionales para favorecer la convivencia en las\u00a0nuevas formas familiares.<\/li>\n<li>Aplicar instrumentos y protocolos para la evaluaci\u00f3n familiar desde la\u00a0perspectiva de la parentalidad positiva.<\/li>\n<li>Aplicar programas de intervenci\u00f3n familiar basados en evidencias para\u00a0promover la parentalidad positiva.<\/li>\n<li>Reflexionar sobre las buenas pr\u00e1cticas profesionales en parentalidad positiva.<\/li>\n<\/ol>\n","protected":false},"excerpt":{"rendered":"<p>Justificaci\u00f3n del t\u00edtulo La presente titulaci\u00f3n de experto se enmarca en el nuevo paradigma que se est\u00e1 desarrollando en Europa en el \u00e1mbito del trabajo con familias, ligado a los cambios sociales y demogr\u00e1ficos, las crisis econ\u00f3micas y pol\u00edticas as\u00ed como a los nuevos valores y comportamientos que se adoptan en la sociedad actual y&#8230;<\/p>\n","protected":false},"author":1,"featured_media":0,"parent":0,"menu_order":0,"comment_status":"closed","ping_status":"closed","template":"","meta":{"footnotes":""},"class_list":["post-26","page","type-page","status-publish","hentry"],"_links":{"self":[{"href":"https:\/\/www.ull.es\/formacion-permanente\/diploma-de-experto-parentalidad-positiva-convivencia-familiar\/wp-json\/wp\/v2\/pages\/26","targetHints":{"allow":["GET"]}}],"collection":[{"href":"https:\/\/www.ull.es\/formacion-permanente\/diploma-de-experto-parentalidad-positiva-convivencia-familiar\/wp-json\/wp\/v2\/pages"}],"about":[{"href":"https:\/\/www.ull.es\/formacion-permanente\/diploma-de-experto-parentalidad-positiva-convivencia-familiar\/wp-json\/wp\/v2\/types\/page"}],"author":[{"embeddable":true,"href":"https:\/\/www.ull.es\/formacion-permanente\/diploma-de-experto-parentalidad-positiva-convivencia-familiar\/wp-json\/wp\/v2\/users\/1"}],"replies":[{"embeddable":true,"href":"https:\/\/www.ull.es\/formacion-permanente\/diploma-de-experto-parentalidad-positiva-convivencia-familiar\/wp-json\/wp\/v2\/comments?post=26"}],"version-history":[{"count":5,"href":"https:\/\/www.ull.es\/formacion-permanente\/diploma-de-experto-parentalidad-positiva-convivencia-familiar\/wp-json\/wp\/v2\/pages\/26\/revisions"}],"predecessor-version":[{"id":107,"href":"https:\/\/www.ull.es\/formacion-permanente\/diploma-de-experto-parentalidad-positiva-convivencia-familiar\/wp-json\/wp\/v2\/pages\/26\/revisions\/107"}],"wp:attachment":[{"href":"https:\/\/www.ull.es\/formacion-permanente\/diploma-de-experto-parentalidad-positiva-convivencia-familiar\/wp-json\/wp\/v2\/media?parent=26"}],"curies":[{"name":"wp","href":"https:\/\/api.w.org\/{rel}","templated":true}]}}