{"id":154,"date":"2019-05-28T12:22:52","date_gmt":"2019-05-28T12:22:52","guid":{"rendered":"http:\/\/www.ull.es\/formacion-permanente\/experto-universitario-psicomotricidad-relacional\/?page_id=154"},"modified":"2026-02-13T13:46:28","modified_gmt":"2026-02-13T13:46:28","slug":"formas-de-pago","status":"publish","type":"page","link":"https:\/\/www.ull.es\/formacion-permanente\/diploma-de-experto-psicomotricidad-relacional-atencion-temprana\/en\/formas-de-pago\/","title":{"rendered":"Payment methods"},"content":{"rendered":"\n<div class=\"wp-block-stackable-columns alignfull stk-block-columns stk-block stk-8657999\" data-block-id=\"8657999\"><style>.stk-8657999 {padding-bottom:0px !important;margin-top:-30px !important;margin-bottom:0px !important;}@media screen and (max-width: 767px){.stk-8657999 {margin-top:-10% !important;}}<\/style><div class=\"stk-row stk-inner-blocks stk-block-content stk-content-align stk-8657999-column alignfull\">\n<div class=\"wp-block-stackable-column stk-block-column stk-column stk-block stk-914f03e\" data-v=\"4\" data-block-id=\"914f03e\"><div class=\"stk-column-wrapper stk-block-column__content stk-container stk-914f03e-container stk--no-background stk--no-padding\"><div class=\"stk-block-content stk-inner-blocks stk-914f03e-inner-blocks\"><style id=\"depicter-2-inline-pre-css\">\n\n.depicter-2:not(.depicter-ready){\n\theight:450px;\n}\n\n\/***** Tablet *****\/\n@media screen and (max-width: 1024px){\n\n.depicter-2:not(.depicter-ready){\n\theight:700px;\n}\n\n}\n\/***** Mobile *****\/\n@media screen and (max-width: 767px){\n\n.depicter-2:not(.depicter-ready){\n\theight:450px;\n}\n\n}\n<\/style>\n<div id=\"depicter-2\" class=\"depicter depicter-document depicter-revert depicter-2 depicter-layout-fullwidth\">\n\n<div class=\"depicter-loading-container depicter-loading dotFlashing-dark\"><div class=\"depicter-loading-dark depicter-dot-flashing\">\n   <span><\/span>\n   <span><\/span>\n   <span><\/span>\n<\/div>\n<\/div>\n<div id=\"depicter-2-section-1\" class=\"depicter-section depicter-2-section-1\" data-name=\"Section 1\" data-type=\"section\" data-local-id=\"section-1\">\n<picture class=\"depicter-bg\">\n<source data-depicter-srcset=\"https:\/\/www.ull.es\/formacion-permanente\/diploma-de-experto-psicomotricidad-relacional-atencion-temprana\/wp-content\/uploads\/sites\/9\/2025\/08\/Header-TTPP_DEx_Psicomotricidad-Relacional-768x248.jpg, https:\/\/www.ull.es\/formacion-permanente\/diploma-de-experto-psicomotricidad-relacional-atencion-temprana\/wp-content\/uploads\/sites\/9\/2025\/08\/Header-TTPP_DEx_Psicomotricidad-Relacional.jpg 2x\" srcset=\"data:image\/gif;base64,R0lGODlhAQABAIAAAAAAAP\/\/\/yH5BAEAAAAALAAAAAABAAEAAAIBRAA7\" media=\"(max-width: 1024px)\" \/>\n\n<source data-depicter-srcset=\"https:\/\/www.ull.es\/formacion-permanente\/diploma-de-experto-psicomotricidad-relacional-atencion-temprana\/wp-content\/uploads\/sites\/9\/2025\/08\/Header-TTPP_DEx_Psicomotricidad-Relacional.jpg, https:\/\/www.ull.es\/formacion-permanente\/diploma-de-experto-psicomotricidad-relacional-atencion-temprana\/wp-content\/uploads\/sites\/9\/2025\/08\/Header-TTPP_DEx_Psicomotricidad-Relacional-1900x614.jpg 2x\" srcset=\"data:image\/gif;base64,R0lGODlhAQABAIAAAAAAAP\/\/\/yH5BAEAAAAALAAAAAABAAEAAAIBRAA7\" media=\"(min-width: 1025px)\" \/>\n<img decoding=\"async\" src=\"data:image\/gif;base64,R0lGODlhAQABAIAAAAAAAP\/\/\/yH5BAEAAAAALAAAAAABAAEAAAIBRAA7\" data-ken-burns=\"false\" data-tablet-ken-burns=\"false\" data-mobile-ken-burns=\"false\" alt=\"\" data-depicter-src=\"https:\/\/www.ull.es\/formacion-permanente\/diploma-de-experto-psicomotricidad-relacional-atencion-temprana\/wp-content\/uploads\/sites\/9\/2025\/08\/Header-TTPP_DEx_Psicomotricidad-Relacional.jpg\" data-object-fit=\"custom,custom,\" data-object-position=\"center top,,\" data-crop=\"{'focalPoint':{'x':0.5,'y':0.460000000000000019984014443252817727625370025634765625},'mediaSize':{'width':1792,'height':579}}\" data-tablet-crop=\"{'focalPoint':{'x':0.5,'y':0.5},'mediaSize':{'width':2166.12377850162874892703257501125335693359375,'height':700}}\" data-mobile-crop=\"{'focalPoint':{'x':0.5,'y':0.5},'mediaSize':{'width':1392.50814332247546190046705305576324462890625,'height':450}}\" \/>\n<\/picture>\n\n\n<h1 id=\"depicter-2-element-5\" class=\"depicter-element depicter-layer depicter-2-element-5\" data-type=\"text\" data-wrap=\"true\" data-name=\"Text 2\" data-local-id=\"element-5\" data-offset=\"x:0px;y:99px;origin:tl\" data-tablet-offset=\"x:188px;y:170px;origin:tl\" data-mobile-offset=\"x:0px;y:175px;origin:tl\" data-width=\"1200px,646px,376px\" data-height=\"auto,auto,auto\" data-responsive-scale=\"true,,\">Diploma de Experto\/a en Psicomotricidad Relacional y Atenci\u00f3n Temprana<br><\/h1>\n\n<div id=\"depicter-2-element-10\" class=\"depicter-element depicter-layer depicter-2-element-10\" data-type=\"shape\" data-wrap=\"true\" data-name=\"Shape 1\" data-local-id=\"element-10\" data-offset=\"x:0px;y:366px;origin:tl\" data-tablet-offset=\"x:188px;y:557px;origin:tl\" data-mobile-offset=\"x:0px;y:333px;origin:tl\" data-width=\"1021px,647px,360px\" data-height=\"8px,8px,8px\" data-responsive-scale=\"true,,\"><\/div>\n<\/div>\n<\/div>\n<script>\n(window.depicterSetups = window.depicterSetups || []).push(function(){\n\tDepicter.basePath = 'https:\/\/www.ull.es\/formacion-permanente\/diploma-de-experto-psicomotricidad-relacional-atencion-temprana\/wp-content\/plugins\/depicter\/resources\/scripts\/player\/';\n\tconst dpPlayer = Depicter.setup('.depicter-2',\n\t\t{\"width\":[\"1200\",\"1024\",\"360\"],\"height\":[\"450\",\"700\",\"450\"],\"view\":\"basic\",\"keepAspectRatio\":true,\"preload\":0,\"layout\":\"fullwidth\",\"rtl\":false,\"initAfterAppear\":false,\"ajaxApiUrl\":\"https:\\\/\\\/www.ull.es\\\/formacion-permanente\\\/diploma-de-experto-psicomotricidad-relacional-atencion-temprana\\\/wp-admin\\\/admin-ajax.php\",\"mouseSwipe\":true,\"touchSwipe\":true,\"useWatermark\":false}\n\t);\n});\n<\/script><\/div><\/div><\/div>\n<\/div><\/div>\n\n\n\n<div class=\"wp-block-stackable-columns alignfull stk-block-columns stk--hide-mobile stk-block stk-ceecbdc stk-block-background\" data-block-id=\"ceecbdc\"><style>.stk-ceecbdc {background-color:#e2be27 !important;padding-top:65px !important;padding-right:0px !important;padding-bottom:2px !important;padding-left:0px !important;margin-top:-20px !important;margin-bottom:0px !important;}.stk-ceecbdc:before{background-color:#e2be27 !important;}<\/style><div class=\"stk-row stk-inner-blocks stk-block-content stk-content-align stk-ceecbdc-column alignfull\">\n<div class=\"wp-block-stackable-column stk-block-column stk-column stk-block stk-fc60a5d\" data-v=\"4\" data-block-id=\"fc60a5d\"><div class=\"stk-column-wrapper stk-block-column__content stk-container stk-fc60a5d-container stk--no-background stk--no-padding\"><div class=\"stk-block-content stk-inner-blocks stk-fc60a5d-inner-blocks\">\n<div class=\"wp-block-stackable-spacer stk-block-spacer stk--no-padding stk-block stk-a3a8a68\" data-block-id=\"a3a8a68\"><style>.stk-a3a8a68 {height:0px !important;}<\/style><\/div>\n<\/div><\/div><\/div>\n<\/div><\/div>\n\n\n\n<div class=\"wp-block-stackable-columns stk-block-columns stk-block stk-8b59b96\" data-block-id=\"8b59b96\"><style>.stk-8b59b96 .stk--block-align-8b59b96{align-items:flex-start !important;}.stk-8b59b96 {margin-top:50px !important;}.stk-8b59b96-column{--stk-columns-spacing:0px !important;--stk-column-gap:50px !important;}@media screen and (max-width: 767px){.stk-8b59b96-column{row-gap:var(--stk--preset--spacing--60, 2.25rem) !important;}}<\/style><div class=\"stk-row stk-inner-blocks stk--block-align-8b59b96 stk-block-content stk-content-align stk-8b59b96-column\">\n<div class=\"wp-block-stackable-column stk-block-column stk-column stk-block stk-dbb7e15\" data-v=\"4\" data-block-id=\"dbb7e15\"><style>@media screen and (min-width: 768px){.stk-dbb7e15 {flex:var(--stk-flex-grow, 1) 1 66.7% !important;}}<\/style><div class=\"stk-column-wrapper stk-block-column__content stk-container stk-dbb7e15-container stk--no-background stk--no-padding\"><div class=\"stk-block-content stk-inner-blocks stk-dbb7e15-inner-blocks\">\n<div class=\"wp-block-stackable-heading stk-block-heading stk-block-heading--v2 stk-block stk-fc6338c\" id=\"formas-de-pago\" data-block-id=\"fc6338c\"><style>.stk-fc6338c .stk-block-heading__text{color:#000000 !important;}<\/style><h1 class=\"stk-block-heading__text has-text-color\">Formas de pago<\/h1><\/div>\n\n\n\n<div class=\"wp-block-stackable-text stk-block-text stk-block stk-83a8b2a\" data-block-id=\"83a8b2a\"><p class=\"stk-block-text__text\">El\u00a0<strong>Experto Universitario en Psicomotricidad Relacional y Atenci\u00f3n Temprana<\/strong>\u00a0tiene un coste de 1.765,80 \u20ac<\/p><\/div>\n\n\n\n<p>Pueden realizarse 3 pagos fraccionados: matr\u00edcula, diciembre\u00a0y marzo.<\/p>\n\n\n\n<p>Si est\u00e1s trabajando su empresa puede acogerse al sistema de formaci\u00f3n bonificada a trav\u00e9s de&nbsp;<strong>FUNDAE<\/strong>&nbsp;(<em>contacta con nosotros cuanto antes para tramitarlo<\/em>).<\/p>\n\n\n\n<p>Adem\u00e1s, puedes fraccionar el pago, tramitamos tu cr\u00e9dito desde la&nbsp;<strong>Fundaci\u00f3n General de la ULL<\/strong>&nbsp;a&nbsp;<a href=\"https:\/\/fg.ull.es\/servicios-de-financiacion\/\" target=\"_blank\" rel=\"noreferrer noopener\" target=\"_blank\" rel=\"noopener\">trav\u00e9s de Cajasiete&nbsp;de Caixa Bank Consumer<\/a>, aportando la m\u00ednima documentaci\u00f3n y sin necesidad de cambiar de banco.<\/p>\n\n\n\n<p>En caso de que ya seas cliente dichas entidades s\u00f3lo necesitamos tu DNI y n\u00famero de tarjeta bancaria y, si no eres cliente, debes aportar, adem\u00e1s del DNI e IBAN de la cuenta donde deseas domiciliar el pago, los documentos que justifiquen tus ingresos (N\u00f3minas, declaraci\u00f3n de IRPF\u2026)<\/p>\n\n\n\n<p>Si quieres m\u00e1s informaci\u00f3n env\u00edanos un mail a&nbsp;<a href=\"mailto:tpropios@ull.es\" target=\"_blank\" rel=\"noreferrer noopener\" target=\"_blank\" rel=\"noopener\">tpropios@ull.es<\/a>&nbsp;para comenzar con la tramitaci\u00f3n del cr\u00e9dito que podr\u00e1s fraccionar en c\u00f3modas cuotas mensuales.<\/p>\n\n\n\n<p>Puedes&nbsp;<a href=\"https:\/\/fg.ull.es\/servicios-de-financiacion\/\" target=\"_blank\" rel=\"noreferrer noopener\" target=\"_blank\" rel=\"noopener\">consultar m\u00e1s informaci\u00f3n sobre la financiaci\u00f3n en est\u00e1 direcci\u00f3n web<\/a>.<\/p>\n\n\n\n<p>Si tienes alguna duda o necesitas asistencia en un tr\u00e1mite, puedes contactar con nosotros en:<\/p>\n\n\n\n<ul class=\"wp-block-list\">\n<li>Tel\u00e9fonos: (+34)922319538 \/ (+34)92231957900<\/li>\n\n\n\n<li>Correo electr\u00f3nico:&nbsp;<a href=\"mailto:secretaria@fg.ull.es\" target=\"_blank\" rel=\"noreferrer noopener\" target=\"_blank\" rel=\"noopener\">secretaria@fg.ull.es<\/a><\/li>\n<\/ul>\n\n\n\n<p>Horario&nbsp;de atenci\u00f3n al p\u00fablico:<\/p>\n\n\n\n<p>Lunes a viernes de 9:00 a 13:00 horas.<\/p>\n<\/div><\/div><\/div>\n\n\n\n<div class=\"wp-block-stackable-column stk-block-column stk-column stk-block stk-53ec762\" data-v=\"4\" data-block-id=\"53ec762\"><style>.stk-53ec762-inner-blocks{row-gap:0px !important;}.stk-53ec762 {padding-top:0px !important;padding-right:0px !important;padding-bottom:0px !important;padding-left:0px !important;margin-top:1.75% !important;}@media screen and (min-width: 768px){.stk-53ec762 {flex:var(--stk-flex-grow, 1) 1 33.3% !important;}}<\/style><div class=\"stk-column-wrapper stk-block-column__content stk-container stk-53ec762-container stk--no-background stk--no-padding\"><div class=\"stk-block-content stk-inner-blocks stk-53ec762-inner-blocks\">\n<ul class=\"widget-box\">\n<li class='contacto-header'>Informaci\u00f3n de contacto<\/li><li><i class=\"fa fa-map-marker\"><\/i> Avda. Astrof\u00edsico Francisco S\u00e1nchez, SN. Edificio Calabaza - AN.2D Apdo. 456 38200 San Crist\u00f3bal de La Laguna.<\/li><li><i class=\"fa fa-phone\"><\/i> (+34) 922 31 79 00 \/ 95 38<\/li><li><i class=\"fa fa-envelope\"><\/i>  <a href=mailto:tpropios@ull.es>tpropios@ull.es<\/a><\/li>\n<\/ul>\n\n\n\n\n\n<div class=\"wp-block-stackable-spacer stk-block-spacer stk--no-padding stk-block stk-6d33d0e\" data-block-id=\"6d33d0e\"><style>.stk-6d33d0e {height:25px !important;}<\/style><\/div>\n<\/div><\/div><\/div>\n<\/div><\/div>\n","protected":false},"excerpt":{"rendered":"<p>Payment Options: The University Expert in Relational Psychomotor Skills and Early Intervention costs \u20ac1,765.80. Three installments are available: registration, December, and March. If you are employed, your company may be eligible for subsidized training through FUNDAE (contact us as soon as possible to process your application). You can also pay in installments; we can process your FUNDAE funding application.<\/p>","protected":false},"author":15,"featured_media":0,"parent":0,"menu_order":0,"comment_status":"closed","ping_status":"closed","template":"templates\/template-frontpage.php","meta":{"footnotes":""},"class_list":["post-154","page","type-page","status-publish","hentry"],"_links":{"self":[{"href":"https:\/\/www.ull.es\/formacion-permanente\/diploma-de-experto-psicomotricidad-relacional-atencion-temprana\/en\/wp-json\/wp\/v2\/pages\/154","targetHints":{"allow":["GET"]}}],"collection":[{"href":"https:\/\/www.ull.es\/formacion-permanente\/diploma-de-experto-psicomotricidad-relacional-atencion-temprana\/en\/wp-json\/wp\/v2\/pages"}],"about":[{"href":"https:\/\/www.ull.es\/formacion-permanente\/diploma-de-experto-psicomotricidad-relacional-atencion-temprana\/en\/wp-json\/wp\/v2\/types\/page"}],"author":[{"embeddable":true,"href":"https:\/\/www.ull.es\/formacion-permanente\/diploma-de-experto-psicomotricidad-relacional-atencion-temprana\/en\/wp-json\/wp\/v2\/users\/15"}],"replies":[{"embeddable":true,"href":"https:\/\/www.ull.es\/formacion-permanente\/diploma-de-experto-psicomotricidad-relacional-atencion-temprana\/en\/wp-json\/wp\/v2\/comments?post=154"}],"version-history":[{"count":10,"href":"https:\/\/www.ull.es\/formacion-permanente\/diploma-de-experto-psicomotricidad-relacional-atencion-temprana\/en\/wp-json\/wp\/v2\/pages\/154\/revisions"}],"predecessor-version":[{"id":401,"href":"https:\/\/www.ull.es\/formacion-permanente\/diploma-de-experto-psicomotricidad-relacional-atencion-temprana\/en\/wp-json\/wp\/v2\/pages\/154\/revisions\/401"}],"wp:attachment":[{"href":"https:\/\/www.ull.es\/formacion-permanente\/diploma-de-experto-psicomotricidad-relacional-atencion-temprana\/en\/wp-json\/wp\/v2\/media?parent=154"}],"curies":[{"name":"wp","href":"https:\/\/api.w.org\/{rel}","templated":true}]}}