{"id":107,"date":"2018-06-06T09:25:28","date_gmt":"2018-06-06T09:25:28","guid":{"rendered":"http:\/\/www.ull.es\/formacion-permanente\/experto-universitario-psicomotricidad-relacional\/?page_id=107"},"modified":"2022-05-22T13:07:06","modified_gmt":"2022-05-22T13:07:06","slug":"perfil-ingreso-egreso","status":"publish","type":"page","link":"https:\/\/www.ull.es\/formacion-permanente\/diploma-de-experto-psicomotricidad-relacional-atencion-temprana\/fr\/perfil-ingreso-egreso\/","title":{"rendered":"Profil d&#039;entr\u00e9e et de sortie"},"content":{"rendered":"<h1>Profil d&#039;entr\u00e9e et de sortie<\/h1>\n<ul>\n<li><strong>Profil d&#039;entr\u00e9e\u00a0: <\/strong><\/li>\n<\/ul>\n<p>Les conditions d&#039;admission offrent de nombreuses possibilit\u00e9s d&#039;acc\u00e8s, notamment aux \u00e9tudiants en p\u00e9dagogie, psychop\u00e9dagogie, psychologie, orthophonie, formation des enseignants, kin\u00e9sith\u00e9rapie, ergoth\u00e9rapie, soins infirmiers ou travail social. Des connaissances pr\u00e9alables en comp\u00e9tences psychomotrices seront prises en compte si n\u00e9cessaire, en fonction du nombre d&#039;\u00e9tudiants pr\u00e9inscrits.<\/p>\n<ul>\n<li><strong>Profil du dipl\u00f4m\u00e9 :<\/strong><\/li>\n<\/ul>\n<p>Le profil du dipl\u00f4m\u00e9 offre diff\u00e9rentes perspectives professionnelles telles que : psychomotricien ; intervention aupr\u00e8s d&#039;enfants d&#039;\u00e2ge scolaire avec ou sans besoins sp\u00e9cifiques de soutien \u00e9ducatif, avec les domaines de travail suivants : intervention pr\u00e9coce, centres \u00e9ducatifs, cabinets priv\u00e9s, soins de sant\u00e9.<\/p>","protected":false},"excerpt":{"rendered":"<p>Profil d&#039;entr\u00e9e et de sortie Profil d&#039;entr\u00e9e\u00a0: Les conditions d&#039;admission offrent un large \u00e9ventail de possibilit\u00e9s d&#039;acc\u00e8s, notamment pour les \u00e9tudiants en p\u00e9dagogie, psychop\u00e9dagogie, psychologie, orthophonie, formation des enseignants, physioth\u00e9rapie, ergoth\u00e9rapie, soins infirmiers ou travail social. Les connaissances pr\u00e9alables en comp\u00e9tences psychomotrices seront \u00e9valu\u00e9es, le cas \u00e9ch\u00e9ant, en fonction du nombre d&#039;\u00e9tudiants pr\u00e9inscrits. Profil de sortie\u2026<\/p>","protected":false},"author":10,"featured_media":0,"parent":0,"menu_order":0,"comment_status":"closed","ping_status":"closed","template":"","meta":{"footnotes":""},"class_list":["post-107","page","type-page","status-publish","hentry"],"_links":{"self":[{"href":"https:\/\/www.ull.es\/formacion-permanente\/diploma-de-experto-psicomotricidad-relacional-atencion-temprana\/fr\/wp-json\/wp\/v2\/pages\/107","targetHints":{"allow":["GET"]}}],"collection":[{"href":"https:\/\/www.ull.es\/formacion-permanente\/diploma-de-experto-psicomotricidad-relacional-atencion-temprana\/fr\/wp-json\/wp\/v2\/pages"}],"about":[{"href":"https:\/\/www.ull.es\/formacion-permanente\/diploma-de-experto-psicomotricidad-relacional-atencion-temprana\/fr\/wp-json\/wp\/v2\/types\/page"}],"author":[{"embeddable":true,"href":"https:\/\/www.ull.es\/formacion-permanente\/diploma-de-experto-psicomotricidad-relacional-atencion-temprana\/fr\/wp-json\/wp\/v2\/users\/10"}],"replies":[{"embeddable":true,"href":"https:\/\/www.ull.es\/formacion-permanente\/diploma-de-experto-psicomotricidad-relacional-atencion-temprana\/fr\/wp-json\/wp\/v2\/comments?post=107"}],"version-history":[{"count":3,"href":"https:\/\/www.ull.es\/formacion-permanente\/diploma-de-experto-psicomotricidad-relacional-atencion-temprana\/fr\/wp-json\/wp\/v2\/pages\/107\/revisions"}],"predecessor-version":[{"id":244,"href":"https:\/\/www.ull.es\/formacion-permanente\/diploma-de-experto-psicomotricidad-relacional-atencion-temprana\/fr\/wp-json\/wp\/v2\/pages\/107\/revisions\/244"}],"wp:attachment":[{"href":"https:\/\/www.ull.es\/formacion-permanente\/diploma-de-experto-psicomotricidad-relacional-atencion-temprana\/fr\/wp-json\/wp\/v2\/media?parent=107"}],"curies":[{"name":"wp","href":"https:\/\/api.w.org\/{rel}","templated":true}]}}