{"id":107,"date":"2018-06-06T09:25:28","date_gmt":"2018-06-06T09:25:28","guid":{"rendered":"http:\/\/www.ull.es\/formacion-permanente\/experto-universitario-psicomotricidad-relacional\/?page_id=107"},"modified":"2022-05-22T13:07:06","modified_gmt":"2022-05-22T13:07:06","slug":"perfil-ingreso-egreso","status":"publish","type":"page","link":"https:\/\/www.ull.es\/formacion-permanente\/diploma-de-experto-psicomotricidad-relacional-atencion-temprana\/perfil-ingreso-egreso\/","title":{"rendered":"Perfil de ingreso y egreso"},"content":{"rendered":"<h1>Perfil de ingreso y egreso<\/h1>\n<ul>\n<li><strong>Perfil de ingreso: <\/strong><\/li>\n<\/ul>\n<p>Los requisitos previos de admisi\u00f3n ofrecen un amplio abanico de posibilidades de acceso, especialmente para alumnado de Pedagog\u00eda, Psicopedagog\u00eda, Psicolog\u00eda, Logopedia, Magisterio, Fisioterapia, Terapia ocupacional, Enfermer\u00eda o Trabajo social. Se valorar\u00e1 si es necesario por el n\u00famero de alumnado preinscrito, sus conocimientos previos en psicomotricidad.<\/p>\n<ul>\n<li><strong>Perfil de egreso:<\/strong><\/li>\n<\/ul>\n<p>El perfil del egresado ofrece difrentes perspectivas profesionales como son: Psicomotricista; Intervenci\u00f3n con ni\u00f1os y ni\u00f1as en edad escolar con o sin necesidades espec\u00edficas de apoyo educativo, siendo los \u00e1mbitos de trabajo:\u00a0 Atenci\u00f3n Temprana, Centros educativos, Gabinetes privados, Atenci\u00f3n Sanitaria.<\/p>\n","protected":false},"excerpt":{"rendered":"<p>Perfil de ingreso y egreso Perfil de ingreso: Los requisitos previos de admisi\u00f3n ofrecen un amplio abanico de posibilidades de acceso, especialmente para alumnado de Pedagog\u00eda, Psicopedagog\u00eda, Psicolog\u00eda, Logopedia, Magisterio, Fisioterapia, Terapia ocupacional, Enfermer\u00eda o Trabajo social. Se valorar\u00e1 si es necesario por el n\u00famero de alumnado preinscrito, sus conocimientos previos en psicomotricidad. Perfil de&#8230;<\/p>\n","protected":false},"author":10,"featured_media":0,"parent":0,"menu_order":0,"comment_status":"closed","ping_status":"closed","template":"","meta":{"footnotes":""},"class_list":["post-107","page","type-page","status-publish","hentry"],"_links":{"self":[{"href":"https:\/\/www.ull.es\/formacion-permanente\/diploma-de-experto-psicomotricidad-relacional-atencion-temprana\/wp-json\/wp\/v2\/pages\/107","targetHints":{"allow":["GET"]}}],"collection":[{"href":"https:\/\/www.ull.es\/formacion-permanente\/diploma-de-experto-psicomotricidad-relacional-atencion-temprana\/wp-json\/wp\/v2\/pages"}],"about":[{"href":"https:\/\/www.ull.es\/formacion-permanente\/diploma-de-experto-psicomotricidad-relacional-atencion-temprana\/wp-json\/wp\/v2\/types\/page"}],"author":[{"embeddable":true,"href":"https:\/\/www.ull.es\/formacion-permanente\/diploma-de-experto-psicomotricidad-relacional-atencion-temprana\/wp-json\/wp\/v2\/users\/10"}],"replies":[{"embeddable":true,"href":"https:\/\/www.ull.es\/formacion-permanente\/diploma-de-experto-psicomotricidad-relacional-atencion-temprana\/wp-json\/wp\/v2\/comments?post=107"}],"version-history":[{"count":3,"href":"https:\/\/www.ull.es\/formacion-permanente\/diploma-de-experto-psicomotricidad-relacional-atencion-temprana\/wp-json\/wp\/v2\/pages\/107\/revisions"}],"predecessor-version":[{"id":244,"href":"https:\/\/www.ull.es\/formacion-permanente\/diploma-de-experto-psicomotricidad-relacional-atencion-temprana\/wp-json\/wp\/v2\/pages\/107\/revisions\/244"}],"wp:attachment":[{"href":"https:\/\/www.ull.es\/formacion-permanente\/diploma-de-experto-psicomotricidad-relacional-atencion-temprana\/wp-json\/wp\/v2\/media?parent=107"}],"curies":[{"name":"wp","href":"https:\/\/api.w.org\/{rel}","templated":true}]}}