{"id":39,"date":"2018-03-15T10:05:24","date_gmt":"2018-03-15T10:05:24","guid":{"rendered":"http:\/\/www.ull.es\/formacion-permanente\/diploma-especializacion-psicologia-deporte\/?page_id=39"},"modified":"2025-10-23T11:46:32","modified_gmt":"2025-10-23T11:46:32","slug":"equipo-docente","status":"publish","type":"page","link":"https:\/\/www.ull.es\/formacion-permanente\/diploma-especializacion-psicologia-deporte\/equipo-docente\/","title":{"rendered":"Equipo docente"},"content":{"rendered":"\n<div class=\"wp-block-stackable-columns alignfull stk-block-columns stk-block stk-8657999\" data-block-id=\"8657999\"><style>.stk-8657999 {padding-bottom:0px !important;margin-top:-30px !important;margin-bottom:0px !important;}@media screen and (max-width: 767px){.stk-8657999 {margin-top:-10% !important;}}<\/style><div class=\"stk-row stk-inner-blocks stk-block-content stk-content-align stk-8657999-column alignfull\">\n<div class=\"wp-block-stackable-column stk-block-column stk-column stk-block stk-914f03e\" data-v=\"4\" data-block-id=\"914f03e\"><div class=\"stk-column-wrapper stk-block-column__content stk-container stk-914f03e-container stk--no-background stk--no-padding\"><div class=\"stk-block-content stk-inner-blocks stk-914f03e-inner-blocks\"><style id=\"depicter-1-inline-pre-css\">\n\n.depicter-1:not(.depicter-ready){\n\theight:450px;\n}\n\n\/***** Tablet *****\/\n@media screen and (max-width: 1024px){\n\n.depicter-1:not(.depicter-ready){\n\theight:700px;\n}\n\n}\n\/***** Mobile *****\/\n@media screen and (max-width: 767px){\n\n.depicter-1:not(.depicter-ready){\n\theight:450px;\n}\n\n}\n<\/style>\n<div id=\"depicter-1\" class=\"depicter depicter-document depicter-revert depicter-1 depicter-layout-fullwidth\">\n\n<div class=\"depicter-loading-container depicter-loading dotFlashing-dark\"><div class=\"depicter-loading-dark depicter-dot-flashing\">\n   <span><\/span>\n   <span><\/span>\n   <span><\/span>\n<\/div>\n<\/div>\n<div id=\"depicter-1-section-1\" class=\"depicter-section depicter-1-section-1\" data-name=\"Section 1\" data-type=\"section\" data-local-id=\"section-1\">\n<picture class=\"depicter-bg\">\n<source data-depicter-srcset=\"https:\/\/www.ull.es\/formacion-permanente\/diploma-especializacion-psicologia-deporte\/wp-content\/uploads\/sites\/83\/2025\/10\/Header-TTPP_DE_Psicologia-de-la-Actividad-Fisica-y-del-Deporte-768x248.jpg, https:\/\/www.ull.es\/formacion-permanente\/diploma-especializacion-psicologia-deporte\/wp-content\/uploads\/sites\/83\/2025\/10\/Header-TTPP_DE_Psicologia-de-la-Actividad-Fisica-y-del-Deporte.jpg 2x\" srcset=\"data:image\/gif;base64,R0lGODlhAQABAIAAAAAAAP\/\/\/yH5BAEAAAAALAAAAAABAAEAAAIBRAA7\" media=\"(max-width: 1024px)\" \/>\n\n<source data-depicter-srcset=\"https:\/\/www.ull.es\/formacion-permanente\/diploma-especializacion-psicologia-deporte\/wp-content\/uploads\/sites\/83\/2025\/10\/Header-TTPP_DE_Psicologia-de-la-Actividad-Fisica-y-del-Deporte.jpg, https:\/\/www.ull.es\/formacion-permanente\/diploma-especializacion-psicologia-deporte\/wp-content\/uploads\/sites\/83\/2025\/10\/Header-TTPP_DE_Psicologia-de-la-Actividad-Fisica-y-del-Deporte-2000x646.jpg 2x\" srcset=\"data:image\/gif;base64,R0lGODlhAQABAIAAAAAAAP\/\/\/yH5BAEAAAAALAAAAAABAAEAAAIBRAA7\" media=\"(min-width: 1025px)\" \/>\n<img decoding=\"async\" src=\"data:image\/gif;base64,R0lGODlhAQABAIAAAAAAAP\/\/\/yH5BAEAAAAALAAAAAABAAEAAAIBRAA7\" alt=\"\" data-depicter-src=\"https:\/\/www.ull.es\/formacion-permanente\/diploma-especializacion-psicologia-deporte\/wp-content\/uploads\/sites\/83\/2025\/10\/Header-TTPP_DE_Psicologia-de-la-Actividad-Fisica-y-del-Deporte.jpg\" data-object-fit=\"cover,custom,\" data-object-position=\"center top,,\" data-crop=\"{'focalPoint':{'x':0.5,'y':0.5},'mediaSize':{'width':1393.188854489164214101037941873073577880859375,'height':450.00000000000005684341886080801486968994140625}}\" data-tablet-crop=\"{'focalPoint':{'x':0.5,'y':0.5},'mediaSize':{'width':2167.18266253869978754664771258831024169921875,'height':700}}\" data-mobile-crop=\"{'focalPoint':{'x':0.5,'y':0.5},'mediaSize':{'width':1393.188854489164214101037941873073577880859375,'height':450.00000000000005684341886080801486968994140625}}\" \/>\n<\/picture>\n\n\n<h1 id=\"depicter-1-element-5\" class=\"depicter-element depicter-layer depicter-1-element-5\" data-type=\"text\" data-wrap=\"true\" data-name=\"Text 2\" data-local-id=\"element-5\" data-offset=\"x:0px;y:99px;origin:tl\" data-tablet-offset=\"x:218px;y:170px;origin:tl\" data-mobile-offset=\"x:-8px;y:135px;origin:tl\" data-width=\"1157px,646px,376px\" data-height=\"auto,auto,auto\" data-responsive-scale=\"true,,\">Diploma de Especializaci\u00f3n en Psicolog\u00eda de la Actividad F\u00edsica y del Deporte<br><\/h1>\n\n<div id=\"depicter-1-element-10\" class=\"depicter-element depicter-layer depicter-1-element-10\" data-type=\"shape\" data-wrap=\"true\" data-name=\"Shape 1\" data-local-id=\"element-10\" data-offset=\"x:0px;y:358px;origin:tl\" data-tablet-offset=\"x:217px;y:543px;origin:tl\" data-mobile-offset=\"x:-8px;y:318px;origin:tl\" data-width=\"1138px,640px,353px\" data-height=\"8px,8px,8px\" data-responsive-scale=\"true,,\"><\/div>\n<\/div>\n<\/div>\n<script>\n(window.depicterSetups = window.depicterSetups || []).push(function(){\n\tDepicter.basePath = 'https:\/\/www.ull.es\/formacion-permanente\/diploma-especializacion-psicologia-deporte\/wp-content\/plugins\/depicter\/resources\/scripts\/player\/';\n\tconst dpPlayer = Depicter.setup('.depicter-1',\n\t\t{\"width\":[\"1200\",\"1024\",\"360\"],\"height\":[\"450\",\"700\",\"450\"],\"view\":\"basic\",\"keepAspectRatio\":true,\"preload\":0,\"layout\":\"fullwidth\",\"rtl\":false,\"initAfterAppear\":false,\"ajaxApiUrl\":\"https:\\\/\\\/www.ull.es\\\/formacion-permanente\\\/diploma-especializacion-psicologia-deporte\\\/wp-admin\\\/admin-ajax.php\",\"mouseSwipe\":true,\"touchSwipe\":true,\"useWatermark\":false}\n\t);\n});\n<\/script><\/div><\/div><\/div>\n<\/div><\/div>\n\n\n\n<div class=\"wp-block-stackable-columns alignfull stk-block-columns stk--hide-mobile stk-block stk-ceecbdc stk-block-background\" data-block-id=\"ceecbdc\"><style>.stk-ceecbdc {background-color:#e2be27 !important;padding-top:65px !important;padding-right:0px !important;padding-bottom:2px !important;padding-left:0px !important;margin-top:-20px !important;margin-bottom:0px !important;}.stk-ceecbdc:before{background-color:#e2be27 !important;}<\/style><div class=\"stk-row stk-inner-blocks stk-block-content stk-content-align stk-ceecbdc-column alignfull\">\n<div class=\"wp-block-stackable-column stk-block-column stk-column stk-block stk-fc60a5d\" data-v=\"4\" data-block-id=\"fc60a5d\"><div class=\"stk-column-wrapper stk-block-column__content stk-container stk-fc60a5d-container stk--no-background stk--no-padding\"><div class=\"stk-block-content stk-inner-blocks stk-fc60a5d-inner-blocks\">\n<div class=\"wp-block-stackable-spacer stk-block-spacer stk--no-padding stk-block stk-a3a8a68\" data-block-id=\"a3a8a68\"><style>.stk-a3a8a68 {height:0px !important;}<\/style><\/div>\n<\/div><\/div><\/div>\n<\/div><\/div>\n\n\n\n<div class=\"wp-block-stackable-columns stk-block-columns stk-block stk-8b59b96\" data-block-id=\"8b59b96\"><style>.stk-8b59b96 .stk--block-align-8b59b96{align-items:flex-start !important;}.stk-8b59b96 {margin-top:50px !important;}.stk-8b59b96-column{--stk-columns-spacing:0px !important;--stk-column-gap:50px !important;}@media screen and (max-width: 767px){.stk-8b59b96-column{row-gap:var(--stk--preset--spacing--60, 2.25rem) !important;}}<\/style><div class=\"stk-row stk-inner-blocks stk--block-align-8b59b96 stk-block-content stk-content-align stk-8b59b96-column\">\n<div class=\"wp-block-stackable-column stk-block-column stk-column stk-block stk-dbb7e15\" data-v=\"4\" data-block-id=\"dbb7e15\"><style>@media screen and (min-width: 768px){.stk-dbb7e15 {flex:var(--stk-flex-grow, 1) 1 66.7% !important;}}<\/style><div class=\"stk-column-wrapper stk-block-column__content stk-container stk-dbb7e15-container stk--no-background stk--no-padding\"><div class=\"stk-block-content stk-inner-blocks stk-dbb7e15-inner-blocks\">\n<div class=\"wp-block-stackable-heading stk-block-heading stk-block-heading--v2 stk-block stk-fc6338c\" id=\"equipo-docente\" data-block-id=\"fc6338c\"><style>.stk-fc6338c .stk-block-heading__text{color:#000000 !important;}<\/style><h1 class=\"stk-block-heading__text has-text-color\">Equipo docente<\/h1><\/div>\n\n\n\n<div class=\"wp-block-stackable-text stk-block-text stk-block stk-0182701\" data-block-id=\"0182701\"><p class=\"stk-block-text__text\"><\/p><\/div>\n\n\n\n<figure class=\"wp-block-table is-style-stripes\"><table class=\"has-fixed-layout\"><tbody><tr><td>Antonio Rodr\u00edguez Hern\u00e1ndez<\/td><td>Licenciado en Psicolog\u00eda<\/td><\/tr><tr><td>Francisco Javier Batista Espinosa<\/td><td>Licenciado en Psicolog\u00eda<\/td><\/tr><tr><td>Pedro Avero Delgado<\/td><td>Licenciado en Psicolog\u00eda<\/td><\/tr><tr><td>Rub\u00e9n Rodr\u00edguez Rodr\u00edguez<\/td><td>Licenciado en Psicolog\u00eda<\/td><\/tr><tr><td>Jon Ber\u00e1stegui Mart\u00ednez<\/td><td>Licenciado en Psicopedagog\u00eda<\/td><\/tr><tr><td>Marcela Herrera Gar\u00edn<\/td><td>Licenciado en Psicolog\u00eda<\/td><\/tr><tr><td>Marta Borrueco Carmona<\/td><td>Licenciado en Psicolog\u00eda<\/td><\/tr><tr><td>Juan Ram\u00f3n \u00c1lvarez P\u00e9rez<\/td><td>Licenciado en Psicolog\u00eda<\/td><\/tr><tr><td>Ricardo Rodr\u00edguez P\u00e9rez<\/td><td>Licenciado en Psicolog\u00eda<\/td><\/tr><tr><td>Roberto Ruiz Barqu\u00edn<\/td><td>Licenciado en Psicolog\u00eda<\/td><\/tr><tr><td>Elvira Hidalgo Rodr\u00edguez<\/td><td>Licenciado en Ciencias de la Actividad F\u00edsica y el Deporte<\/td><\/tr><tr><td>Teresa Bego\u00f1a L\u00f3pez Rodr\u00edguez<\/td><td>Licenciado en Ciencias de la Actividad F\u00edsica y el Deporte<\/td><\/tr><tr><td>Juan Jes\u00fas Aguiar Rodr\u00edguez<\/td><td>Graduado en Ciencias del Trabajo<\/td><\/tr><tr><td>Jos\u00e9 Faustino Afonso Dom\u00ednguez<\/td><td>Licenciado en Medicina<\/td><\/tr><tr><td>Pablo Borges Hern\u00e1ndez<\/td><td>Licenciado en Ciencias de la Actividad F\u00edsica y el Deporte<\/td><\/tr><tr><td>Mois\u00e9s Su\u00e1rez Nordelo<\/td><td>Licenciado en Psicolog\u00eda<\/td><\/tr><\/tbody><\/table><\/figure>\n<\/div><\/div><\/div>\n\n\n\n<div class=\"wp-block-stackable-column stk-block-column stk-column stk-block stk-53ec762\" data-v=\"4\" data-block-id=\"53ec762\"><style>.stk-53ec762-inner-blocks{row-gap:0px !important;}.stk-53ec762 {padding-top:0px !important;padding-right:0px !important;padding-bottom:0px !important;padding-left:0px !important;margin-top:1.75% !important;}@media screen and (min-width: 768px){.stk-53ec762 {flex:var(--stk-flex-grow, 1) 1 33.3% !important;}}<\/style><div class=\"stk-column-wrapper stk-block-column__content stk-container stk-53ec762-container stk--no-background stk--no-padding\"><div class=\"stk-block-content stk-inner-blocks stk-53ec762-inner-blocks\">\n<ul class=\"widget-box\">\n<li class='contacto-header'>Informaci\u00f3n de contacto<\/li><li><i class=\"fa fa-map-marker\"><\/i> Avda. Astrof\u00edsico Francisco S\u00e1nchez, SN. Edificio Calabaza \u2013 AN.2D Apdo. 456 38200 San Crist\u00f3bal de La Laguna.<\/li><li><i class=\"fa fa-phone\"><\/i> (+34) 922 31 79 00 \/ 95 38<\/li><li><i class=\"fa fa-envelope\"><\/i>  <a href=mailto:tpropios@ull.es>tpropios@ull.es<\/a><\/li>\n<\/ul>\n\n\n\n\n\n<div class=\"wp-block-stackable-spacer stk-block-spacer stk--no-padding stk-block stk-6d33d0e\" data-block-id=\"6d33d0e\"><style>.stk-6d33d0e {height:25px !important;}<\/style><\/div>\n<\/div><\/div><\/div>\n<\/div><\/div>\n","protected":false},"excerpt":{"rendered":"<p>Equipo docente Antonio Rodr\u00edguez Hern\u00e1ndez Licenciado en Psicolog\u00eda Francisco Javier Batista Espinosa Licenciado en Psicolog\u00eda Pedro Avero Delgado Licenciado en Psicolog\u00eda Rub\u00e9n Rodr\u00edguez Rodr\u00edguez Licenciado en Psicolog\u00eda Jon Ber\u00e1stegui Mart\u00ednez Licenciado en Psicopedagog\u00eda Marcela Herrera Gar\u00edn Licenciado en Psicolog\u00eda Marta Borrueco Carmona Licenciado en Psicolog\u00eda Juan Ram\u00f3n \u00c1lvarez P\u00e9rez Licenciado en Psicolog\u00eda Ricardo Rodr\u00edguez P\u00e9rez&#8230;<\/p>\n","protected":false},"author":1,"featured_media":0,"parent":0,"menu_order":0,"comment_status":"closed","ping_status":"closed","template":"templates\/template-frontpage.php","meta":{"footnotes":""},"class_list":["post-39","page","type-page","status-publish","hentry"],"_links":{"self":[{"href":"https:\/\/www.ull.es\/formacion-permanente\/diploma-especializacion-psicologia-deporte\/wp-json\/wp\/v2\/pages\/39","targetHints":{"allow":["GET"]}}],"collection":[{"href":"https:\/\/www.ull.es\/formacion-permanente\/diploma-especializacion-psicologia-deporte\/wp-json\/wp\/v2\/pages"}],"about":[{"href":"https:\/\/www.ull.es\/formacion-permanente\/diploma-especializacion-psicologia-deporte\/wp-json\/wp\/v2\/types\/page"}],"author":[{"embeddable":true,"href":"https:\/\/www.ull.es\/formacion-permanente\/diploma-especializacion-psicologia-deporte\/wp-json\/wp\/v2\/users\/1"}],"replies":[{"embeddable":true,"href":"https:\/\/www.ull.es\/formacion-permanente\/diploma-especializacion-psicologia-deporte\/wp-json\/wp\/v2\/comments?post=39"}],"version-history":[{"count":6,"href":"https:\/\/www.ull.es\/formacion-permanente\/diploma-especializacion-psicologia-deporte\/wp-json\/wp\/v2\/pages\/39\/revisions"}],"predecessor-version":[{"id":393,"href":"https:\/\/www.ull.es\/formacion-permanente\/diploma-especializacion-psicologia-deporte\/wp-json\/wp\/v2\/pages\/39\/revisions\/393"}],"wp:attachment":[{"href":"https:\/\/www.ull.es\/formacion-permanente\/diploma-especializacion-psicologia-deporte\/wp-json\/wp\/v2\/media?parent=39"}],"curies":[{"name":"wp","href":"https:\/\/api.w.org\/{rel}","templated":true}]}}