{"id":43,"date":"2018-03-15T10:09:38","date_gmt":"2018-03-15T10:09:38","guid":{"rendered":"http:\/\/www.ull.es\/formacion-permanente\/diploma-experto-formacion-docencia-universitaria\/?page_id=43"},"modified":"2026-01-13T09:31:15","modified_gmt":"2026-01-13T09:31:15","slug":"coordinacion-docente","status":"publish","type":"page","link":"https:\/\/www.ull.es\/formacion-permanente\/diploma-experto-formacion-docencia-universitaria\/en\/coordinacion-docente\/","title":{"rendered":"Teaching coordination"},"content":{"rendered":"\n<div class=\"wp-block-stackable-columns alignfull stk-block-columns stk-block stk-8657999\" data-block-id=\"8657999\"><style>.stk-8657999 {padding-bottom:0px !important;margin-top:-30px !important;margin-bottom:0px !important;}@media screen and (max-width: 767px){.stk-8657999 {margin-top:-10% !important;}}<\/style><div class=\"stk-row stk-inner-blocks stk-block-content stk-content-align stk-8657999-column alignfull\">\n<div class=\"wp-block-stackable-column stk-block-column stk-column stk-block stk-914f03e\" data-v=\"4\" data-block-id=\"914f03e\"><div class=\"stk-column-wrapper stk-block-column__content stk-container stk-914f03e-container stk--no-background stk--no-padding\"><div class=\"stk-block-content stk-inner-blocks stk-914f03e-inner-blocks\"><style id=\"depicter-2-inline-pre-css\">\n\n.depicter-2:not(.depicter-ready){\n\theight:450px;\n}\n\n\/***** Tablet *****\/\n@media screen and (max-width: 1024px){\n\n.depicter-2:not(.depicter-ready){\n\theight:700px;\n}\n\n}\n\/***** Mobile *****\/\n@media screen and (max-width: 767px){\n\n.depicter-2:not(.depicter-ready){\n\theight:450px;\n}\n\n}\n<\/style>\n<div id=\"depicter-2\" class=\"depicter depicter-document depicter-revert depicter-2 depicter-layout-fullwidth\">\n\n<div class=\"depicter-loading-container depicter-loading dotFlashing-dark\"><div class=\"depicter-loading-dark depicter-dot-flashing\">\n   <span><\/span>\n   <span><\/span>\n   <span><\/span>\n<\/div>\n<\/div>\n<div id=\"depicter-2-section-1\" class=\"depicter-section depicter-2-section-1\" data-name=\"Section 1\" data-type=\"section\" data-local-id=\"section-1\">\n<picture class=\"depicter-bg\">\n<source data-depicter-srcset=\"https:\/\/www.ull.es\/formacion-permanente\/diploma-experto-formacion-docencia-universitaria\/wp-content\/uploads\/sites\/78\/2025\/08\/@PeXi159844-768x512.jpg, https:\/\/www.ull.es\/formacion-permanente\/diploma-experto-formacion-docencia-universitaria\/wp-content\/uploads\/sites\/78\/2025\/08\/@PeXi159844.jpg 2x\" srcset=\"data:image\/gif;base64,R0lGODlhAQABAIAAAAAAAP\/\/\/yH5BAEAAAAALAAAAAABAAEAAAIBRAA7\" media=\"(max-width: 1024px)\" \/>\n\n<source data-depicter-srcset=\"https:\/\/www.ull.es\/formacion-permanente\/diploma-experto-formacion-docencia-universitaria\/wp-content\/uploads\/sites\/78\/2025\/08\/@PeXi159844.jpg, https:\/\/www.ull.es\/formacion-permanente\/diploma-experto-formacion-docencia-universitaria\/wp-content\/uploads\/sites\/78\/2025\/08\/@PeXi159844-1920x1280.jpg 2x\" srcset=\"data:image\/gif;base64,R0lGODlhAQABAIAAAAAAAP\/\/\/yH5BAEAAAAALAAAAAABAAEAAAIBRAA7\" media=\"(min-width: 1025px)\" \/>\n<img decoding=\"async\" src=\"data:image\/gif;base64,R0lGODlhAQABAIAAAAAAAP\/\/\/yH5BAEAAAAALAAAAAABAAEAAAIBRAA7\" data-ken-burns=\"false\" data-tablet-ken-burns=\"false\" data-mobile-ken-burns=\"false\" alt=\"\" data-depicter-src=\"https:\/\/www.ull.es\/formacion-permanente\/diploma-experto-formacion-docencia-universitaria\/wp-content\/uploads\/sites\/78\/2025\/08\/@PeXi159844.jpg\" data-object-fit=\"custom,custom,\" data-object-position=\"center top,,\" data-crop=\"{'focalPoint':{'x':0.5,'y':0.5},'mediaSize':{'width':1200,'height':800}}\" data-tablet-crop=\"{'focalPoint':{'x':0.5,'y':0.5},'mediaSize':{'width':1050,'height':700}}\" data-mobile-crop=\"{'focalPoint':{'x':0.5,'y':0.5},'mediaSize':{'width':675,'height':450}}\" \/>\n<\/picture>\n\n\n<h1 id=\"depicter-2-element-5\" class=\"depicter-element depicter-layer depicter-2-element-5\" data-type=\"text\" data-wrap=\"true\" data-name=\"Text 2\" data-local-id=\"element-5\" data-offset=\"x:0px;y:118px;origin:tl\" data-tablet-offset=\"x:189px;y:206px;origin:tl\" data-mobile-offset=\"x:-2px;y:171px;origin:tl\" data-width=\"1060px,646px,376px\" data-height=\"auto,auto,auto\" data-responsive-scale=\"true,,\">Diploma de Experto\/a en Formaci\u00f3n para la Docencia Universitaria<br><\/h1>\n\n<div id=\"depicter-2-element-10\" class=\"depicter-element depicter-layer depicter-2-element-10\" data-type=\"shape\" data-wrap=\"true\" data-name=\"Shape 1\" data-local-id=\"element-10\" data-offset=\"x:0px;y:366px;origin:tl\" data-tablet-offset=\"x:189px;y:506px;origin:tl\" data-mobile-offset=\"x:0px;y:313px;origin:tl\" data-width=\"968px,647px,360px\" data-height=\"8px,8px,8px\" data-responsive-scale=\"true,,\"><\/div>\n<\/div>\n<\/div>\n<script>\n(window.depicterSetups = window.depicterSetups || []).push(function(){\n\tDepicter.basePath = 'https:\/\/www.ull.es\/formacion-permanente\/diploma-experto-formacion-docencia-universitaria\/wp-content\/plugins\/depicter\/resources\/scripts\/player\/';\n\tconst dpPlayer = Depicter.setup('.depicter-2',\n\t\t{\"width\":[\"1200\",\"1024\",\"360\"],\"height\":[\"450\",\"700\",\"450\"],\"view\":\"basic\",\"keepAspectRatio\":true,\"preload\":0,\"layout\":\"fullwidth\",\"rtl\":false,\"initAfterAppear\":false,\"ajaxApiUrl\":\"https:\\\/\\\/www.ull.es\\\/formacion-permanente\\\/diploma-experto-formacion-docencia-universitaria\\\/wp-admin\\\/admin-ajax.php\",\"mouseSwipe\":true,\"touchSwipe\":true,\"useWatermark\":false}\n\t);\n});\n<\/script><\/div><\/div><\/div>\n<\/div><\/div>\n\n\n\n<div class=\"wp-block-stackable-columns alignfull stk-block-columns stk--hide-mobile stk-block stk-ceecbdc stk-block-background\" data-block-id=\"ceecbdc\"><style>.stk-ceecbdc {background-color:#e2be27 !important;padding-top:65px !important;padding-right:0px !important;padding-bottom:2px !important;padding-left:0px !important;margin-top:-20px !important;margin-bottom:0px !important;}.stk-ceecbdc:before{background-color:#e2be27 !important;}<\/style><div class=\"stk-row stk-inner-blocks stk-block-content stk-content-align stk-ceecbdc-column alignfull\">\n<div class=\"wp-block-stackable-column stk-block-column stk-column stk-block stk-fc60a5d\" data-v=\"4\" data-block-id=\"fc60a5d\"><div class=\"stk-column-wrapper stk-block-column__content stk-container stk-fc60a5d-container stk--no-background stk--no-padding\"><div class=\"stk-block-content stk-inner-blocks stk-fc60a5d-inner-blocks\">\n<div class=\"wp-block-stackable-spacer stk-block-spacer stk--no-padding stk-block stk-a3a8a68\" data-block-id=\"a3a8a68\"><style>.stk-a3a8a68 {height:0px !important;}<\/style><\/div>\n<\/div><\/div><\/div>\n<\/div><\/div>\n\n\n\n<div class=\"wp-block-stackable-columns stk-block-columns stk-block stk-8b59b96\" data-block-id=\"8b59b96\"><style>.stk-8b59b96 .stk--block-align-8b59b96{align-items:flex-start !important;}.stk-8b59b96 {margin-top:50px !important;}.stk-8b59b96-column{--stk-columns-spacing:0px !important;--stk-column-gap:50px !important;}@media screen and (max-width: 767px){.stk-8b59b96-column{row-gap:var(--stk--preset--spacing--60, 2.25rem) !important;}}<\/style><div class=\"stk-row stk-inner-blocks stk--block-align-8b59b96 stk-block-content stk-content-align stk-8b59b96-column\">\n<div class=\"wp-block-stackable-column stk-block-column stk-column stk-block stk-dbb7e15\" data-v=\"4\" data-block-id=\"dbb7e15\"><style>@media screen and (min-width: 768px){.stk-dbb7e15 {flex:var(--stk-flex-grow, 1) 1 66.7% !important;}}<\/style><div class=\"stk-column-wrapper stk-block-column__content stk-container stk-dbb7e15-container stk--no-background stk--no-padding\"><div class=\"stk-block-content stk-inner-blocks stk-dbb7e15-inner-blocks\">\n<div class=\"wp-block-stackable-heading stk-block-heading stk-block-heading--v2 stk-block stk-fc6338c\" id=\"coordinacion-docente\" data-block-id=\"fc6338c\"><style>.stk-fc6338c .stk-block-heading__text{color:#000000 !important;}<\/style><h1 class=\"stk-block-heading__text has-text-color\">Coordinaci\u00f3n docente<\/h1><\/div>\n\n\n\n<div class=\"wp-block-stackable-text stk-block-text stk-block stk-47f2e5a\" data-block-id=\"47f2e5a\"><p class=\"stk-block-text__text\">El t\u00edtulo cuenta con las estructuras de coordinaci\u00f3n necesarias en sus diferentes niveles para garantizar que se organiza y desarrolla de manera adecuada. As\u00ed, para articular la coordinaci\u00f3n horizontal y vertical a nivel titulaci\u00f3n, se cuenta con:<\/p><\/div>\n\n\n\n<ul class=\"wp-block-list\">\n<li>Direcci\u00f3n Acad\u00e9mica<\/li>\n\n\n\n<li>Comisi\u00f3n Acad\u00e9mica<\/li>\n\n\n\n<li>Coordinador\/a de Asignatura, el cual puede consultarse en la gu\u00eda docente correspondiente.<\/li>\n<\/ul>\n\n\n\n<p>Las citadas estructuras cuentan con los mecanismos de funcionamiento mediante reuniones peri\u00f3dicas para realizar el an\u00e1lisis del desarrollo de la titulaci\u00f3n en sus diferentes niveles (titulaci\u00f3n, curso y asignatura).<\/p>\n\n\n\n<p>A trav\u00e9s de la coordinaci\u00f3n horizontal y vertical se garantiza, entre otras: la adecuada secuenciaci\u00f3n y planificaci\u00f3n temporal de las asignaturas, su contenido y sistema de evaluaci\u00f3n; se evita vac\u00edos, duplicidades y desajustes; y se distribuye de forma adecuada la carga de trabajo del alumnado para facilitar la adquisici\u00f3n de los resultados de aprendizaje.<\/p>\n\n\n\n<div class=\"wp-block-stackable-divider stk-block-divider stk-block stk-2f72160\" data-block-id=\"2f72160\"><style>.stk-2f72160 hr.stk-block-divider__hr{width:100% !important;}<\/style><hr class=\"stk-block-divider__hr\"\/><\/div>\n\n\n\n<div class=\"wp-block-stackable-heading stk-block-heading stk-block-heading--v2 stk-block stk-911a2a3\" id=\"direccion-y-comision-academica\" data-block-id=\"911a2a3\"><style>.stk-911a2a3 .stk-block-heading__text{color:#000000 !important;}<\/style><h1 class=\"stk-block-heading__text has-text-color\">Direcci\u00f3n y comisi\u00f3n acad\u00e9mica<\/h1><\/div>\n\n\n\n<style>\n    .shortcode-equipo h2 {\n        margin-bottom: 10px !important;\n    }\n<\/style>\n\n<div class=\"shortcode-equipo\">\n    <h2>Equipo de direcci\u00f3n<\/h2><dl><dt><strong>Directora<\/strong><\/dt><dd> <a href='https:\/\/www.ull.es\/directorio\/search\/?busqueda=Itahisa P\u00e9rez P\u00e9rez' target='_blank'>Itahisa P\u00e9rez P\u00e9rez<\/a><\/dd><dt><strong>Subdirectora acad\u00e9mica<\/strong><\/dt><dd> <a href='https:\/\/www.ull.es\/directorio\/search\/?busqueda=Ana Esther Cruz Gonz\u00e1lez' target='_blank'>Ana Esther Cruz Gonz\u00e1lez<\/a><\/dd><\/dl><h2>Comisi\u00f3n acad\u00e9mica<\/h2><dl><dt><strong>Profesorado<\/strong><\/dt><dd> <a href='https:\/\/www.ull.es\/directorio\/search\/?busqueda=Yaritza Garc\u00e9s Delgado' target='_blank'>Yaritza Garc\u00e9s Delgado<\/a><\/dd><dd> <a href='https:\/\/www.ull.es\/directorio\/search\/?busqueda=Carmen Mercedes Hern\u00e1ndez Jorge' target='_blank'>Carmen Mercedes Hern\u00e1ndez Jorge<\/a><\/dd><dd> <a href='https:\/\/www.ull.es\/directorio\/search\/?busqueda=Ana Esther Cruz Gonz\u00e1lez' target='_blank'>Ana Esther Cruz Gonz\u00e1lez<\/a><\/dd><dd> <a href='https:\/\/www.ull.es\/directorio\/search\/?busqueda=Miriam Catalina Gonz\u00e1lez Afonso' target='_blank'>Miriam Catalina Gonz\u00e1lez Afonso<\/a><\/dd><dd> <a href='https:\/\/www.ull.es\/directorio\/search\/?busqueda=Itahisa P\u00e9rez P\u00e9rez' target='_blank'>Itahisa P\u00e9rez P\u00e9rez<\/a><\/dd><\/dl>\n<\/div>\n\n\n\n\n<h2 style=\"color:black\">Equipo docente<\/h2>\n<b>Jos\u00e9 M C\u00e1ceres Alvarado<\/b><span style=\"font-weight: 400;\">Contratado Doctor<\/span>\n\n<b>Ana E. Cruz Gonz\u00e1lez<\/b><span style=\"font-weight: 400;\">T\u00e9cnica Gesti\u00f3n de la Calidad<\/span>\n\n<b>Rafael Fern\u00e1ndez Seraf\u00edn<\/b><span style=\"font-weight: 400;\"> T\u00e9cnico Gesti\u00f3n de la Calidad<\/span>\n\n<b>Miriam C. Gonz\u00e1lez Afonso<\/b><span style=\"font-weight: 400;\"> Contratado Doctor<\/span>\n\n<b>Carmen Nuria Arvelo Rosales<\/b><span style=\"font-weight: 400;\"> Ayudante Doctor<\/span>\n\n<b>Yaritza Garc\u00e9s Delgado<\/b><span style=\"font-weight: 400;\"> Contratado Doctor<\/span>\n\n<b>Emilio Sanz \u00c1lvarez<\/b><span style=\"font-weight: 400;\"> Catedr\u00e1tico de Universidad<\/span>\n\n<b>V\u00edctor Hern\u00e1ndez Rivero<\/b><span style=\"font-weight: 400;\"> Contratado Doctor<\/span>\n\n<b>Carmen Hern\u00e1ndez Jorge<\/b><span style=\"font-weight: 400;\">Titular de Universidad<\/span>\n\n<b>Arminda Su\u00e1rez Perdomo<\/b><span style=\"font-weight: 400;\"> Ayudante doctor<\/span>\n\n<b>Manuel Area Moreira<\/b><span style=\"font-weight: 400;\"> Catedr\u00e1tico de Universidad<\/span>\n\n<b>Antonio G\u00f3mez Rijo<\/b><span style=\"font-weight: 400;\"> Contratado Doctor<\/span>\n\n<b>David P\u00e9rez Jorge<\/b><span style=\"font-weight: 400;\">Catedr\u00e1tico de Universidad <\/span>\n\n<b>Itahisa P\u00e9rez P\u00e9rez<\/b><span style=\"font-weight: 400;\"> Contratada Doctora<\/span>\n\n<b>Abraham Garc\u00eda Fari\u00f1a<\/b><span style=\"font-weight: 400;\"> Ayudante Doctor<\/span>\n\n<b>Sebasti\u00e1n Mart\u00edn G\u00f3mez<\/b><span style=\"font-weight: 400;\"> Ayudante Doctor<\/span>\n\n<b>Sonia Plasencia Carrillo<\/b><span style=\"font-weight: 400;\"> Ayudante Doctor<\/span>\n\n<b>Rebeca J. Villarroel Ram\u00edrez<\/b><span style=\"font-weight: 400;\"> Ayudante Doctor<\/span>\n<\/div><\/div><\/div>\n\n\n\n<div class=\"wp-block-stackable-column stk-block-column stk-column stk-block stk-53ec762\" data-v=\"4\" data-block-id=\"53ec762\"><style>.stk-53ec762-inner-blocks{row-gap:0px !important;}.stk-53ec762 {padding-top:0px !important;padding-right:0px !important;padding-bottom:0px !important;padding-left:0px !important;margin-top:1.75% !important;}@media screen and (min-width: 768px){.stk-53ec762 {flex:var(--stk-flex-grow, 1) 1 33.3% !important;}}<\/style><div class=\"stk-column-wrapper stk-block-column__content stk-container stk-53ec762-container stk--no-background stk--no-padding\"><div class=\"stk-block-content stk-inner-blocks stk-53ec762-inner-blocks\">\n<ul class=\"widget-box\">\n<li class='contacto-header'>Informaci\u00f3n de contacto<\/li><li><i class=\"fa fa-map-marker\"><\/i> Avda. Astrof\u00edsico Francisco S\u00e1nchez, SN. Edificio Calabaza - AN.2D Apdo. 456 38200 San Crist\u00f3bal de La Laguna.<\/li><li><i class=\"fa fa-phone\"><\/i> (+34) 922 31 79 00 \/ 95 38<\/li><li><i class=\"fa fa-envelope\"><\/i>  <a href=mailto:tpropios@ull.es>tpropios@ull.es<\/a><\/li>\n<\/ul>\n\n\n\n\n\n<div class=\"wp-block-stackable-spacer stk-block-spacer stk--no-padding stk-block stk-6d33d0e\" data-block-id=\"6d33d0e\"><style>.stk-6d33d0e {height:25px !important;}<\/style><\/div>\n<\/div><\/div><\/div>\n<\/div><\/div>\n","protected":false},"excerpt":{"rendered":"<p>Teaching Coordination The program has the necessary coordination structures at its various levels to ensure proper organization and development. To articulate horizontal and vertical coordination at the program level, the following structures are in place: These structures have operating mechanisms through regular meetings to conduct analysis\u2026<\/p>","protected":false},"author":1,"featured_media":0,"parent":0,"menu_order":0,"comment_status":"closed","ping_status":"closed","template":"templates\/template-frontpage.php","meta":{"footnotes":""},"class_list":["post-43","page","type-page","status-publish","hentry"],"_links":{"self":[{"href":"https:\/\/www.ull.es\/formacion-permanente\/diploma-experto-formacion-docencia-universitaria\/en\/wp-json\/wp\/v2\/pages\/43","targetHints":{"allow":["GET"]}}],"collection":[{"href":"https:\/\/www.ull.es\/formacion-permanente\/diploma-experto-formacion-docencia-universitaria\/en\/wp-json\/wp\/v2\/pages"}],"about":[{"href":"https:\/\/www.ull.es\/formacion-permanente\/diploma-experto-formacion-docencia-universitaria\/en\/wp-json\/wp\/v2\/types\/page"}],"author":[{"embeddable":true,"href":"https:\/\/www.ull.es\/formacion-permanente\/diploma-experto-formacion-docencia-universitaria\/en\/wp-json\/wp\/v2\/users\/1"}],"replies":[{"embeddable":true,"href":"https:\/\/www.ull.es\/formacion-permanente\/diploma-experto-formacion-docencia-universitaria\/en\/wp-json\/wp\/v2\/comments?post=43"}],"version-history":[{"count":10,"href":"https:\/\/www.ull.es\/formacion-permanente\/diploma-experto-formacion-docencia-universitaria\/en\/wp-json\/wp\/v2\/pages\/43\/revisions"}],"predecessor-version":[{"id":364,"href":"https:\/\/www.ull.es\/formacion-permanente\/diploma-experto-formacion-docencia-universitaria\/en\/wp-json\/wp\/v2\/pages\/43\/revisions\/364"}],"wp:attachment":[{"href":"https:\/\/www.ull.es\/formacion-permanente\/diploma-experto-formacion-docencia-universitaria\/en\/wp-json\/wp\/v2\/media?parent=43"}],"curies":[{"name":"wp","href":"https:\/\/api.w.org\/{rel}","templated":true}]}}