{"id":31,"date":"2018-03-15T09:39:30","date_gmt":"2018-03-15T09:39:30","guid":{"rendered":"http:\/\/www.ull.es\/formacion-permanente\/diploma-experto-formacion-docencia-universitaria\/?page_id=31"},"modified":"2025-08-22T08:45:33","modified_gmt":"2025-08-22T08:45:33","slug":"competencias","status":"publish","type":"page","link":"https:\/\/www.ull.es\/formacion-permanente\/diploma-experto-formacion-docencia-universitaria\/fr\/competencias\/","title":{"rendered":"Comp\u00e9tences"},"content":{"rendered":"\n<div class=\"wp-block-stackable-columns alignfull stk-block-columns stk-block stk-8657999\" data-block-id=\"8657999\"><style>.stk-8657999 {padding-bottom:0px !important;margin-top:-30px !important;margin-bottom:0px !important;}@media screen and (max-width: 767px){.stk-8657999 {margin-top:-10% !important;}}<\/style><div class=\"stk-row stk-inner-blocks stk-block-content stk-content-align stk-8657999-column alignfull\">\n<div class=\"wp-block-stackable-column stk-block-column stk-column stk-block stk-914f03e\" data-v=\"4\" data-block-id=\"914f03e\"><div class=\"stk-column-wrapper stk-block-column__content stk-container stk-914f03e-container stk--no-background stk--no-padding\"><div class=\"stk-block-content stk-inner-blocks stk-914f03e-inner-blocks\"><style id=\"depicter-2-inline-pre-css\">\n\n.depicter-2:not(.depicter-ready){\n\theight:450px;\n}\n\n\/***** Tablet *****\/\n@media screen and (max-width: 1024px){\n\n.depicter-2:not(.depicter-ready){\n\theight:700px;\n}\n\n}\n\/***** Mobile *****\/\n@media screen and (max-width: 767px){\n\n.depicter-2:not(.depicter-ready){\n\theight:450px;\n}\n\n}\n<\/style>\n<div id=\"depicter-2\" class=\"depicter depicter-document depicter-revert depicter-2 depicter-layout-fullwidth\">\n\n<div class=\"depicter-loading-container depicter-loading dotFlashing-dark\"><div class=\"depicter-loading-dark depicter-dot-flashing\">\n   <span><\/span>\n   <span><\/span>\n   <span><\/span>\n<\/div>\n<\/div>\n<div id=\"depicter-2-section-1\" class=\"depicter-section depicter-2-section-1\" data-name=\"Section 1\" data-type=\"section\" data-local-id=\"section-1\">\n<picture class=\"depicter-bg\">\n<source data-depicter-srcset=\"https:\/\/www.ull.es\/formacion-permanente\/diploma-experto-formacion-docencia-universitaria\/wp-content\/uploads\/sites\/78\/2025\/08\/@PeXi159844-768x512.jpg, https:\/\/www.ull.es\/formacion-permanente\/diploma-experto-formacion-docencia-universitaria\/wp-content\/uploads\/sites\/78\/2025\/08\/@PeXi159844.jpg 2x\" srcset=\"data:image\/gif;base64,R0lGODlhAQABAIAAAAAAAP\/\/\/yH5BAEAAAAALAAAAAABAAEAAAIBRAA7\" media=\"(max-width: 1024px)\" \/>\n\n<source data-depicter-srcset=\"https:\/\/www.ull.es\/formacion-permanente\/diploma-experto-formacion-docencia-universitaria\/wp-content\/uploads\/sites\/78\/2025\/08\/@PeXi159844.jpg, https:\/\/www.ull.es\/formacion-permanente\/diploma-experto-formacion-docencia-universitaria\/wp-content\/uploads\/sites\/78\/2025\/08\/@PeXi159844-1920x1280.jpg 2x\" srcset=\"data:image\/gif;base64,R0lGODlhAQABAIAAAAAAAP\/\/\/yH5BAEAAAAALAAAAAABAAEAAAIBRAA7\" media=\"(min-width: 1025px)\" \/>\n<img decoding=\"async\" src=\"data:image\/gif;base64,R0lGODlhAQABAIAAAAAAAP\/\/\/yH5BAEAAAAALAAAAAABAAEAAAIBRAA7\" data-ken-burns=\"false\" data-tablet-ken-burns=\"false\" data-mobile-ken-burns=\"false\" alt=\"\" data-depicter-src=\"https:\/\/www.ull.es\/formacion-permanente\/diploma-experto-formacion-docencia-universitaria\/wp-content\/uploads\/sites\/78\/2025\/08\/@PeXi159844.jpg\" data-object-fit=\"custom,custom,\" data-object-position=\"center top,,\" data-crop=\"{'focalPoint':{'x':0.5,'y':0.5},'mediaSize':{'width':1200,'height':800}}\" data-tablet-crop=\"{'focalPoint':{'x':0.5,'y':0.5},'mediaSize':{'width':1050,'height':700}}\" data-mobile-crop=\"{'focalPoint':{'x':0.5,'y':0.5},'mediaSize':{'width':675,'height':450}}\" \/>\n<\/picture>\n\n\n<h1 id=\"depicter-2-element-5\" class=\"depicter-element depicter-layer depicter-2-element-5\" data-type=\"text\" data-wrap=\"true\" data-name=\"Text 2\" data-local-id=\"element-5\" data-offset=\"x:0px;y:118px;origin:tl\" data-tablet-offset=\"x:189px;y:206px;origin:tl\" data-mobile-offset=\"x:-2px;y:171px;origin:tl\" data-width=\"1060px,646px,376px\" data-height=\"auto,auto,auto\" data-responsive-scale=\"true,,\">Diploma de Experto\/a en Formaci\u00f3n para la Docencia Universitaria<br><\/h1>\n\n<div id=\"depicter-2-element-10\" class=\"depicter-element depicter-layer depicter-2-element-10\" data-type=\"shape\" data-wrap=\"true\" data-name=\"Shape 1\" data-local-id=\"element-10\" data-offset=\"x:0px;y:366px;origin:tl\" data-tablet-offset=\"x:189px;y:506px;origin:tl\" data-mobile-offset=\"x:0px;y:313px;origin:tl\" data-width=\"968px,647px,360px\" data-height=\"8px,8px,8px\" data-responsive-scale=\"true,,\"><\/div>\n<\/div>\n<\/div>\n<script>\n(window.depicterSetups = window.depicterSetups || []).push(function(){\n\tDepicter.basePath = 'https:\/\/www.ull.es\/formacion-permanente\/diploma-experto-formacion-docencia-universitaria\/wp-content\/plugins\/depicter\/resources\/scripts\/player\/';\n\tconst dpPlayer = Depicter.setup('.depicter-2',\n\t\t{\"width\":[\"1200\",\"1024\",\"360\"],\"height\":[\"450\",\"700\",\"450\"],\"view\":\"basic\",\"keepAspectRatio\":true,\"preload\":0,\"layout\":\"fullwidth\",\"rtl\":false,\"initAfterAppear\":false,\"ajaxApiUrl\":\"https:\\\/\\\/www.ull.es\\\/formacion-permanente\\\/diploma-experto-formacion-docencia-universitaria\\\/wp-admin\\\/admin-ajax.php\",\"mouseSwipe\":true,\"touchSwipe\":true,\"useWatermark\":false}\n\t);\n});\n<\/script><\/div><\/div><\/div>\n<\/div><\/div>\n\n\n\n<div class=\"wp-block-stackable-columns alignfull stk-block-columns stk--hide-mobile stk-block stk-ceecbdc stk-block-background\" data-block-id=\"ceecbdc\"><style>.stk-ceecbdc {background-color:#e2be27 !important;padding-top:65px !important;padding-right:0px !important;padding-bottom:2px !important;padding-left:0px !important;margin-top:-20px !important;margin-bottom:0px !important;}.stk-ceecbdc:before{background-color:#e2be27 !important;}<\/style><div class=\"stk-row stk-inner-blocks stk-block-content stk-content-align stk-ceecbdc-column alignfull\">\n<div class=\"wp-block-stackable-column stk-block-column stk-column stk-block stk-fc60a5d\" data-v=\"4\" data-block-id=\"fc60a5d\"><div class=\"stk-column-wrapper stk-block-column__content stk-container stk-fc60a5d-container stk--no-background stk--no-padding\"><div class=\"stk-block-content stk-inner-blocks stk-fc60a5d-inner-blocks\">\n<div class=\"wp-block-stackable-spacer stk-block-spacer stk--no-padding stk-block stk-a3a8a68\" data-block-id=\"a3a8a68\"><style>.stk-a3a8a68 {height:0px !important;}<\/style><\/div>\n<\/div><\/div><\/div>\n<\/div><\/div>\n\n\n\n<div class=\"wp-block-stackable-columns stk-block-columns stk-block stk-8b59b96\" data-block-id=\"8b59b96\"><style>.stk-8b59b96 .stk--block-align-8b59b96{align-items:flex-start !important;}.stk-8b59b96 {margin-top:50px !important;}.stk-8b59b96-column{--stk-columns-spacing:0px !important;--stk-column-gap:50px !important;}@media screen and (max-width: 767px){.stk-8b59b96-column{row-gap:var(--stk--preset--spacing--60, 2.25rem) !important;}}<\/style><div class=\"stk-row stk-inner-blocks stk--block-align-8b59b96 stk-block-content stk-content-align stk-8b59b96-column\">\n<div class=\"wp-block-stackable-column stk-block-column stk-column stk-block stk-dbb7e15\" data-v=\"4\" data-block-id=\"dbb7e15\"><style>@media screen and (min-width: 768px){.stk-dbb7e15 {flex:var(--stk-flex-grow, 1) 1 66.7% !important;}}<\/style><div class=\"stk-column-wrapper stk-block-column__content stk-container stk-dbb7e15-container stk--no-background stk--no-padding\"><div class=\"stk-block-content stk-inner-blocks stk-dbb7e15-inner-blocks\">\n<div class=\"wp-block-stackable-heading stk-block-heading stk-block-heading--v2 stk-block stk-fc6338c\" id=\"competencias\" data-block-id=\"fc6338c\"><style>.stk-fc6338c .stk-block-heading__text{color:#000000 !important;}<\/style><h1 class=\"stk-block-heading__text has-text-color\">Competencias<\/h1><\/div>\n\n\n\n<details class=\"wp-block-stackable-accordion stk-block-accordion stk-inner-blocks stk-block-content stk-block stk-f742639 is-style-default\" id=\"generales\" data-block-id=\"f742639\"><style>.stk-f742639 {margin-bottom:5px !important;}<\/style>\n<summary class=\"wp-block-stackable-column stk-block-column stk-column stk-block stk-892c21e stk--container-small stk-block-accordion__heading\" data-v=\"4\" data-block-id=\"892c21e\"><style>.stk-892c21e {border-style:solid !important;border-top-width:0px !important;border-right-width:0px !important;border-bottom-width:1px !important;border-left-width:0px !important;}<\/style><div class=\"stk-column-wrapper stk-block-column__content stk-container stk-892c21e-container stk--no-background stk--no-padding\"><div class=\"stk-block-content stk-inner-blocks stk-892c21e-inner-blocks\">\n<div class=\"wp-block-stackable-icon-label stk-block-icon-label stk-block stk-956ee49\" data-block-id=\"956ee49\"><style>.stk-956ee49 .stk-inner-blocks{gap:40px !important;}@media screen and (max-width: 1023px){.stk-956ee49 .stk-inner-blocks{gap:40px !important;}}@media screen and (max-width: 767px){.stk-956ee49 .stk-inner-blocks{gap:40px !important;}}<\/style><div class=\"stk-row stk-inner-blocks stk-block-content\">\n<div class=\"wp-block-stackable-icon stk-block-icon stk-block stk-693af38\" data-block-id=\"693af38\"><style>.stk-693af38 .stk--svg-wrapper .stk--inner-svg svg:last-child{height:24px !important;width:24px !important;}.stk-693af38 .stk--svg-wrapper .stk--inner-svg svg:last-child, .stk-693af38 .stk--svg-wrapper .stk--inner-svg svg:last-child :is(g, path, rect, polygon, ellipse){fill:#fcb900 !important;}<\/style><span class=\"stk--svg-wrapper stk--has-icon2\"><div class=\"stk--inner-svg\"><svg style=\"height:0;width:0\"><defs><linearGradient id=\"linear-gradient-693af38\" x1=\"0\" x2=\"100%\" y1=\"0\" y2=\"0\"><stop offset=\"0%\" style=\"stop-opacity:1;stop-color:var(--linear-gradient-693-af-38-color-1)\"><\/stop><stop offset=\"100%\" style=\"stop-opacity:1;stop-color:var(--linear-gradient-693-af-38-color-2)\"><\/stop><\/linearGradient><\/defs><\/svg><svg xmlns=\"http:\/\/www.w3.org\/2000\/svg\" viewBox=\"0 0 448 512\" aria-hidden=\"true\" width=\"32\" height=\"32\"><path d=\"M96 0C43 0 0 43 0 96V416c0 53 43 96 96 96H384h32c17.7 0 32-14.3 32-32s-14.3-32-32-32V384c17.7 0 32-14.3 32-32V32c0-17.7-14.3-32-32-32H384 96zm0 384H352v64H96c-17.7 0-32-14.3-32-32s14.3-32 32-32zm32-240c0-8.8 7.2-16 16-16H336c8.8 0 16 7.2 16 16s-7.2 16-16 16H144c-8.8 0-16-7.2-16-16zm16 48H336c8.8 0 16 7.2 16 16s-7.2 16-16 16H144c-8.8 0-16-7.2-16-16s7.2-16 16-16z\"><\/path><\/svg><\/div><div class=\"stk--inner-svg stk--icon-2\" style=\"display:none\"><svg style=\"height:0;width:0\"><defs><linearGradient id=\"linear-gradient-693af38\" x1=\"0\" x2=\"100%\" y1=\"0\" y2=\"0\"><stop offset=\"0%\" style=\"stop-opacity:1;stop-color:var(--linear-gradient-693-af-38-color-1)\"><\/stop><stop offset=\"100%\" style=\"stop-opacity:1;stop-color:var(--linear-gradient-693-af-38-color-2)\"><\/stop><\/linearGradient><\/defs><\/svg><svg xmlns=\"http:\/\/www.w3.org\/2000\/svg\" viewBox=\"0 0 576 512\" aria-hidden=\"true\" width=\"32\" height=\"32\"><path d=\"M249.6 471.5c10.8 3.8 22.4-4.1 22.4-15.5V78.6c0-4.2-1.6-8.4-5-11C247.4 52 202.4 32 144 32C93.5 32 46.3 45.3 18.1 56.1C6.8 60.5 0 71.7 0 83.8V454.1c0 11.9 12.8 20.2 24.1 16.5C55.6 460.1 105.5 448 144 448c33.9 0 79 14 105.6 23.5zm76.8 0C353 462 398.1 448 432 448c38.5 0 88.4 12.1 119.9 22.6c11.3 3.8 24.1-4.6 24.1-16.5V83.8c0-12.1-6.8-23.3-18.1-27.6C529.7 45.3 482.5 32 432 32c-58.4 0-103.4 20-123 35.6c-3.3 2.6-5 6.8-5 11V456c0 11.4 11.7 19.3 22.4 15.5z\"><\/path><\/svg><\/div><\/span><\/div>\n\n\n\n<div class=\"wp-block-stackable-heading stk-block-heading stk-block-heading--v2 stk-block stk-6c2fa1d\" id=\"competencias-generales\" data-block-id=\"6c2fa1d\"><style>.stk-6c2fa1d .stk-block-heading__text{font-size:18px !important;font-weight:700 !important;font-family:\"Montserrat\", Sans-serif !important;}@media screen and (max-width: 1023px){.stk-6c2fa1d .stk-block-heading__text{font-size:18px !important;}}<\/style><p class=\"stk-block-heading__text\">Competencias Generales<\/p><\/div>\n<\/div><\/div>\n<\/div><\/div><\/summary>\n\n\n\n<div class=\"wp-block-stackable-column stk-block-column stk-column stk-block stk-4f2fad4 stk-block-accordion__content\" data-v=\"4\" data-block-id=\"4f2fad4\"><div class=\"stk-column-wrapper stk-block-column__content stk-container stk-4f2fad4-container stk--no-background stk--no-padding\"><div class=\"stk-block-content stk-inner-blocks stk-4f2fad4-inner-blocks\">\n<p>CG1. Analizar el significado de la funci\u00f3n docente del profesorado universitario.<\/p>\n\n\n\n<p>CG2. Adecuar los m\u00e9todos docentes al modelo formativo universitario actual.<\/p>\n\n\n\n<p>CG3. Adquirir los conocimientos necesarios en relaci\u00f3n a los distintos \u00e1mbitos en los que se concreta el perfil del docente universitario.<\/p>\n\n\n\n<p>CG4. Buscar informaci\u00f3n, sintetizar y aplicar los conocimientos aprendidos.<\/p>\n\n\n\n<p>CG5. Utilizar herramientas e instrumentos para la toma de decisiones y la soluci\u00f3n de los problemas propios de la docencia universitaria.<\/p>\n\n\n\n<p>CG6. Desarrollar habilidades para la organizaci\u00f3n y la gesti\u00f3n de los procesos de ense\u00f1anza-aprendizaje.<\/p>\n\n\n\n<p>CG7. Desarrollar las competencias referidas al saber, saber hacer y saber ser en relaci\u00f3n al rol&nbsp;docente.<\/p>\n<\/div><\/div><\/div>\n<\/details>\n\n\n\n<details class=\"wp-block-stackable-accordion stk-block-accordion stk-inner-blocks stk-block-content stk-block stk-1d0705d is-style-default\" id=\"especificas\" data-block-id=\"1d0705d\"><style>.stk-1d0705d {margin-bottom:15px !important;}<\/style>\n<summary class=\"wp-block-stackable-column stk-block-column stk-column stk-block stk-2c0cee0 stk--container-small stk-block-accordion__heading\" data-v=\"4\" data-block-id=\"2c0cee0\"><style>.stk-2c0cee0 {border-style:solid !important;border-top-width:0px !important;border-right-width:0px !important;border-bottom-width:1px !important;border-left-width:0px !important;}<\/style><div class=\"stk-column-wrapper stk-block-column__content stk-container stk-2c0cee0-container stk--no-background stk--no-padding\"><div class=\"stk-block-content stk-inner-blocks stk-2c0cee0-inner-blocks\">\n<div class=\"wp-block-stackable-icon-label stk-block-icon-label stk-block stk-3e16e7a\" data-block-id=\"3e16e7a\"><style>.stk-3e16e7a .stk-inner-blocks{gap:40px !important;}@media screen and (max-width: 1023px){.stk-3e16e7a .stk-inner-blocks{gap:40px !important;}}@media screen and (max-width: 767px){.stk-3e16e7a .stk-inner-blocks{gap:40px !important;}}<\/style><div class=\"stk-row stk-inner-blocks stk-block-content\">\n<div class=\"wp-block-stackable-icon stk-block-icon stk-block stk-8ea5435\" data-block-id=\"8ea5435\"><style>.stk-8ea5435 .stk--svg-wrapper .stk--inner-svg svg:last-child{height:24px !important;width:24px !important;}.stk-8ea5435 .stk--svg-wrapper .stk--inner-svg svg:last-child, .stk-8ea5435 .stk--svg-wrapper .stk--inner-svg svg:last-child :is(g, path, rect, polygon, ellipse){fill:#fcb900 !important;}<\/style><span class=\"stk--svg-wrapper stk--has-icon2\"><div class=\"stk--inner-svg\"><svg style=\"height:0;width:0\"><defs><linearGradient id=\"linear-gradient-8ea5435\" x1=\"0\" x2=\"100%\" y1=\"0\" y2=\"0\"><stop offset=\"0%\" style=\"stop-opacity:1;stop-color:var(--linear-gradient-8-ea-5435-color-1)\"><\/stop><stop offset=\"100%\" style=\"stop-opacity:1;stop-color:var(--linear-gradient-8-ea-5435-color-2)\"><\/stop><\/linearGradient><\/defs><\/svg><svg xmlns=\"http:\/\/www.w3.org\/2000\/svg\" viewBox=\"0 0 512 512\" aria-hidden=\"true\" width=\"32\" height=\"32\"><path d=\"M256 512A256 256 0 1 0 256 0a256 256 0 1 0 0 512zM169.8 165.3c7.9-22.3 29.1-37.3 52.8-37.3h58.3c34.9 0 63.1 28.3 63.1 63.1c0 22.6-12.1 43.5-31.7 54.8L280 264.4c-.2 13-10.9 23.6-24 23.6c-13.3 0-24-10.7-24-24V250.5c0-8.6 4.6-16.5 12.1-20.8l44.3-25.4c4.7-2.7 7.6-7.7 7.6-13.1c0-8.4-6.8-15.1-15.1-15.1H222.6c-3.4 0-6.4 2.1-7.5 5.3l-.4 1.2c-4.4 12.5-18.2 19-30.6 14.6s-19-18.2-14.6-30.6l.4-1.2zM224 352a32 32 0 1 1 64 0 32 32 0 1 1 -64 0z\"><\/path><\/svg><\/div><div class=\"stk--inner-svg stk--icon-2\" style=\"display:none\"><svg style=\"height:0;width:0\"><defs><linearGradient id=\"linear-gradient-8ea5435\" x1=\"0\" x2=\"100%\" y1=\"0\" y2=\"0\"><stop offset=\"0%\" style=\"stop-opacity:1;stop-color:var(--linear-gradient-8-ea-5435-color-1)\"><\/stop><stop offset=\"100%\" style=\"stop-opacity:1;stop-color:var(--linear-gradient-8-ea-5435-color-2)\"><\/stop><\/linearGradient><\/defs><\/svg><svg xmlns=\"http:\/\/www.w3.org\/2000\/svg\" viewBox=\"0 0 512 512\" aria-hidden=\"true\" width=\"32\" height=\"32\"><path d=\"M464 256A208 208 0 1 0 48 256a208 208 0 1 0 416 0zM0 256a256 256 0 1 1 512 0A256 256 0 1 1 0 256zm169.8-90.7c7.9-22.3 29.1-37.3 52.8-37.3h58.3c34.9 0 63.1 28.3 63.1 63.1c0 22.6-12.1 43.5-31.7 54.8L280 264.4c-.2 13-10.9 23.6-24 23.6c-13.3 0-24-10.7-24-24V250.5c0-8.6 4.6-16.5 12.1-20.8l44.3-25.4c4.7-2.7 7.6-7.7 7.6-13.1c0-8.4-6.8-15.1-15.1-15.1H222.6c-3.4 0-6.4 2.1-7.5 5.3l-.4 1.2c-4.4 12.5-18.2 19-30.6 14.6s-19-18.2-14.6-30.6l.4-1.2zM224 352a32 32 0 1 1 64 0 32 32 0 1 1 -64 0z\"><\/path><\/svg><\/div><\/span><\/div>\n\n\n\n<div class=\"wp-block-stackable-heading stk-block-heading stk-block-heading--v2 stk-block stk-556466f\" id=\"competencias-especificas\" data-block-id=\"556466f\"><style>.stk-556466f .stk-block-heading__text{font-size:18px !important;font-weight:700 !important;font-family:\"Montserrat\", Sans-serif !important;}@media screen and (max-width: 1023px){.stk-556466f .stk-block-heading__text{font-size:18px !important;}}<\/style><p class=\"stk-block-heading__text\">Competencias espec\u00edficas<\/p><\/div>\n<\/div><\/div>\n<\/div><\/div><\/summary>\n\n\n\n<div class=\"wp-block-stackable-column stk-block-column stk-column stk-block stk-7652c4c stk-block-accordion__content\" data-v=\"4\" data-block-id=\"7652c4c\"><div class=\"stk-column-wrapper stk-block-column__content stk-container stk-7652c4c-container stk--no-background stk--no-padding\"><div class=\"stk-block-content stk-inner-blocks stk-7652c4c-inner-blocks\">\n<div class=\"wp-block-stackable-text stk-block-text stk-block stk-53f57bf\" data-block-id=\"53f57bf\"><p class=\"stk-block-text__text\">CE1. Dise\u00f1ar propuestas did\u00e1cticas adaptadas al contexto, al alumnado y al \u00e1mbito disciplinar, y desarrollarlas en las programaciones docentes.<br>CE2. Aplicar procedimientos y habilidades para el trabajo en grupo, la coordinaci\u00f3n y la colaboraci\u00f3n entre los y las docentes.<br>CE3. Aplicar diversas metodolog\u00edas de ense\u00f1anza activa, centradas en el alumnado<br>CE4. Reconocer los fundamentos de las diferentes metodolog\u00edas activas (aprendizaje basado en proyectos, aprendizaje basado en problemas y aprendizaje invertido, etc.)<br>CE5. Desarrollar un pensamiento cr\u00edtico sobre las ventajas e inconvenientes de los m\u00e9todos tradicionales de ense\u00f1anza y los m\u00e9todos modernos de aprendizaje, teniendo en cuenta la irrupci\u00f3n de la inteligencia artificial.<br>CE6. Adquirir estrategias para organizar la evaluaci\u00f3n de los aprendizajes, utilizando estrategias e instrumentos espec\u00edficos, e Identificar t\u00e9cnicas y din\u00e1micas grupales que favorezcan el aprendizaje y la participaci\u00f3n en el aula.<br>CE7. Desarrollar habilidades para la interacci\u00f3n did\u00e1ctica y el uso de t\u00e9cnicas grupales en el proceso de ense\u00f1anza-aprendizaje.<br>CE8. Organizar y gestionar procesos de ense\u00f1anza y evaluaci\u00f3n que promuevan el aprendizaje profundo, aut\u00f3nomo y autodirigido del alumnado.<br>CE9. Debatir sobre el papel del docente universitario y sus funciones.<br>CE10. Aplicar habilidades de comunicaci\u00f3n y motivaci\u00f3n en la ense\u00f1anza universitaria.<br>CE11. Desempe\u00f1ar las funciones de tutor\u00eda y de orientaci\u00f3n con el alumnado, atendiendo a sus singularidades educativas.<br>CE12. Dise\u00f1ar procedimientos para facilitar el acceso y la adaptaci\u00f3n del alumnado al contexto universitario.<br>CE13. Analizar cr\u00edticamente las posibilidades del contexto educativo para atender la diversidad y fomentar la inclusi\u00f3n en el \u00e1mbito universitario.<br>CE14. Reconocer las condiciones particulares del alumnado que requiere atenci\u00f3n educativa espec\u00edfica a partir del estudio te\u00f3rico-pr\u00e1ctico de estas condiciones.<br>CE15. Desarrollar estrategias docentes para la atenci\u00f3n a la diversidad de manera individual y grupal.<br>CE16. Desarrollar un conocimiento sistem\u00e1tico sobre la importancia de la innovaci\u00f3n docente y educativa, sus implicaciones y los retos asociados.<br>CE17. Reconocer el marco de aseguramiento de la calidad en el Espacio Europeo de Educaci\u00f3n Superior, incluyendo los procesos de evaluaci\u00f3n, as\u00ed como la documentaci\u00f3n relacionada y el papel de las asignaturas y sus resultados en el proceso de ense\u00f1anza-aprendizaje.<br>CE18. Manejar datos y evidencias de evaluaci\u00f3n a nivel de titulaci\u00f3n y asignatura, interpretarlos seg\u00fan el contexto y tomar decisiones basadas en evidencias cualitativas y cuantitativas.<br>CE19. Aplicar el proceso de autoevaluaci\u00f3n y mejora continua en la docencia universitaria<br>CE20. Conocer las distintas modalidades de uso de las TIC en la docencia universitaria.<br>CE21. Ser capaz de planificar y desarrollar entornos virtuales para la ense\u00f1anza universitaria<br>CE22. Asumir la responsabilidad individual y colectiva en la consecuci\u00f3n de un futuro sostenible.<br>CE23. Entender las competencias relacionadas con la responsabilidad social universitaria.<br>CE24. Conocer los fundamentos de la metodolog\u00eda de Aprendizaje-Servicio y c\u00f3mo adoptarla en las asignaturas que imparten.<br>CE25. Participar en el dise\u00f1o y desarrollo de proyectos de innovaci\u00f3n y transferencia educativa en el \u00e1mbito universitario.<br>CE26. Modificar las pr\u00e1cticas de aula para innovar y mejorar la labor docente.<br>CE27. Aplicar los conocimientos, competencias y habilidades adquiridos en las asignaturas en la pr\u00e1ctica docente<\/p><\/div>\n<\/div><\/div><\/div>\n<\/details>\n<\/div><\/div><\/div>\n\n\n\n<div class=\"wp-block-stackable-column stk-block-column stk-column stk-block stk-53ec762\" data-v=\"4\" data-block-id=\"53ec762\"><style>.stk-53ec762-inner-blocks{row-gap:0px !important;}.stk-53ec762 {padding-top:0px !important;padding-right:0px !important;padding-bottom:0px !important;padding-left:0px !important;margin-top:1.75% !important;}@media screen and (min-width: 768px){.stk-53ec762 {flex:var(--stk-flex-grow, 1) 1 33.3% !important;}}<\/style><div class=\"stk-column-wrapper stk-block-column__content stk-container stk-53ec762-container stk--no-background stk--no-padding\"><div class=\"stk-block-content stk-inner-blocks stk-53ec762-inner-blocks\">\n<ul class=\"widget-box\">\n<li class='contacto-header'>Informaci\u00f3n de contacto<\/li><li><i class=\"fa fa-map-marker\"><\/i> Avda. Astrof\u00edsico Francisco S\u00e1nchez, SN. Edificio Calabaza - AN.2D Apdo. 456 38200 San Crist\u00f3bal de La Laguna.<\/li><li><i class=\"fa fa-phone\"><\/i> (+34) 922 31 79 00 \/ 95 38<\/li><li><i class=\"fa fa-envelope\"><\/i>  <a href=mailto:tpropios@ull.es>tpropios@ull.es<\/a><\/li>\n<\/ul>\n\n\n\n\n\n<div class=\"wp-block-stackable-spacer stk-block-spacer stk--no-padding stk-block stk-6d33d0e\" data-block-id=\"6d33d0e\"><style>.stk-6d33d0e {height:25px !important;}<\/style><\/div>\n<\/div><\/div><\/div>\n<\/div><\/div>\n","protected":false},"excerpt":{"rendered":"<p>Comp\u00e9tences Comp\u00e9tences g\u00e9n\u00e9rales CG1. Analyser l&#039;importance du r\u00f4le enseignant des professeurs d&#039;universit\u00e9. CG2. Adapter les m\u00e9thodes d&#039;enseignement au mod\u00e8le actuel de formation universitaire. CG3. Acqu\u00e9rir les connaissances n\u00e9cessaires en relation avec les diff\u00e9rents domaines dans lesquels le profil d&#039;un professeur d&#039;universit\u00e9 est sp\u00e9cifi\u00e9. CG4. Rechercher de l&#039;information, synth\u00e9tiser et appliquer les connaissances acquises.<\/p>","protected":false},"author":1,"featured_media":0,"parent":0,"menu_order":0,"comment_status":"closed","ping_status":"closed","template":"templates\/template-frontpage.php","meta":{"footnotes":""},"class_list":["post-31","page","type-page","status-publish","hentry"],"_links":{"self":[{"href":"https:\/\/www.ull.es\/formacion-permanente\/diploma-experto-formacion-docencia-universitaria\/fr\/wp-json\/wp\/v2\/pages\/31","targetHints":{"allow":["GET"]}}],"collection":[{"href":"https:\/\/www.ull.es\/formacion-permanente\/diploma-experto-formacion-docencia-universitaria\/fr\/wp-json\/wp\/v2\/pages"}],"about":[{"href":"https:\/\/www.ull.es\/formacion-permanente\/diploma-experto-formacion-docencia-universitaria\/fr\/wp-json\/wp\/v2\/types\/page"}],"author":[{"embeddable":true,"href":"https:\/\/www.ull.es\/formacion-permanente\/diploma-experto-formacion-docencia-universitaria\/fr\/wp-json\/wp\/v2\/users\/1"}],"replies":[{"embeddable":true,"href":"https:\/\/www.ull.es\/formacion-permanente\/diploma-experto-formacion-docencia-universitaria\/fr\/wp-json\/wp\/v2\/comments?post=31"}],"version-history":[{"count":7,"href":"https:\/\/www.ull.es\/formacion-permanente\/diploma-experto-formacion-docencia-universitaria\/fr\/wp-json\/wp\/v2\/pages\/31\/revisions"}],"predecessor-version":[{"id":333,"href":"https:\/\/www.ull.es\/formacion-permanente\/diploma-experto-formacion-docencia-universitaria\/fr\/wp-json\/wp\/v2\/pages\/31\/revisions\/333"}],"wp:attachment":[{"href":"https:\/\/www.ull.es\/formacion-permanente\/diploma-experto-formacion-docencia-universitaria\/fr\/wp-json\/wp\/v2\/media?parent=31"}],"curies":[{"name":"wp","href":"https:\/\/api.w.org\/{rel}","templated":true}]}}