{"id":237,"date":"2024-10-30T10:55:59","date_gmt":"2024-10-30T10:55:59","guid":{"rendered":"https:\/\/www.ull.es\/formacion-permanente\/diploma-experto-formacion-docencia-universitaria\/?page_id=237"},"modified":"2025-10-20T11:26:30","modified_gmt":"2025-10-20T11:26:30","slug":"inscripcion","status":"publish","type":"page","link":"https:\/\/www.ull.es\/formacion-permanente\/diploma-experto-formacion-docencia-universitaria\/inscripcion\/","title":{"rendered":"Inscripci\u00f3n"},"content":{"rendered":"\n<div class=\"wp-block-stackable-columns alignfull stk-block-columns stk-block stk-8657999\" data-block-id=\"8657999\"><style>.stk-8657999 {padding-bottom:0px !important;margin-top:-30px !important;margin-bottom:0px !important;}@media screen and (max-width: 767px){.stk-8657999 {margin-top:-10% !important;}}<\/style><div class=\"stk-row stk-inner-blocks stk-block-content stk-content-align stk-8657999-column alignfull\">\n<div class=\"wp-block-stackable-column stk-block-column stk-column stk-block stk-914f03e\" data-v=\"4\" data-block-id=\"914f03e\"><div class=\"stk-column-wrapper stk-block-column__content stk-container stk-914f03e-container stk--no-background stk--no-padding\"><div class=\"stk-block-content stk-inner-blocks stk-914f03e-inner-blocks\"><style id=\"depicter-2-inline-pre-css\">\n\n.depicter-2:not(.depicter-ready){\n\theight:450px;\n}\n\n\/***** Tablet *****\/\n@media screen and (max-width: 1024px){\n\n.depicter-2:not(.depicter-ready){\n\theight:700px;\n}\n\n}\n\/***** Mobile *****\/\n@media screen and (max-width: 767px){\n\n.depicter-2:not(.depicter-ready){\n\theight:450px;\n}\n\n}\n<\/style>\n<div id=\"depicter-2\" class=\"depicter depicter-document depicter-revert depicter-2 depicter-layout-fullwidth\">\n\n<div class=\"depicter-loading-container depicter-loading dotFlashing-dark\"><div class=\"depicter-loading-dark depicter-dot-flashing\">\n   <span><\/span>\n   <span><\/span>\n   <span><\/span>\n<\/div>\n<\/div>\n<div id=\"depicter-2-section-1\" class=\"depicter-section depicter-2-section-1\" data-name=\"Section 1\" data-type=\"section\" data-local-id=\"section-1\">\n<picture class=\"depicter-bg\">\n<source data-depicter-srcset=\"https:\/\/www.ull.es\/formacion-permanente\/diploma-experto-formacion-docencia-universitaria\/wp-content\/uploads\/sites\/78\/2025\/08\/@PeXi159844-768x512.jpg, https:\/\/www.ull.es\/formacion-permanente\/diploma-experto-formacion-docencia-universitaria\/wp-content\/uploads\/sites\/78\/2025\/08\/@PeXi159844.jpg 2x\" srcset=\"data:image\/gif;base64,R0lGODlhAQABAIAAAAAAAP\/\/\/yH5BAEAAAAALAAAAAABAAEAAAIBRAA7\" media=\"(max-width: 1024px)\" \/>\n\n<source data-depicter-srcset=\"https:\/\/www.ull.es\/formacion-permanente\/diploma-experto-formacion-docencia-universitaria\/wp-content\/uploads\/sites\/78\/2025\/08\/@PeXi159844.jpg, https:\/\/www.ull.es\/formacion-permanente\/diploma-experto-formacion-docencia-universitaria\/wp-content\/uploads\/sites\/78\/2025\/08\/@PeXi159844-1920x1280.jpg 2x\" srcset=\"data:image\/gif;base64,R0lGODlhAQABAIAAAAAAAP\/\/\/yH5BAEAAAAALAAAAAABAAEAAAIBRAA7\" media=\"(min-width: 1025px)\" \/>\n<img decoding=\"async\" src=\"data:image\/gif;base64,R0lGODlhAQABAIAAAAAAAP\/\/\/yH5BAEAAAAALAAAAAABAAEAAAIBRAA7\" data-ken-burns=\"false\" data-tablet-ken-burns=\"false\" data-mobile-ken-burns=\"false\" alt=\"\" data-depicter-src=\"https:\/\/www.ull.es\/formacion-permanente\/diploma-experto-formacion-docencia-universitaria\/wp-content\/uploads\/sites\/78\/2025\/08\/@PeXi159844.jpg\" data-object-fit=\"custom,custom,\" data-object-position=\"center top,,\" data-crop=\"{'focalPoint':{'x':0.5,'y':0.5},'mediaSize':{'width':1200,'height':800}}\" data-tablet-crop=\"{'focalPoint':{'x':0.5,'y':0.5},'mediaSize':{'width':1050,'height':700}}\" data-mobile-crop=\"{'focalPoint':{'x':0.5,'y':0.5},'mediaSize':{'width':675,'height':450}}\" \/>\n<\/picture>\n\n\n<h1 id=\"depicter-2-element-5\" class=\"depicter-element depicter-layer depicter-2-element-5\" data-type=\"text\" data-wrap=\"true\" data-name=\"Text 2\" data-local-id=\"element-5\" data-offset=\"x:0px;y:118px;origin:tl\" data-tablet-offset=\"x:189px;y:206px;origin:tl\" data-mobile-offset=\"x:-2px;y:171px;origin:tl\" data-width=\"1060px,646px,376px\" data-height=\"auto,auto,auto\" data-responsive-scale=\"true,,\">Diploma de Experto\/a en Formaci\u00f3n para la Docencia Universitaria<br><\/h1>\n\n<div id=\"depicter-2-element-10\" class=\"depicter-element depicter-layer depicter-2-element-10\" data-type=\"shape\" data-wrap=\"true\" data-name=\"Shape 1\" data-local-id=\"element-10\" data-offset=\"x:0px;y:366px;origin:tl\" data-tablet-offset=\"x:189px;y:506px;origin:tl\" data-mobile-offset=\"x:0px;y:313px;origin:tl\" data-width=\"968px,647px,360px\" data-height=\"8px,8px,8px\" data-responsive-scale=\"true,,\"><\/div>\n<\/div>\n<\/div>\n<script>\n(window.depicterSetups = window.depicterSetups || []).push(function(){\n\tDepicter.basePath = 'https:\/\/www.ull.es\/formacion-permanente\/diploma-experto-formacion-docencia-universitaria\/wp-content\/plugins\/depicter\/resources\/scripts\/player\/';\n\tconst dpPlayer = Depicter.setup('.depicter-2',\n\t\t{\"width\":[\"1200\",\"1024\",\"360\"],\"height\":[\"450\",\"700\",\"450\"],\"view\":\"basic\",\"keepAspectRatio\":true,\"preload\":0,\"layout\":\"fullwidth\",\"rtl\":false,\"initAfterAppear\":false,\"ajaxApiUrl\":\"https:\\\/\\\/www.ull.es\\\/formacion-permanente\\\/diploma-experto-formacion-docencia-universitaria\\\/wp-admin\\\/admin-ajax.php\",\"mouseSwipe\":true,\"touchSwipe\":true,\"useWatermark\":false}\n\t);\n});\n<\/script><\/div><\/div><\/div>\n<\/div><\/div>\n\n\n\n<div class=\"wp-block-stackable-columns alignfull stk-block-columns stk--hide-mobile stk-block stk-ceecbdc stk-block-background\" data-block-id=\"ceecbdc\"><style>.stk-ceecbdc {background-color:#e2be27 !important;padding-top:65px !important;padding-right:0px !important;padding-bottom:2px !important;padding-left:0px !important;margin-top:-20px !important;margin-bottom:0px !important;}.stk-ceecbdc:before{background-color:#e2be27 !important;}<\/style><div class=\"stk-row stk-inner-blocks stk-block-content stk-content-align stk-ceecbdc-column alignfull\">\n<div class=\"wp-block-stackable-column stk-block-column stk-column stk-block stk-fc60a5d\" data-v=\"4\" data-block-id=\"fc60a5d\"><div class=\"stk-column-wrapper stk-block-column__content stk-container stk-fc60a5d-container stk--no-background stk--no-padding\"><div class=\"stk-block-content stk-inner-blocks stk-fc60a5d-inner-blocks\">\n<div class=\"wp-block-stackable-spacer stk-block-spacer stk--no-padding stk-block stk-a3a8a68\" data-block-id=\"a3a8a68\"><style>.stk-a3a8a68 {height:0px !important;}<\/style><\/div>\n<\/div><\/div><\/div>\n<\/div><\/div>\n\n\n\n<div class=\"wp-block-stackable-columns stk-block-columns stk-block stk-8b59b96\" data-block-id=\"8b59b96\"><style>.stk-8b59b96 .stk--block-align-8b59b96{align-items:flex-start !important;}.stk-8b59b96 {margin-top:50px !important;}.stk-8b59b96-column{--stk-columns-spacing:0px !important;--stk-column-gap:50px !important;}@media screen and (max-width: 767px){.stk-8b59b96-column{row-gap:var(--stk--preset--spacing--60, 2.25rem) !important;}}<\/style><div class=\"stk-row stk-inner-blocks stk--block-align-8b59b96 stk-block-content stk-content-align stk-8b59b96-column\">\n<div class=\"wp-block-stackable-column stk-block-column stk-column stk-block stk-dbb7e15\" data-v=\"4\" data-block-id=\"dbb7e15\"><style>@media screen and (min-width: 768px){.stk-dbb7e15 {flex:var(--stk-flex-grow, 1) 1 66.7% !important;}}<\/style><div class=\"stk-column-wrapper stk-block-column__content stk-container stk-dbb7e15-container stk--no-background stk--no-padding\"><div class=\"stk-block-content stk-inner-blocks stk-dbb7e15-inner-blocks\">\n<h4 class=\"wp-block-heading\"><strong>Preinscripci\u00f3n<\/strong><\/h4>\n\n\n\n<p>Del 1 de septiembre de 2025 al 19 de septiembre de 2025.<\/p>\n\n\n\n<p><a href=\"https:\/\/sede.ull.es\/ecivilis-site\/catalog\/showProcedure\/329\" target=\"_blank\" rel=\"noreferrer noopener\" target=\"_blank\" rel=\"noopener\">Procedimiento de preinscripci\u00f3n en sede electr\u00f3nica<\/a>.<\/p>\n\n\n\n<p><a href=\"https:\/\/sede.ull.es\/wp-content\/uploads\/2018\/03\/Indicaciones-autoregistro.pdf\" target=\"_blank\" rel=\"noreferrer noopener\" target=\"_blank\" rel=\"noopener\">Instrucciones para el autoregistro en sede electr\u00f3nica (s\u00f3lo para quien no tiene cuenta institucional)<\/a>.<\/p>\n\n\n\n<h4 class=\"wp-block-heading\"><a href=\"https:\/\/drive.google.com\/file\/d\/1FbTPn1cAiACe6gnujv_6-WWZtiClBNLX\/view?usp=drive_link\" data-type=\"link\" data-id=\"https:\/\/drive.google.com\/file\/d\/1FbTPn1cAiACe6gnujv_6-WWZtiClBNLX\/view?usp=drive_link\" target=\"_blank\" rel=\"noreferrer noopener\" target=\"_blank\" rel=\"noopener\"><strong>Lista provisional de admitidos<\/strong> <strong>y excluidos<\/strong><\/a><\/h4>\n\n\n\n<p>30 de septiembre de 2025<\/p>\n\n\n\n<h4 class=\"wp-block-heading\"><strong>Alegaciones a la lista provisional<\/strong><\/h4>\n\n\n\n<p>Del 1 al 10 de octubre de 2025.<\/p>\n\n\n\n<h4 class=\"wp-block-heading\"><strong><a href=\"https:\/\/drive.google.com\/file\/d\/1j3Sj-70r-OHdIPdSp3vmS5F6A-4uPjuf\/view?usp=drive_link\" target=\"_blank\" rel=\"noopener\">Lista definitiva de admitidos<\/a><\/strong><\/h4>\n\n\n\n<p>15 de octubre de 2025.<\/p>\n\n\n\n<h4 class=\"wp-block-heading\"><\/h4>\n\n\n\n<h4 class=\"wp-block-heading\"><strong>Matr\u00edcula<\/strong><\/h4>\n\n\n\n<p>Del 20 de octubre de 2025 al 28 de octubre de 2025.<\/p>\n\n\n\n<h4 class=\"wp-block-heading\"><\/h4>\n\n\n\n<p><strong>Impartici\u00f3n<\/strong><\/p>\n\n\n\n<p>Del 30 de octubre de 2025 al 3 de julio de 2026.<\/p>\n\n\n\n<p><strong>\u00a1Inscr\u00edbete antes de que se agoten las plazas!<\/strong><\/p>\n\n\n\n<p>Si tienes alguna duda o necesitas asistencia en un tr\u00e1mite, puedes contactar con nosotros en:<\/p>\n\n\n\n<ul class=\"wp-block-list\">\n<li>\n<ul class=\"wp-block-list\">\n<li>Tel\u00e9fonos: (+34)922319538 \/ (+34)92231957900<\/li>\n\n\n\n<li>Correo electr\u00f3nico:&nbsp;<a href=\"mailto:tpropios@ull.es\" target=\"_blank\" rel=\"noreferrer noopener\" target=\"_blank\" rel=\"noopener\">tpropios@ull.es<\/a><\/li>\n<\/ul>\n<\/li>\n<\/ul>\n\n\n\n<p>Horario&nbsp;de atenci\u00f3n al p\u00fablico:<\/p>\n\n\n\n<p>Lunes a viernes de 9:00 a 13:00 horas.<\/p>\n<\/div><\/div><\/div>\n\n\n\n<div class=\"wp-block-stackable-column stk-block-column stk-column stk-block stk-53ec762\" data-v=\"4\" data-block-id=\"53ec762\"><style>.stk-53ec762-inner-blocks{row-gap:0px !important;}.stk-53ec762 {padding-top:0px !important;padding-right:0px !important;padding-bottom:0px !important;padding-left:0px !important;margin-top:1.75% !important;}@media screen and (min-width: 768px){.stk-53ec762 {flex:var(--stk-flex-grow, 1) 1 33.3% !important;}}<\/style><div class=\"stk-column-wrapper stk-block-column__content stk-container stk-53ec762-container stk--no-background stk--no-padding\"><div class=\"stk-block-content stk-inner-blocks stk-53ec762-inner-blocks\">\n<ul class=\"widget-box\">\n<li class='contacto-header'>Informaci\u00f3n de contacto<\/li><li><i class=\"fa fa-map-marker\"><\/i> Avda. Astrof\u00edsico Francisco S\u00e1nchez, SN. Edificio Calabaza - AN.2D Apdo. 456 38200 San Crist\u00f3bal de La Laguna.<\/li><li><i class=\"fa fa-phone\"><\/i> (+34) 922 31 79 00 \/ 95 38<\/li><li><i class=\"fa fa-envelope\"><\/i>  <a href=mailto:tpropios@ull.es>tpropios@ull.es<\/a><\/li>\n<\/ul>\n\n\n\n\n\n<div class=\"wp-block-stackable-spacer stk-block-spacer stk--no-padding stk-block stk-6d33d0e\" data-block-id=\"6d33d0e\"><style>.stk-6d33d0e {height:25px !important;}<\/style><\/div>\n<\/div><\/div><\/div>\n<\/div><\/div>\n","protected":false},"excerpt":{"rendered":"<p>Preinscripci\u00f3n Del 1 de septiembre de 2025 al 19 de septiembre de 2025. Procedimiento de preinscripci\u00f3n en sede electr\u00f3nica. Instrucciones para el autoregistro en sede electr\u00f3nica (s\u00f3lo para quien no tiene cuenta institucional). Lista provisional de admitidos y excluidos 30 de septiembre de 2025 Alegaciones a la lista provisional Del 1 al 10 de octubre&#8230;<\/p>\n","protected":false},"author":28,"featured_media":0,"parent":0,"menu_order":0,"comment_status":"closed","ping_status":"closed","template":"templates\/template-frontpage.php","meta":{"footnotes":""},"class_list":["post-237","page","type-page","status-publish","hentry"],"_links":{"self":[{"href":"https:\/\/www.ull.es\/formacion-permanente\/diploma-experto-formacion-docencia-universitaria\/wp-json\/wp\/v2\/pages\/237","targetHints":{"allow":["GET"]}}],"collection":[{"href":"https:\/\/www.ull.es\/formacion-permanente\/diploma-experto-formacion-docencia-universitaria\/wp-json\/wp\/v2\/pages"}],"about":[{"href":"https:\/\/www.ull.es\/formacion-permanente\/diploma-experto-formacion-docencia-universitaria\/wp-json\/wp\/v2\/types\/page"}],"author":[{"embeddable":true,"href":"https:\/\/www.ull.es\/formacion-permanente\/diploma-experto-formacion-docencia-universitaria\/wp-json\/wp\/v2\/users\/28"}],"replies":[{"embeddable":true,"href":"https:\/\/www.ull.es\/formacion-permanente\/diploma-experto-formacion-docencia-universitaria\/wp-json\/wp\/v2\/comments?post=237"}],"version-history":[{"count":15,"href":"https:\/\/www.ull.es\/formacion-permanente\/diploma-experto-formacion-docencia-universitaria\/wp-json\/wp\/v2\/pages\/237\/revisions"}],"predecessor-version":[{"id":343,"href":"https:\/\/www.ull.es\/formacion-permanente\/diploma-experto-formacion-docencia-universitaria\/wp-json\/wp\/v2\/pages\/237\/revisions\/343"}],"wp:attachment":[{"href":"https:\/\/www.ull.es\/formacion-permanente\/diploma-experto-formacion-docencia-universitaria\/wp-json\/wp\/v2\/media?parent=237"}],"curies":[{"name":"wp","href":"https:\/\/api.w.org\/{rel}","templated":true}]}}