{"id":31,"date":"2019-02-28T12:56:16","date_gmt":"2019-02-28T11:56:16","guid":{"rendered":"http:\/\/www.ull.es\/formacion-permanente\/diploma-gastronomia\/?page_id=31"},"modified":"2025-08-19T14:19:14","modified_gmt":"2025-08-19T12:19:14","slug":"coordinacion-docente","status":"publish","type":"page","link":"https:\/\/www.ull.es\/formacion-permanente\/diploma-gastronomia\/en\/coordinacion-docente\/","title":{"rendered":"Teaching coordination"},"content":{"rendered":"\n<div class=\"wp-block-stackable-columns alignfull stk-block-columns stk-block stk-8657999\" data-block-id=\"8657999\"><style>.stk-8657999 {padding-bottom:0px !important;margin-top:-30px !important;margin-bottom:0px !important;}@media screen and (max-width: 767px){.stk-8657999 {margin-top:-10% !important;}}<\/style><div class=\"stk-row stk-inner-blocks stk-block-content stk-content-align stk-8657999-column alignfull\">\n<div class=\"wp-block-stackable-column stk-block-column stk-column stk-block stk-914f03e\" data-v=\"4\" data-block-id=\"914f03e\"><div class=\"stk-column-wrapper stk-block-column__content stk-container stk-914f03e-container stk--no-background stk--no-padding\"><div class=\"stk-block-content stk-inner-blocks stk-914f03e-inner-blocks\"><style id=\"depicter-3-inline-pre-css\">\n\n.depicter-3:not(.depicter-ready){\n\theight:450px;\n}\n\n\/***** Tablet *****\/\n@media screen and (max-width: 1024px){\n\n.depicter-3:not(.depicter-ready){\n\theight:700px;\n}\n\n}\n\/***** Mobile *****\/\n@media screen and (max-width: 767px){\n\n.depicter-3:not(.depicter-ready){\n\theight:450px;\n}\n\n}\n<\/style>\n<div id=\"depicter-3\" class=\"depicter depicter-document depicter-revert depicter-3 depicter-layout-fullwidth\">\n\n<div class=\"depicter-loading-container depicter-loading dotFlashing-dark\"><div class=\"depicter-loading-dark depicter-dot-flashing\">\n   <span><\/span>\n   <span><\/span>\n   <span><\/span>\n<\/div>\n<\/div>\n<div id=\"depicter-3-section-1\" class=\"depicter-section depicter-3-section-1\" data-name=\"Section 1\" data-type=\"section\" data-local-id=\"section-1\">\n<picture class=\"depicter-bg\">\n<source data-depicter-srcset=\"https:\/\/www.ull.es\/formacion-permanente\/diploma-gastronomia\/wp-content\/uploads\/sites\/24\/2025\/08\/BANNERWEB-01-768x279.jpg, https:\/\/www.ull.es\/formacion-permanente\/diploma-gastronomia\/wp-content\/uploads\/sites\/24\/2025\/08\/BANNERWEB-01.jpg 2x\" srcset=\"data:image\/gif;base64,R0lGODlhAQABAIAAAAAAAP\/\/\/yH5BAEAAAAALAAAAAABAAEAAAIBRAA7\" media=\"(max-width: 1024px)\" \/>\n\n<source data-depicter-srcset=\"https:\/\/www.ull.es\/formacion-permanente\/diploma-gastronomia\/wp-content\/uploads\/sites\/24\/2025\/08\/BANNERWEB-01.jpg, https:\/\/www.ull.es\/formacion-permanente\/diploma-gastronomia\/wp-content\/uploads\/sites\/24\/2025\/08\/BANNERWEB-01-1464x532.jpg 2x\" srcset=\"data:image\/gif;base64,R0lGODlhAQABAIAAAAAAAP\/\/\/yH5BAEAAAAALAAAAAABAAEAAAIBRAA7\" media=\"(min-width: 1025px)\" \/>\n<img decoding=\"async\" src=\"data:image\/gif;base64,R0lGODlhAQABAIAAAAAAAP\/\/\/yH5BAEAAAAALAAAAAABAAEAAAIBRAA7\" data-ken-burns=\"false\" data-tablet-ken-burns=\"false\" data-mobile-ken-burns=\"false\" alt=\"\" data-depicter-src=\"https:\/\/www.ull.es\/formacion-permanente\/diploma-gastronomia\/wp-content\/uploads\/sites\/24\/2025\/08\/BANNERWEB-01.jpg\" data-object-fit=\"custom,custom,\" data-object-position=\"center top,,\" data-crop=\"{'focalPoint':{'x':0.5,'y':0.65000000000000002220446049250313080847263336181640625},'mediaSize':{'width':1792,'height':651}}\" data-tablet-crop=\"{'focalPoint':{'x':0.5,'y':0.5},'mediaSize':{'width':1926.315789473684390031849034130573272705078125,'height':700}}\" data-mobile-crop=\"{'focalPoint':{'x':0.5,'y':0.5},'mediaSize':{'width':1238.34586466165410456596873700618743896484375,'height':450}}\" \/>\n<\/picture>\n\n\n<h1 id=\"depicter-3-element-5\" class=\"depicter-element depicter-layer depicter-3-element-5\" data-type=\"text\" data-wrap=\"true\" data-name=\"Text 2\" data-local-id=\"element-5\" data-offset=\"x:0px;y:171px;origin:tl\" data-tablet-offset=\"x:189px;y:206px;origin:tl\" data-mobile-offset=\"x:-2px;y:171px;origin:tl\" data-width=\"1060px,646px,376px\" data-height=\"auto,auto,auto\" data-responsive-scale=\"true,,\">Diploma Universitario en Gastronom\u00eda y Alimentaci\u00f3n<br><\/h1>\n\n<div id=\"depicter-3-element-10\" class=\"depicter-element depicter-layer depicter-3-element-10\" data-type=\"shape\" data-wrap=\"true\" data-name=\"Shape 1\" data-local-id=\"element-10\" data-offset=\"x:0px;y:366px;origin:tl\" data-tablet-offset=\"x:189px;y:506px;origin:tl\" data-mobile-offset=\"x:0px;y:313px;origin:tl\" data-width=\"968px,647px,360px\" data-height=\"8px,8px,8px\" data-responsive-scale=\"true,,\"><\/div>\n\n<picture id=\"depicter-3-element-23\" class=\"depicter-element depicter-layer depicter-3-element-23\" data-type=\"image\" data-wrap=\"true\" data-name=\"Image 3\" data-local-id=\"element-23\" data-offset=\"x:0px;y:0px;origin:tl\" data-width=\"250px,,\" data-height=\"0px,,\" data-responsive-scale=\"true,,\" data-crop=\"false\">\n<source data-depicter-srcset=\"https:\/\/www.ull.es\/formacion-permanente\/diploma-gastronomia\/wp-content\/uploads\/sites\/24\/2019\/03\/portada-diploma-universitario-en-gastronomia-y-alimentaci\u00f3n-ULL-250x1.jpg, https:\/\/www.ull.es\/formacion-permanente\/diploma-gastronomia\/wp-content\/uploads\/sites\/24\/2019\/03\/portada-diploma-universitario-en-gastronomia-y-alimentaci\u00f3n-ULL-500x1.jpg 2x\" srcset=\"data:image\/gif;base64,R0lGODlhAQABAIAAAAAAAP\/\/\/yH5BAEAAAAALAAAAAABAAEAAAIBRAA7\" \/>\n<img decoding=\"async\" src=\"data:image\/gif;base64,R0lGODlhAQABAIAAAAAAAP\/\/\/yH5BAEAAAAALAAAAAABAAEAAAIBRAA7\" data-depicter-src=\"https:\/\/www.ull.es\/formacion-permanente\/diploma-gastronomia\/wp-content\/uploads\/sites\/24\/2019\/03\/portada-diploma-universitario-en-gastronomia-y-alimentaci\u00f3n-ULL-250x1.jpg\" alt=\"Diploma universitario en gastronom\u00eda y alimentaci\u00f3n ULL\" \/>\n<\/picture><\/div>\n<\/div>\n<script>\n(window.depicterSetups = window.depicterSetups || []).push(function(){\n\tDepicter.basePath = 'https:\/\/www.ull.es\/formacion-permanente\/diploma-gastronomia\/wp-content\/plugins\/depicter\/resources\/scripts\/player\/';\n\tconst dpPlayer = Depicter.setup('.depicter-3',\n\t\t{\"width\":[\"1200\",\"1024\",\"360\"],\"height\":[\"450\",\"700\",\"450\"],\"view\":\"basic\",\"keepAspectRatio\":true,\"preload\":0,\"layout\":\"fullwidth\",\"rtl\":false,\"initAfterAppear\":false,\"ajaxApiUrl\":\"https:\\\/\\\/www.ull.es\\\/formacion-permanente\\\/diploma-gastronomia\\\/wp-admin\\\/admin-ajax.php\",\"mouseSwipe\":true,\"touchSwipe\":true,\"useWatermark\":false}\n\t);\n});\n<\/script><\/div><\/div><\/div>\n<\/div><\/div>\n\n\n\n<div class=\"wp-block-stackable-columns alignfull stk-block-columns stk--hide-mobile stk-block stk-ceecbdc stk-block-background\" data-block-id=\"ceecbdc\"><style>.stk-ceecbdc {background-color:#e2be27 !important;padding-top:65px !important;padding-right:0px !important;padding-bottom:2px !important;padding-left:0px !important;margin-top:-20px !important;margin-bottom:0px !important;}.stk-ceecbdc:before{background-color:#e2be27 !important;}<\/style><div class=\"stk-row stk-inner-blocks stk-block-content stk-content-align stk-ceecbdc-column alignfull\">\n<div class=\"wp-block-stackable-column stk-block-column stk-column stk-block stk-fc60a5d\" data-v=\"4\" data-block-id=\"fc60a5d\"><div class=\"stk-column-wrapper stk-block-column__content stk-container stk-fc60a5d-container stk--no-background stk--no-padding\"><div class=\"stk-block-content stk-inner-blocks stk-fc60a5d-inner-blocks\">\n<div class=\"wp-block-stackable-spacer stk-block-spacer stk--no-padding stk-block stk-a3a8a68\" data-block-id=\"a3a8a68\"><style>.stk-a3a8a68 {height:0px !important;}<\/style><\/div>\n<\/div><\/div><\/div>\n<\/div><\/div>\n\n\n\n<div class=\"wp-block-stackable-columns stk-block-columns stk-block stk-8b59b96\" data-block-id=\"8b59b96\"><style>.stk-8b59b96 .stk--block-align-8b59b96{align-items:flex-start !important;}.stk-8b59b96 {margin-top:50px !important;}.stk-8b59b96-column{--stk-columns-spacing:0px !important;--stk-column-gap:50px !important;}@media screen and (max-width: 767px){.stk-8b59b96-column{row-gap:var(--stk--preset--spacing--60, 2.25rem) !important;}}<\/style><div class=\"stk-row stk-inner-blocks stk--block-align-8b59b96 stk-block-content stk-content-align stk-8b59b96-column\">\n<div class=\"wp-block-stackable-column stk-block-column stk-column stk-block stk-dbb7e15\" data-v=\"4\" data-block-id=\"dbb7e15\"><style>@media screen and (min-width: 768px){.stk-dbb7e15 {flex:var(--stk-flex-grow, 1) 1 66.7% !important;}}<\/style><div class=\"stk-column-wrapper stk-block-column__content stk-container stk-dbb7e15-container stk--no-background stk--no-padding\"><div class=\"stk-block-content stk-inner-blocks stk-dbb7e15-inner-blocks\">\n<div class=\"wp-block-stackable-heading stk-block-heading stk-block-heading--v2 stk-block stk-fc6338c\" id=\"coordinacion-docente\" data-block-id=\"fc6338c\"><style>.stk-fc6338c {margin-bottom:20px !important;}.stk-fc6338c .stk-block-heading__text{color:#000000 !important;}<\/style><h1 class=\"stk-block-heading__text has-text-color\">Coordinaci\u00f3n docente<\/h1><\/div>\n\n\n\n<div class=\"wp-block-stackable-text stk-block-text stk-block stk-11eb0ac\" data-block-id=\"11eb0ac\"><p class=\"stk-block-text__text\">El t\u00edtulo cuenta con las estructuras de coordinaci\u00f3n necesarias en sus diferentes niveles para garantizar que se organiza y desarrolla de manera adecuada. As\u00ed, para articular la coordinaci\u00f3n horizontal y vertical a nivel titulaci\u00f3n, se cuenta con:<\/p><\/div>\n\n\n\n<ul class=\"wp-block-list\">\n<li>Direcci\u00f3n Acad\u00e9mica<\/li>\n\n\n\n<li>Comisi\u00f3n Acad\u00e9mica<\/li>\n\n\n\n<li>Coordinador\/a de Asignatura, el cual puede consultarse en la gu\u00eda docente correspondiente.<\/li>\n<\/ul>\n\n\n\n<p>Las citadas estructuras cuentan con los mecanismos de funcionamiento mediante reuniones peri\u00f3dicas para realizar el an\u00e1lisis del desarrollo de la titulaci\u00f3n en sus diferentes niveles (titulaci\u00f3n, curso y asignatura).<\/p>\n\n\n\n<p>A trav\u00e9s de la coordinaci\u00f3n horizontal y vertical se garantiza, entre otras: la adecuada secuenciaci\u00f3n y planificaci\u00f3n temporal de las asignaturas, su contenido y sistema de evaluaci\u00f3n; se evita vac\u00edos, duplicidades y desajustes; y se distribuye de forma adecuada la carga de trabajo del alumnado para facilitar la adquisici\u00f3n de los resultados de aprendizaje.<\/p>\n\n\n\n<div class=\"wp-block-stackable-divider stk-block-divider stk-block stk-76636fb\" data-block-id=\"76636fb\"><style>.stk-76636fb hr.stk-block-divider__hr{width:100% !important;}<\/style><hr class=\"stk-block-divider__hr\"\/><\/div>\n\n\n\n<style>\n    .shortcode-equipo h2 {\n        margin-bottom: 10px !important;\n    }\n<\/style>\n\n<div class=\"shortcode-equipo\">\n    <h2>Equipo de direcci\u00f3n<\/h2><dl><dt><strong>Direcci\u00f3n acad\u00e9mica<\/strong><\/dt><dd> <a href='https:\/\/www.ull.es\/directorio\/search\/?busqueda=Luis Antonio Gonz\u00e1lez Mendoza' target='_blank'>Luis Antonio Gonz\u00e1lez Mendoza<\/a><\/dd><\/dl><h2>Comisi\u00f3n acad\u00e9mica<\/h2><dl><dt><strong>Comisi\u00f3n Acad\u00e9mica<\/strong><\/dt><dd> <a href='https:\/\/www.ull.es\/directorio\/search\/?busqueda=V\u00edctor Castro Morales' target='_blank'>V\u00edctor Castro Morales<\/a><\/dd><dd> <a href='https:\/\/www.ull.es\/directorio\/search\/?busqueda=Pl\u00e1cido Enrique Bazo Mart\u00ednez' target='_blank'>Pl\u00e1cido Enrique Bazo Mart\u00ednez<\/a><\/dd><dd> <a href='https:\/\/www.ull.es\/directorio\/search\/?busqueda=Elena Mar\u00eda Rodr\u00edguez Rodr\u00edguez' target='_blank'>Elena Mar\u00eda Rodr\u00edguez Rodr\u00edguez<\/a><\/dd><dd> <a href='https:\/\/www.ull.es\/directorio\/search\/?busqueda=Francisco Almeida Ossa' target='_blank'>Francisco Almeida Ossa<\/a><\/dd><dd> <a href='https:\/\/www.ull.es\/directorio\/search\/?busqueda=Luis Antonio Gonz\u00e1lez Mendoza' target='_blank'>Luis Antonio Gonz\u00e1lez Mendoza<\/a><\/dd><\/dl>\n<\/div>\n\n<\/div><\/div><\/div>\n\n\n\n<div class=\"wp-block-stackable-column stk-block-column stk-column stk-block stk-53ec762\" data-v=\"4\" data-block-id=\"53ec762\"><style>.stk-53ec762-inner-blocks{row-gap:0px !important;}.stk-53ec762 {padding-top:0px !important;padding-right:0px !important;padding-bottom:0px !important;padding-left:0px !important;margin-top:1.75% !important;}@media screen and (min-width: 768px){.stk-53ec762 {flex:var(--stk-flex-grow, 1) 1 33.3% !important;}}<\/style><div class=\"stk-column-wrapper stk-block-column__content stk-container stk-53ec762-container stk--no-background stk--no-padding\"><div class=\"stk-block-content stk-inner-blocks stk-53ec762-inner-blocks\">\n<div class=\"wp-block-stackable-columns stk-block-columns stk-block stk-e699485\" data-block-id=\"e699485\"><style>.stk-e699485 .stk--block-align-e699485{align-items:flex-start !important;}.stk-e699485 {margin-top:25px !important;}.stk-e699485-column{--stk-columns-spacing:0px !important;--stk-column-gap:50px !important;}@media screen and (max-width: 767px){.stk-e699485-column{row-gap:var(--stk--preset--spacing--60, 2.25rem) !important;}}<\/style><div class=\"stk-row stk-inner-blocks stk--block-align-e699485 stk-block-content stk-content-align stk-e699485-column\">\n<div class=\"wp-block-stackable-column stk-block-column stk-column stk-block stk-0e7f8e4\" data-v=\"4\" data-block-id=\"0e7f8e4\"><style>.stk-0e7f8e4-inner-blocks{row-gap:0px !important;}.stk-0e7f8e4 {padding-top:0px !important;padding-right:0px !important;padding-bottom:0px !important;padding-left:0px !important;margin-top:1.75% !important;}<\/style><div class=\"stk-column-wrapper stk-block-column__content stk-container stk-0e7f8e4-container stk--no-background stk--no-padding\"><div class=\"stk-block-content stk-inner-blocks stk-0e7f8e4-inner-blocks\">\n<div class=\"wp-block-stackable-columns stk-block-columns stk-block stk-e412d38\" data-block-id=\"e412d38\"><style>.stk-e412d38 .stk--block-align-e412d38{align-items:center !important;}.stk-e412d38 {margin-bottom:10px !important;}<\/style><div class=\"stk-row stk-inner-blocks stk--block-align-e412d38 stk-block-content stk-content-align stk-e412d38-column\">\n<div class=\"wp-block-stackable-column stk-block-column stk-column stk-block stk-7241ed4 stk-block-background\" data-v=\"4\" data-block-id=\"7241ed4\"><style>.stk-7241ed4-inner-blocks{justify-content:center !important;}.stk-7241ed4 {background-color:#333333 !important;padding-top:2% !important;padding-right:0% !important;padding-bottom:5% !important;padding-left:5% !important;}.stk-7241ed4:before{background-color:#333333 !important;}<\/style><div class=\"stk-column-wrapper stk-block-column__content stk-container stk-7241ed4-container stk--no-background stk--no-padding\"><div class=\"stk--column-flex stk-block-content stk-inner-blocks stk-7241ed4-inner-blocks\">\n<div class=\"wp-block-stackable-text stk-block-text stk-block stk-bdd3a63\" data-block-id=\"bdd3a63\"><style>.stk-bdd3a63 {margin-top:12px !important;margin-bottom:10px !important;}.stk-bdd3a63 .stk-block-text__text{font-size:20px !important;color:#ffffff !important;}@media screen and (max-width: 1023px){.stk-bdd3a63 .stk-block-text__text{font-size:20px !important;}}<\/style><p class=\"stk-block-text__text has-text-color\">Inscripci\u00f3n<\/p><\/div>\n<\/div><a class=\"stk-link stk-block-link stk--transparent-overlay\" href=\"https:\/\/www.ull.es\/formacion-permanente\/diploma-gastronomia\/acceso-inscripcion\/\" aria-hidden=\"true\" tabindex=\"-1\" target=\"_blank\" rel=\"noopener\"><\/a><\/div><\/div>\n<\/div><\/div>\n\n\n\n<div class=\"wp-block-stackable-columns stk-block-columns stk-block stk-8cdd907\" data-block-id=\"8cdd907\"><style>.stk-8cdd907 .stk--block-align-8cdd907{align-items:center !important;}.stk-8cdd907 {margin-bottom:10px !important;}<\/style><div class=\"stk-row stk-inner-blocks stk--block-align-8cdd907 stk-block-content stk-content-align stk-8cdd907-column\">\n<div class=\"wp-block-stackable-column stk-block-column stk-column stk-block stk-77f6e0a stk-block-background\" data-v=\"4\" data-block-id=\"77f6e0a\"><style>.stk-77f6e0a {background-color:#e2be27 !important;padding-top:2% !important;padding-right:0% !important;padding-bottom:5% !important;padding-left:5% !important;}.stk-77f6e0a:before{background-color:#e2be27 !important;}<\/style><div class=\"stk-column-wrapper stk-block-column__content stk-container stk-77f6e0a-container stk--no-background stk--no-padding\"><div class=\"stk-block-content stk-inner-blocks stk-77f6e0a-inner-blocks\">\n<div class=\"wp-block-stackable-text stk-block-text stk-block stk-c3df505\" data-block-id=\"c3df505\"><style>.stk-c3df505 {margin-top:12px !important;margin-bottom:10px !important;}.stk-c3df505 .stk-block-text__text{font-size:20px !important;color:#ffffff !important;}@media screen and (max-width: 1023px){.stk-c3df505 .stk-block-text__text{font-size:20px !important;}}<\/style><p class=\"stk-block-text__text has-text-color\">Contacto<\/p><\/div>\n<\/div><a class=\"stk-link stk-block-link stk--transparent-overlay\" href=\"https:\/\/www.ull.es\/formacion-permanente\/diploma-gastronomia\/formulario-de-contacto\/\" aria-hidden=\"true\" tabindex=\"-1\" target=\"_blank\" rel=\"noopener\"><\/a><\/div><\/div>\n<\/div><\/div>\n\n\n\n<div class=\"wp-block-stackable-columns stk-block-columns stk-block stk-9115aa5\" data-block-id=\"9115aa5\"><style>.stk-9115aa5 .stk--block-align-9115aa5{align-items:center !important;}.stk-9115aa5 {margin-bottom:10px !important;}<\/style><div class=\"stk-row stk-inner-blocks stk--block-align-9115aa5 stk-block-content stk-content-align stk-9115aa5-column\">\n<div class=\"wp-block-stackable-column stk-block-column stk-column stk-block stk-a75a71a stk-block-background\" data-v=\"4\" data-block-id=\"a75a71a\"><style>.stk-a75a71a-inner-blocks{justify-content:center !important;}.stk-a75a71a {background-color:#333333 !important;padding-top:2% !important;padding-right:0% !important;padding-bottom:5% !important;padding-left:5% !important;}.stk-a75a71a:before{background-color:#333333 !important;}<\/style><div class=\"stk-column-wrapper stk-block-column__content stk-container stk-a75a71a-container stk--no-background stk--no-padding\"><div class=\"stk--column-flex stk-block-content stk-inner-blocks stk-a75a71a-inner-blocks\">\n<div class=\"wp-block-stackable-text stk-block-text stk-block stk-25b91c6\" data-block-id=\"25b91c6\"><style>.stk-25b91c6 {margin-top:12px !important;margin-bottom:10px !important;}.stk-25b91c6 .stk-block-text__text{font-size:20px !important;color:#ffffff !important;}@media screen and (max-width: 1023px){.stk-25b91c6 .stk-block-text__text{font-size:20px !important;}}<\/style><p class=\"stk-block-text__text has-text-color\">Folleto Informativo<\/p><\/div>\n<\/div><a class=\"stk-link stk-block-link stk--transparent-overlay\" href=\"https:\/\/drive.google.com\/file\/d\/1LC6RQ46HiF15n0ZjdA9Fts5-GK9nG_Gf\/view?usp=sharing\" aria-hidden=\"true\" tabindex=\"-1\" target=\"_blank\" rel=\"noopener\"><\/a><\/div><\/div>\n<\/div><\/div>\n<\/div><\/div><\/div>\n<\/div><\/div>\n\n\n\n<div class=\"wp-block-stackable-spacer stk-block-spacer stk--no-padding stk-block stk-3e5abad\" data-block-id=\"3e5abad\"><style>.stk-3e5abad {height:25px !important;}<\/style><\/div>\n\n\n\n<ul class=\"widget-box\">\n<li class='contacto-header'>Informaci\u00f3n de contacto<\/li><li><i class=\"fa fa-map-marker\"><\/i> Avda. Astrof\u00edsico Francisco S\u00e1nchez, SN. Edificio Calabaza - AN.2D Apdo. 456 38200 San Crist\u00f3bal de La Laguna.<\/li><li><i class=\"fa fa-phone\"><\/i> (+34) 922 31 79 00 \/ 95 38<\/li><li><i class=\"fa fa-envelope\"><\/i>  <a href=mailto:gastronomia@ull.es>gastronomia@ull.es<\/a><\/li>\n<\/ul>\n\n\n\n\n\n<div class=\"wp-block-stackable-spacer stk-block-spacer stk--no-padding stk-block stk-6d33d0e\" data-block-id=\"6d33d0e\"><style>.stk-6d33d0e {height:25px !important;}<\/style><\/div>\n<\/div><\/div><\/div>\n<\/div><\/div>\n","protected":false},"excerpt":{"rendered":"<p>Teaching Coordination: The degree program has the necessary coordination structures at its different levels to ensure its proper organization and development. Thus, to facilitate horizontal and vertical coordination at the degree level, the following structures are in place: These structures operate through regular meetings to conduct analysis\u2026<\/p>","protected":false},"author":14,"featured_media":0,"parent":0,"menu_order":0,"comment_status":"closed","ping_status":"closed","template":"templates\/template-frontpage.php","meta":{"footnotes":""},"class_list":["post-31","page","type-page","status-publish","hentry"],"_links":{"self":[{"href":"https:\/\/www.ull.es\/formacion-permanente\/diploma-gastronomia\/en\/wp-json\/wp\/v2\/pages\/31","targetHints":{"allow":["GET"]}}],"collection":[{"href":"https:\/\/www.ull.es\/formacion-permanente\/diploma-gastronomia\/en\/wp-json\/wp\/v2\/pages"}],"about":[{"href":"https:\/\/www.ull.es\/formacion-permanente\/diploma-gastronomia\/en\/wp-json\/wp\/v2\/types\/page"}],"author":[{"embeddable":true,"href":"https:\/\/www.ull.es\/formacion-permanente\/diploma-gastronomia\/en\/wp-json\/wp\/v2\/users\/14"}],"replies":[{"embeddable":true,"href":"https:\/\/www.ull.es\/formacion-permanente\/diploma-gastronomia\/en\/wp-json\/wp\/v2\/comments?post=31"}],"version-history":[{"count":6,"href":"https:\/\/www.ull.es\/formacion-permanente\/diploma-gastronomia\/en\/wp-json\/wp\/v2\/pages\/31\/revisions"}],"predecessor-version":[{"id":280,"href":"https:\/\/www.ull.es\/formacion-permanente\/diploma-gastronomia\/en\/wp-json\/wp\/v2\/pages\/31\/revisions\/280"}],"wp:attachment":[{"href":"https:\/\/www.ull.es\/formacion-permanente\/diploma-gastronomia\/en\/wp-json\/wp\/v2\/media?parent=31"}],"curies":[{"name":"wp","href":"https:\/\/api.w.org\/{rel}","templated":true}]}}