{"id":26,"date":"2018-03-15T09:25:25","date_gmt":"2018-03-15T09:25:25","guid":{"rendered":"http:\/\/www.ull.es\/formacion-permanente\/diploma-universitario-desarollo-emprendedor\/?page_id=26"},"modified":"2018-05-31T09:28:02","modified_gmt":"2018-05-31T09:28:02","slug":"justificacion-del-titulo","status":"publish","type":"page","link":"https:\/\/www.ull.es\/formacion-permanente\/diploma-universitario-desarollo-emprendedor\/justificacion-del-titulo\/","title":{"rendered":"Justificaci\u00f3n del t\u00edtulo"},"content":{"rendered":"<p>[vc_row][vc_column][vc_column_text]<\/p>\n<h1>Justificaci\u00f3n del t\u00edtulo<\/h1>\n<p>[\/vc_column_text][vc_column_text]La promoci\u00f3n de creaci\u00f3n de empresas, sobre todo basadas en el conocimiento generado en la propia Universidad, as\u00ed como el favorecer e inculcar el esp\u00edritu emprendedor entre sus miembros es un desaf\u00edo ineludible. Y ello es as\u00ed, sobre todo, si tenemos en cuenta que en el seno de la Universidades se realiza el 76 % de la investigaci\u00f3n b\u00e1sica en Espa\u00f1a.<\/p>\n<p>En este sentido, en el caso de Canarias, con un modelo econ\u00f3mico basado en un esquema de especializaci\u00f3n sectorial que se manifiesta agotado y con una objetiva necesidad de reorientaci\u00f3n productiva hacia sectores m\u00e1s intensivos en conocimiento y valor a\u00f1adido, la urgencia de esta aportaci\u00f3n de sus Universidades es, si cabe, mucho m\u00e1s notoria. Adem\u00e1s, es ampliamente constatable las nuevas empresas canarias presentan una escasa capacidad de innovaci\u00f3n y diversificaci\u00f3n productiva y una limitada internacionalizaci\u00f3n de su actividad.<\/p>\n<p>Por todo ello, se hace necesario el fomento del esp\u00edritu empresarial en nuestras universidades, maximizando el potencial de la actividad empresarial innovadora y basada en el conocimiento, capaz de generar crecimiento econ\u00f3mico, empleo y, consecuentemente, un mayor nivel de riqueza.[\/vc_column_text][\/vc_column][\/vc_row]<\/p>\n","protected":false},"excerpt":{"rendered":"<p>[vc_row][vc_column][vc_column_text] Justificaci\u00f3n del t\u00edtulo [\/vc_column_text][vc_column_text]La promoci\u00f3n de creaci\u00f3n de empresas, sobre todo basadas en el conocimiento generado en la propia Universidad, as\u00ed como el favorecer e inculcar el esp\u00edritu emprendedor entre sus miembros es un desaf\u00edo ineludible. Y ello es as\u00ed, sobre todo, si tenemos en cuenta que en el seno de la Universidades se&#8230;<\/p>\n","protected":false},"author":1,"featured_media":0,"parent":0,"menu_order":0,"comment_status":"closed","ping_status":"closed","template":"","meta":{"footnotes":""},"class_list":["post-26","page","type-page","status-publish","hentry"],"_links":{"self":[{"href":"https:\/\/www.ull.es\/formacion-permanente\/diploma-universitario-desarollo-emprendedor\/wp-json\/wp\/v2\/pages\/26","targetHints":{"allow":["GET"]}}],"collection":[{"href":"https:\/\/www.ull.es\/formacion-permanente\/diploma-universitario-desarollo-emprendedor\/wp-json\/wp\/v2\/pages"}],"about":[{"href":"https:\/\/www.ull.es\/formacion-permanente\/diploma-universitario-desarollo-emprendedor\/wp-json\/wp\/v2\/types\/page"}],"author":[{"embeddable":true,"href":"https:\/\/www.ull.es\/formacion-permanente\/diploma-universitario-desarollo-emprendedor\/wp-json\/wp\/v2\/users\/1"}],"replies":[{"embeddable":true,"href":"https:\/\/www.ull.es\/formacion-permanente\/diploma-universitario-desarollo-emprendedor\/wp-json\/wp\/v2\/comments?post=26"}],"version-history":[{"count":4,"href":"https:\/\/www.ull.es\/formacion-permanente\/diploma-universitario-desarollo-emprendedor\/wp-json\/wp\/v2\/pages\/26\/revisions"}],"predecessor-version":[{"id":103,"href":"https:\/\/www.ull.es\/formacion-permanente\/diploma-universitario-desarollo-emprendedor\/wp-json\/wp\/v2\/pages\/26\/revisions\/103"}],"wp:attachment":[{"href":"https:\/\/www.ull.es\/formacion-permanente\/diploma-universitario-desarollo-emprendedor\/wp-json\/wp\/v2\/media?parent=26"}],"curies":[{"name":"wp","href":"https:\/\/api.w.org\/{rel}","templated":true}]}}