{"id":152,"date":"2019-05-16T16:04:45","date_gmt":"2019-05-16T16:04:45","guid":{"rendered":"http:\/\/www.ull.es\/formacion-permanente\/experto-universitario-docencia-universitaria\/?page_id=152"},"modified":"2025-08-13T05:25:59","modified_gmt":"2025-08-13T05:25:59","slug":"formulario-de-inscripcion","status":"publish","type":"page","link":"https:\/\/www.ull.es\/formacion-permanente\/experto-gestion-cultural-municipal-participacion-ciudadana\/en\/formulario-de-inscripcion\/","title":{"rendered":"Registration form"},"content":{"rendered":"\n<div class=\"wp-block-stackable-columns alignfull stk-block-columns stk-block stk-8657999\" data-block-id=\"8657999\"><style>.stk-8657999 {padding-bottom:0px !important;margin-top:-30px !important;margin-bottom:0px !important;}@media screen and (max-width: 767px){.stk-8657999 {margin-top:-10% !important;}}<\/style><div class=\"stk-row stk-inner-blocks stk-block-content stk-content-align stk-8657999-column alignfull\">\n<div class=\"wp-block-stackable-column stk-block-column stk-column stk-block stk-914f03e\" data-v=\"4\" data-block-id=\"914f03e\"><div class=\"stk-column-wrapper stk-block-column__content stk-container stk-914f03e-container stk--no-background stk--no-padding\"><div class=\"stk-block-content stk-inner-blocks stk-914f03e-inner-blocks\"><style id=\"depicter-4-inline-pre-css\">\n\n.depicter-4:not(.depicter-ready){\n\theight:450px;\n}\n\n\/***** Tablet *****\/\n@media screen and (max-width: 1024px){\n\n.depicter-4:not(.depicter-ready){\n\theight:700px;\n}\n\n}\n\/***** Mobile *****\/\n@media screen and (max-width: 767px){\n\n.depicter-4:not(.depicter-ready){\n\theight:450px;\n}\n\n}\n<\/style>\n<div id=\"depicter-4\" class=\"depicter depicter-document depicter-revert depicter-4 depicter-layout-fullwidth\">\n\n<div class=\"depicter-loading-container depicter-loading dotFlashing-dark\"><div class=\"depicter-loading-dark depicter-dot-flashing\">\n   <span><\/span>\n   <span><\/span>\n   <span><\/span>\n<\/div>\n<\/div>\n<div id=\"depicter-4-section-1\" class=\"depicter-section depicter-4-section-1\" data-name=\"Section 1\" data-type=\"section\" data-local-id=\"section-1\">\n<picture class=\"depicter-bg\">\n<source data-depicter-srcset=\"https:\/\/www.ull.es\/formacion-permanente\/experto-gestion-cultural-municipal-participacion-ciudadana\/wp-content\/uploads\/sites\/40\/2025\/08\/TRADICIONTF-768x512.jpg, https:\/\/www.ull.es\/formacion-permanente\/experto-gestion-cultural-municipal-participacion-ciudadana\/wp-content\/uploads\/sites\/40\/2025\/08\/TRADICIONTF.jpg 2x\" srcset=\"data:image\/gif;base64,R0lGODlhAQABAIAAAAAAAP\/\/\/yH5BAEAAAAALAAAAAABAAEAAAIBRAA7\" media=\"(max-width: 1024px)\" \/>\n\n<source data-depicter-srcset=\"https:\/\/www.ull.es\/formacion-permanente\/experto-gestion-cultural-municipal-participacion-ciudadana\/wp-content\/uploads\/sites\/40\/2025\/08\/TRADICIONTF.jpg, https:\/\/www.ull.es\/formacion-permanente\/experto-gestion-cultural-municipal-participacion-ciudadana\/wp-content\/uploads\/sites\/40\/2025\/08\/TRADICIONTF-1600x1067.jpg 2x\" srcset=\"data:image\/gif;base64,R0lGODlhAQABAIAAAAAAAP\/\/\/yH5BAEAAAAALAAAAAABAAEAAAIBRAA7\" media=\"(min-width: 1025px)\" \/>\n<img decoding=\"async\" src=\"data:image\/gif;base64,R0lGODlhAQABAIAAAAAAAP\/\/\/yH5BAEAAAAALAAAAAABAAEAAAIBRAA7\" data-ken-burns=\"false\" data-tablet-ken-burns=\"false\" data-mobile-ken-burns=\"false\" alt=\"\" data-depicter-src=\"https:\/\/www.ull.es\/formacion-permanente\/experto-gestion-cultural-municipal-participacion-ciudadana\/wp-content\/uploads\/sites\/40\/2025\/08\/TRADICIONTF.jpg\" data-object-fit=\"custom,custom,\" data-object-position=\"center top,,\" data-crop=\"{'focalPoint':{'x':0.5,'y':0.5},'mediaSize':{'width':1200,'height':800.25}}\" data-tablet-crop=\"{'focalPoint':{'x':0.5,'y':0.5},'mediaSize':{'width':1049.67197750702916891896165907382965087890625,'height':700}}\" data-mobile-crop=\"{'focalPoint':{'x':0.5,'y':0.5},'mediaSize':{'width':674.7891283973758618230931460857391357421875,'height':450}}\" \/>\n<\/picture>\n\n\n<h1 id=\"depicter-4-element-5\" class=\"depicter-element depicter-layer depicter-4-element-5\" data-type=\"text\" data-wrap=\"true\" data-name=\"Text 2\" data-local-id=\"element-5\" data-offset=\"x:0px;y:57px;origin:tl\" data-tablet-offset=\"x:99px;y:110px;origin:tl\" data-mobile-offset=\"x:10px;y:90px;origin:tl\" data-width=\"1200px,846px,376px\" data-height=\"auto,auto,auto\" data-responsive-scale=\"true,,\">Experto Universitario en Gesti\u00f3n Cultural Municipal, Participaci\u00f3n Ciudadana y Coordinaci\u00f3n de Universidades Populares<br><\/h1>\n\n<div id=\"depicter-4-element-10\" class=\"depicter-element depicter-layer depicter-4-element-10\" data-type=\"shape\" data-wrap=\"true\" data-name=\"Shape 1\" data-local-id=\"element-10\" data-offset=\"x:0px;y:408px;origin:tl\" data-tablet-offset=\"x:99px;y:483px;origin:tl\" data-mobile-offset=\"x:0px;y:313px;origin:tl\" data-width=\"1142px,811px,360px\" data-height=\"8px,8px,8px\" data-responsive-scale=\"true,,\"><\/div>\n<\/div>\n<\/div>\n<script>\n(window.depicterSetups = window.depicterSetups || []).push(function(){\n\tDepicter.basePath = 'https:\/\/www.ull.es\/formacion-permanente\/experto-gestion-cultural-municipal-participacion-ciudadana\/wp-content\/plugins\/depicter\/resources\/scripts\/player\/';\n\tconst dpPlayer = Depicter.setup('.depicter-4',\n\t\t{\"width\":[\"1200\",\"1024\",\"360\"],\"height\":[\"450\",\"700\",\"450\"],\"view\":\"basic\",\"keepAspectRatio\":true,\"preload\":0,\"layout\":\"fullwidth\",\"rtl\":false,\"initAfterAppear\":false,\"ajaxApiUrl\":\"https:\\\/\\\/www.ull.es\\\/formacion-permanente\\\/experto-gestion-cultural-municipal-participacion-ciudadana\\\/wp-admin\\\/admin-ajax.php\",\"mouseSwipe\":true,\"touchSwipe\":true,\"useWatermark\":false}\n\t);\n});\n<\/script><\/div><\/div><\/div>\n<\/div><\/div>\n\n\n\n<div class=\"wp-block-stackable-columns alignfull stk-block-columns stk--hide-mobile stk-block stk-ceecbdc stk-block-background\" data-block-id=\"ceecbdc\"><style>.stk-ceecbdc {background-color:#e2be27 !important;padding-top:65px !important;padding-right:0px !important;padding-bottom:2px !important;padding-left:0px !important;margin-top:-20px !important;margin-bottom:0px !important;}.stk-ceecbdc:before{background-color:#e2be27 !important;}<\/style><div class=\"stk-row stk-inner-blocks stk-block-content stk-content-align stk-ceecbdc-column alignfull\">\n<div class=\"wp-block-stackable-column stk-block-column stk-column stk-block stk-fc60a5d\" data-v=\"4\" data-block-id=\"fc60a5d\"><div class=\"stk-column-wrapper stk-block-column__content stk-container stk-fc60a5d-container stk--no-background stk--no-padding\"><div class=\"stk-block-content stk-inner-blocks stk-fc60a5d-inner-blocks\">\n<div class=\"wp-block-stackable-spacer stk-block-spacer stk--no-padding stk-block stk-a3a8a68\" data-block-id=\"a3a8a68\"><style>.stk-a3a8a68 {height:0px !important;}<\/style><\/div>\n<\/div><\/div><\/div>\n<\/div><\/div>\n\n\n\n<div class=\"wp-block-stackable-columns stk-block-columns stk-block stk-8b59b96\" data-block-id=\"8b59b96\"><style>.stk-8b59b96 .stk--block-align-8b59b96{align-items:flex-start !important;}.stk-8b59b96 {margin-top:50px !important;}.stk-8b59b96-column{--stk-columns-spacing:0px !important;--stk-column-gap:50px !important;}@media screen and (max-width: 767px){.stk-8b59b96-column{row-gap:var(--stk--preset--spacing--60, 2.25rem) !important;}}<\/style><div class=\"stk-row stk-inner-blocks stk--block-align-8b59b96 stk-block-content stk-content-align stk-8b59b96-column\">\n<div class=\"wp-block-stackable-column stk-block-column stk-column stk-block stk-dbb7e15\" data-v=\"4\" data-block-id=\"dbb7e15\"><style>@media screen and (min-width: 768px){.stk-dbb7e15 {flex:var(--stk-flex-grow, 1) 1 66.7% !important;}}<\/style><div class=\"stk-column-wrapper stk-block-column__content stk-container stk-dbb7e15-container stk--no-background stk--no-padding\"><div class=\"stk-block-content stk-inner-blocks stk-dbb7e15-inner-blocks\">\n<div class=\"wp-block-stackable-heading stk-block-heading stk-block-heading--v2 stk-block stk-fc6338c\" id=\"formulario-de-inscripcion\" data-block-id=\"fc6338c\"><style>.stk-fc6338c .stk-block-heading__text{color:#000000 !important;}<\/style><h1 class=\"stk-block-heading__text has-text-color\">Formulario de inscripci\u00f3n<\/h1><\/div>\n\n\n\n<div class=\"wp-block-stackable-text stk-block-text stk-block stk-83a8b2a\" data-block-id=\"83a8b2a\"><p class=\"stk-block-text__text\"><strong>\u2013 Debes formalizar tu preinscripci\u00f3n<\/strong>&nbsp;entre 28 de enero del 2021 hasta el 13 de abril del 2021 a trav\u00e9s de la&nbsp;<a href=\"https:\/\/www.ull.es\/titulospropios\/procedimiento-de-preinscripcion\/\" target=\"_blank\" rel=\"noreferrer noopener\" target=\"_blank\" rel=\"noopener\"><strong>Sede Electr\u00f3nica de la Universidad de La Laguna<\/strong><\/a>.<\/p><\/div>\n\n\n\n<p>\u2013 El&nbsp;<strong>per\u00edodo de matriculaci\u00f3n<\/strong>&nbsp; comienza el 14 de abril del 2021 hasta el 17 de abril del 2021<\/p>\n\n\n\n<p><strong>\u2013 La impartici\u00f3n de este experto universitario<\/strong>&nbsp;comienza desde el 19 de abril de 2021 hasta el 23 de julio de 2021.<\/p>\n\n\n\n<p><strong>\u00a1Inscr\u00edbete antes de que se agoten las plazas!<\/strong><\/p>\n\n\n\n<p>Si tienes alguna duda o necesitas asistencia en el tr\u00e1mite de preinscripci\u00f3n, puedes contactar con nosotros en:<\/p>\n\n\n\n<ul class=\"wp-block-list\">\n<li>Tel\u00e9fono: (+34)922319927<\/li>\n\n\n\n<li>Correo electr\u00f3nico:&nbsp;<a href=\"mailto:gestpropios@ull.es\" target=\"_blank\" rel=\"noreferrer noopener\" target=\"_blank\" rel=\"noopener\">gestpropios@ull.es<\/a><\/li>\n\n\n\n<li>A trav\u00e9s del&nbsp;<a href=\"https:\/\/docs.google.com\/forms\/d\/e\/1FAIpQLSeJe4hh8YCEFuFmnXQv5K0IupuC1tsFPOvBEqoqxDNj3yzK7w\/viewform\" target=\"_blank\" rel=\"noreferrer noopener\" target=\"_blank\" rel=\"noopener\"><strong>formulario de solicitud de informaci\u00f3n y\/o ayuda<\/strong><\/a><\/li>\n\n\n\n<li>Presencialmente en la secretar\u00eda, situada en la Avenida de la Trinidad, 61. Aulario Torre Profesor Agust\u00edn Ar\u00e9valo, Planta 0, Campus Central Universidad de la Laguna, 38204, San Crist\u00f3bal de La Laguna<\/li>\n<\/ul>\n\n\n\n<p>Horario&nbsp;de atenci\u00f3n al p\u00fablico:<\/p>\n\n\n\n<p>Lunes a viernes de 9:00 a 14:00 horas.<\/p>\n\n\n\n<p>Lunes de 16:30 a 19:00 horas.<\/p>\n<\/div><\/div><\/div>\n\n\n\n<div class=\"wp-block-stackable-column stk-block-column stk-column stk-block stk-53ec762\" data-v=\"4\" data-block-id=\"53ec762\"><style>.stk-53ec762-inner-blocks{row-gap:0px !important;}.stk-53ec762 {padding-top:0px !important;padding-right:0px !important;padding-bottom:0px !important;padding-left:0px !important;margin-top:1.75% !important;}@media screen and (min-width: 768px){.stk-53ec762 {flex:var(--stk-flex-grow, 1) 1 33.3% !important;}}<\/style><div class=\"stk-column-wrapper stk-block-column__content stk-container stk-53ec762-container stk--no-background stk--no-padding\"><div class=\"stk-block-content stk-inner-blocks stk-53ec762-inner-blocks\">\n<ul class=\"widget-box\">\n<li class='contacto-header'>Informaci\u00f3n de contacto<\/li><li><i class=\"fa fa-map-marker\"><\/i> Avda. Astrof\u00edsico Francisco S\u00e1nchez, SN. Edificio Calabaza - AN.2D Apdo. 456 38200 San Crist\u00f3bal de La Laguna.<\/li><li><i class=\"fa fa-phone\"><\/i> (+34) 922 31 79 00 \/ 95 38<\/li><li><i class=\"fa fa-envelope\"><\/i>  <a href=mailto:tpropios@ull.es>tpropios@ull.es<\/a><\/li>\n<\/ul>\n\n\n\n\n\n<div class=\"wp-block-stackable-spacer stk-block-spacer stk--no-padding stk-block stk-6d33d0e\" data-block-id=\"6d33d0e\"><style>.stk-6d33d0e {height:25px !important;}<\/style><\/div>\n<\/div><\/div><\/div>\n<\/div><\/div>\n","protected":false},"excerpt":{"rendered":"<p>Formulario de inscripci\u00f3n \u2013 Debes formalizar tu preinscripci\u00f3n&nbsp;entre 28 de enero del 2021 hasta el 13 de abril del 2021 a trav\u00e9s de la&nbsp;Sede Electr\u00f3nica de la Universidad de La Laguna. \u2013 El&nbsp;per\u00edodo de matriculaci\u00f3n&nbsp; comienza el 14 de abril del 2021 hasta el 17 de abril del 2021 \u2013 La impartici\u00f3n de este experto&#8230;<\/p>","protected":false},"author":4,"featured_media":0,"parent":0,"menu_order":0,"comment_status":"closed","ping_status":"closed","template":"templates\/template-frontpage.php","meta":{"footnotes":""},"class_list":["post-152","page","type-page","status-publish","hentry"],"_links":{"self":[{"href":"https:\/\/www.ull.es\/formacion-permanente\/experto-gestion-cultural-municipal-participacion-ciudadana\/en\/wp-json\/wp\/v2\/pages\/152","targetHints":{"allow":["GET"]}}],"collection":[{"href":"https:\/\/www.ull.es\/formacion-permanente\/experto-gestion-cultural-municipal-participacion-ciudadana\/en\/wp-json\/wp\/v2\/pages"}],"about":[{"href":"https:\/\/www.ull.es\/formacion-permanente\/experto-gestion-cultural-municipal-participacion-ciudadana\/en\/wp-json\/wp\/v2\/types\/page"}],"author":[{"embeddable":true,"href":"https:\/\/www.ull.es\/formacion-permanente\/experto-gestion-cultural-municipal-participacion-ciudadana\/en\/wp-json\/wp\/v2\/users\/4"}],"replies":[{"embeddable":true,"href":"https:\/\/www.ull.es\/formacion-permanente\/experto-gestion-cultural-municipal-participacion-ciudadana\/en\/wp-json\/wp\/v2\/comments?post=152"}],"version-history":[{"count":6,"href":"https:\/\/www.ull.es\/formacion-permanente\/experto-gestion-cultural-municipal-participacion-ciudadana\/en\/wp-json\/wp\/v2\/pages\/152\/revisions"}],"predecessor-version":[{"id":304,"href":"https:\/\/www.ull.es\/formacion-permanente\/experto-gestion-cultural-municipal-participacion-ciudadana\/en\/wp-json\/wp\/v2\/pages\/152\/revisions\/304"}],"wp:attachment":[{"href":"https:\/\/www.ull.es\/formacion-permanente\/experto-gestion-cultural-municipal-participacion-ciudadana\/en\/wp-json\/wp\/v2\/media?parent=152"}],"curies":[{"name":"wp","href":"https:\/\/api.w.org\/{rel}","templated":true}]}}