{"id":130,"date":"2021-04-14T09:53:29","date_gmt":"2021-04-14T07:53:29","guid":{"rendered":"https:\/\/www.ull.es\/formacion-permanente\/experto-universitario-asesoramiento-profesional-oficina-farmacia\/?page_id=130"},"modified":"2025-08-22T09:51:47","modified_gmt":"2025-08-22T07:51:47","slug":"competencias","status":"publish","type":"page","link":"https:\/\/www.ull.es\/formacion-permanente\/experto-universitario-asesoramiento-profesional-oficina-farmacia\/fr\/competencias\/","title":{"rendered":"Comp\u00e9tences"},"content":{"rendered":"\n<div class=\"wp-block-stackable-columns alignfull stk-block-columns stk-block stk-8657999\" data-block-id=\"8657999\"><style>.stk-8657999 {padding-bottom:0px !important;margin-top:-30px !important;margin-bottom:0px !important;}@media screen and (max-width: 767px){.stk-8657999 {margin-top:-10% !important;}}<\/style><div class=\"stk-row stk-inner-blocks stk-block-content stk-content-align stk-8657999-column alignfull\">\n<div class=\"wp-block-stackable-column stk-block-column stk-column stk-block stk-914f03e\" data-v=\"4\" data-block-id=\"914f03e\"><div class=\"stk-column-wrapper stk-block-column__content stk-container stk-914f03e-container stk--no-background stk--no-padding\"><div class=\"stk-block-content stk-inner-blocks stk-914f03e-inner-blocks\"><style id=\"depicter-3-inline-pre-css\">\n\n.depicter-3:not(.depicter-ready){\n\theight:450px;\n}\n\n\/***** Tablet *****\/\n@media screen and (max-width: 1024px){\n\n.depicter-3:not(.depicter-ready){\n\theight:700px;\n}\n\n}\n\/***** Mobile *****\/\n@media screen and (max-width: 767px){\n\n.depicter-3:not(.depicter-ready){\n\theight:450px;\n}\n\n}\n<\/style>\n<div id=\"depicter-3\" class=\"depicter depicter-document depicter-revert depicter-3 depicter-layout-fullwidth\">\n\n<div class=\"depicter-loading-container depicter-loading dotFlashing-dark\"><div class=\"depicter-loading-dark depicter-dot-flashing\">\n   <span><\/span>\n   <span><\/span>\n   <span><\/span>\n<\/div>\n<\/div>\n<div id=\"depicter-3-section-1\" class=\"depicter-section depicter-3-section-1\" data-name=\"Section 1\" data-type=\"section\" data-local-id=\"section-1\">\n<picture class=\"depicter-bg\">\n<source data-depicter-srcset=\"https:\/\/www.ull.es\/formacion-permanente\/experto-universitario-asesoramiento-profesional-oficina-farmacia\/wp-content\/uploads\/sites\/36\/2025\/08\/oficinafarmacia-768x512.jpg, https:\/\/www.ull.es\/formacion-permanente\/experto-universitario-asesoramiento-profesional-oficina-farmacia\/wp-content\/uploads\/sites\/36\/2025\/08\/oficinafarmacia.jpg 2x\" srcset=\"data:image\/gif;base64,R0lGODlhAQABAIAAAAAAAP\/\/\/yH5BAEAAAAALAAAAAABAAEAAAIBRAA7\" media=\"(max-width: 1024px)\" \/>\n\n<source data-depicter-srcset=\"https:\/\/www.ull.es\/formacion-permanente\/experto-universitario-asesoramiento-profesional-oficina-farmacia\/wp-content\/uploads\/sites\/36\/2025\/08\/oficinafarmacia.jpg, https:\/\/www.ull.es\/formacion-permanente\/experto-universitario-asesoramiento-profesional-oficina-farmacia\/wp-content\/uploads\/sites\/36\/2025\/08\/oficinafarmacia-1900x1267.jpg 2x\" srcset=\"data:image\/gif;base64,R0lGODlhAQABAIAAAAAAAP\/\/\/yH5BAEAAAAALAAAAAABAAEAAAIBRAA7\" media=\"(min-width: 1025px)\" \/>\n<img decoding=\"async\" src=\"data:image\/gif;base64,R0lGODlhAQABAIAAAAAAAP\/\/\/yH5BAEAAAAALAAAAAABAAEAAAIBRAA7\" data-ken-burns=\"false\" data-tablet-ken-burns=\"false\" data-mobile-ken-burns=\"false\" alt=\"\" data-depicter-src=\"https:\/\/www.ull.es\/formacion-permanente\/experto-universitario-asesoramiento-profesional-oficina-farmacia\/wp-content\/uploads\/sites\/36\/2025\/08\/oficinafarmacia.jpg\" data-object-fit=\"custom,custom,\" data-object-position=\"center top,,\" data-crop=\"{'focalPoint':{'x':0.5,'y':0.64000000000000001332267629550187848508358001708984375},'mediaSize':{'width':1792,'height':1194}}\" data-tablet-crop=\"{'focalPoint':{'x':0.5,'y':0.5},'mediaSize':{'width':1049.723756906077369421836920082569122314453125,'height':700}}\" data-mobile-crop=\"{'focalPoint':{'x':0.5,'y':0.5},'mediaSize':{'width':674.822415153906831619678996503353118896484375,'height':450}}\" \/>\n<\/picture>\n\n\n<h1 id=\"depicter-3-element-5\" class=\"depicter-element depicter-layer depicter-3-element-5\" data-type=\"text\" data-wrap=\"true\" data-name=\"Text 2\" data-local-id=\"element-5\" data-offset=\"x:0px;y:118px;origin:tl\" data-tablet-offset=\"x:189px;y:206px;origin:tl\" data-mobile-offset=\"x:-2px;y:171px;origin:tl\" data-width=\"1060px,646px,376px\" data-height=\"auto,auto,auto\" data-responsive-scale=\"true,,\">Experto Universitario en Asesoramiento profesional en la Oficina de Farmacia<br><\/h1>\n\n<div id=\"depicter-3-element-10\" class=\"depicter-element depicter-layer depicter-3-element-10\" data-type=\"shape\" data-wrap=\"true\" data-name=\"Shape 1\" data-local-id=\"element-10\" data-offset=\"x:0px;y:366px;origin:tl\" data-tablet-offset=\"x:189px;y:506px;origin:tl\" data-mobile-offset=\"x:0px;y:328px;origin:tl\" data-width=\"968px,647px,360px\" data-height=\"8px,8px,8px\" data-responsive-scale=\"true,,\"><\/div>\n<\/div>\n<\/div>\n<script>\n(window.depicterSetups = window.depicterSetups || []).push(function(){\n\tDepicter.basePath = 'https:\/\/www.ull.es\/formacion-permanente\/experto-universitario-asesoramiento-profesional-oficina-farmacia\/wp-content\/plugins\/depicter\/resources\/scripts\/player\/';\n\tconst dpPlayer = Depicter.setup('.depicter-3',\n\t\t{\"width\":[\"1200\",\"1024\",\"360\"],\"height\":[\"450\",\"700\",\"450\"],\"view\":\"basic\",\"keepAspectRatio\":true,\"preload\":0,\"layout\":\"fullwidth\",\"rtl\":false,\"initAfterAppear\":false,\"ajaxApiUrl\":\"https:\\\/\\\/www.ull.es\\\/formacion-permanente\\\/experto-universitario-asesoramiento-profesional-oficina-farmacia\\\/wp-admin\\\/admin-ajax.php\",\"mouseSwipe\":true,\"touchSwipe\":true,\"useWatermark\":false}\n\t);\n});\n<\/script><\/div><\/div><\/div>\n<\/div><\/div>\n\n\n\n<div class=\"wp-block-stackable-columns alignfull stk-block-columns stk--hide-mobile stk-block stk-ceecbdc stk-block-background\" data-block-id=\"ceecbdc\"><style>.stk-ceecbdc {background-color:#e2be27 !important;padding-top:65px !important;padding-right:0px !important;padding-bottom:2px !important;padding-left:0px !important;margin-top:-20px !important;margin-bottom:0px !important;}.stk-ceecbdc:before{background-color:#e2be27 !important;}<\/style><div class=\"stk-row stk-inner-blocks stk-block-content stk-content-align stk-ceecbdc-column alignfull\">\n<div class=\"wp-block-stackable-column stk-block-column stk-column stk-block stk-fc60a5d\" data-v=\"4\" data-block-id=\"fc60a5d\"><div class=\"stk-column-wrapper stk-block-column__content stk-container stk-fc60a5d-container stk--no-background stk--no-padding\"><div class=\"stk-block-content stk-inner-blocks stk-fc60a5d-inner-blocks\">\n<div class=\"wp-block-stackable-spacer stk-block-spacer stk--no-padding stk-block stk-a3a8a68\" data-block-id=\"a3a8a68\"><style>.stk-a3a8a68 {height:0px !important;}<\/style><\/div>\n<\/div><\/div><\/div>\n<\/div><\/div>\n\n\n\n<div class=\"wp-block-stackable-columns stk-block-columns stk-block stk-8b59b96\" data-block-id=\"8b59b96\"><style>.stk-8b59b96 .stk--block-align-8b59b96{align-items:flex-start !important;}.stk-8b59b96 {margin-top:50px !important;}.stk-8b59b96-column{--stk-columns-spacing:0px !important;--stk-column-gap:50px !important;}@media screen and (max-width: 767px){.stk-8b59b96-column{row-gap:var(--stk--preset--spacing--60, 2.25rem) !important;}}<\/style><div class=\"stk-row stk-inner-blocks stk--block-align-8b59b96 stk-block-content stk-content-align stk-8b59b96-column\">\n<div class=\"wp-block-stackable-column stk-block-column stk-column stk-block stk-dbb7e15\" data-v=\"4\" data-block-id=\"dbb7e15\"><style>@media screen and (min-width: 768px){.stk-dbb7e15 {flex:var(--stk-flex-grow, 1) 1 66.7% !important;}}<\/style><div class=\"stk-column-wrapper stk-block-column__content stk-container stk-dbb7e15-container stk--no-background stk--no-padding\"><div class=\"stk-block-content stk-inner-blocks stk-dbb7e15-inner-blocks\">\n<div class=\"wp-block-stackable-heading stk-block-heading stk-block-heading--v2 stk-block stk-fc6338c\" id=\"competencias\" data-block-id=\"fc6338c\"><style>.stk-fc6338c .stk-block-heading__text{color:#000000 !important;}<\/style><h1 class=\"stk-block-heading__text has-text-color\">Competencias<\/h1><\/div>\n\n\n\n<details class=\"wp-block-stackable-accordion stk-block-accordion stk-inner-blocks stk-block-content stk-block stk-f742639 is-style-default\" id=\"basicas\" data-block-id=\"f742639\"><style>.stk-f742639 {margin-bottom:5px !important;}<\/style>\n<summary class=\"wp-block-stackable-column stk-block-column stk-column stk-block stk-892c21e stk--container-small stk-block-accordion__heading\" data-v=\"4\" data-block-id=\"892c21e\"><style>.stk-892c21e {border-style:solid !important;border-top-width:0px !important;border-right-width:0px !important;border-bottom-width:1px !important;border-left-width:0px !important;}<\/style><div class=\"stk-column-wrapper stk-block-column__content stk-container stk-892c21e-container stk--no-background stk--no-padding\"><div class=\"stk-block-content stk-inner-blocks stk-892c21e-inner-blocks\">\n<div class=\"wp-block-stackable-icon-label stk-block-icon-label stk-block stk-956ee49\" data-block-id=\"956ee49\"><style>.stk-956ee49 .stk-inner-blocks{gap:40px !important;}@media screen and (max-width: 1023px){.stk-956ee49 .stk-inner-blocks{gap:40px !important;}}@media screen and (max-width: 767px){.stk-956ee49 .stk-inner-blocks{gap:40px !important;}}<\/style><div class=\"stk-row stk-inner-blocks stk-block-content\">\n<div class=\"wp-block-stackable-icon stk-block-icon stk-block stk-693af38\" data-block-id=\"693af38\"><style>.stk-693af38 .stk--svg-wrapper .stk--inner-svg svg:last-child{height:24px !important;width:24px !important;}.stk-693af38 .stk--svg-wrapper .stk--inner-svg svg:last-child, .stk-693af38 .stk--svg-wrapper .stk--inner-svg svg:last-child :is(g, path, rect, polygon, ellipse){fill:#fcb900 !important;}<\/style><span class=\"stk--svg-wrapper stk--has-icon2\"><div class=\"stk--inner-svg\"><svg style=\"height:0;width:0\"><defs><linearGradient id=\"linear-gradient-693af38\" x1=\"0\" x2=\"100%\" y1=\"0\" y2=\"0\"><stop offset=\"0%\" style=\"stop-opacity:1;stop-color:var(--linear-gradient-693-af-38-color-1)\"><\/stop><stop offset=\"100%\" style=\"stop-opacity:1;stop-color:var(--linear-gradient-693-af-38-color-2)\"><\/stop><\/linearGradient><\/defs><\/svg><svg xmlns=\"http:\/\/www.w3.org\/2000\/svg\" viewBox=\"0 0 448 512\" aria-hidden=\"true\" width=\"32\" height=\"32\"><path d=\"M96 0C43 0 0 43 0 96V416c0 53 43 96 96 96H384h32c17.7 0 32-14.3 32-32s-14.3-32-32-32V384c17.7 0 32-14.3 32-32V32c0-17.7-14.3-32-32-32H384 96zm0 384H352v64H96c-17.7 0-32-14.3-32-32s14.3-32 32-32zm32-240c0-8.8 7.2-16 16-16H336c8.8 0 16 7.2 16 16s-7.2 16-16 16H144c-8.8 0-16-7.2-16-16zm16 48H336c8.8 0 16 7.2 16 16s-7.2 16-16 16H144c-8.8 0-16-7.2-16-16s7.2-16 16-16z\"><\/path><\/svg><\/div><div class=\"stk--inner-svg stk--icon-2\" style=\"display:none\"><svg style=\"height:0;width:0\"><defs><linearGradient id=\"linear-gradient-693af38\" x1=\"0\" x2=\"100%\" y1=\"0\" y2=\"0\"><stop offset=\"0%\" style=\"stop-opacity:1;stop-color:var(--linear-gradient-693-af-38-color-1)\"><\/stop><stop offset=\"100%\" style=\"stop-opacity:1;stop-color:var(--linear-gradient-693-af-38-color-2)\"><\/stop><\/linearGradient><\/defs><\/svg><svg xmlns=\"http:\/\/www.w3.org\/2000\/svg\" viewBox=\"0 0 576 512\" aria-hidden=\"true\" width=\"32\" height=\"32\"><path d=\"M249.6 471.5c10.8 3.8 22.4-4.1 22.4-15.5V78.6c0-4.2-1.6-8.4-5-11C247.4 52 202.4 32 144 32C93.5 32 46.3 45.3 18.1 56.1C6.8 60.5 0 71.7 0 83.8V454.1c0 11.9 12.8 20.2 24.1 16.5C55.6 460.1 105.5 448 144 448c33.9 0 79 14 105.6 23.5zm76.8 0C353 462 398.1 448 432 448c38.5 0 88.4 12.1 119.9 22.6c11.3 3.8 24.1-4.6 24.1-16.5V83.8c0-12.1-6.8-23.3-18.1-27.6C529.7 45.3 482.5 32 432 32c-58.4 0-103.4 20-123 35.6c-3.3 2.6-5 6.8-5 11V456c0 11.4 11.7 19.3 22.4 15.5z\"><\/path><\/svg><\/div><\/span><\/div>\n\n\n\n<div class=\"wp-block-stackable-heading stk-block-heading stk-block-heading--v2 stk-block stk-6c2fa1d\" id=\"competencias-basicas-y-generales\" data-block-id=\"6c2fa1d\"><style>.stk-6c2fa1d .stk-block-heading__text{font-size:18px !important;font-weight:700 !important;font-family:\"Montserrat\", Sans-serif !important;}@media screen and (max-width: 1023px){.stk-6c2fa1d .stk-block-heading__text{font-size:18px !important;}}<\/style><p class=\"stk-block-heading__text\">Competencias B\u00e1sicas y Generales<\/p><\/div>\n<\/div><\/div>\n<\/div><\/div><\/summary>\n\n\n\n<div class=\"wp-block-stackable-column stk-block-column stk-column stk-block stk-4f2fad4 stk-block-accordion__content\" data-v=\"4\" data-block-id=\"4f2fad4\"><div class=\"stk-column-wrapper stk-block-column__content stk-container stk-4f2fad4-container stk--no-background stk--no-padding\"><div class=\"stk-block-content stk-inner-blocks stk-4f2fad4-inner-blocks\">\n<div class=\"wp-block-stackable-text stk-block-text stk-block stk-52c77c5\" data-block-id=\"52c77c5\"><p class=\"stk-block-text__text\">Una de las finalidades de los t\u00edtulos propios es contribuir a la formaci\u00f3n a lo largo de la vida, desde una perspectiva universitaria. En ese sentido, el Marco Europeo de Cualificaciones (EQF en sus siglas en ingl\u00e9s) constituye una referencia para fomentar el aprendizaje permanente. En consonancia con el mismo, en los t\u00edtulos propios de posgrado se garantizar\u00e1n, como m\u00ednimo, los siguientes conocimientos, destrezas y competencias, correspondientes al nivel 7 del EQF:<\/p><\/div>\n\n\n\n<p>CB1. Que los y las estudiantes posean y comprendan conocimientos altamente especializados, algunos de ellos a la vanguardia en un campo de trabajo o estudio concreto, que sienten las bases de un pensamiento o investigaci\u00f3n originales.<\/p>\n\n\n\n<p>CB2. Que los y las estudiantes adquieran conciencia cr\u00edtica de cuestiones de conocimiento en un campo concreto y en el punto de articulaci\u00f3n entre diversos campos.<\/p>\n\n\n\n<p>CB3. Que los y las estudiantes desarrollen destrezas especializadas para la resoluci\u00f3n de problemas en materia de investigaci\u00f3n o innovaci\u00f3n, con vistas al desarrollo de nuevos conocimientos y procedimientos, y a la integraci\u00f3n de los conocimientos en diversos campos.<\/p>\n\n\n\n<p>CB4. Que los y las estudiantes sepan gestionar y transformar contextos de trabajo o estudios complejos, imprevisibles y que requieran nuevos planteamientos estrat\u00e9gicos.<\/p>\n\n\n\n<p>CB5. Que los y las estudiantes sean capaces de asumir responsabilidades en lo que respecta al desarrollo de conocimientos y\/o pr\u00e1cticas profesionales y a la revisi\u00f3n del rendimiento estrat\u00e9gico de equipos.<\/p>\n\n\n\n<p>CB6: Que los estudiantes mantengan el compromiso \u00e9tico con el paciente, as\u00ed como el compromiso social con la pluralidad y diversidad de la sociedad actual, el respeto a los derechos fundamentales y a la igualdad entre hombres y mujeres.<\/p>\n<\/div><\/div><\/div>\n<\/details>\n\n\n\n<details class=\"wp-block-stackable-accordion stk-block-accordion stk-inner-blocks stk-block-content stk-block stk-1d0705d is-style-default\" id=\"especificas\" data-block-id=\"1d0705d\"><style>.stk-1d0705d {margin-bottom:15px !important;}<\/style>\n<summary class=\"wp-block-stackable-column stk-block-column stk-column stk-block stk-2c0cee0 stk--container-small stk-block-accordion__heading\" data-v=\"4\" data-block-id=\"2c0cee0\"><style>.stk-2c0cee0 {border-style:solid !important;border-top-width:0px !important;border-right-width:0px !important;border-bottom-width:1px !important;border-left-width:0px !important;}<\/style><div class=\"stk-column-wrapper stk-block-column__content stk-container stk-2c0cee0-container stk--no-background stk--no-padding\"><div class=\"stk-block-content stk-inner-blocks stk-2c0cee0-inner-blocks\">\n<div class=\"wp-block-stackable-icon-label stk-block-icon-label stk-block stk-3e16e7a\" data-block-id=\"3e16e7a\"><style>.stk-3e16e7a .stk-inner-blocks{gap:40px !important;}@media screen and (max-width: 1023px){.stk-3e16e7a .stk-inner-blocks{gap:40px !important;}}@media screen and (max-width: 767px){.stk-3e16e7a .stk-inner-blocks{gap:40px !important;}}<\/style><div class=\"stk-row stk-inner-blocks stk-block-content\">\n<div class=\"wp-block-stackable-icon stk-block-icon stk-block stk-8ea5435\" data-block-id=\"8ea5435\"><style>.stk-8ea5435 .stk--svg-wrapper .stk--inner-svg svg:last-child{height:24px !important;width:24px !important;}.stk-8ea5435 .stk--svg-wrapper .stk--inner-svg svg:last-child, .stk-8ea5435 .stk--svg-wrapper .stk--inner-svg svg:last-child :is(g, path, rect, polygon, ellipse){fill:#fcb900 !important;}<\/style><span class=\"stk--svg-wrapper stk--has-icon2\"><div class=\"stk--inner-svg\"><svg style=\"height:0;width:0\"><defs><linearGradient id=\"linear-gradient-8ea5435\" x1=\"0\" x2=\"100%\" y1=\"0\" y2=\"0\"><stop offset=\"0%\" style=\"stop-opacity:1;stop-color:var(--linear-gradient-8-ea-5435-color-1)\"><\/stop><stop offset=\"100%\" style=\"stop-opacity:1;stop-color:var(--linear-gradient-8-ea-5435-color-2)\"><\/stop><\/linearGradient><\/defs><\/svg><svg xmlns=\"http:\/\/www.w3.org\/2000\/svg\" viewBox=\"0 0 512 512\" aria-hidden=\"true\" width=\"32\" height=\"32\"><path d=\"M256 512A256 256 0 1 0 256 0a256 256 0 1 0 0 512zM169.8 165.3c7.9-22.3 29.1-37.3 52.8-37.3h58.3c34.9 0 63.1 28.3 63.1 63.1c0 22.6-12.1 43.5-31.7 54.8L280 264.4c-.2 13-10.9 23.6-24 23.6c-13.3 0-24-10.7-24-24V250.5c0-8.6 4.6-16.5 12.1-20.8l44.3-25.4c4.7-2.7 7.6-7.7 7.6-13.1c0-8.4-6.8-15.1-15.1-15.1H222.6c-3.4 0-6.4 2.1-7.5 5.3l-.4 1.2c-4.4 12.5-18.2 19-30.6 14.6s-19-18.2-14.6-30.6l.4-1.2zM224 352a32 32 0 1 1 64 0 32 32 0 1 1 -64 0z\"><\/path><\/svg><\/div><div class=\"stk--inner-svg stk--icon-2\" style=\"display:none\"><svg style=\"height:0;width:0\"><defs><linearGradient id=\"linear-gradient-8ea5435\" x1=\"0\" x2=\"100%\" y1=\"0\" y2=\"0\"><stop offset=\"0%\" style=\"stop-opacity:1;stop-color:var(--linear-gradient-8-ea-5435-color-1)\"><\/stop><stop offset=\"100%\" style=\"stop-opacity:1;stop-color:var(--linear-gradient-8-ea-5435-color-2)\"><\/stop><\/linearGradient><\/defs><\/svg><svg xmlns=\"http:\/\/www.w3.org\/2000\/svg\" viewBox=\"0 0 512 512\" aria-hidden=\"true\" width=\"32\" height=\"32\"><path d=\"M464 256A208 208 0 1 0 48 256a208 208 0 1 0 416 0zM0 256a256 256 0 1 1 512 0A256 256 0 1 1 0 256zm169.8-90.7c7.9-22.3 29.1-37.3 52.8-37.3h58.3c34.9 0 63.1 28.3 63.1 63.1c0 22.6-12.1 43.5-31.7 54.8L280 264.4c-.2 13-10.9 23.6-24 23.6c-13.3 0-24-10.7-24-24V250.5c0-8.6 4.6-16.5 12.1-20.8l44.3-25.4c4.7-2.7 7.6-7.7 7.6-13.1c0-8.4-6.8-15.1-15.1-15.1H222.6c-3.4 0-6.4 2.1-7.5 5.3l-.4 1.2c-4.4 12.5-18.2 19-30.6 14.6s-19-18.2-14.6-30.6l.4-1.2zM224 352a32 32 0 1 1 64 0 32 32 0 1 1 -64 0z\"><\/path><\/svg><\/div><\/span><\/div>\n\n\n\n<div class=\"wp-block-stackable-heading stk-block-heading stk-block-heading--v2 stk-block stk-556466f\" id=\"competencias-especificas\" data-block-id=\"556466f\"><style>.stk-556466f .stk-block-heading__text{font-size:18px !important;font-weight:700 !important;font-family:\"Montserrat\", Sans-serif !important;}@media screen and (max-width: 1023px){.stk-556466f .stk-block-heading__text{font-size:18px !important;}}<\/style><p class=\"stk-block-heading__text\">Competencias espec\u00edficas<\/p><\/div>\n<\/div><\/div>\n<\/div><\/div><\/summary>\n\n\n\n<div class=\"wp-block-stackable-column stk-block-column stk-column stk-block stk-7652c4c stk-block-accordion__content\" data-v=\"4\" data-block-id=\"7652c4c\"><div class=\"stk-column-wrapper stk-block-column__content stk-container stk-7652c4c-container stk--no-background stk--no-padding\"><div class=\"stk-block-content stk-inner-blocks stk-7652c4c-inner-blocks\">\n<div class=\"wp-block-stackable-text stk-block-text stk-block stk-53f57bf\" data-block-id=\"53f57bf\"><p class=\"stk-block-text__text\">Seguimiento Farmacoterap\u00e9utico en la Oficina de Farmacia. I<br>CE1<br>Llevar a cabo las actividades de atenci\u00f3n farmac\u00e9utica en la farmacia comunitaria.<br>CE2<br>Conocer el uso seguro de los medicamentos teniendo en cuenta cualquier riesgo asociado a su administraci\u00f3n.<br>CE3<br>Adquirir las habilidades necesarias para prestar consejo terap\u00e9utico en farmacoterapia y productos sanitarios, a los usuarios de los establecimientos en los que presten servicio.<br>CE4<br>Intervenir en las actividades de promoci\u00f3n de la salud, prevenci\u00f3n y seguimiento farmacoterap\u00e9utico de enfermedades, tanto en el \u00e1mbito individual y familiar, como en el comunitario con una visi\u00f3n integral y multidisciplinar del proceso enfermedad-tratamiento.<br>Seguimiento Farmacoterap\u00e9utico en la Oficina de Farmacia. II<br>CE1<br>Detectar problemas de ineficacia o inseguridad por falta de adherencia al tratamiento farmacol\u00f3gico, as\u00ed como desarrollar protocolos para aumentar la adherencia<br>CE2<br>Identificar y evaluar problemas relacionados con medicamentos en pacientes geri\u00e1tricos polimedicados.<br>CE3<br>Conocer, identificar y evaluar errores de conciliaci\u00f3n de tratamientos farmacol\u00f3gicos, as\u00ed como valorar propuestas que favorezcan la coordinaci\u00f3n entre distintos niveles asistenciales, aprovechando el programa de receta electr\u00f3nica<br>CE4<br>Evaluar los efectos adversos de medicamentos y su relevancia cl\u00ednica.<\/p><\/div>\n\n\n\n<p>La Oficina de Farmacia y el viajero Internacional.<br>CE1<br>Conocer y saber transmitir las recomendaciones higi\u00e9nico-sanitarias b\u00e1sicas a los viajeros internacionales.<br>CE2<br>Conocer las principales enfermedades transmitidas por mosquitos y su prevenci\u00f3n.<br>CE3<br>Aplicar los conocimientos sobre vacunas para resolver consultas y dudas al viajero internacional.<\/p>\n\n\n\n<p>La Oficina de Farmacia y las enfermedades parasitarias.<\/p>\n\n\n\n<p>CE1<br>Conocer y saber transmitir los riesgos de adquirir enfermedades parasitarias debidos al consumo de alimentos y su prevenci\u00f3n.<\/p>\n\n\n\n<p>CE2<br>Conocer y saber transmitir los riesgos de adquirir enfermedades parasitarias causadas por el contacto con animales dom\u00e9sticos y su prevenci\u00f3n.<br>CE3<br>Conocer y saber transmitir la informaci\u00f3n m\u00e1s relevante referente a los principales ectopar\u00e1sitos que afectan a humanos en Canarias, as\u00ed como sus formas de prevenci\u00f3n y control.<br>CE4<br>Conocer y saber transmitir los riesgos asociados a las enfermedades tropicales importadas que se detectan en Canarias, as\u00ed como sus formas de prevenci\u00f3n y control.<\/p>\n\n\n\n<p>Complementos alimenticios, drogas emergentes e interacci\u00f3n alimento-medicamento.<br>CE1<br>Conocer los principales complementos alimenticios, as\u00ed como sus normas de etiquetado y presentaci\u00f3n y la legislaci\u00f3n aplicada a los mismos.<br>CE2<br>Conocer el concepto de droga emergente, sus h\u00e1bitos de consumo y efectos de las mismas en la salud.<br>CE3<br>Conocer el efecto debido a la interacci\u00f3n de los alimentos y plantas medicinales con los medicamentos<\/p>\n<\/div><\/div><\/div>\n<\/details>\n<\/div><\/div><\/div>\n\n\n\n<div class=\"wp-block-stackable-column stk-block-column stk-column stk-block stk-53ec762\" data-v=\"4\" data-block-id=\"53ec762\"><style>.stk-53ec762-inner-blocks{row-gap:0px !important;}.stk-53ec762 {padding-top:0px !important;padding-right:0px !important;padding-bottom:0px !important;padding-left:0px !important;margin-top:1.75% !important;}@media screen and (min-width: 768px){.stk-53ec762 {flex:var(--stk-flex-grow, 1) 1 33.3% !important;}}<\/style><div class=\"stk-column-wrapper stk-block-column__content stk-container stk-53ec762-container stk--no-background stk--no-padding\"><div class=\"stk-block-content stk-inner-blocks stk-53ec762-inner-blocks\">\n<ul class=\"widget-box\">\n<li class='contacto-header'>Informaci\u00f3n de contacto<\/li><li><i class=\"fa fa-map-marker\"><\/i> Avda. Astrof\u00edsico Francisco S\u00e1nchez, SN. Edificio Calabaza \u2013 AN.2D Apdo. 456 38200 San Crist\u00f3bal de La Laguna<\/li><li><i class=\"fa fa-phone\"><\/i> (+34) 922 31 79 00 \/ 95 38<\/li><li><i class=\"fa fa-envelope\"><\/i>  <a href=mailto:tpropios@ull.es>tpropios@ull.es<\/a><\/li>\n<\/ul>\n\n\n\n\n\n<div class=\"wp-block-stackable-spacer stk-block-spacer stk--no-padding stk-block stk-6d33d0e\" data-block-id=\"6d33d0e\"><style>.stk-6d33d0e {height:25px !important;}<\/style><\/div>\n<\/div><\/div><\/div>\n<\/div><\/div>\n","protected":false},"excerpt":{"rendered":"<p>Comp\u00e9tences\u00a0: Comp\u00e9tences fondamentales et g\u00e9n\u00e9rales. L\u2019un des objectifs des qualifications universitaires est de contribuer \u00e0 l\u2019apprentissage tout au long de la vie, du point de vue de l\u2019universit\u00e9. \u00c0 cet \u00e9gard, le Cadre europ\u00e9en des certifications (CEC) constitue une r\u00e9f\u00e9rence pour la promotion de l\u2019apprentissage tout au long de la vie. Conform\u00e9ment \u00e0 ce cadre,\u2026<\/p>","protected":false},"author":4,"featured_media":0,"parent":0,"menu_order":0,"comment_status":"closed","ping_status":"closed","template":"templates\/template-frontpage.php","meta":{"footnotes":""},"class_list":["post-130","page","type-page","status-publish","hentry"],"_links":{"self":[{"href":"https:\/\/www.ull.es\/formacion-permanente\/experto-universitario-asesoramiento-profesional-oficina-farmacia\/fr\/wp-json\/wp\/v2\/pages\/130","targetHints":{"allow":["GET"]}}],"collection":[{"href":"https:\/\/www.ull.es\/formacion-permanente\/experto-universitario-asesoramiento-profesional-oficina-farmacia\/fr\/wp-json\/wp\/v2\/pages"}],"about":[{"href":"https:\/\/www.ull.es\/formacion-permanente\/experto-universitario-asesoramiento-profesional-oficina-farmacia\/fr\/wp-json\/wp\/v2\/types\/page"}],"author":[{"embeddable":true,"href":"https:\/\/www.ull.es\/formacion-permanente\/experto-universitario-asesoramiento-profesional-oficina-farmacia\/fr\/wp-json\/wp\/v2\/users\/4"}],"replies":[{"embeddable":true,"href":"https:\/\/www.ull.es\/formacion-permanente\/experto-universitario-asesoramiento-profesional-oficina-farmacia\/fr\/wp-json\/wp\/v2\/comments?post=130"}],"version-history":[{"count":7,"href":"https:\/\/www.ull.es\/formacion-permanente\/experto-universitario-asesoramiento-profesional-oficina-farmacia\/fr\/wp-json\/wp\/v2\/pages\/130\/revisions"}],"predecessor-version":[{"id":243,"href":"https:\/\/www.ull.es\/formacion-permanente\/experto-universitario-asesoramiento-profesional-oficina-farmacia\/fr\/wp-json\/wp\/v2\/pages\/130\/revisions\/243"}],"wp:attachment":[{"href":"https:\/\/www.ull.es\/formacion-permanente\/experto-universitario-asesoramiento-profesional-oficina-farmacia\/fr\/wp-json\/wp\/v2\/media?parent=130"}],"curies":[{"name":"wp","href":"https:\/\/api.w.org\/{rel}","templated":true}]}}