{"id":98,"date":"2019-11-12T10:12:34","date_gmt":"2019-11-12T09:12:34","guid":{"rendered":"http:\/\/www.ull.es\/formacion-permanente\/experto-universitario-asesoramiento-profesional-oficina-farmacia\/?page_id=98"},"modified":"2019-11-12T10:13:47","modified_gmt":"2019-11-12T09:13:47","slug":"procedimiento-de-preinscripcion","status":"publish","type":"page","link":"https:\/\/www.ull.es\/formacion-permanente\/experto-universitario-asesoramiento-profesional-oficina-farmacia\/fr\/procedimiento-de-preinscripcion\/","title":{"rendered":"Proc\u00e9dure de pr\u00e9inscription"},"content":{"rendered":"<h1>Proc\u00e9dure de pr\u00e9inscription<\/h1>","protected":false},"excerpt":{"rendered":"<p>Proc\u00e9dure de pr\u00e9inscription<\/p>","protected":false},"author":4,"featured_media":0,"parent":0,"menu_order":0,"comment_status":"closed","ping_status":"closed","template":"","meta":{"footnotes":""},"class_list":["post-98","page","type-page","status-publish","hentry"],"_links":{"self":[{"href":"https:\/\/www.ull.es\/formacion-permanente\/experto-universitario-asesoramiento-profesional-oficina-farmacia\/fr\/wp-json\/wp\/v2\/pages\/98","targetHints":{"allow":["GET"]}}],"collection":[{"href":"https:\/\/www.ull.es\/formacion-permanente\/experto-universitario-asesoramiento-profesional-oficina-farmacia\/fr\/wp-json\/wp\/v2\/pages"}],"about":[{"href":"https:\/\/www.ull.es\/formacion-permanente\/experto-universitario-asesoramiento-profesional-oficina-farmacia\/fr\/wp-json\/wp\/v2\/types\/page"}],"author":[{"embeddable":true,"href":"https:\/\/www.ull.es\/formacion-permanente\/experto-universitario-asesoramiento-profesional-oficina-farmacia\/fr\/wp-json\/wp\/v2\/users\/4"}],"replies":[{"embeddable":true,"href":"https:\/\/www.ull.es\/formacion-permanente\/experto-universitario-asesoramiento-profesional-oficina-farmacia\/fr\/wp-json\/wp\/v2\/comments?post=98"}],"version-history":[{"count":1,"href":"https:\/\/www.ull.es\/formacion-permanente\/experto-universitario-asesoramiento-profesional-oficina-farmacia\/fr\/wp-json\/wp\/v2\/pages\/98\/revisions"}],"predecessor-version":[{"id":99,"href":"https:\/\/www.ull.es\/formacion-permanente\/experto-universitario-asesoramiento-profesional-oficina-farmacia\/fr\/wp-json\/wp\/v2\/pages\/98\/revisions\/99"}],"wp:attachment":[{"href":"https:\/\/www.ull.es\/formacion-permanente\/experto-universitario-asesoramiento-profesional-oficina-farmacia\/fr\/wp-json\/wp\/v2\/media?parent=98"}],"curies":[{"name":"wp","href":"https:\/\/api.w.org\/{rel}","templated":true}]}}