{"id":165,"date":"2021-04-21T11:05:56","date_gmt":"2021-04-21T09:05:56","guid":{"rendered":"https:\/\/www.ull.es\/formacion-permanente\/experto-universitario-asesoramiento-profesional-oficina-farmacia\/?page_id=165"},"modified":"2025-08-18T12:56:03","modified_gmt":"2025-08-18T10:56:03","slug":"acceso-e-inscripcion","status":"publish","type":"page","link":"https:\/\/www.ull.es\/formacion-permanente\/experto-universitario-asesoramiento-profesional-oficina-farmacia\/acceso-e-inscripcion\/","title":{"rendered":"Acceso e Inscripci\u00f3n"},"content":{"rendered":"\n<div class=\"wp-block-stackable-columns alignfull stk-block-columns stk-block stk-8657999\" data-block-id=\"8657999\"><style>.stk-8657999 {padding-bottom:0px !important;margin-top:-30px !important;margin-bottom:0px !important;}@media screen and (max-width: 767px){.stk-8657999 {margin-top:-10% !important;}}<\/style><div class=\"stk-row stk-inner-blocks stk-block-content stk-content-align stk-8657999-column alignfull\">\n<div class=\"wp-block-stackable-column stk-block-column stk-column stk-block stk-914f03e\" data-v=\"4\" data-block-id=\"914f03e\"><div class=\"stk-column-wrapper stk-block-column__content stk-container stk-914f03e-container stk--no-background stk--no-padding\"><div class=\"stk-block-content stk-inner-blocks stk-914f03e-inner-blocks\"><style id=\"depicter-3-inline-pre-css\">\n\n.depicter-3:not(.depicter-ready){\n\theight:450px;\n}\n\n\/***** Tablet *****\/\n@media screen and (max-width: 1024px){\n\n.depicter-3:not(.depicter-ready){\n\theight:700px;\n}\n\n}\n\/***** Mobile *****\/\n@media screen and (max-width: 767px){\n\n.depicter-3:not(.depicter-ready){\n\theight:450px;\n}\n\n}\n<\/style>\n<div id=\"depicter-3\" class=\"depicter depicter-document depicter-revert depicter-3 depicter-layout-fullwidth\">\n\n<div class=\"depicter-loading-container depicter-loading dotFlashing-dark\"><div class=\"depicter-loading-dark depicter-dot-flashing\">\n   <span><\/span>\n   <span><\/span>\n   <span><\/span>\n<\/div>\n<\/div>\n<div id=\"depicter-3-section-1\" class=\"depicter-section depicter-3-section-1\" data-name=\"Section 1\" data-type=\"section\" data-local-id=\"section-1\">\n<picture class=\"depicter-bg\">\n<source data-depicter-srcset=\"https:\/\/www.ull.es\/formacion-permanente\/experto-universitario-asesoramiento-profesional-oficina-farmacia\/wp-content\/uploads\/sites\/36\/2025\/08\/oficinafarmacia-768x512.jpg, https:\/\/www.ull.es\/formacion-permanente\/experto-universitario-asesoramiento-profesional-oficina-farmacia\/wp-content\/uploads\/sites\/36\/2025\/08\/oficinafarmacia.jpg 2x\" srcset=\"data:image\/gif;base64,R0lGODlhAQABAIAAAAAAAP\/\/\/yH5BAEAAAAALAAAAAABAAEAAAIBRAA7\" media=\"(max-width: 1024px)\" \/>\n\n<source data-depicter-srcset=\"https:\/\/www.ull.es\/formacion-permanente\/experto-universitario-asesoramiento-profesional-oficina-farmacia\/wp-content\/uploads\/sites\/36\/2025\/08\/oficinafarmacia.jpg, https:\/\/www.ull.es\/formacion-permanente\/experto-universitario-asesoramiento-profesional-oficina-farmacia\/wp-content\/uploads\/sites\/36\/2025\/08\/oficinafarmacia-1900x1267.jpg 2x\" srcset=\"data:image\/gif;base64,R0lGODlhAQABAIAAAAAAAP\/\/\/yH5BAEAAAAALAAAAAABAAEAAAIBRAA7\" media=\"(min-width: 1025px)\" \/>\n<img decoding=\"async\" src=\"data:image\/gif;base64,R0lGODlhAQABAIAAAAAAAP\/\/\/yH5BAEAAAAALAAAAAABAAEAAAIBRAA7\" data-ken-burns=\"false\" data-tablet-ken-burns=\"false\" data-mobile-ken-burns=\"false\" alt=\"\" data-depicter-src=\"https:\/\/www.ull.es\/formacion-permanente\/experto-universitario-asesoramiento-profesional-oficina-farmacia\/wp-content\/uploads\/sites\/36\/2025\/08\/oficinafarmacia.jpg\" data-object-fit=\"custom,custom,\" data-object-position=\"center top,,\" data-crop=\"{'focalPoint':{'x':0.5,'y':0.64000000000000001332267629550187848508358001708984375},'mediaSize':{'width':1792,'height':1194}}\" data-tablet-crop=\"{'focalPoint':{'x':0.5,'y':0.5},'mediaSize':{'width':1049.723756906077369421836920082569122314453125,'height':700}}\" data-mobile-crop=\"{'focalPoint':{'x':0.5,'y':0.5},'mediaSize':{'width':674.822415153906831619678996503353118896484375,'height':450}}\" \/>\n<\/picture>\n\n\n<h1 id=\"depicter-3-element-5\" class=\"depicter-element depicter-layer depicter-3-element-5\" data-type=\"text\" data-wrap=\"true\" data-name=\"Text 2\" data-local-id=\"element-5\" data-offset=\"x:0px;y:118px;origin:tl\" data-tablet-offset=\"x:189px;y:206px;origin:tl\" data-mobile-offset=\"x:-2px;y:171px;origin:tl\" data-width=\"1060px,646px,376px\" data-height=\"auto,auto,auto\" data-responsive-scale=\"true,,\">Experto Universitario en Asesoramiento profesional en la Oficina de Farmacia<br><\/h1>\n\n<div id=\"depicter-3-element-10\" class=\"depicter-element depicter-layer depicter-3-element-10\" data-type=\"shape\" data-wrap=\"true\" data-name=\"Shape 1\" data-local-id=\"element-10\" data-offset=\"x:0px;y:366px;origin:tl\" data-tablet-offset=\"x:189px;y:506px;origin:tl\" data-mobile-offset=\"x:0px;y:328px;origin:tl\" data-width=\"968px,647px,360px\" data-height=\"8px,8px,8px\" data-responsive-scale=\"true,,\"><\/div>\n<\/div>\n<\/div>\n<script>\n(window.depicterSetups = window.depicterSetups || []).push(function(){\n\tDepicter.basePath = 'https:\/\/www.ull.es\/formacion-permanente\/experto-universitario-asesoramiento-profesional-oficina-farmacia\/wp-content\/plugins\/depicter\/resources\/scripts\/player\/';\n\tconst dpPlayer = Depicter.setup('.depicter-3',\n\t\t{\"width\":[\"1200\",\"1024\",\"360\"],\"height\":[\"450\",\"700\",\"450\"],\"view\":\"basic\",\"keepAspectRatio\":true,\"preload\":0,\"layout\":\"fullwidth\",\"rtl\":false,\"initAfterAppear\":false,\"ajaxApiUrl\":\"https:\\\/\\\/www.ull.es\\\/formacion-permanente\\\/experto-universitario-asesoramiento-profesional-oficina-farmacia\\\/wp-admin\\\/admin-ajax.php\",\"mouseSwipe\":true,\"touchSwipe\":true,\"useWatermark\":false}\n\t);\n});\n<\/script><\/div><\/div><\/div>\n<\/div><\/div>\n\n\n\n<div class=\"wp-block-stackable-columns alignfull stk-block-columns stk--hide-mobile stk-block stk-ceecbdc stk-block-background\" data-block-id=\"ceecbdc\"><style>.stk-ceecbdc {background-color:#e2be27 !important;padding-top:65px !important;padding-right:0px !important;padding-bottom:2px !important;padding-left:0px !important;margin-top:-20px !important;margin-bottom:0px !important;}.stk-ceecbdc:before{background-color:#e2be27 !important;}<\/style><div class=\"stk-row stk-inner-blocks stk-block-content stk-content-align stk-ceecbdc-column alignfull\">\n<div class=\"wp-block-stackable-column stk-block-column stk-column stk-block stk-fc60a5d\" data-v=\"4\" data-block-id=\"fc60a5d\"><div class=\"stk-column-wrapper stk-block-column__content stk-container stk-fc60a5d-container stk--no-background stk--no-padding\"><div class=\"stk-block-content stk-inner-blocks stk-fc60a5d-inner-blocks\">\n<div class=\"wp-block-stackable-spacer stk-block-spacer stk--no-padding stk-block stk-a3a8a68\" data-block-id=\"a3a8a68\"><style>.stk-a3a8a68 {height:0px !important;}<\/style><\/div>\n<\/div><\/div><\/div>\n<\/div><\/div>\n\n\n\n<div class=\"wp-block-stackable-columns stk-block-columns stk-block stk-8b59b96\" data-block-id=\"8b59b96\"><style>.stk-8b59b96 .stk--block-align-8b59b96{align-items:flex-start !important;}.stk-8b59b96 {margin-top:50px !important;}.stk-8b59b96-column{--stk-columns-spacing:0px !important;--stk-column-gap:50px !important;}@media screen and (max-width: 767px){.stk-8b59b96-column{row-gap:var(--stk--preset--spacing--60, 2.25rem) !important;}}<\/style><div class=\"stk-row stk-inner-blocks stk--block-align-8b59b96 stk-block-content stk-content-align stk-8b59b96-column\">\n<div class=\"wp-block-stackable-column stk-block-column stk-column stk-block stk-dbb7e15\" data-v=\"4\" data-block-id=\"dbb7e15\"><style>@media screen and (min-width: 768px){.stk-dbb7e15 {flex:var(--stk-flex-grow, 1) 1 66.7% !important;}}<\/style><div class=\"stk-column-wrapper stk-block-column__content stk-container stk-dbb7e15-container stk--no-background stk--no-padding\"><div class=\"stk-block-content stk-inner-blocks stk-dbb7e15-inner-blocks\">\n<div class=\"wp-block-stackable-heading stk-block-heading stk-block-heading--v2 stk-block stk-fc6338c\" id=\"preinscripcion\" data-block-id=\"fc6338c\"><style>.stk-fc6338c .stk-block-heading__text{color:#000000 !important;}<\/style><h1 class=\"stk-block-heading__text has-text-color\">Preinscripci\u00f3n<\/h1><\/div>\n\n\n\n<div class=\"wp-block-stackable-text stk-block-text stk-block stk-83a8b2a\" data-block-id=\"83a8b2a\"><p class=\"stk-block-text__text\">Para realizar la&nbsp;<strong>PREINSCRIPCI\u00d3N<\/strong>, es necesario disponer de&nbsp;<strong>usuario y contrase\u00f1a ULL<\/strong>. Si no dispone de ellos, puede solicitarlos&nbsp;<a href=\"https:\/\/sede.ull.es\/credenciales\/\" target=\"_blank\" rel=\"noreferrer noopener\" target=\"_blank\" rel=\"noopener\">aqu\u00ed<\/a><\/p><\/div>\n\n\n\n<p><strong>PREINSCRIPCI\u00d3N<\/strong><\/p>\n\n\n\n<p><br>Del 15 de junio de 2021 al 5 de septiembre de 2021.<\/p>\n\n\n\n<ul class=\"wp-block-list\">\n<li>&nbsp; &nbsp; &nbsp; &nbsp; &nbsp;<span style=\"color: #cf2e2e;\" class=\"stk-highlight\">&nbsp;<\/span><strong><span style=\"color: #ed0808;\" class=\"stk-highlight\">Plazo de preinscripci\u00f3n extraordinaria: del 6 al 12 de septiembre de 2021.<\/span><\/strong><\/li>\n\n\n\n<li><strong>&nbsp; &nbsp; &nbsp; &nbsp; &nbsp; <span style=\"color: #dd1515;\" class=\"stk-highlight\">Plazo de matr\u00edcula extraordinaria: del 14 al 23 de septiembre de 2021.<\/span><\/strong><\/li>\n<\/ul>\n\n\n\n<p>Puede realizar la Preinscripci\u00f3n a trav\u00e9s de la&nbsp;<a href=\"https:\/\/www.ull.es\/titulospropios\/procedimiento-de-preinscripcion\/\" target=\"_blank\" rel=\"noreferrer noopener\" target=\"_blank\" rel=\"noopener\"><strong>Sede Electr\u00f3nica de la Universidad de La Laguna<\/strong>.<\/a><\/p>\n\n\n\n<p>Si tienes alguna duda o necesitas asistencia en el tr\u00e1mite de preinscripci\u00f3n,<br>puedes contactar con nosotros en:<br>_Tel\u00e9fono: (+34)922319538\/ 922317900<br>_Correo electr\u00f3nico tpropios@ull.es<br>_Presencialmente en la Escuela de Doctorado y Estudios de<br>Posgrado -negociado t\u00edtulos propios-,situada en la Avda. Astrof\u00edsico<br>Francisco S\u00e1nchez, SN. Edificio Calabaza.<br>_Horario de atenci\u00f3n al p\u00fablico:<br>Lunes a viernes de 9:00 a 13:00 horas.<\/p>\n\n\n\n<p><strong>MATR\u00cdCULA<\/strong><\/p>\n\n\n\n<p>Del 10 de septiembre de 2021 al 21 de septiembre de 2021.<\/p>\n\n\n\n<p><strong>IMPARTICI\u00d3N<\/strong><\/p>\n\n\n\n<p><br>Del 27 septiembre 2021 al 29 de junio de 2022.<\/p>\n<\/div><\/div><\/div>\n\n\n\n<div class=\"wp-block-stackable-column stk-block-column stk-column stk-block stk-53ec762\" data-v=\"4\" data-block-id=\"53ec762\"><style>.stk-53ec762-inner-blocks{row-gap:0px !important;}.stk-53ec762 {padding-top:0px !important;padding-right:0px !important;padding-bottom:0px !important;padding-left:0px !important;margin-top:1.75% !important;}@media screen and (min-width: 768px){.stk-53ec762 {flex:var(--stk-flex-grow, 1) 1 33.3% !important;}}<\/style><div class=\"stk-column-wrapper stk-block-column__content stk-container stk-53ec762-container stk--no-background stk--no-padding\"><div class=\"stk-block-content stk-inner-blocks stk-53ec762-inner-blocks\">\n<ul class=\"widget-box\">\n<li class='contacto-header'>Informaci\u00f3n de contacto<\/li><li><i class=\"fa fa-map-marker\"><\/i> Avda. Astrof\u00edsico Francisco S\u00e1nchez, SN. Edificio Calabaza \u2013 AN.2D Apdo. 456 38200 San Crist\u00f3bal de La Laguna<\/li><li><i class=\"fa fa-phone\"><\/i> (+34) 922 31 79 00 \/ 95 38<\/li><li><i class=\"fa fa-envelope\"><\/i>  <a href=mailto:tpropios@ull.es>tpropios@ull.es<\/a><\/li>\n<\/ul>\n\n\n\n\n\n<div class=\"wp-block-stackable-spacer stk-block-spacer stk--no-padding stk-block stk-6d33d0e\" data-block-id=\"6d33d0e\"><style>.stk-6d33d0e {height:25px !important;}<\/style><\/div>\n<\/div><\/div><\/div>\n<\/div><\/div>\n","protected":false},"excerpt":{"rendered":"<p>Preinscripci\u00f3n Para realizar la&nbsp;PREINSCRIPCI\u00d3N, es necesario disponer de&nbsp;usuario y contrase\u00f1a ULL. Si no dispone de ellos, puede solicitarlos&nbsp;aqu\u00ed PREINSCRIPCI\u00d3N Del 15 de junio de 2021 al 5 de septiembre de 2021. Puede realizar la Preinscripci\u00f3n a trav\u00e9s de la&nbsp;Sede Electr\u00f3nica de la Universidad de La Laguna. Si tienes alguna duda o necesitas asistencia en el&#8230;<\/p>\n","protected":false},"author":4,"featured_media":0,"parent":0,"menu_order":0,"comment_status":"closed","ping_status":"closed","template":"templates\/template-frontpage.php","meta":{"footnotes":""},"class_list":["post-165","page","type-page","status-publish","hentry"],"_links":{"self":[{"href":"https:\/\/www.ull.es\/formacion-permanente\/experto-universitario-asesoramiento-profesional-oficina-farmacia\/wp-json\/wp\/v2\/pages\/165","targetHints":{"allow":["GET"]}}],"collection":[{"href":"https:\/\/www.ull.es\/formacion-permanente\/experto-universitario-asesoramiento-profesional-oficina-farmacia\/wp-json\/wp\/v2\/pages"}],"about":[{"href":"https:\/\/www.ull.es\/formacion-permanente\/experto-universitario-asesoramiento-profesional-oficina-farmacia\/wp-json\/wp\/v2\/types\/page"}],"author":[{"embeddable":true,"href":"https:\/\/www.ull.es\/formacion-permanente\/experto-universitario-asesoramiento-profesional-oficina-farmacia\/wp-json\/wp\/v2\/users\/4"}],"replies":[{"embeddable":true,"href":"https:\/\/www.ull.es\/formacion-permanente\/experto-universitario-asesoramiento-profesional-oficina-farmacia\/wp-json\/wp\/v2\/comments?post=165"}],"version-history":[{"count":10,"href":"https:\/\/www.ull.es\/formacion-permanente\/experto-universitario-asesoramiento-profesional-oficina-farmacia\/wp-json\/wp\/v2\/pages\/165\/revisions"}],"predecessor-version":[{"id":240,"href":"https:\/\/www.ull.es\/formacion-permanente\/experto-universitario-asesoramiento-profesional-oficina-farmacia\/wp-json\/wp\/v2\/pages\/165\/revisions\/240"}],"wp:attachment":[{"href":"https:\/\/www.ull.es\/formacion-permanente\/experto-universitario-asesoramiento-profesional-oficina-farmacia\/wp-json\/wp\/v2\/media?parent=165"}],"curies":[{"name":"wp","href":"https:\/\/api.w.org\/{rel}","templated":true}]}}