{"id":59,"date":"2019-02-28T13:52:13","date_gmt":"2019-02-28T12:52:13","guid":{"rendered":"http:\/\/www.ull.es\/formacion-permanente\/diploma-gastronomia\/?page_id=59"},"modified":"2025-08-11T13:21:16","modified_gmt":"2025-08-11T11:21:16","slug":"equipo-docente","status":"publish","type":"page","link":"https:\/\/www.ull.es\/formacion-permanente\/experto-universitario-movilidad-inteligente\/en\/equipo-docente\/","title":{"rendered":"Teaching Staff"},"content":{"rendered":"\n<div class=\"wp-block-stackable-columns alignfull stk-block-columns stk-block stk-8657999\" data-block-id=\"8657999\"><style>.stk-8657999 {padding-bottom:0px !important;margin-top:-30px !important;margin-bottom:0px !important;}@media screen and (max-width: 767px){.stk-8657999 {margin-top:-10% !important;}}<\/style><div class=\"stk-row stk-inner-blocks stk-block-content stk-content-align stk-8657999-column alignfull\">\n<div class=\"wp-block-stackable-column stk-block-column stk-column stk-block stk-914f03e\" data-v=\"4\" data-block-id=\"914f03e\"><div class=\"stk-column-wrapper stk-block-column__content stk-container stk-914f03e-container stk--no-background stk--no-padding\"><div class=\"stk-block-content stk-inner-blocks stk-914f03e-inner-blocks\"><style id=\"depicter-2-inline-pre-css\">\n\n.depicter-2:not(.depicter-ready){\n\theight:450px;\n}\n\n\/***** Tablet *****\/\n@media screen and (max-width: 1024px){\n\n.depicter-2:not(.depicter-ready){\n\theight:700px;\n}\n\n}\n\/***** Mobile *****\/\n@media screen and (max-width: 767px){\n\n.depicter-2:not(.depicter-ready){\n\theight:450px;\n}\n\n}\n<\/style>\n<div id=\"depicter-2\" class=\"depicter depicter-document depicter-revert depicter-2 depicter-layout-fullwidth\">\n\n<div class=\"depicter-loading-container depicter-loading dotFlashing-dark\"><div class=\"depicter-loading-dark depicter-dot-flashing\">\n   <span><\/span>\n   <span><\/span>\n   <span><\/span>\n<\/div>\n<\/div>\n<div id=\"depicter-2-section-1\" class=\"depicter-section depicter-2-section-1\" data-name=\"Section 1\" data-type=\"section\" data-local-id=\"section-1\">\n<picture class=\"depicter-bg\">\n<source data-depicter-srcset=\"https:\/\/www.ull.es\/formacion-permanente\/experto-universitario-movilidad-inteligente\/wp-content\/uploads\/sites\/31\/2025\/08\/@UnSi_0iV9LmPDn0-768x432.jpg, https:\/\/www.ull.es\/formacion-permanente\/experto-universitario-movilidad-inteligente\/wp-content\/uploads\/sites\/31\/2025\/08\/@UnSi_0iV9LmPDn0.jpg 2x\" srcset=\"data:image\/gif;base64,R0lGODlhAQABAIAAAAAAAP\/\/\/yH5BAEAAAAALAAAAAABAAEAAAIBRAA7\" media=\"(max-width: 1024px)\" \/>\n\n<source data-depicter-srcset=\"https:\/\/www.ull.es\/formacion-permanente\/experto-universitario-movilidad-inteligente\/wp-content\/uploads\/sites\/31\/2025\/08\/@UnSi_0iV9LmPDn0.jpg, https:\/\/www.ull.es\/formacion-permanente\/experto-universitario-movilidad-inteligente\/wp-content\/uploads\/sites\/31\/2025\/08\/@UnSi_0iV9LmPDn0-1920x1080.jpg 2x\" srcset=\"data:image\/gif;base64,R0lGODlhAQABAIAAAAAAAP\/\/\/yH5BAEAAAAALAAAAAABAAEAAAIBRAA7\" media=\"(min-width: 1025px)\" \/>\n<img decoding=\"async\" src=\"data:image\/gif;base64,R0lGODlhAQABAIAAAAAAAP\/\/\/yH5BAEAAAAALAAAAAABAAEAAAIBRAA7\" data-ken-burns=\"false\" data-tablet-ken-burns=\"false\" data-mobile-ken-burns=\"false\" alt=\"\" data-depicter-src=\"https:\/\/www.ull.es\/formacion-permanente\/experto-universitario-movilidad-inteligente\/wp-content\/uploads\/sites\/31\/2025\/08\/@UnSi_0iV9LmPDn0.jpg\" data-object-fit=\"custom,custom,\" data-object-position=\"center top,,\" data-crop=\"{'focalPoint':{'x':0.5,'y':0.5},'mediaSize':{'width':1200,'height':675}}\" data-tablet-crop=\"{'focalPoint':{'x':0.5,'y':0.5},'mediaSize':{'width':1244.4444444444443433894775807857513427734375,'height':700}}\" data-mobile-crop=\"{'focalPoint':{'x':0.5,'y':0.5},'mediaSize':{'width':800,'height':450}}\" \/>\n<\/picture>\n\n\n<h1 id=\"depicter-2-element-5\" class=\"depicter-element depicter-layer depicter-2-element-5\" data-type=\"text\" data-wrap=\"true\" data-name=\"Text 2\" data-local-id=\"element-5\" data-offset=\"x:0px;y:165px;origin:tl\" data-tablet-offset=\"x:189px;y:206px;origin:tl\" data-mobile-offset=\"x:-2px;y:171px;origin:tl\" data-width=\"1060px,646px,376px\" data-height=\"auto,auto,auto\" data-responsive-scale=\"true,,\">Experto Universitario en Movilidad Inteligente<br><\/h1>\n\n<div id=\"depicter-2-element-10\" class=\"depicter-element depicter-layer depicter-2-element-10\" data-type=\"shape\" data-wrap=\"true\" data-name=\"Shape 1\" data-local-id=\"element-10\" data-offset=\"x:0px;y:341px;origin:tl\" data-tablet-offset=\"x:189px;y:506px;origin:tl\" data-mobile-offset=\"x:0px;y:313px;origin:tl\" data-width=\"968px,647px,360px\" data-height=\"8px,8px,8px\" data-responsive-scale=\"true,,\"><\/div>\n<\/div>\n<\/div>\n<script>\n(window.depicterSetups = window.depicterSetups || []).push(function(){\n\tDepicter.basePath = 'https:\/\/www.ull.es\/formacion-permanente\/experto-universitario-movilidad-inteligente\/wp-content\/plugins\/depicter\/resources\/scripts\/player\/';\n\tconst dpPlayer = Depicter.setup('.depicter-2',\n\t\t{\"width\":[\"1200\",\"1024\",\"360\"],\"height\":[\"450\",\"700\",\"450\"],\"view\":\"basic\",\"keepAspectRatio\":true,\"preload\":0,\"layout\":\"fullwidth\",\"rtl\":false,\"initAfterAppear\":false,\"ajaxApiUrl\":\"https:\\\/\\\/www.ull.es\\\/formacion-permanente\\\/experto-universitario-movilidad-inteligente\\\/wp-admin\\\/admin-ajax.php\",\"mouseSwipe\":true,\"touchSwipe\":true,\"useWatermark\":false}\n\t);\n});\n<\/script><\/div><\/div><\/div>\n<\/div><\/div>\n\n\n\n<div class=\"wp-block-stackable-columns alignfull stk-block-columns stk--hide-mobile stk-block stk-ceecbdc stk-block-background\" data-block-id=\"ceecbdc\"><style>.stk-ceecbdc {background-color:#e2be27 !important;padding-top:65px !important;padding-right:0px !important;padding-bottom:2px !important;padding-left:0px !important;margin-top:-20px !important;margin-bottom:0px !important;}.stk-ceecbdc:before{background-color:#e2be27 !important;}<\/style><div class=\"stk-row stk-inner-blocks stk-block-content stk-content-align stk-ceecbdc-column alignfull\">\n<div class=\"wp-block-stackable-column stk-block-column stk-column stk-block stk-fc60a5d\" data-v=\"4\" data-block-id=\"fc60a5d\"><div class=\"stk-column-wrapper stk-block-column__content stk-container stk-fc60a5d-container stk--no-background stk--no-padding\"><div class=\"stk-block-content stk-inner-blocks stk-fc60a5d-inner-blocks\">\n<div class=\"wp-block-stackable-spacer stk-block-spacer stk--no-padding stk-block stk-a3a8a68\" data-block-id=\"a3a8a68\"><style>.stk-a3a8a68 {height:0px !important;}<\/style><\/div>\n<\/div><\/div><\/div>\n<\/div><\/div>\n\n\n\n<div class=\"wp-block-stackable-columns stk-block-columns stk-block stk-8b59b96\" data-block-id=\"8b59b96\"><style>.stk-8b59b96 .stk--block-align-8b59b96{align-items:flex-start !important;}.stk-8b59b96 {margin-top:50px !important;}.stk-8b59b96-column{--stk-columns-spacing:0px !important;--stk-column-gap:50px !important;}@media screen and (max-width: 767px){.stk-8b59b96-column{row-gap:var(--stk--preset--spacing--60, 2.25rem) !important;}}<\/style><div class=\"stk-row stk-inner-blocks stk--block-align-8b59b96 stk-block-content stk-content-align stk-8b59b96-column\">\n<div class=\"wp-block-stackable-column stk-block-column stk-column stk-block stk-dbb7e15\" data-v=\"4\" data-block-id=\"dbb7e15\"><style>@media screen and (min-width: 768px){.stk-dbb7e15 {flex:var(--stk-flex-grow, 1) 1 66.7% !important;}}<\/style><div class=\"stk-column-wrapper stk-block-column__content stk-container stk-dbb7e15-container stk--no-background stk--no-padding\"><div class=\"stk-block-content stk-inner-blocks stk-dbb7e15-inner-blocks\">\n<div class=\"wp-block-stackable-heading stk-block-heading stk-block-heading--v2 stk-block stk-fc6338c\" id=\"equipo-docente\" data-block-id=\"fc6338c\"><style>.stk-fc6338c .stk-block-heading__text{color:#000000 !important;}<\/style><h1 class=\"stk-block-heading__text has-text-color\">Equipo docente<\/h1><\/div>\n\n\n\n<table>\n<tbody>\n<tr>\n<td><b>Adriana Fabiola Mart\u00edn C\u00e1ceres<\/b><\/td>\n<td><span style=\"font-weight: 400\">Universidad de La Laguna. Profesora Titular de Derecho P\u00fablico y Privado Especial y Derecho de la Empresa<\/span><\/td>\n<\/tr>\n<tr>\n<td><b>Airam Rodr\u00edguez Rodr\u00edguez<\/b><\/td>\n<td><span style=\"font-weight: 400\">H\u00edades Group, CEO. Presidente de la Asociaci\u00f3n de J\u00f3venes Empresarios de Tenerife.<\/span><\/td>\n<\/tr>\n<tr>\n<td><b>Alberto D\u00edaz Valderrama<\/b><\/td>\n<td><span style=\"font-weight: 400\">Grupo Boyac\u00e1, Director Regional en las islas Canarias, con amplia experiencia en la gesti\u00f3n de empresas y en la realizaci\u00f3n de proyectos. Ingeniero T\u00e9cnico en Inform\u00e1tica de Sistemas, Ingeniero en Organizaci\u00f3n Industrial, Master en Supply Chain and Technology y Executive MBA.<\/span><\/td>\n<\/tr>\n<tr>\n<td><b>Alexandra Rivero Garc\u00eda<\/b><\/td>\n<td><span style=\"font-weight: 400\">Universidad de La Laguna. Ingeniera y M\u00e1ster en Inform\u00e1tica. Investigadora Contratada.<\/span><\/td>\n<\/tr>\n<tr>\n<td><b>Alonso Fern\u00e1ndez Hern\u00e1ndez<\/b><\/td>\n<td><span style=\"font-weight: 400\">Alma S.L. Director Gerente. Secretario General de la Asociaci\u00f3n de Supermercado de las Islas Canarias<\/span><\/td>\n<\/tr>\n<tr>\n<td><b>Antonio Jos\u00e9 Poleo Mora<\/b><\/td>\n<td><span style=\"font-weight: 400\">Universidad de La Laguna. Profesor Titular de Ingenier\u00eda Agraria, N\u00e1utica, Civil y Mar\u00edtima<\/span><\/td>\n<\/tr>\n<tr>\n<td><b>Carlos P\u00e9rez Gonz\u00e1lez<\/b><\/td>\n<td><span style=\"font-weight: 400\">Universidad de La Laguna. Profesor Ayudante Doctor de Matem\u00e1ticas, Estad\u00edstica e Investigaci\u00f3n Operativa<\/span><\/td>\n<\/tr>\n<tr>\n<td><b>Carlos Ledesma Carrillo<\/b><\/td>\n<td><span style=\"font-weight: 400\">Licenciado en derecho, Responsable \u00e1rea internacional de TITSA, Responsable de Desarrollo de Negocios Internacionales. MBA, Asesor Legal y experto en programas europeos<\/span><\/td>\n<\/tr>\n<tr>\n<td><b>Christopher Exp\u00f3sito Izquierdo<\/b><\/td>\n<td><span style=\"font-weight: 400\">Universidad de La Laguna. Doctor en Inform\u00e1tica. Contratado Laboral en Interinidad de Ingenier\u00eda Inform\u00e1tica y de Sistemas<\/span><\/td>\n<\/tr>\n<tr>\n<td><b>Cristopher David Caamana G\u00f3mez<\/b><\/td>\n<td><span style=\"font-weight: 400\">StarDevs, Smart City Solutions. Ingeniero y M\u00e1ster en Inform\u00e1tica.<\/span><\/td>\n<\/tr>\n<tr>\n<td><b>Dagoberto Castellanos Nieves<\/b><\/td>\n<td><span style=\"font-weight: 400\">Universidad de La Laguna. Profesor Titular de Ciencias de la Computaci\u00f3n e Inteligencia Artificial<\/span><\/td>\n<\/tr>\n<tr>\n<td><b>David Falc\u00f3n Molina<\/b><\/td>\n<td><span style=\"font-weight: 400\">Fred Olsen, responsable de Revenue Management. Licenciado en ciencias y t\u00e9cnicas estad\u00edsticas (ULL), Experto universitario en sistemas de gesti\u00f3n de Bases de Datos (UNED), Master en Business Intelligence y Big Data (EOI). M\u00e1s de 15 a\u00f1os de experiencia en Revenue Management.<\/span><\/td>\n<\/tr>\n<tr>\n<td><b>Eduardo Bezares Carretero<\/b><\/td>\n<td><span style=\"font-weight: 400\">Actualmente en CEOE-Tenerife como Secretario General y Vicepresidente de la Autoridad Portuaria de Santa Cruz de Tenerife. Presidente fundador del Cluster Canario de Transporte y Log\u00edstica. Ingeniero Industrial, MBA.<\/span><\/td>\n<\/tr>\n<tr>\n<td><b>F\u00e9lix \u00c1ngel Herrera Priano<\/b><\/td>\n<td><span style=\"font-weight: 400\">Universidad de La Laguna. Profesor Titular de Ingenier\u00eda Telem\u00e1tica. Departamento de Ingenier\u00eda Industrial. Cordinador del Grupo de Smart Cities del Colegio de Ingenieros de Telecomunicaci\u00f3n (COIT)<\/span><\/td>\n<\/tr>\n<tr>\n<td><b>Fernando Davara M\u00e9ndez<\/b><\/td>\n<td><span style=\"font-weight: 400\">Trazas Ingenier\u00eda, S.L., CEO. Ingeniero de Caminos, Canales y Puertos por la Universidad Polit\u00e9cnica de Madrid y \u00a0M\u00e1ster en Ingenier\u00eda de Puertos y Costas por la Universidades de Las Palmas de Gran Canaria y La Laguna.<\/span><\/td>\n<\/tr>\n<tr>\n<td><b>Francisco Javier Amador Morera<\/b><\/td>\n<td><span style=\"font-weight: 400\">Universidad de La Laguna. Profesor Contratado Doctor de Econom\u00eda, Contabilidad y Finanzas<\/span><\/td>\n<\/tr>\n<tr>\n<td><b>Gin\u00e9s Le\u00f3n Rodr\u00edguez<\/b><\/td>\n<td><span style=\"font-weight: 400\">TITSA, responsable del departamento de Data Science y Big Data. Licenciado en Ciencias y T\u00e9cnicas Estad\u00edsticas (ULL), M\u00e1ster en Business Intelligence y Big Data (EOI), MBA (Escuela Canaria de Negocios), M\u00e1ster en Matem\u00e1ticas Aplicadas (ULL) y el curso de Especialista Universitario en Direcci\u00f3n Log\u00edstica Integrada. Gesti\u00f3n de la Cadena de Suministros (UNED).<\/span><\/td>\n<\/tr>\n<tr>\n<td><b>H\u00e9ctor Javier Reboso Morales<\/b><\/td>\n<td><span style=\"font-weight: 400\">Binter Sistemas, Director gerente. Profesor Asociado de la ULL en Ingenier\u00eda Inform\u00e1tica y de Sistemas.<\/span><\/td>\n<\/tr>\n<tr>\n<td><b>Iradiel Garc\u00eda P\u00e9rez<\/b><\/td>\n<td><span style=\"font-weight: 400\">StarDevs, Smart City Solutions. Ingeniero y M\u00e1ster en Inform\u00e1tica.<\/span><\/td>\n<\/tr>\n<tr>\n<td><b>Javier Jalvo Garc\u00eda<\/b><\/td>\n<td><span style=\"font-weight: 400\">F\u00f6rde Reederei Seetouristik Canarias, S.L.U. Experto con experiencia en varias empresas del sector portuario.<\/span><\/td>\n<\/tr>\n<tr>\n<td><b>Jes\u00fas del Amo Lamborena<\/b><\/td>\n<td><span style=\"font-weight: 400\">CEO de AvalonBiz Consulting Group y vicepresidente del Cluster Canario de Transporte y Log\u00edstica. Licenciado en CC Econ\u00f3micas, Experto en Log\u00edstica y Transporte.<\/span><\/td>\n<\/tr>\n<tr>\n<td><b>Jes\u00fas Dionis Garc\u00eda<\/b><\/td>\n<td><span style=\"font-weight: 400\">Experto en Transporte y Log\u00edstica. Jefe de carga de Fred Olsen, S.A. y Jefe de Operaciones l\u00ednea pen\u00ednsula Canarias<\/span><\/td>\n<\/tr>\n<tr>\n<td><b>Jos\u00e9 Andr\u00e9s Moreno P\u00e9rez<\/b><\/td>\n<td><span style=\"font-weight: 400\">Universidad de La Laguna. Catedr\u00e1tico de Ciencias de la Computaci\u00f3n e Inteligencia Artificial. Director del Instituto Universitario de Desarrollo Regional<\/span><\/td>\n<\/tr>\n<tr>\n<td><b>Jos\u00e9 Iv\u00e1n Santos Gonz\u00e1lez<\/b><\/td>\n<td><span style=\"font-weight: 400\">Universidad de La Laguna. Ingeniero en Inform\u00e1tica. Contratado Laboral Universidad de La Laguna.<\/span><\/td>\n<\/tr>\n<tr>\n<td><b>Jos\u00e9 Luis Becerra Dom\u00ednguez<\/b><\/td>\n<td><span style=\"font-weight: 400\">Gerente de Bintercargo SL del grupo BINTER. Licenciado en Na\u00fatica. Master en Econom\u00eda Mar\u00edtima por la Universidad de Amberes.<\/span><\/td>\n<\/tr>\n<tr>\n<td><b>Jos\u00e9 Marcos Moreno Vega<\/b><\/td>\n<td><span style=\"font-weight: 400\">Universidad de La Laguna. Profesor Titular de Ciencias de la Computaci\u00f3n e Inteligencia Artificial. Departamento de Ingenier\u00eda Inform\u00e1tica y de Sistemas<\/span><\/td>\n<\/tr>\n<tr>\n<td><b>Jos\u00e9 Ram\u00f3n Sendra Sendra<\/b><\/td>\n<td><span style=\"font-weight: 400\">INELCAN, Director gerente. Doctor e Ingeniero de Telecomunicaci\u00f3n por la UPM, Profesor Titular de Universidad de la ULPGC Experto en sistemas inteligentes de transporte.<\/span><\/td>\n<\/tr>\n<tr>\n<td><b>Jos\u00e9 Ram\u00f3n Vera Galv\u00e1n<\/b><\/td>\n<td><span style=\"font-weight: 400\">Universidad de La Laguna. Profesor Titular de Geograf\u00eda e Historia<\/span><\/td>\n<\/tr>\n<tr>\n<td><b>Juan Jos\u00e9 D\u00edaz Hern\u00e1ndez<\/b><\/td>\n<td><span style=\"font-weight: 400\">Universidad de La Laguna. Profesor Titular de Econom\u00eda, Contabilidad y Finanzas<\/span><\/td>\n<\/tr>\n<tr>\n<td><b>Julio Antonio Brito Santana<\/b><\/td>\n<td><span style=\"font-weight: 400\">Universidad de La Laguna. Profesor Titular de Ciencias de la Computaci\u00f3n e Inteligencia Artificial. Departamento de Ingenier\u00eda Inform\u00e1tica y de Sistemas<\/span><\/td>\n<\/tr>\n<tr>\n<td><b>Luis Guirado Fuentes<\/b><\/td>\n<td><span style=\"font-weight: 400\">Ingeniero de Telecomunicaciones con amplia experiencia en el desarrollo y gesti\u00f3n de proyectos de I+D+i Especialista en transferencia tecnol\u00f3gica, valorizaci\u00f3n, startups, OpenData, BigData.<\/span><\/td>\n<\/tr>\n<tr>\n<td><b>Mar\u00eda Bel\u00e9n Meli\u00e1n Batista<\/b><\/td>\n<td><span style=\"font-weight: 400\">Universidad de La Laguna. Profesora Titular de Ciencias de la Computaci\u00f3n e Inteligencia Artificial. Departamento de Ingenier\u00eda Inform\u00e1tica y de Sistemas<\/span><\/td>\n<\/tr>\n<tr>\n<td><b>Miguel Becerra Dom\u00ednguez<\/b><\/td>\n<td><span style=\"font-weight: 400\">Cabildo Insular de Tenerife. Director Insular de Movilidad y Fomento, y coordinador general de Turismo y Proyectos Estrat\u00e9gicos del Cabildo Insular de Tenerife. Licenciado en Ciencias Econ\u00f3micas y Empresariales y master en Liderazgo para la Gesti\u00f3n P\u00fablica por el IESER Business School. Ha sido profesor asociado del \u00e1rea del Departamento de Econom\u00eda y Direcci\u00f3n de Empresas de la Universidad de La Laguna.<\/span><\/td>\n<\/tr>\n<tr>\n<td><b>Miguel \u00c1ngel Mej\u00edas Vera<\/b><\/td>\n<td><span style=\"font-weight: 400\">Universidad de La Laguna. Profesor Titular de Geograf\u00eda e Historia<\/span><\/td>\n<\/tr>\n<tr>\n<td><b>Mois\u00e9s Ram\u00f3n Simancas Cruz<\/b><\/td>\n<td><span style=\"font-weight: 400\">Universidad de La Laguna. Profesor Titular de Geograf\u00eda Humana<\/span><\/td>\n<\/tr>\n<tr>\n<td><b>Rosa Marina Gonz\u00e1lez Marrero<\/b><\/td>\n<td><span style=\"font-weight: 400\">Universidad de La Laguna. Profesora Titular de Econom\u00eda, Contabilidad y Finanzas. Directora de la C\u00e1tedra de Econom\u00eda y Movilidad.<\/span><\/td>\n<\/tr>\n<\/tbody>\n<\/table>\n<\/div><\/div><\/div>\n\n\n\n<div class=\"wp-block-stackable-column stk-block-column stk-column stk-block stk-53ec762\" data-v=\"4\" data-block-id=\"53ec762\"><style>.stk-53ec762-inner-blocks{row-gap:0px !important;}.stk-53ec762 {padding-top:0px !important;padding-right:0px !important;padding-bottom:0px !important;padding-left:0px !important;margin-top:1.75% !important;}@media screen and (min-width: 768px){.stk-53ec762 {flex:var(--stk-flex-grow, 1) 1 33.3% !important;}}<\/style><div class=\"stk-column-wrapper stk-block-column__content stk-container stk-53ec762-container stk--no-background stk--no-padding\"><div class=\"stk-block-content stk-inner-blocks stk-53ec762-inner-blocks\">\n<ul class=\"widget-box\">\n<li class='contacto-header'>Informaci\u00f3n de contacto<\/li><li><i class=\"fa fa-map-marker\"><\/i> Avda. Astrof\u00edsico Francisco S\u00e1nchez, SN. Edificio Calabaza - AN.2D Apdo. 456 38200 San Crist\u00f3bal de La Laguna.<\/li><li><i class=\"fa fa-phone\"><\/i> (+34) 922 31 79 00 \/ 95 38<\/li><li><i class=\"fa fa-envelope\"><\/i>  <a href=mailto:gestpropios@ull.es>gestpropios@ull.es<\/a><\/li>\n<\/ul>\n\n\n\n\n\n<div class=\"wp-block-stackable-spacer stk-block-spacer stk--no-padding stk-block stk-6d33d0e\" data-block-id=\"6d33d0e\"><style>.stk-6d33d0e {height:25px !important;}<\/style><\/div>\n<\/div><\/div><\/div>\n<\/div><\/div>\n","protected":false},"excerpt":{"rendered":"<p>Equipo docente Adriana Fabiola Mart\u00edn C\u00e1ceres Universidad de La Laguna. Profesora Titular de Derecho P\u00fablico y Privado Especial y Derecho de la Empresa Airam Rodr\u00edguez Rodr\u00edguez H\u00edades Group, CEO. Presidente de la Asociaci\u00f3n de J\u00f3venes Empresarios de Tenerife. Alberto D\u00edaz Valderrama Grupo Boyac\u00e1, Director Regional en las islas Canarias, con amplia experiencia en la gesti\u00f3n&#8230;<\/p>","protected":false},"author":4,"featured_media":0,"parent":0,"menu_order":0,"comment_status":"closed","ping_status":"closed","template":"templates\/template-frontpage.php","meta":{"footnotes":""},"class_list":["post-59","page","type-page","status-publish","hentry"],"_links":{"self":[{"href":"https:\/\/www.ull.es\/formacion-permanente\/experto-universitario-movilidad-inteligente\/en\/wp-json\/wp\/v2\/pages\/59","targetHints":{"allow":["GET"]}}],"collection":[{"href":"https:\/\/www.ull.es\/formacion-permanente\/experto-universitario-movilidad-inteligente\/en\/wp-json\/wp\/v2\/pages"}],"about":[{"href":"https:\/\/www.ull.es\/formacion-permanente\/experto-universitario-movilidad-inteligente\/en\/wp-json\/wp\/v2\/types\/page"}],"author":[{"embeddable":true,"href":"https:\/\/www.ull.es\/formacion-permanente\/experto-universitario-movilidad-inteligente\/en\/wp-json\/wp\/v2\/users\/4"}],"replies":[{"embeddable":true,"href":"https:\/\/www.ull.es\/formacion-permanente\/experto-universitario-movilidad-inteligente\/en\/wp-json\/wp\/v2\/comments?post=59"}],"version-history":[{"count":1,"href":"https:\/\/www.ull.es\/formacion-permanente\/experto-universitario-movilidad-inteligente\/en\/wp-json\/wp\/v2\/pages\/59\/revisions"}],"predecessor-version":[{"id":245,"href":"https:\/\/www.ull.es\/formacion-permanente\/experto-universitario-movilidad-inteligente\/en\/wp-json\/wp\/v2\/pages\/59\/revisions\/245"}],"wp:attachment":[{"href":"https:\/\/www.ull.es\/formacion-permanente\/experto-universitario-movilidad-inteligente\/en\/wp-json\/wp\/v2\/media?parent=59"}],"curies":[{"name":"wp","href":"https:\/\/api.w.org\/{rel}","templated":true}]}}