{"id":120,"date":"2019-03-08T13:48:51","date_gmt":"2019-03-08T12:48:51","guid":{"rendered":"http:\/\/www.ull.es\/formacion-permanente\/diploma-gastronomia\/?page_id=120"},"modified":"2025-08-22T09:43:21","modified_gmt":"2025-08-22T07:43:21","slug":"para-quien","status":"publish","type":"page","link":"https:\/\/www.ull.es\/formacion-permanente\/experto-universitario-movilidad-inteligente\/fr\/para-quien\/","title":{"rendered":"Pour qui?"},"content":{"rendered":"\n<div class=\"wp-block-stackable-columns alignfull stk-block-columns stk-block stk-8657999\" data-block-id=\"8657999\"><style>.stk-8657999 {padding-bottom:0px !important;margin-top:-30px !important;margin-bottom:0px !important;}@media screen and (max-width: 767px){.stk-8657999 {margin-top:-10% !important;}}<\/style><div class=\"stk-row stk-inner-blocks stk-block-content stk-content-align stk-8657999-column alignfull\">\n<div class=\"wp-block-stackable-column stk-block-column stk-column stk-block stk-914f03e\" data-v=\"4\" data-block-id=\"914f03e\"><div class=\"stk-column-wrapper stk-block-column__content stk-container stk-914f03e-container stk--no-background stk--no-padding\"><div class=\"stk-block-content stk-inner-blocks stk-914f03e-inner-blocks\"><style id=\"depicter-2-inline-pre-css\">\n\n.depicter-2:not(.depicter-ready){\n\theight:450px;\n}\n\n\/***** Tablet *****\/\n@media screen and (max-width: 1024px){\n\n.depicter-2:not(.depicter-ready){\n\theight:700px;\n}\n\n}\n\/***** Mobile *****\/\n@media screen and (max-width: 767px){\n\n.depicter-2:not(.depicter-ready){\n\theight:450px;\n}\n\n}\n<\/style>\n<div id=\"depicter-2\" class=\"depicter depicter-document depicter-revert depicter-2 depicter-layout-fullwidth\">\n\n<div class=\"depicter-loading-container depicter-loading dotFlashing-dark\"><div class=\"depicter-loading-dark depicter-dot-flashing\">\n   <span><\/span>\n   <span><\/span>\n   <span><\/span>\n<\/div>\n<\/div>\n<div id=\"depicter-2-section-1\" class=\"depicter-section depicter-2-section-1\" data-name=\"Section 1\" data-type=\"section\" data-local-id=\"section-1\">\n<picture class=\"depicter-bg\">\n<source data-depicter-srcset=\"https:\/\/www.ull.es\/formacion-permanente\/experto-universitario-movilidad-inteligente\/wp-content\/uploads\/sites\/31\/2025\/08\/@UnSi_0iV9LmPDn0-768x432.jpg, https:\/\/www.ull.es\/formacion-permanente\/experto-universitario-movilidad-inteligente\/wp-content\/uploads\/sites\/31\/2025\/08\/@UnSi_0iV9LmPDn0.jpg 2x\" srcset=\"data:image\/gif;base64,R0lGODlhAQABAIAAAAAAAP\/\/\/yH5BAEAAAAALAAAAAABAAEAAAIBRAA7\" media=\"(max-width: 1024px)\" \/>\n\n<source data-depicter-srcset=\"https:\/\/www.ull.es\/formacion-permanente\/experto-universitario-movilidad-inteligente\/wp-content\/uploads\/sites\/31\/2025\/08\/@UnSi_0iV9LmPDn0.jpg, https:\/\/www.ull.es\/formacion-permanente\/experto-universitario-movilidad-inteligente\/wp-content\/uploads\/sites\/31\/2025\/08\/@UnSi_0iV9LmPDn0-1920x1080.jpg 2x\" srcset=\"data:image\/gif;base64,R0lGODlhAQABAIAAAAAAAP\/\/\/yH5BAEAAAAALAAAAAABAAEAAAIBRAA7\" media=\"(min-width: 1025px)\" \/>\n<img decoding=\"async\" src=\"data:image\/gif;base64,R0lGODlhAQABAIAAAAAAAP\/\/\/yH5BAEAAAAALAAAAAABAAEAAAIBRAA7\" data-ken-burns=\"false\" data-tablet-ken-burns=\"false\" data-mobile-ken-burns=\"false\" alt=\"\" data-depicter-src=\"https:\/\/www.ull.es\/formacion-permanente\/experto-universitario-movilidad-inteligente\/wp-content\/uploads\/sites\/31\/2025\/08\/@UnSi_0iV9LmPDn0.jpg\" data-object-fit=\"custom,custom,\" data-object-position=\"center top,,\" data-crop=\"{'focalPoint':{'x':0.5,'y':0.5},'mediaSize':{'width':1200,'height':675}}\" data-tablet-crop=\"{'focalPoint':{'x':0.5,'y':0.5},'mediaSize':{'width':1244.4444444444443433894775807857513427734375,'height':700}}\" data-mobile-crop=\"{'focalPoint':{'x':0.5,'y':0.5},'mediaSize':{'width':800,'height':450}}\" \/>\n<\/picture>\n\n\n<h1 id=\"depicter-2-element-5\" class=\"depicter-element depicter-layer depicter-2-element-5\" data-type=\"text\" data-wrap=\"true\" data-name=\"Text 2\" data-local-id=\"element-5\" data-offset=\"x:0px;y:165px;origin:tl\" data-tablet-offset=\"x:189px;y:206px;origin:tl\" data-mobile-offset=\"x:-2px;y:171px;origin:tl\" data-width=\"1060px,646px,376px\" data-height=\"auto,auto,auto\" data-responsive-scale=\"true,,\">Experto Universitario en Movilidad Inteligente<br><\/h1>\n\n<div id=\"depicter-2-element-10\" class=\"depicter-element depicter-layer depicter-2-element-10\" data-type=\"shape\" data-wrap=\"true\" data-name=\"Shape 1\" data-local-id=\"element-10\" data-offset=\"x:0px;y:341px;origin:tl\" data-tablet-offset=\"x:189px;y:506px;origin:tl\" data-mobile-offset=\"x:0px;y:313px;origin:tl\" data-width=\"968px,647px,360px\" data-height=\"8px,8px,8px\" data-responsive-scale=\"true,,\"><\/div>\n<\/div>\n<\/div>\n<script>\n(window.depicterSetups = window.depicterSetups || []).push(function(){\n\tDepicter.basePath = 'https:\/\/www.ull.es\/formacion-permanente\/experto-universitario-movilidad-inteligente\/wp-content\/plugins\/depicter\/resources\/scripts\/player\/';\n\tconst dpPlayer = Depicter.setup('.depicter-2',\n\t\t{\"width\":[\"1200\",\"1024\",\"360\"],\"height\":[\"450\",\"700\",\"450\"],\"view\":\"basic\",\"keepAspectRatio\":true,\"preload\":0,\"layout\":\"fullwidth\",\"rtl\":false,\"initAfterAppear\":false,\"ajaxApiUrl\":\"https:\\\/\\\/www.ull.es\\\/formacion-permanente\\\/experto-universitario-movilidad-inteligente\\\/wp-admin\\\/admin-ajax.php\",\"mouseSwipe\":true,\"touchSwipe\":true,\"useWatermark\":false}\n\t);\n});\n<\/script><\/div><\/div><\/div>\n<\/div><\/div>\n\n\n\n<div class=\"wp-block-stackable-columns alignfull stk-block-columns stk--hide-mobile stk-block stk-ceecbdc stk-block-background\" data-block-id=\"ceecbdc\"><style>.stk-ceecbdc {background-color:#e2be27 !important;padding-top:65px !important;padding-right:0px !important;padding-bottom:2px !important;padding-left:0px !important;margin-top:-20px !important;margin-bottom:0px !important;}.stk-ceecbdc:before{background-color:#e2be27 !important;}<\/style><div class=\"stk-row stk-inner-blocks stk-block-content stk-content-align stk-ceecbdc-column alignfull\">\n<div class=\"wp-block-stackable-column stk-block-column stk-column stk-block stk-fc60a5d\" data-v=\"4\" data-block-id=\"fc60a5d\"><div class=\"stk-column-wrapper stk-block-column__content stk-container stk-fc60a5d-container stk--no-background stk--no-padding\"><div class=\"stk-block-content stk-inner-blocks stk-fc60a5d-inner-blocks\">\n<div class=\"wp-block-stackable-spacer stk-block-spacer stk--no-padding stk-block stk-a3a8a68\" data-block-id=\"a3a8a68\"><style>.stk-a3a8a68 {height:0px !important;}<\/style><\/div>\n<\/div><\/div><\/div>\n<\/div><\/div>\n\n\n\n<div class=\"wp-block-stackable-columns stk-block-columns stk-block stk-8b59b96\" data-block-id=\"8b59b96\"><style>.stk-8b59b96 .stk--block-align-8b59b96{align-items:flex-start !important;}.stk-8b59b96 {margin-top:50px !important;}.stk-8b59b96-column{--stk-columns-spacing:0px !important;--stk-column-gap:50px !important;}@media screen and (max-width: 767px){.stk-8b59b96-column{row-gap:var(--stk--preset--spacing--60, 2.25rem) !important;}}<\/style><div class=\"stk-row stk-inner-blocks stk--block-align-8b59b96 stk-block-content stk-content-align stk-8b59b96-column\">\n<div class=\"wp-block-stackable-column stk-block-column stk-column stk-block stk-dbb7e15\" data-v=\"4\" data-block-id=\"dbb7e15\"><style>@media screen and (min-width: 768px){.stk-dbb7e15 {flex:var(--stk-flex-grow, 1) 1 66.7% !important;}}<\/style><div class=\"stk-column-wrapper stk-block-column__content stk-container stk-dbb7e15-container stk--no-background stk--no-padding\"><div class=\"stk-block-content stk-inner-blocks stk-dbb7e15-inner-blocks\">\n<div class=\"wp-block-stackable-heading stk-block-heading stk-block-heading--v2 stk-block stk-fc6338c\" id=\"para-quien\" data-block-id=\"fc6338c\"><style>.stk-fc6338c .stk-block-heading__text{color:#000000 !important;}<\/style><h1 class=\"stk-block-heading__text has-text-color\">\u00bfPara qui\u00e9n?<\/h1><\/div>\n\n\n\n<h4 class=\"wp-block-heading\">\u00bfA qui\u00e9n va dirigida esta formaci\u00f3n?<\/h4>\n\n\n\n<p>Alumnado egresado de las titulaciones de grado relacionadas con el sector de la log\u00edstica, el transporte y la movilidad as\u00ed como personas con experiencia profesional acreditada en el sector que busquen ampliar e intensificar sus conocimientos cuando ya est\u00e1n desempe\u00f1ando responsabilidades en las empresas y en las administraciones p\u00fablicas, y tambi\u00e9n otros profesionales interesados en los contenidos y competencias proporcionadas por estos t\u00edtulos.<\/p>\n\n\n\n<p>*Se llevar\u00e1 a cabo un proceso de selecci\u00f3n con el alumnado solicitante en base a sus m\u00e9ritos acad\u00e9micos y profesionales.<\/p>\n\n\n\n<details class=\"wp-block-stackable-accordion stk-block-accordion stk-inner-blocks stk-block-content stk-block stk-62f3704 is-style-default\" id=\"prioridad\" data-block-id=\"62f3704\"><style>.stk-62f3704 {margin-bottom:15px !important;}<\/style>\n<summary class=\"wp-block-stackable-column stk-block-column stk-column stk-block stk-6266a27 stk--container-small stk-block-accordion__heading\" data-v=\"4\" data-block-id=\"6266a27\"><style>.stk-6266a27 {border-style:solid !important;border-top-width:0px !important;border-right-width:0px !important;border-bottom-width:1px !important;border-left-width:0px !important;}<\/style><div class=\"stk-column-wrapper stk-block-column__content stk-container stk-6266a27-container stk--no-background stk--no-padding\"><div class=\"stk-block-content stk-inner-blocks stk-6266a27-inner-blocks\">\n<div class=\"wp-block-stackable-icon-label stk-block-icon-label stk-block stk-5d8c779\" data-block-id=\"5d8c779\"><style>.stk-5d8c779 .stk-inner-blocks{gap:40px !important;}@media screen and (max-width: 1023px){.stk-5d8c779 .stk-inner-blocks{gap:40px !important;}}@media screen and (max-width: 767px){.stk-5d8c779 .stk-inner-blocks{gap:40px !important;}}<\/style><div class=\"stk-row stk-inner-blocks stk-block-content\">\n<div class=\"wp-block-stackable-icon stk-block-icon stk-block stk-9a113d4\" data-block-id=\"9a113d4\"><style>.stk-9a113d4 .stk--svg-wrapper .stk--inner-svg svg:last-child{height:24px !important;width:24px !important;}.stk-9a113d4 .stk--svg-wrapper .stk--inner-svg svg:last-child, .stk-9a113d4 .stk--svg-wrapper .stk--inner-svg svg:last-child :is(g, path, rect, polygon, ellipse){fill:#fcb900 !important;}<\/style><span class=\"stk--svg-wrapper stk--has-icon2\"><div class=\"stk--inner-svg\"><svg style=\"height:0;width:0\"><defs><linearGradient id=\"linear-gradient-9a113d4\" x1=\"0\" x2=\"100%\" y1=\"0\" y2=\"0\"><stop offset=\"0%\" style=\"stop-opacity:1;stop-color:var(--linear-gradient-9-a-113-d-4-color-1)\"><\/stop><stop offset=\"100%\" style=\"stop-opacity:1;stop-color:var(--linear-gradient-9-a-113-d-4-color-2)\"><\/stop><\/linearGradient><\/defs><\/svg><svg xmlns=\"http:\/\/www.w3.org\/2000\/svg\" viewBox=\"0 0 448 512\" aria-hidden=\"true\" width=\"32\" height=\"32\"><path d=\"M256 80c0-17.7-14.3-32-32-32s-32 14.3-32 32V224H48c-17.7 0-32 14.3-32 32s14.3 32 32 32H192V432c0 17.7 14.3 32 32 32s32-14.3 32-32V288H400c17.7 0 32-14.3 32-32s-14.3-32-32-32H256V80z\"><\/path><\/svg><\/div><div class=\"stk--inner-svg stk--icon-2\" style=\"display:none\"><svg style=\"height:0;width:0\"><defs><linearGradient id=\"linear-gradient-9a113d4\" x1=\"0\" x2=\"100%\" y1=\"0\" y2=\"0\"><stop offset=\"0%\" style=\"stop-opacity:1;stop-color:var(--linear-gradient-9-a-113-d-4-color-1)\"><\/stop><stop offset=\"100%\" style=\"stop-opacity:1;stop-color:var(--linear-gradient-9-a-113-d-4-color-2)\"><\/stop><\/linearGradient><\/defs><\/svg><svg xmlns=\"http:\/\/www.w3.org\/2000\/svg\" viewBox=\"0 0 448 512\" aria-hidden=\"true\" width=\"32\" height=\"32\"><path d=\"M432 256c0 17.7-14.3 32-32 32L48 288c-17.7 0-32-14.3-32-32s14.3-32 32-32l352 0c17.7 0 32 14.3 32 32z\"><\/path><\/svg><\/div><\/span><\/div>\n\n\n\n<div class=\"wp-block-stackable-heading stk-block-heading stk-block-heading--v2 stk-block stk-d1b2f20\" id=\"prioridad-en-la-admision\" data-block-id=\"d1b2f20\"><style>.stk-d1b2f20 .stk-block-heading__text{font-size:18px !important;font-weight:700 !important;font-family:\"Montserrat\", Sans-serif !important;}@media screen and (max-width: 1023px){.stk-d1b2f20 .stk-block-heading__text{font-size:18px !important;}}<\/style><p class=\"stk-block-heading__text\">Prioridad en la admisi\u00f3n<\/p><\/div>\n<\/div><\/div>\n<\/div><\/div><\/summary>\n\n\n\n<div class=\"wp-block-stackable-column stk-block-column stk-column stk-block stk-e3293e3 stk-block-accordion__content\" data-v=\"4\" data-block-id=\"e3293e3\"><div class=\"stk-column-wrapper stk-block-column__content stk-container stk-e3293e3-container stk--no-background stk--no-padding\"><div class=\"stk-block-content stk-inner-blocks stk-e3293e3-inner-blocks\">\n<div class=\"wp-block-stackable-text stk-block-text stk-block stk-e5c3d63\" data-block-id=\"e5c3d63\"><p class=\"stk-block-text__text\">Seg\u00fan se recoge en los requisitos de acceso a la titulaci\u00f3n del experto, disponibles en el siguiente&nbsp;enlace, es necesario estar en posesi\u00f3n del correspondiente t\u00edtulo de grado (oficial o propio) o, en su defecto, haber cursado al menos 180 cr\u00e9ditos ECTS correspondientes a ense\u00f1anzas oficiales de grado, para acceder al experto propio en Transporte, Log\u00edstica y Movilidad.<\/p><\/div>\n\n\n\n<p>Tendr\u00e1n prioridad los Graduado\/as o licenciado\/as en t\u00edtulos afines: Ingenier\u00eda Inform\u00e1tica, en Ingenier\u00eda Mec\u00e1nica, en Ingenier\u00eda Electr\u00f3nica Industrial y Autom\u00e1tica, en N\u00e1utica y Transportes Mar\u00edtimos y en Tecnolog\u00edas marinas.<\/p>\n\n\n\n<p>Si bien el experto, tambi\u00e9n est\u00e1 dirigido a otros graduados universitarios cuyos estudios est\u00e1n parcialmente relacionados con los contenidos impartidos en el T\u00edtulo, tales como Sociolog\u00eda, Psicolog\u00eda, Geograf\u00eda, Biolog\u00eda, Ingenier\u00eda Civil, Ciencias de la Informaci\u00f3n y F\u00edsica.<\/p>\n\n\n\n<p>Este experto tambi\u00e9n est\u00e1 dirigido a personas con experiencia profesional acreditada en gesti\u00f3n de emergencias o protecci\u00f3n civil servicios de emergencias, oficinas de planificaci\u00f3n territorial o sectorial relacionadas con la gesti\u00f3n de transportes y log\u00edstica. Si bien, para poder titular es requisito estar en posesi\u00f3n del correspondiente t\u00edtulo de grado (oficial o propio) o, en su defecto, haber cursado al menos 180 cr\u00e9ditos ECTS correspondientes a ense\u00f1anzas oficiales de grado.<\/p>\n\n\n\n<p>Las personas con t\u00edtulo de ense\u00f1anza secundaria o Formaci\u00f3n Profesional Superior que deseen cursar los estudios, podr\u00e1n realizarlos, pero al finalizar sus estudios no recibir\u00e1n el t\u00edtulo universitario, sino que en su lugar recibir\u00e1n un certificado de asistencia y aprovechamiento a un curso formativo en el que aparecer\u00e1 la tem\u00e1tica, contenidos y horas realizadas. Este certificado ser\u00e1 emitido por el Vicerrectorado responsable de la gesti\u00f3n de t\u00edtulos propios.<\/p>\n<\/div><\/div><\/div>\n<\/details>\n<\/div><\/div><\/div>\n\n\n\n<div class=\"wp-block-stackable-column stk-block-column stk-column stk-block stk-53ec762\" data-v=\"4\" data-block-id=\"53ec762\"><style>.stk-53ec762-inner-blocks{row-gap:0px !important;}.stk-53ec762 {padding-top:0px !important;padding-right:0px !important;padding-bottom:0px !important;padding-left:0px !important;margin-top:1.75% !important;}@media screen and (min-width: 768px){.stk-53ec762 {flex:var(--stk-flex-grow, 1) 1 33.3% !important;}}<\/style><div class=\"stk-column-wrapper stk-block-column__content stk-container stk-53ec762-container stk--no-background stk--no-padding\"><div class=\"stk-block-content stk-inner-blocks stk-53ec762-inner-blocks\">\n<ul class=\"widget-box\">\n<li class='contacto-header'>Informaci\u00f3n de contacto<\/li><li><i class=\"fa fa-map-marker\"><\/i> Avda. Astrof\u00edsico Francisco S\u00e1nchez, SN. Edificio Calabaza - AN.2D Apdo. 456 38200 San Crist\u00f3bal de La Laguna.<\/li><li><i class=\"fa fa-phone\"><\/i> (+34) 922 31 79 00 \/ 95 38<\/li><li><i class=\"fa fa-envelope\"><\/i>  <a href=mailto:gestpropios@ull.es>gestpropios@ull.es<\/a><\/li>\n<\/ul>\n\n\n\n\n\n<div class=\"wp-block-stackable-spacer stk-block-spacer stk--no-padding stk-block stk-6d33d0e\" data-block-id=\"6d33d0e\"><style>.stk-6d33d0e {height:25px !important;}<\/style><\/div>\n<\/div><\/div><\/div>\n<\/div><\/div>\n","protected":false},"excerpt":{"rendered":"<p>\u00bfPara qui\u00e9n? \u00bfA qui\u00e9n va dirigida esta formaci\u00f3n? Alumnado egresado de las titulaciones de grado relacionadas con el sector de la log\u00edstica, el transporte y la movilidad as\u00ed como personas con experiencia profesional acreditada en el sector que busquen ampliar e intensificar sus conocimientos cuando ya est\u00e1n desempe\u00f1ando responsabilidades en las empresas y en las&#8230;<\/p>","protected":false},"author":4,"featured_media":0,"parent":0,"menu_order":0,"comment_status":"closed","ping_status":"closed","template":"templates\/template-frontpage.php","meta":{"footnotes":""},"class_list":["post-120","page","type-page","status-publish","hentry"],"_links":{"self":[{"href":"https:\/\/www.ull.es\/formacion-permanente\/experto-universitario-movilidad-inteligente\/fr\/wp-json\/wp\/v2\/pages\/120","targetHints":{"allow":["GET"]}}],"collection":[{"href":"https:\/\/www.ull.es\/formacion-permanente\/experto-universitario-movilidad-inteligente\/fr\/wp-json\/wp\/v2\/pages"}],"about":[{"href":"https:\/\/www.ull.es\/formacion-permanente\/experto-universitario-movilidad-inteligente\/fr\/wp-json\/wp\/v2\/types\/page"}],"author":[{"embeddable":true,"href":"https:\/\/www.ull.es\/formacion-permanente\/experto-universitario-movilidad-inteligente\/fr\/wp-json\/wp\/v2\/users\/4"}],"replies":[{"embeddable":true,"href":"https:\/\/www.ull.es\/formacion-permanente\/experto-universitario-movilidad-inteligente\/fr\/wp-json\/wp\/v2\/comments?post=120"}],"version-history":[{"count":2,"href":"https:\/\/www.ull.es\/formacion-permanente\/experto-universitario-movilidad-inteligente\/fr\/wp-json\/wp\/v2\/pages\/120\/revisions"}],"predecessor-version":[{"id":264,"href":"https:\/\/www.ull.es\/formacion-permanente\/experto-universitario-movilidad-inteligente\/fr\/wp-json\/wp\/v2\/pages\/120\/revisions\/264"}],"wp:attachment":[{"href":"https:\/\/www.ull.es\/formacion-permanente\/experto-universitario-movilidad-inteligente\/fr\/wp-json\/wp\/v2\/media?parent=120"}],"curies":[{"name":"wp","href":"https:\/\/api.w.org\/{rel}","templated":true}]}}