{"id":120,"date":"2019-03-08T13:48:51","date_gmt":"2019-03-08T12:48:51","guid":{"rendered":"http:\/\/www.ull.es\/formacion-permanente\/diploma-gastronomia\/?page_id=120"},"modified":"2019-06-24T15:22:33","modified_gmt":"2019-06-24T13:22:33","slug":"para-quien","status":"publish","type":"page","link":"https:\/\/www.ull.es\/formacion-permanente\/experto-universitario-sistemas-inteligentes-transporte\/para-quien\/","title":{"rendered":"\u00bfPara qui\u00e9n?"},"content":{"rendered":"<p>[vc_row][vc_column][vc_column_text]<\/p>\n<h3><span style=\"font-weight: 400;\">\u00bfPara qui\u00e9n?<\/span><\/h3>\n<h4><span style=\"font-weight: 400;\">\u00bfA qui\u00e9n va dirigida esta formaci\u00f3n?<\/span><\/h4>\n<p><span style=\"font-weight: 400;\">Alumnado egresado de las titulaciones de grado relacionadas con el sector de la log\u00edstica, el transporte y la movilidad as\u00ed como personas con experiencia profesional acreditada en el sector que busquen ampliar e intensificar sus conocimientos cuando ya est\u00e1n desempe\u00f1ando responsabilidades en las empresas y en las administraciones p\u00fablicas, y tambi\u00e9n otros profesionales interesados en los contenidos y competencias proporcionadas por estos t\u00edtulos.<\/span><\/p>\n<p><span style=\"font-weight: 400;\">*Se llevar\u00e1 a cabo un proceso de selecci\u00f3n con el alumnado solicitante en base a sus m\u00e9ritos acad\u00e9micos y profesionales.<\/span>[\/vc_column_text][vc_tta_accordion active_section=\u00bb0&#8243; collapsible_all=\u00bbtrue\u00bb][vc_tta_section title=\u00bbPrioridad en la admisi\u00f3n\u00bb tab_id=\u00bbCriterios-de-acceso\u00bb][vc_column_text]Seg\u00fan se recoge en los requisitos de acceso a la titulaci\u00f3n del experto, disponibles en el siguiente <u>enlace<\/u>, es necesario estar en posesi\u00f3n del correspondiente t\u00edtulo de grado (oficial o propio) o, en su defecto, haber cursado al menos 180 cr\u00e9ditos ECTS correspondientes a ense\u00f1anzas oficiales de grado, para acceder al experto propio en Transporte, Log\u00edstica y Movilidad.<\/p>\n<p>Tendr\u00e1n prioridad los Graduado\/as o licenciado\/as en t\u00edtulos afines: Ingenier\u00eda Inform\u00e1tica, en Ingenier\u00eda Mec\u00e1nica, en Ingenier\u00eda Electr\u00f3nica Industrial y Autom\u00e1tica, en N\u00e1utica y Transportes Mar\u00edtimos y en Tecnolog\u00edas marinas.<\/p>\n<p>Si bien el experto, tambi\u00e9n est\u00e1 dirigido a otros graduados universitarios cuyos estudios est\u00e1n parcialmente relacionados con los contenidos impartidos en el T\u00edtulo, tales como Sociolog\u00eda, Psicolog\u00eda, Geograf\u00eda, Biolog\u00eda, Ingenier\u00eda Civil, Ciencias de la Informaci\u00f3n y F\u00edsica.<\/p>\n<p>Este experto tambi\u00e9n est\u00e1 dirigido a personas con experiencia profesional acreditada en gesti\u00f3n de emergencias o protecci\u00f3n civil servicios de emergencias, oficinas de planificaci\u00f3n territorial o sectorial relacionadas con la gesti\u00f3n de transportes y log\u00edstica. Si bien, para poder titular es requisito estar en posesi\u00f3n del correspondiente t\u00edtulo de grado (oficial o propio) o, en su defecto, haber cursado al menos 180 cr\u00e9ditos ECTS correspondientes a ense\u00f1anzas oficiales de grado.<\/p>\n<p>Las personas con t\u00edtulo de ense\u00f1anza secundaria o Formaci\u00f3n Profesional Superior que deseen cursar los estudios, podr\u00e1n realizarlos, pero al finalizar sus estudios no recibir\u00e1n el t\u00edtulo universitario, sino que en su lugar recibir\u00e1n un certificado de asistencia y aprovechamiento a un curso formativo en el que aparecer\u00e1 la tem\u00e1tica, contenidos y horas realizadas. Este certificado ser\u00e1 emitido por el Vicerrectorado responsable de la gesti\u00f3n de t\u00edtulos propios.[\/vc_column_text][\/vc_tta_section][\/vc_tta_accordion][\/vc_column][\/vc_row]<\/p>\n","protected":false},"excerpt":{"rendered":"<p>[vc_row][vc_column][vc_column_text] \u00bfPara qui\u00e9n? \u00bfA qui\u00e9n va dirigida esta formaci\u00f3n? Alumnado egresado de las titulaciones de grado relacionadas con el sector de la log\u00edstica, el transporte y la movilidad as\u00ed como personas con experiencia profesional acreditada en el sector que busquen ampliar e intensificar sus conocimientos cuando ya est\u00e1n desempe\u00f1ando responsabilidades en las empresas y en&#8230;<\/p>\n","protected":false},"author":4,"featured_media":0,"parent":0,"menu_order":0,"comment_status":"closed","ping_status":"closed","template":"","meta":{"footnotes":""},"class_list":["post-120","page","type-page","status-publish","hentry"],"_links":{"self":[{"href":"https:\/\/www.ull.es\/formacion-permanente\/experto-universitario-sistemas-inteligentes-transporte\/wp-json\/wp\/v2\/pages\/120","targetHints":{"allow":["GET"]}}],"collection":[{"href":"https:\/\/www.ull.es\/formacion-permanente\/experto-universitario-sistemas-inteligentes-transporte\/wp-json\/wp\/v2\/pages"}],"about":[{"href":"https:\/\/www.ull.es\/formacion-permanente\/experto-universitario-sistemas-inteligentes-transporte\/wp-json\/wp\/v2\/types\/page"}],"author":[{"embeddable":true,"href":"https:\/\/www.ull.es\/formacion-permanente\/experto-universitario-sistemas-inteligentes-transporte\/wp-json\/wp\/v2\/users\/4"}],"replies":[{"embeddable":true,"href":"https:\/\/www.ull.es\/formacion-permanente\/experto-universitario-sistemas-inteligentes-transporte\/wp-json\/wp\/v2\/comments?post=120"}],"version-history":[{"count":3,"href":"https:\/\/www.ull.es\/formacion-permanente\/experto-universitario-sistemas-inteligentes-transporte\/wp-json\/wp\/v2\/pages\/120\/revisions"}],"predecessor-version":[{"id":238,"href":"https:\/\/www.ull.es\/formacion-permanente\/experto-universitario-sistemas-inteligentes-transporte\/wp-json\/wp\/v2\/pages\/120\/revisions\/238"}],"wp:attachment":[{"href":"https:\/\/www.ull.es\/formacion-permanente\/experto-universitario-sistemas-inteligentes-transporte\/wp-json\/wp\/v2\/media?parent=120"}],"curies":[{"name":"wp","href":"https:\/\/api.w.org\/{rel}","templated":true}]}}