{"id":17,"date":"2019-02-28T11:44:12","date_gmt":"2019-02-28T10:44:12","guid":{"rendered":"http:\/\/www.ull.es\/formacion-permanente\/diploma-gastronomia\/?page_id=17"},"modified":"2019-06-24T15:25:08","modified_gmt":"2019-06-24T13:25:08","slug":"descripcion-del-titulo","status":"publish","type":"page","link":"https:\/\/www.ull.es\/formacion-permanente\/experto-universitario-sistemas-inteligentes-transporte\/descripcion-del-titulo\/","title":{"rendered":"Descripci\u00f3n del t\u00edtulo"},"content":{"rendered":"<p>[vc_row][vc_column][vc_column_text]<\/p>\n<h2>Descripci\u00f3n del t\u00edtulo<\/h2>\n<p><span style=\"font-weight: 400;\">Este T\u00edtulo Propio de M\u00e1ster forma parte de una estructura modular que se vincula con otros tres t\u00edtulos propios de posgrado de nivel de Expertos Universitarios, denominados \u201cExperto en Gesti\u00f3n Integral de la Cadena de Suministro\u201d, \u201cExperto en Sistemas Inteligentes de Transporte\u201d y \u201cExperto en Movilidad Inteligente \u201d. La estructura modular favorece que los alumnos puedan optar por dos estrategias a la hora de afrontar sus estudios de m\u00e1ster, pudiendo bien matricularse del m\u00e1ster desde el inicio del curso, o pueden acceder al m\u00e1ster tras cursar alguno (o todos) los expertos relacionados anteriormente.<\/span><\/p>\n<h3><span style=\"font-weight: 400;\">Opci\u00f3n 1. M\u00e1ster = M\u00f3dulo com\u00fan + Asignaturas espec\u00edficas de M\u00f3dulos (M1 + M2 + M3) + TFM<\/span><\/h3>\n<table class=\"table table-striped\" width=\"100%\">\n<tbody>\n<tr>\n<td>Nombre del t\u00edtulo:<\/td>\n<td><span style=\"font-weight: 400;\">M\u00e1ster propio en Transporte, Log\u00edstica y Movilidad<\/span><\/td>\n<\/tr>\n<tr>\n<td>Universidad y centros responsables:<\/td>\n<td><span style=\"font-weight: 400;\">Universidad de La Laguna. Fundaci\u00f3n General de la Universidad de La Laguna (FGULL)<\/span><\/td>\n<\/tr>\n<tr>\n<td>Tipo de ense\u00f1anza:<\/td>\n<td>Semipresencial &#8211; 60% docencia presencial \/ 40% docencia virtual<\/td>\n<\/tr>\n<tr>\n<td>Plazas ofertadas:<\/td>\n<td>15<\/td>\n<\/tr>\n<tr>\n<td>N\u00famero de cr\u00e9ditos:<\/td>\n<td>60<\/td>\n<\/tr>\n<tr>\n<td>Lugar de impartici\u00f3n:<\/td>\n<td>Fundaci\u00f3n General de la Universidad de La Laguna<\/td>\n<\/tr>\n<tr>\n<td>Duraci\u00f3n del t\u00edtulo:<\/td>\n<td>1 curso acad\u00e9mico<\/td>\n<\/tr>\n<tr>\n<td>Idiomas en los que se imparte:<\/td>\n<td>Espa\u00f1ol<\/td>\n<\/tr>\n<tr>\n<td>Tasas:<\/td>\n<td>3000\u20ac\u00a0 <a href=\"http:\/\/www.ull.es\/formacion-permanente\/master-propio-transporte-logistica-movilidad\/formas-de-pago\/\" target=\"_blank\" rel=\"noopener\">Ver facilidades de pago<\/a><\/td>\n<\/tr>\n<tr>\n<td>Precio del cr\u00e9dito:<\/td>\n<td>50\u20ac<\/td>\n<\/tr>\n<tr>\n<td>Justificaci\u00f3n del t\u00edtulo<\/td>\n<td><a href=\"https:\/\/drive.google.com\/open?id=1PeAHEtyjpwkvL66lDejlZl0910mQqu6u\" target=\"_blank\" rel=\"noopener\">Acceso a la jusf<\/a><a href=\"https:\/\/drive.google.com\/open?id=1PeAHEtyjpwkvL66lDejlZl0910mQqu6u\" target=\"_blank\" rel=\"noopener\">ificaci\u00f3n<\/a><\/td>\n<\/tr>\n<\/tbody>\n<\/table>\n<p>[\/vc_column_text][vc_empty_space][vc_column_text]<\/p>\n<h3>Opci\u00f3n 2. Cursando todos los Expertos = Experto 1 + Experto 2+ Experto 3 + TFM<\/h3>\n<table class=\"table table-striped\" width=\"100%\">\n<tbody>\n<tr>\n<td>Nombre del t\u00edtulo:<\/td>\n<td><span style=\"font-weight: 400;\"><strong>Experto en gesti\u00f3n integral de la cadena de suministro<\/strong> o <strong>Experto en sistemas inteligentes de transporte<\/strong> o <strong>Experto en movilidad inteligente<\/strong><\/span><\/td>\n<\/tr>\n<tr>\n<td>Universidad y centros responsables:<\/td>\n<td><span style=\"font-weight: 400;\">Universidad de La Laguna. Fundaci\u00f3n General de la Universidad de La Laguna (FGULL)<\/span><\/td>\n<\/tr>\n<tr>\n<td>Tipo de ense\u00f1anza:<\/td>\n<td>Semipresencial &#8211; 60% docencia presencial \/ 40% docencia virtual<\/td>\n<\/tr>\n<tr>\n<td>Plazas ofertadas:<\/td>\n<td>15 por experto<\/td>\n<\/tr>\n<tr>\n<td>N\u00famero de cr\u00e9ditos:<\/td>\n<td>30<\/td>\n<\/tr>\n<tr>\n<td>Lugar de impartici\u00f3n:<\/td>\n<td>Fundaci\u00f3n General de la Universidad de La Laguna<\/td>\n<\/tr>\n<tr>\n<td>Duraci\u00f3n del t\u00edtulo:<\/td>\n<td>1 curso acad\u00e9mico<\/td>\n<\/tr>\n<tr>\n<td>Idiomas en los que se imparte:<\/td>\n<td>Espa\u00f1ol<\/td>\n<\/tr>\n<tr>\n<td>Tasas:<\/td>\n<td>1500\u20ac *\u00a0 <a href=\"http:\/\/www.ull.es\/formacion-permanente\/master-propio-transporte-logistica-movilidad\/formas-de-pago\/\" target=\"_blank\" rel=\"noopener\">Ver facilidades de pago<\/a><\/td>\n<\/tr>\n<tr>\n<td>Precio del cr\u00e9dito:<\/td>\n<td>50\u20ac<\/td>\n<\/tr>\n<tr>\n<td>Justificaci\u00f3n del t\u00edtulo<\/td>\n<td><a href=\"https:\/\/drive.google.com\/open?id=1PeAHEtyjpwkvL66lDejlZl0910mQqu6u\" target=\"_blank\" rel=\"noopener\">Acceso a la jusftificaci\u00f3n<\/a><\/td>\n<\/tr>\n<\/tbody>\n<\/table>\n<p>&nbsp;<\/p>\n<p>* Dado que el m\u00f3dulo com\u00fan se cursa obligatoriamente en los expertos, el alumno s\u00f3lo deber\u00eda solicitar el reconocimiento de los cr\u00e9ditos comunes cursados en la primera titulaci\u00f3n, cuando matricule en la siguiente.[\/vc_column_text][vc_empty_space][vc_column_text]<\/p>\n<h3>Opci\u00f3n 3. Cursando alg\u00fan Experto y el m\u00e1ster = Experto 1 + Asignaturas espec\u00edficas (M\u00f3dulos 2 y 3) + TFM<\/h3>\n<table class=\"table table-striped\" width=\"100%\">\n<tbody>\n<tr>\n<td>Nombre del t\u00edtulo:<\/td>\n<td><strong>M\u00e1ster propio en Transporte, Log\u00edstica y Movilidad + <\/strong><strong style=\"font-family: inherit; font-size: inherit;\">Experto en gesti\u00f3n integral de la cadena de suministro<\/strong><span style=\"font-family: inherit; font-size: inherit;\"> o <\/span><strong style=\"font-family: inherit; font-size: inherit;\">Experto en sistemas inteligentes de transporte<\/strong><span style=\"font-family: inherit; font-size: inherit;\"> o <\/span><strong style=\"font-family: inherit; font-size: inherit;\">Experto en movilidad inteligente<\/strong><\/td>\n<\/tr>\n<tr>\n<td>Universidad y centros responsables:<\/td>\n<td><span style=\"font-weight: 400;\">Universidad de La Laguna. Fundaci\u00f3n General de la Universidad de La Laguna (FGULL)<\/span><\/td>\n<\/tr>\n<tr>\n<td>Tipo de ense\u00f1anza:<\/td>\n<td>Semipresencial &#8211; 60% docencia presencial \/ 40% docencia virtual<\/td>\n<\/tr>\n<tr>\n<td>Plazas ofertadas:<\/td>\n<td><span style=\"font-weight: 400;\">15 (M\u00e1ster) \/ 15 (cada Experto)<\/span><\/td>\n<\/tr>\n<tr>\n<td>N\u00famero de cr\u00e9ditos:<\/td>\n<td><span style=\"font-weight: 400;\">60 (M\u00e1ster) \/ 30 (cada Experto)<\/span><\/td>\n<\/tr>\n<tr>\n<td>Lugar de impartici\u00f3n:<\/td>\n<td>Fundaci\u00f3n General de la Universidad de La Laguna<\/td>\n<\/tr>\n<tr>\n<td>Duraci\u00f3n del t\u00edtulo:<\/td>\n<td>1 curso acad\u00e9mico<\/td>\n<\/tr>\n<tr>\n<td>Idiomas en los que se imparte:<\/td>\n<td>Espa\u00f1ol<\/td>\n<\/tr>\n<tr>\n<td>Tasas:<\/td>\n<td><span style=\"font-weight: 400;\">3000 euros (M\u00e1ster) \/ 1500 euros (cada Experto) <\/span><span style=\"font-family: inherit; font-size: inherit;\">*\u00a0 <\/span><a style=\"font-family: inherit; font-size: inherit;\" href=\"http:\/\/www.ull.es\/formacion-permanente\/master-propio-transporte-logistica-movilidad\/formas-de-pago\/\" target=\"_blank\" rel=\"noopener\">Ver facilidades de pago<\/a><\/td>\n<\/tr>\n<tr>\n<td>Precio del cr\u00e9dito:<\/td>\n<td>50\u20ac<\/td>\n<\/tr>\n<tr>\n<td>Justificaci\u00f3n del t\u00edtulo<\/td>\n<td><a href=\"https:\/\/drive.google.com\/open?id=1PeAHEtyjpwkvL66lDejlZl0910mQqu6u\" target=\"_blank\" rel=\"noopener\">Acceso a la jusftificaci\u00f3n<\/a><\/td>\n<\/tr>\n<\/tbody>\n<\/table>\n<p>&nbsp;<\/p>\n<p><span style=\"font-weight: 400;\">* Dado que el m\u00f3dulo com\u00fan se cursa obligatoriamente en los expertos, el alumno s\u00f3lo deber\u00eda solicitar el reconocimiento de los cr\u00e9ditos comunes cursados en la primera titulaci\u00f3n, cuando matricule en la siguiente.<\/span><\/p>\n<p><span style=\"font-weight: 400;\">Es importante aclarar que se puede realizar m\u00e1s de un experto por a\u00f1o, o en a\u00f1os independientes. Si se selecciona la opci\u00f3n de realizar diferentes expertos en a\u00f1os distintos, o realizar alg\u00fan experto y con posterioridad el m\u00e1ster, alumnado solo pagar\u00eda las asignaturas que no hubiera cursado con anterioridad, y deber\u00eda solicitar el reconocimiento de los cr\u00e9ditos comunes entre titulaciones matriculadas. <\/span><\/p>\n<p><span style=\"font-weight: 400;\">Para m\u00e1s informaci\u00f3n consulta la <\/span><a href=\"https:\/\/drive.google.com\/file\/d\/1yoalzaM48stXgABOKqlVxa2XTjh1R0-z\/view\" target=\"_blank\" rel=\"noopener\"><span style=\"font-weight: 400;\">memoria acad\u00e9mica del curso<\/span><\/a><span style=\"font-weight: 400;\">.<\/span><\/p>\n<p><span style=\"font-weight: 400;\">Es importante considerar que los requisitos de acceso y titulaci\u00f3n, a los Expertos Universitarios y al M\u00e1ster son diferentes. Puede consultar los requisitos de acceso al M\u00e1ster propio en Transporte, log\u00edstica y movilidad en el <\/span><a href=\"https:\/\/www.ull.es\/formacion-permanente\/master-propio-transporte-logistica-movilidad\/acceso-y-admision\/\" target=\"_blank\" rel=\"noopener\"><span style=\"font-weight: 400;\">siguiente enlace.<\/span><\/a>[\/vc_column_text][vc_empty_space][\/vc_column][\/vc_row]<\/p>\n","protected":false},"excerpt":{"rendered":"<p>[vc_row][vc_column][vc_column_text] Descripci\u00f3n del t\u00edtulo Este T\u00edtulo Propio de M\u00e1ster forma parte de una estructura modular que se vincula con otros tres t\u00edtulos propios de posgrado de nivel de Expertos Universitarios, denominados \u201cExperto en Gesti\u00f3n Integral de la Cadena de Suministro\u201d, \u201cExperto en Sistemas Inteligentes de Transporte\u201d y \u201cExperto en Movilidad Inteligente \u201d. La estructura modular&#8230;<\/p>\n","protected":false},"author":4,"featured_media":0,"parent":0,"menu_order":0,"comment_status":"closed","ping_status":"closed","template":"","meta":{"footnotes":""},"class_list":["post-17","page","type-page","status-publish","hentry"],"_links":{"self":[{"href":"https:\/\/www.ull.es\/formacion-permanente\/experto-universitario-sistemas-inteligentes-transporte\/wp-json\/wp\/v2\/pages\/17","targetHints":{"allow":["GET"]}}],"collection":[{"href":"https:\/\/www.ull.es\/formacion-permanente\/experto-universitario-sistemas-inteligentes-transporte\/wp-json\/wp\/v2\/pages"}],"about":[{"href":"https:\/\/www.ull.es\/formacion-permanente\/experto-universitario-sistemas-inteligentes-transporte\/wp-json\/wp\/v2\/types\/page"}],"author":[{"embeddable":true,"href":"https:\/\/www.ull.es\/formacion-permanente\/experto-universitario-sistemas-inteligentes-transporte\/wp-json\/wp\/v2\/users\/4"}],"replies":[{"embeddable":true,"href":"https:\/\/www.ull.es\/formacion-permanente\/experto-universitario-sistemas-inteligentes-transporte\/wp-json\/wp\/v2\/comments?post=17"}],"version-history":[{"count":3,"href":"https:\/\/www.ull.es\/formacion-permanente\/experto-universitario-sistemas-inteligentes-transporte\/wp-json\/wp\/v2\/pages\/17\/revisions"}],"predecessor-version":[{"id":239,"href":"https:\/\/www.ull.es\/formacion-permanente\/experto-universitario-sistemas-inteligentes-transporte\/wp-json\/wp\/v2\/pages\/17\/revisions\/239"}],"wp:attachment":[{"href":"https:\/\/www.ull.es\/formacion-permanente\/experto-universitario-sistemas-inteligentes-transporte\/wp-json\/wp\/v2\/media?parent=17"}],"curies":[{"name":"wp","href":"https:\/\/api.w.org\/{rel}","templated":true}]}}