{"id":22,"date":"2019-02-28T11:53:54","date_gmt":"2019-02-28T10:53:54","guid":{"rendered":"http:\/\/www.ull.es\/formacion-permanente\/diploma-gastronomia\/?page_id=22"},"modified":"2019-06-24T15:28:03","modified_gmt":"2019-06-24T13:28:03","slug":"acceso-y-admision","status":"publish","type":"page","link":"https:\/\/www.ull.es\/formacion-permanente\/experto-universitario-sistemas-inteligentes-transporte\/acceso-y-admision\/","title":{"rendered":"Acceso y admisi\u00f3n"},"content":{"rendered":"<p>[vc_row][vc_column][vc_tta_accordion][vc_tta_section title=\u00bbAcceso\u00bb tab_id=\u00bbAcceso\u00bb][vc_column_text]<\/p>\n<h3>Resumen:<\/h3>\n<div><\/div>\n<div>Podr\u00e1n acceder a los estudios conducentes a la obtenci\u00f3n de t\u00edtulos propios<\/div>\n<div>de nivel de grado los alumnos que re\u00fanan los requisitos necesarios para el<\/div>\n<div>acceso a los estudios universitarios oficiales de grado de acuerdo a lo establecido por las normas que sean de aplicaci\u00f3n.<\/div>\n<div><\/div>\n<div>En caso de que el alumno no cumpla con los requisitos de acceso a las titulaciones oficiales de grado el director acad\u00e9mico del t\u00edtulo podr\u00e1 solicitar al Vicerrectorado responsable de la gesti\u00f3n de t\u00edtulos propios que se autorice dicho acceso, si se produce alguna de las situaciones siguientes:<\/div>\n<div style=\"padding-left: 30px;\">a) Alumnado que demuestre poseer experiencia laboral en el \u00e1mbito de la titulaci\u00f3n a la que desea acceder de, al menos, un a\u00f1o.<\/div>\n<div style=\"padding-left: 30px;\">b) Alumnado que haya superado una prueba espec\u00edfica dise\u00f1ada por la direcci\u00f3n acad\u00e9mica del t\u00edtulo, en los casos en que se hayan previsto este tipo de pruebas, en la que el alumno demuestre estar en posesi\u00f3n de los conocimientos b\u00e1sicos para poder cursar la titulaci\u00f3n propia con aprovechamiento, en la memoria de solicitud del t\u00edtulo.<\/div>\n<div style=\"padding-left: 30px;\">c) Tambi\u00e9n tendr\u00e1n acceso a estudios conducentes a la obtenci\u00f3n de t\u00edtulos propios de grado de la ULL, quienes acrediten estar en posesi\u00f3n de una titulaci\u00f3n extranjera que sea equivalente a la que se solicita a los alumnos espa\u00f1oles. Para este efecto no se requiere la homologaci\u00f3n de dicho t\u00edtulo, sino la previa comprobaci\u00f3n que este faculta en el pa\u00eds expedidor del mismo para el acceso a estudios de grado.<\/div>\n<div><\/div>\n<h3>Detalle:<\/h3>\n<p><span style=\"font-weight: 400;\"> Podr\u00e1n acceder a los estudios y obtener la titulaci\u00f3n de t\u00edtulo propio de M\u00e1ster, quienes cumplan los siguientes requisitos:<\/span><\/p>\n<ol start=\"2\">\n<li><span style=\"font-weight: 400;\">a) Estar en posesi\u00f3n de un t\u00edtulo universitario oficial de grado, otro expresamente declarado equivalente o un t\u00edtulo universitario oficial obtenido conforme a sistemas de educaci\u00f3n universitaria anteriores al establecido en el Real Decreto 1393\/2007, de 29 de octubre (BOE n\u00ba 260, de 30 de octubre).<\/span><\/li>\n<li><span style=\"font-weight: 400;\">b) Estar en posesi\u00f3n de un t\u00edtulo propio de nivel de grado de la ULL, o equivalente de otra universidad, con una duraci\u00f3n m\u00ednima de 120 cr\u00e9ditos ECTS. En este caso, el alumno podr\u00e1 acceder a los estudios de m\u00e1ster pero no obtendr\u00e1 dicha titulaci\u00f3n. Si el alumno superase la evaluaci\u00f3n de todas las asignaturas del t\u00edtulo podr\u00e1 solicitar la titulaci\u00f3n de Certificado de Formaci\u00f3n Espec\u00edfica.<\/span><\/li>\n<li><span style=\"font-weight: 400;\">c) Acreditar haber superado al menos 180 cr\u00e9ditos ECTS correspondientes a ense\u00f1anzas oficiales de grado. En este caso, antes de solicitar el t\u00edtulo de m\u00e1ster el alumno debe haber finalizado sus estudios de grado. Si el alumno no finalizara sus estudios de grado oficial y solicita la titulaci\u00f3n del t\u00edtulo propio obtendr\u00eda el t\u00edtulo de Certificado de Formaci\u00f3n Espec\u00edfica.<\/span><\/li>\n<li><span style=\"font-weight: 400;\">d) Quienes acrediten experiencia profesional en el campo de las actividades relacionadas con el t\u00edtulo propio de, al menos, dos a\u00f1os. En este caso, el alumno podr\u00e1 acceder a los estudios de m\u00e1ster pero no obtendr\u00e1 dicha titulaci\u00f3n. Si el alumno superase la evaluaci\u00f3n de todas las asignaturas del t\u00edtulo podr\u00e1 solicitar la titulaci\u00f3n de Certificado de Formaci\u00f3n Espec\u00edfica. El Vicerrectorado con competencia en materia de t\u00edtulos propios verificar\u00e1 la experiencia profesional de estos alumnos y autorizar\u00e1 su acceso.<\/span><\/li>\n<li><span style=\"font-weight: 400;\"> Podr\u00e1n acceder a los estudios y obtener el t\u00edtulo propio de Diploma de Especializaci\u00f3n, Experto Universitario o de Certificados de Formaci\u00f3n Espec\u00edfica, como norma general, quienes cumplan los siguientes requisitos:<\/span><\/li>\n<li><span style=\"font-weight: 400;\">a) Los establecidos en el apartado anterior para los t\u00edtulos propios de m\u00e1ster.<\/span><\/li>\n<li><span style=\"font-weight: 400;\">b) Los que superen una prueba espec\u00edfica de acceso de la que ser\u00e1 responsable el director del t\u00edtulo propio, en la que el alumno demostrar\u00e1 estar en posesi\u00f3n de los conocimientos b\u00e1sicos para poder cursar la titulaci\u00f3n propia con aprovechamiento. El director acad\u00e9mico debe haber contemplado este sistema de acceso en la memoria de solicitud del t\u00edtulo y comunicar\u00e1 al Vicerrectorado responsable los alumnos que han superado dicha prueba para que sean admitidos.<\/span><\/li>\n<li><span style=\"font-weight: 400;\"> Tambi\u00e9n tendr\u00e1n acceso a estudios conducentes a la obtenci\u00f3n de t\u00edtulos propios de posgrado de la ULL, quienes acrediten estar en posesi\u00f3n de una titulaci\u00f3n extranjera de educaci\u00f3n superior homologada o equivalente a los correspondientes t\u00edtulos espa\u00f1oles oficiales de grado. Para este efecto no se requiere la homologaci\u00f3n de dicho t\u00edtulo, sino la previa comprobaci\u00f3n que este faculta en el pa\u00eds expedidor del mismo para el acceso a estudios de posgrado.<\/span><\/li>\n<li><span style=\"font-weight: 400;\"> En los casos en los que los alumnos no cumplan los requisitos de acceso, pero aun as\u00ed deseen cursar los estudios, podr\u00e1n realizarlos, pero al finalizar sus estudios no recibir\u00e1n el t\u00edtulo universitario, sino que en su lugar recibir\u00e1n un certificado de asistencia y aprovechamiento a un curso formativo en el que aparecer\u00e1 la tem\u00e1tica, contenidos y horas realizadas. Este certificado ser\u00e1 emitido por el Vicerrectorado responsable de la gesti\u00f3n de t\u00edtulos propios.<\/span><\/li>\n<li><span style=\"font-weight: 400;\"> Asimismo, se admitir\u00e1n alumnos que s\u00f3lo deseen cursar una o varias asignaturas de un t\u00edtulo propio, siempre y cuando haya plazas libres. En estos casos, los alumnos recibir\u00e1n un certificado de asistencia y aprovechamiento emitido por el Vicerrectorado responsable de la gesti\u00f3n de t\u00edtulos propios por cada una de las asignaturas cursadas. <\/span><\/li>\n<\/ol>\n<div><\/div>\n<p>[\/vc_column_text][\/vc_tta_section][vc_tta_section title=\u00bbAdmisi\u00f3n del alumnado\u00bb tab_id=\u00bbadmision-baremo\u00bb][vc_column_text]Seg\u00fan lo establecido en el art\u00edculo 7 del Reglamento de T\u00edtulos Propios de la Universidad de La Laguna, el proceso de admisi\u00f3n se realizar\u00e1 mediante solicitud de los interesados, que ser\u00e1 tramitada por la unidad de la ULL que tenga encomendada la gesti\u00f3n de los t\u00edtulos propios. Esta unidad se encargar\u00e1 de la verificaci\u00f3n del cumplimiento de los requisitos de acceso por los aspirantes. Los estudiantes que re\u00fanan los requisitos correspondientes podr\u00e1n acceder a cualquier t\u00edtulo propio de nivel de grado previa admisi\u00f3n efectuada por la Comisi\u00f3n Acad\u00e9mica del t\u00edtulo.<\/p>\n<p>La Comisi\u00f3n Acad\u00e9mica del t\u00edtulo valorar\u00e1 el curr\u00edculum del alumnado preinscrito con el objetivo de que se adecue convenientemente al perfil acad\u00e9mico y profesional exigido para cursar el Diploma Universitario en Gastronom\u00eda y Alimentaci\u00f3n. A tal efecto, la Comisi\u00f3n Acad\u00e9mica podr\u00e1 realizar una entrevista personal al alumnado solicitante preinscrito y, en su caso, podr\u00e1 exigir la realizaci\u00f3n de una prueba escrita de conocimientos te\u00f3rico-pr\u00e1cticos de las \u00e1reas de conocimiento implicadas. La estructura y contenidos sobre los que versar\u00e1 la prueba ser\u00e1n aprobados por la Comisi\u00f3n Acad\u00e9mica del T\u00edtulo propio, que tambi\u00e9n ser\u00e1 la encargada de corregirla, aunque podr\u00e1 delegar, en caso de que fuese necesario, la elaboraci\u00f3n y la correcci\u00f3n de dichas pruebas de acceso. El formato, contenido y criterios de evaluaci\u00f3n de las pruebas de acceso se har\u00e1n p\u00fablicos con antelaci\u00f3n suficiente a su realizaci\u00f3n. En estos casos, establecidos en el apartado 1, letra b) del art\u00edculo 6 del Reglamento de T\u00edtulos Propios de la Universidad de La Laguna, la direcci\u00f3n acad\u00e9mica del T\u00edtulo deber\u00e1 comunicar el resultado de las pruebas realizadas a la unidad de la ULL que tenga encomendada la gesti\u00f3n de los t\u00edtulos propios.[\/vc_column_text][\/vc_tta_section][vc_tta_section title=\u00bbBaremaci\u00f3n del alumnado\u00bb tab_id=\u00bbbaremacion-del-alumnado\u00bb][vc_column_text]<\/p>\n<h2><span style=\"font-weight: 400;\">Baremo<\/span><\/h2>\n<p><span style=\"font-weight: 400;\">Quienes deseen cursar este t\u00edtulo\u00a0deber\u00e1n solicitar formalmente su admisi\u00f3n al T\u00edtulo. <\/span><\/p>\n<p><span style=\"font-weight: 400;\">En caso de que existan m\u00e1s solicitantes preinscritos que cumplan los requisitos de admisi\u00f3n que plazas ofertadas, la Comisi\u00f3n Acad\u00e9mica se encargar\u00e1 de revisar el perfil de ingreso y m\u00e9ritos concurrentes en el expediente y en el curr\u00edculum vitae de cada aspirante, as\u00ed como de evaluar la pertinencia del curr\u00edculum y llevar a cabo la selecci\u00f3n. <\/span><\/p>\n<p><span style=\"font-weight: 400;\">El baremo a utilizar ser\u00e1 el siguiente, bas\u00e1ndose siempre en los principios de igualdad, m\u00e9rito y capacidad:<\/span><\/p>\n<h4><span style=\"font-weight: 400;\">A) Formaci\u00f3n Acad\u00e9mica: De 1 a 7 puntos<\/span><\/h4>\n<ul>\n<li><span style=\"font-weight: 400;\">Expediente del t\u00edtulo por el que se accede (De 1 a 4 puntos): Se calcular\u00e1 la media resultante de asignar los valores siguientes a las calificaciones obtenidas por el alumno en los estudios que le habilitan para acceder al T\u00edtulo:<\/span><\/li>\n<li><span style=\"font-weight: 400;\">Aprobado 1 punto<\/span><\/li>\n<li><span style=\"font-weight: 400;\">Notable: 2 puntos<\/span><\/li>\n<li><span style=\"font-weight: 400;\">Sobresaliente: 3 puntos<\/span><\/li>\n<li><span style=\"font-weight: 400;\">Matr\u00edcula de Honor: 4 puntos<\/span><\/li>\n<li><span style=\"font-weight: 400;\">Titulaciones relacionadas con el contenido y competencias del T\u00edtulo (M\u00e1ximo 3 puntos):<\/span><\/li>\n<\/ul>\n<p style=\"padding-left: 30px;\"><span style=\"font-weight: 400;\"><strong>Afinidad completa<\/strong>: <\/span><span style=\"font-weight: 400;\">se a\u00f1aden 3 puntos<\/span><\/p>\n<p style=\"padding-left: 30px;\"><span style=\"font-weight: 400;\">(Grados universitarios en Ingenier\u00eda Inform\u00e1tica, en Ingenier\u00eda Mec\u00e1nica, en Ingenier\u00eda Electr\u00f3nica Industrial y Autom\u00e1tica, en N\u00e1utica y Transportes Mar\u00edtimos y en Tecnolog\u00edas marinas, as\u00ed como otros grados relacionados de la ULL o de otras universidades) <\/span><\/p>\n<p style=\"padding-left: 30px;\"><span style=\"font-weight: 400;\"><strong>Afinidad parcial<\/strong>: se a\u00f1aden hasta 2 puntos <\/span><\/p>\n<p style=\"padding-left: 40px;\"><span style=\"font-weight: 400;\">Otros grados universitarios parcialmente relacionados con los contenidos impartidos en el T\u00edtulo.<\/span><\/p>\n<p style=\"padding-left: 40px;\"><span style=\"font-weight: 400;\">T\u00edtulos de Formaci\u00f3n Profesional con afinidad parcial: se a\u00f1aden hasta 1,5<\/span><\/p>\n<p style=\"padding-left: 40px;\"><span style=\"font-weight: 400;\">Titulados en Formaci\u00f3n Profesional de la familia profesional de Comercio y Marketing como T\u00e9cnico Superior en Transporte y Log\u00edstica, de la familia profesional de inform\u00e1tica y comunicaciones como T\u00e9cnico Superior en Administraci\u00f3n de sistemas inform\u00e1ticos en red, como T\u00e9cnico Superior en Desarrollo de aplicaciones multiplataforma, como T\u00e9cnico Superior en desarrollo de aplicaciones web.<\/span><\/p>\n<h4><span style=\"font-weight: 400;\">B) <strong>Experiencia Profesional:<\/strong> Se valorar\u00e1 la experiencia profesional vinculada con el contenido y competencias del T\u00edtulo (m\u00e1ximo 3 puntos).<\/span><\/h4>\n<ul>\n<li><span style=\"font-weight: 400;\">5 a\u00f1os o m\u00e1s: 3 puntos<\/span><\/li>\n<li><span style=\"font-weight: 400;\">Entre 2 y 5 a\u00f1os: 2 puntos<\/span><\/li>\n<li><span style=\"font-weight: 400;\">Menos de 2 a\u00f1os: 1 punto <\/span><\/li>\n<\/ul>\n<p><strong>Puntuaci\u00f3n m\u00e1xima total: 10 puntos<\/strong><\/p>\n<p>&nbsp;<\/p>\n<p><span style=\"font-weight: 400;\">En caso de empate entre candidatos, tras aplicar los criterios especificados en los apartados anteriores, A y B, aquellos alumnos con igual puntuaci\u00f3n han de realizar una prueba espec\u00edfica de acceso, siendo la calificaci\u00f3n obtenida en dicha prueba la que determine el orden de prioridad de cada solicitante en la lista definitiva de aspirantes.<\/span><\/p>\n<p>&nbsp;<\/p>\n<p><span style=\"font-weight: 400;\">Se podr\u00e1 realizar una entrevista personal al alumnado solicitante preinscrito y, en su caso, podr\u00e1 exigir la realizaci\u00f3n de una prueba escrita de conocimientos te\u00f3rico-pr\u00e1cticos de las \u00e1reas de conocimiento implicadas, en la que demostrar\u00e1n estar en posesi\u00f3n de los conocimientos b\u00e1sicos para poder cursar la titulaci\u00f3n propia con aprovechamiento. <\/span><\/p>\n<p><span style=\"font-weight: 400;\">La comisi\u00f3n acad\u00e9mica ser\u00e1 la responsable de elaborar y de evaluar esta prueba de acceso, o de nombrar una comisi\u00f3n delegada que cumpla estas funciones en su defecto.<\/span><\/p>\n<p><span style=\"font-weight: 400;\">Este <strong>M\u00e1ster propio<\/strong>, junto a los <strong>tres t\u00edtulos de Experto<\/strong>, pretenden favorecer la promoci\u00f3n de alumnado de Formaci\u00f3n Profesional relacionados con los contenidos del T\u00edtulo, de manera que en tales casos se exigir\u00e1 <strong>experiencia profesional acreditada<\/strong> de al menos cinco a\u00f1os en los \u00e1mbitos vinculados a los contenidos del T\u00edtulo y<strong> ser mayor cuarenta a\u00f1os<\/strong> para su admisi\u00f3n tanto en el M\u00e1ster como en los Expertos correspondientes.<\/span>[\/vc_column_text][\/vc_tta_section][vc_tta_section title=\u00bbPreinscripci\u00f3n y matr\u00edcula\u00bb tab_id=\u00bbpreinscripcion-matricula\u00bb][vc_column_text]<\/p>\n<h3>Preinscripci\u00f3n<\/h3>\n<p>Del 15 de mayo al 30 de junio de 2019.<\/p>\n<p>La preinscripci\u00f3n puede llevarse a cabo del siguiente enlace:<\/p>\n<ul>\n<li><strong>Usuarios en general<\/strong> <a href=\"https:\/\/www.ull.es\/formacion-permanente\/master-propio-transporte-logistica-movilidad\/acceso-inscripcion\/\" target=\"_blank\" rel=\"noopener\">(usuarios en general, sin acceso ULL)<\/a><\/li>\n<li><strong>Usuarios ULL<\/strong> <a href=\"https:\/\/www.ull.es\/formacion-permanente\/procedimiento-de-preinscripcion\/\" target=\"_blank\" rel=\"noopener\">(Usuarios con cuenta ULL o con clave PIN)<\/a><\/li>\n<\/ul>\n<h3>Matr\u00edcula<\/h3>\n<p>Del <span style=\"font-weight: 400;\">1 de julio al 20 de julio de 2019<\/span>.<\/p>\n<h3>Impartici\u00f3n<\/h3>\n<p>Del <span style=\"font-weight: 400;\"> 6 de septiembre de 2019 al 18 de julio de 2020<\/span>.[\/vc_column_text][\/vc_tta_section][\/vc_tta_accordion][\/vc_column][\/vc_row]<\/p>\n","protected":false},"excerpt":{"rendered":"<p>[vc_row][vc_column][vc_tta_accordion][vc_tta_section title=\u00bbAcceso\u00bb tab_id=\u00bbAcceso\u00bb][vc_column_text] Resumen: Podr\u00e1n acceder a los estudios conducentes a la obtenci\u00f3n de t\u00edtulos propios de nivel de grado los alumnos que re\u00fanan los requisitos necesarios para el acceso a los estudios universitarios oficiales de grado de acuerdo a lo establecido por las normas que sean de aplicaci\u00f3n. En caso de que el alumno&#8230;<\/p>\n","protected":false},"author":4,"featured_media":0,"parent":0,"menu_order":0,"comment_status":"closed","ping_status":"closed","template":"","meta":{"footnotes":""},"class_list":["post-22","page","type-page","status-publish","hentry"],"_links":{"self":[{"href":"https:\/\/www.ull.es\/formacion-permanente\/experto-universitario-sistemas-inteligentes-transporte\/wp-json\/wp\/v2\/pages\/22","targetHints":{"allow":["GET"]}}],"collection":[{"href":"https:\/\/www.ull.es\/formacion-permanente\/experto-universitario-sistemas-inteligentes-transporte\/wp-json\/wp\/v2\/pages"}],"about":[{"href":"https:\/\/www.ull.es\/formacion-permanente\/experto-universitario-sistemas-inteligentes-transporte\/wp-json\/wp\/v2\/types\/page"}],"author":[{"embeddable":true,"href":"https:\/\/www.ull.es\/formacion-permanente\/experto-universitario-sistemas-inteligentes-transporte\/wp-json\/wp\/v2\/users\/4"}],"replies":[{"embeddable":true,"href":"https:\/\/www.ull.es\/formacion-permanente\/experto-universitario-sistemas-inteligentes-transporte\/wp-json\/wp\/v2\/comments?post=22"}],"version-history":[{"count":2,"href":"https:\/\/www.ull.es\/formacion-permanente\/experto-universitario-sistemas-inteligentes-transporte\/wp-json\/wp\/v2\/pages\/22\/revisions"}],"predecessor-version":[{"id":241,"href":"https:\/\/www.ull.es\/formacion-permanente\/experto-universitario-sistemas-inteligentes-transporte\/wp-json\/wp\/v2\/pages\/22\/revisions\/241"}],"wp:attachment":[{"href":"https:\/\/www.ull.es\/formacion-permanente\/experto-universitario-sistemas-inteligentes-transporte\/wp-json\/wp\/v2\/media?parent=22"}],"curies":[{"name":"wp","href":"https:\/\/api.w.org\/{rel}","templated":true}]}}