{"id":31,"date":"2019-02-28T12:56:16","date_gmt":"2019-02-28T11:56:16","guid":{"rendered":"http:\/\/www.ull.es\/formacion-permanente\/diploma-gastronomia\/?page_id=31"},"modified":"2019-02-28T12:56:16","modified_gmt":"2019-02-28T11:56:16","slug":"coordinacion-docente","status":"publish","type":"page","link":"https:\/\/www.ull.es\/formacion-permanente\/experto-universitario-sistemas-inteligentes-transporte\/coordinacion-docente\/","title":{"rendered":"Coordinaci\u00f3n docente"},"content":{"rendered":"<p>\t\t\t\t[vc_row][vc_column][vc_column_text]<\/p>\n<h1>Coordinaci\u00f3n docente<\/h1>\n<p>El t\u00edtulo cuenta con las estructuras de coordinaci\u00f3n necesarias en sus diferentes niveles para garantizar que se organiza y desarrolla de manera adecuada. As\u00ed, para articular la coordinaci\u00f3n horizontal y vertical a nivel titulaci\u00f3n, se cuenta con:<\/p>\n<ul>\n<li>Direcci\u00f3n Acad\u00e9mica<\/li>\n<li>Comisi\u00f3n Acad\u00e9mica<\/li>\n<li>Coordinador\/a de Asignatura, el cual puede consultarse en la gu\u00eda docente correspondiente.<\/li>\n<\/ul>\n<p>Las citadas estructuras cuentan con los mecanismos de funcionamiento mediante reuniones peri\u00f3dicas para realizar el an\u00e1lisis del desarrollo de la titulaci\u00f3n en sus diferentes niveles (titulaci\u00f3n, curso y asignatura).<\/p>\n<p>A trav\u00e9s de la coordinaci\u00f3n horizontal y vertical se garantiza, entre otras: la adecuada secuenciaci\u00f3n y planificaci\u00f3n temporal de las asignaturas, su contenido y sistema de evaluaci\u00f3n; se evita vac\u00edos, duplicidades y desajustes; y se distribuye de forma adecuada la carga de trabajo del alumnado para facilitar la adquisici\u00f3n de los resultados de aprendizaje.<\/p>\n<p>&nbsp;<\/p>\n<hr \/>\n<p>[\/vc_column_text][\/vc_column][\/vc_row][vc_row][vc_column][\/vc_column][\/vc_row][vc_row][vc_column][vc_column_text]\n<style>\n    .shortcode-equipo h2 {\n        margin-bottom: 10px !important;\n    }\n<\/style>\n\n<div class=\"shortcode-equipo\">\n    <h2>Equipo de direcci\u00f3n<\/h2><dl><dt><strong>Direcci\u00f3n acad\u00e9mica<\/strong><\/dt><dd> <a href='https:\/\/www.ull.es\/directorio\/search\/?busqueda=Pedro Dorta Antequera' target='_blank'>Pedro Dorta Antequera<\/a><\/dd><dt><strong>Codirecci\u00f3n acad\u00e9mica<\/strong><\/dt><dd> <a href='https:\/\/www.ull.es\/directorio\/search\/?busqueda=Jaime D\u00edaz Pacheco' target='_blank'>Jaime D\u00edaz Pacheco<\/a><\/dd><dt><strong>Secretar\u00eda acad\u00e9mica<\/strong><\/dt><dd> <a href='https:\/\/www.ull.es\/directorio\/search\/?busqueda=Abel L\u00f3pez D\u00edez' target='_blank'>Abel L\u00f3pez D\u00edez<\/a><\/dd><\/dl><h2>Comisi\u00f3n acad\u00e9mica<\/h2><dl><dt><strong>Comisi\u00f3n Acad\u00e9mica<\/strong><\/dt><dd> <a href='https:\/\/www.ull.es\/directorio\/search\/?busqueda=Jos\u00e9 \u00c1ngel Rodr\u00edguez B\u00e1ez' target='_blank'>Jos\u00e9 \u00c1ngel Rodr\u00edguez B\u00e1ez<\/a><\/dd><dd> <a href='https:\/\/www.ull.es\/directorio\/search\/?busqueda=Abel L\u00f3pez D\u00edez' target='_blank'>Abel L\u00f3pez D\u00edez<\/a><\/dd><dd> <a href='https:\/\/www.ull.es\/directorio\/search\/?busqueda=Jaime D\u00edaz Pacheco' target='_blank'>Jaime D\u00edaz Pacheco<\/a><\/dd><dd> <a href='https:\/\/www.ull.es\/directorio\/search\/?busqueda=Pedro Dorta Antequera' target='_blank'>Pedro Dorta Antequera<\/a><\/dd><\/dl>\n<\/div>\n[\/vc_column_text][\/vc_column][\/vc_row]\t\t\t\t<\/p>\n","protected":false},"excerpt":{"rendered":"<p>[vc_row][vc_column][vc_column_text] Coordinaci\u00f3n docente El t\u00edtulo cuenta con las estructuras de coordinaci\u00f3n necesarias en sus diferentes niveles para garantizar que se organiza y desarrolla de manera adecuada. As\u00ed, para articular la coordinaci\u00f3n horizontal y vertical a nivel titulaci\u00f3n, se cuenta con: Direcci\u00f3n Acad\u00e9mica Comisi\u00f3n Acad\u00e9mica Coordinador\/a de Asignatura, el cual puede consultarse en la gu\u00eda docente&#8230;<\/p>\n","protected":false},"author":4,"featured_media":0,"parent":0,"menu_order":0,"comment_status":"closed","ping_status":"closed","template":"","meta":{"footnotes":""},"class_list":["post-31","page","type-page","status-publish","hentry"],"_links":{"self":[{"href":"https:\/\/www.ull.es\/formacion-permanente\/experto-universitario-sistemas-inteligentes-transporte\/wp-json\/wp\/v2\/pages\/31","targetHints":{"allow":["GET"]}}],"collection":[{"href":"https:\/\/www.ull.es\/formacion-permanente\/experto-universitario-sistemas-inteligentes-transporte\/wp-json\/wp\/v2\/pages"}],"about":[{"href":"https:\/\/www.ull.es\/formacion-permanente\/experto-universitario-sistemas-inteligentes-transporte\/wp-json\/wp\/v2\/types\/page"}],"author":[{"embeddable":true,"href":"https:\/\/www.ull.es\/formacion-permanente\/experto-universitario-sistemas-inteligentes-transporte\/wp-json\/wp\/v2\/users\/4"}],"replies":[{"embeddable":true,"href":"https:\/\/www.ull.es\/formacion-permanente\/experto-universitario-sistemas-inteligentes-transporte\/wp-json\/wp\/v2\/comments?post=31"}],"version-history":[{"count":0,"href":"https:\/\/www.ull.es\/formacion-permanente\/experto-universitario-sistemas-inteligentes-transporte\/wp-json\/wp\/v2\/pages\/31\/revisions"}],"wp:attachment":[{"href":"https:\/\/www.ull.es\/formacion-permanente\/experto-universitario-sistemas-inteligentes-transporte\/wp-json\/wp\/v2\/media?parent=31"}],"curies":[{"name":"wp","href":"https:\/\/api.w.org\/{rel}","templated":true}]}}