{"id":40,"date":"2019-02-28T13:04:13","date_gmt":"2019-02-28T12:04:13","guid":{"rendered":"http:\/\/www.ull.es\/formacion-permanente\/diploma-gastronomia\/?page_id=40"},"modified":"2019-08-01T13:18:23","modified_gmt":"2019-08-01T11:18:23","slug":"estructura-del-plan-de-estudios","status":"publish","type":"page","link":"https:\/\/www.ull.es\/formacion-permanente\/experto-universitario-sistemas-inteligentes-transporte\/estructura-del-plan-de-estudios\/","title":{"rendered":"Estructura del plan de estudios"},"content":{"rendered":"<p>[vc_row][vc_column][vc_column_text]<\/p>\n<h1>Estructura del plan de estudios<\/h1>\n<p>[\/vc_column_text][\/vc_column][\/vc_row][vc_row][vc_column][vc_empty_space][\/vc_column][\/vc_row][vc_row][vc_column][vc_column_text]<img loading=\"lazy\" decoding=\"async\" class=\"aligncenter wp-image-161 size-full\" src=\"https:\/\/www.ull.es\/formacion-permanente\/master-propio-transporte-logistica-movilidad\/wp-content\/uploads\/sites\/27\/2019\/05\/Esquema-de-la-estructura-modular-de-la-formaci\u00f3n.png\" alt=\"\" width=\"573\" height=\"211\" \/>[\/vc_column_text][\/vc_column][\/vc_row][vc_row][vc_column][vc_empty_space][\/vc_column][\/vc_row][vc_row][vc_column][vc_column_text]<\/p>\n<h2>M\u00f3dulo de asignaturas comunes<\/h2>\n<table>\n<tbody>\n<tr>\n<td><b>ASIGNATURA<\/b><\/td>\n<td><b>TIPOLOG\u00cdA<\/b><\/td>\n<td><b>CR\u00c9DITOS<\/b><\/td>\n<td><b>CAR\u00c1CTER<\/b><\/td>\n<\/tr>\n<tr>\n<td><i><span style=\"font-weight: 400;\">Log\u00edstica y Gesti\u00f3n de la Cadena de Suministro <\/span><\/i><\/td>\n<td><span style=\"font-weight: 400;\">Obligatoria<\/span><\/td>\n<td><span style=\"font-weight: 400;\">5<\/span><\/td>\n<td><span style=\"font-weight: 400;\">bimensual<\/span><\/td>\n<\/tr>\n<tr>\n<td><i><span style=\"font-weight: 400;\">Tecnolog\u00edas aplicadas a la movilidad y al transporte<\/span><\/i><\/td>\n<td><span style=\"font-weight: 400;\">Obligatoria<\/span><\/td>\n<td><span style=\"font-weight: 400;\">4<\/span><\/td>\n<td><span style=\"font-weight: 400;\">bimensual<\/span><\/td>\n<\/tr>\n<tr>\n<td><i><span style=\"font-weight: 400;\">Transporte y servicios log\u00edsticos en la econom\u00eda digital<\/span><\/i><\/td>\n<td><span style=\"font-weight: 400;\">Obligatoria<\/span><\/td>\n<td><span style=\"font-weight: 400;\">4<\/span><\/td>\n<td><span style=\"font-weight: 400;\">bimensual<\/span><\/td>\n<\/tr>\n<tr>\n<td><i><span style=\"font-weight: 400;\">Econom\u00eda del Transporte<\/span><\/i><\/td>\n<td><span style=\"font-weight: 400;\">Obligatoria<\/span><\/td>\n<td><span style=\"font-weight: 400;\">5<\/span><\/td>\n<td><span style=\"font-weight: 400;\">bimensual<\/span><\/td>\n<\/tr>\n<\/tbody>\n<\/table>\n<p>[\/vc_column_text][\/vc_column][\/vc_row][vc_row][vc_column][vc_empty_space][vc_column_text]Puedes consultar <a href=\"https:\/\/www.ull.es\/formacion-permanente\/master-propio-transporte-logistica-movilidad\/guias-docentes\/\" target=\"_blank\" rel=\"noopener\">los contenidos de la asignaturas en la secci\u00f3n de gu\u00edas docentes<\/a>.[\/vc_column_text][vc_empty_space][\/vc_column][\/vc_row][vc_row disable_element=\u00bbyes\u00bb][vc_column][vc_column_text]<\/p>\n<h3><span style=\"font-weight: 400;\">M\u00f3dulo de asignaturas espec\u00edficas en Gesti\u00f3n Integral de la Cadena de Suministro<\/span><\/h3>\n<table>\n<tbody>\n<tr>\n<td><b>ASIGNATURA<\/b><\/td>\n<td><b>TIPOLOG\u00cdA<\/b><\/td>\n<td><b>CR\u00c9DITOS<\/b><\/td>\n<td><b>CAR\u00c1CTER<\/b><\/td>\n<\/tr>\n<tr>\n<td><i><span style=\"font-weight: 400;\">Modelos de gesti\u00f3n log\u00edstica<\/span><\/i><\/td>\n<td><span style=\"font-weight: 400;\">Obligatoria<\/span><\/td>\n<td><span style=\"font-weight: 400;\">3<\/span><\/td>\n<td><span style=\"font-weight: 400;\">bimensual<\/span><\/td>\n<\/tr>\n<tr>\n<td><i><span style=\"font-weight: 400;\">Transporte a\u00e9reo y gesti\u00f3n aeroportuaria<\/span><\/i><\/td>\n<td><span style=\"font-weight: 400;\">Obligatoria<\/span><\/td>\n<td><span style=\"font-weight: 400;\">3<\/span><\/td>\n<td><span style=\"font-weight: 400;\">bimensual<\/span><\/td>\n<\/tr>\n<tr>\n<td><i><span style=\"font-weight: 400;\">Transporte mar\u00edtimo y gesti\u00f3n portuaria<\/span><\/i><\/td>\n<td><span style=\"font-weight: 400;\">Obligatoria<\/span><\/td>\n<td><span style=\"font-weight: 400;\">3<\/span><\/td>\n<td><span style=\"font-weight: 400;\">bimensual<\/span><\/td>\n<\/tr>\n<tr>\n<td><i><span style=\"font-weight: 400;\">Transporte intermodal e internacional<\/span><\/i><\/td>\n<td><span style=\"font-weight: 400;\">Obligatoria<\/span><\/td>\n<td><span style=\"font-weight: 400;\">3<\/span><\/td>\n<td><span style=\"font-weight: 400;\">bimensual<\/span><\/td>\n<\/tr>\n<\/tbody>\n<\/table>\n<p>* Estas asignaturas se corresponder\u00edan con el Plan de estudios del T\u00edtulo Propio de Experto en Gesti\u00f3n Integral de la Cadena de Suministro[\/vc_column_text][\/vc_column][\/vc_row][vc_row][vc_column][vc_empty_space][\/vc_column][\/vc_row][vc_row][vc_column][vc_column_text]<\/p>\n<h3><span style=\"font-weight: 400;\">M\u00f3dulo de asignaturas espec\u00edficas en Movilidad Inteligente<\/span><\/h3>\n<table>\n<tbody>\n<tr>\n<td><b>ASIGNATURA<\/b><\/td>\n<td><b>TIPOLOG\u00cdA<\/b><\/td>\n<td><b>CR\u00c9DITOS<\/b><\/td>\n<td><b>CAR\u00c1CTER<\/b><\/td>\n<\/tr>\n<tr>\n<td><i><span style=\"font-weight: 400;\">Gesti\u00f3n de la movilidad<\/span><\/i><\/td>\n<td><span style=\"font-weight: 400;\">Obligatoria<\/span><\/td>\n<td><span style=\"font-weight: 400;\">3<\/span><\/td>\n<td><span style=\"font-weight: 400;\">bimensual<\/span><\/td>\n<\/tr>\n<tr>\n<td><i><span style=\"font-weight: 400;\">Infraestructuras y sistemas de transportes<\/span><\/i><\/td>\n<td><span style=\"font-weight: 400;\">Obligatoria<\/span><\/td>\n<td><span style=\"font-weight: 400;\">3<\/span><\/td>\n<td><span style=\"font-weight: 400;\">bimensual<\/span><\/td>\n<\/tr>\n<tr>\n<td><i>La planificaci\u00f3n territorial del transporte y la movilidad<\/i><\/td>\n<td><span style=\"font-weight: 400;\">Obligatoria<\/span><\/td>\n<td><span style=\"font-weight: 400;\">3<\/span><\/td>\n<td><span style=\"font-weight: 400;\">bimensual<\/span><\/td>\n<\/tr>\n<tr>\n<td><i>An\u00e1lisis y Dise\u00f1o sobre Sistemas de Informaci\u00f3n Geogr\u00e1fica<\/i><\/td>\n<td><span style=\"font-weight: 400;\">Obligatoria<\/span><\/td>\n<td><span style=\"font-weight: 400;\">3<\/span><\/td>\n<td><span style=\"font-weight: 400;\">bimensual<\/span><\/td>\n<\/tr>\n<\/tbody>\n<\/table>\n<p>* Estas asignaturas se corresponder\u00edan con el Plan de estudios del T\u00edtulo Propio de Experto en Movilidad Inteligente[\/vc_column_text][\/vc_column][\/vc_row][vc_row][vc_column][vc_empty_space][\/vc_column][\/vc_row][vc_row disable_element=\u00bbyes\u00bb][vc_column][vc_column_text]<\/p>\n<h3><span style=\"font-weight: 400;\">M\u00f3dulo de asignaturas espec\u00edficas en Movilidad Inteligente<\/span><\/h3>\n<table>\n<tbody>\n<tr>\n<td><b>ASIGNATURA<\/b><\/td>\n<td><b>TIPOLOG\u00cdA<\/b><\/td>\n<td><b>CR\u00c9DITOS<\/b><\/td>\n<td><b>CAR\u00c1CTER<\/b><\/td>\n<\/tr>\n<tr>\n<td><i><span style=\"font-weight: 400;\">Gesti\u00f3n de la movilidad<\/span><\/i><\/td>\n<td><span style=\"font-weight: 400;\">Obligatoria<\/span><\/td>\n<td><span style=\"font-weight: 400;\">3<\/span><\/td>\n<td><span style=\"font-weight: 400;\">bimensual<\/span><\/td>\n<\/tr>\n<tr>\n<td><i><span style=\"font-weight: 400;\">Infraestructuras y sistemas de transportes<\/span><\/i><\/td>\n<td><span style=\"font-weight: 400;\">Obligatoria<\/span><\/td>\n<td><span style=\"font-weight: 400;\">3<\/span><\/td>\n<td><span style=\"font-weight: 400;\">bimensual<\/span><\/td>\n<\/tr>\n<tr>\n<td><i><span style=\"font-weight: 400;\">La planificaci\u00f3n territorial del transporte y la movilidad<\/span><\/i><\/td>\n<td><span style=\"font-weight: 400;\">Obligatoria<\/span><\/td>\n<td><span style=\"font-weight: 400;\">3<\/span><\/td>\n<td><span style=\"font-weight: 400;\">bimensual<\/span><\/td>\n<\/tr>\n<tr>\n<td><i><span style=\"font-weight: 400;\">An\u00e1lisis y Dise\u00f1o sobre Sistemas de Informaci\u00f3n Geogr\u00e1fica<\/span><\/i><\/td>\n<td><span style=\"font-weight: 400;\">Obligatoria<\/span><\/td>\n<td><span style=\"font-weight: 400;\">3<\/span><\/td>\n<td><span style=\"font-weight: 400;\">bimensual<\/span><\/td>\n<\/tr>\n<\/tbody>\n<\/table>\n<p><span style=\"font-weight: 400;\">* Estas asignaturas se corresponder\u00edan con el Plan de estudios el <\/span><span style=\"font-weight: 400;\">T\u00edtulo Propio de Experto en Movilidad Inteligente<\/span>[\/vc_column_text][\/vc_column][\/vc_row][vc_row][vc_column][vc_empty_space][\/vc_column][\/vc_row][vc_row][vc_column][vc_empty_space][vc_column_text]Puedes consultar <a href=\"https:\/\/www.ull.es\/formacion-permanente\/master-propio-transporte-logistica-movilidad\/guias-docentes\/\" target=\"_blank\" rel=\"noopener\">los contenidos de la asignaturas en la secci\u00f3n de gu\u00edas docentes<\/a>.[\/vc_column_text][\/vc_column][\/vc_row]<\/p>\n","protected":false},"excerpt":{"rendered":"<p>[vc_row][vc_column][vc_column_text] Estructura del plan de estudios [\/vc_column_text][\/vc_column][\/vc_row][vc_row][vc_column][vc_empty_space][\/vc_column][\/vc_row][vc_row][vc_column][vc_column_text][\/vc_column_text][\/vc_column][\/vc_row][vc_row][vc_column][vc_empty_space][\/vc_column][\/vc_row][vc_row][vc_column][vc_column_text] M\u00f3dulo de asignaturas comunes ASIGNATURA TIPOLOG\u00cdA CR\u00c9DITOS CAR\u00c1CTER Log\u00edstica y Gesti\u00f3n de la Cadena de Suministro Obligatoria 5 bimensual Tecnolog\u00edas aplicadas a la movilidad y al transporte Obligatoria 4 bimensual Transporte y servicios log\u00edsticos en la econom\u00eda digital Obligatoria 4 bimensual Econom\u00eda del Transporte Obligatoria 5 bimensual [\/vc_column_text][\/vc_column][\/vc_row][vc_row][vc_column][vc_empty_space][vc_column_text]Puedes&#8230;<\/p>\n","protected":false},"author":4,"featured_media":0,"parent":0,"menu_order":0,"comment_status":"closed","ping_status":"closed","template":"","meta":{"footnotes":""},"class_list":["post-40","page","type-page","status-publish","hentry"],"_links":{"self":[{"href":"https:\/\/www.ull.es\/formacion-permanente\/experto-universitario-sistemas-inteligentes-transporte\/wp-json\/wp\/v2\/pages\/40","targetHints":{"allow":["GET"]}}],"collection":[{"href":"https:\/\/www.ull.es\/formacion-permanente\/experto-universitario-sistemas-inteligentes-transporte\/wp-json\/wp\/v2\/pages"}],"about":[{"href":"https:\/\/www.ull.es\/formacion-permanente\/experto-universitario-sistemas-inteligentes-transporte\/wp-json\/wp\/v2\/types\/page"}],"author":[{"embeddable":true,"href":"https:\/\/www.ull.es\/formacion-permanente\/experto-universitario-sistemas-inteligentes-transporte\/wp-json\/wp\/v2\/users\/4"}],"replies":[{"embeddable":true,"href":"https:\/\/www.ull.es\/formacion-permanente\/experto-universitario-sistemas-inteligentes-transporte\/wp-json\/wp\/v2\/comments?post=40"}],"version-history":[{"count":8,"href":"https:\/\/www.ull.es\/formacion-permanente\/experto-universitario-sistemas-inteligentes-transporte\/wp-json\/wp\/v2\/pages\/40\/revisions"}],"predecessor-version":[{"id":251,"href":"https:\/\/www.ull.es\/formacion-permanente\/experto-universitario-sistemas-inteligentes-transporte\/wp-json\/wp\/v2\/pages\/40\/revisions\/251"}],"wp:attachment":[{"href":"https:\/\/www.ull.es\/formacion-permanente\/experto-universitario-sistemas-inteligentes-transporte\/wp-json\/wp\/v2\/media?parent=40"}],"curies":[{"name":"wp","href":"https:\/\/api.w.org\/{rel}","templated":true}]}}