{"id":57,"date":"2019-02-28T13:47:34","date_gmt":"2019-02-28T12:47:34","guid":{"rendered":"http:\/\/www.ull.es\/formacion-permanente\/diploma-gastronomia\/?page_id=57"},"modified":"2019-09-11T10:58:39","modified_gmt":"2019-09-11T08:58:39","slug":"formas-de-pago","status":"publish","type":"page","link":"https:\/\/www.ull.es\/formacion-permanente\/experto-universitario-sistemas-inteligentes-transporte\/formas-de-pago\/","title":{"rendered":"Formas de pago"},"content":{"rendered":"<p>[vc_row][vc_column][vc_column_text]<\/p>\n<h1>Formas de pago<\/h1>\n<p>El coste del\u00a0<strong>Experto sistemas Inteligentes de Transporte\u00a0<\/strong>es de<strong>\u00a01500 \u20ac<\/strong>\u00a0(15 plazas)<\/p>\n<p>Puedes fraccionar el pago, en c\u00f3modas cuotas mensuales, tramitando tu cr\u00e9dito desde la Fundaci\u00f3n General de la ULL a trav\u00e9s de Cajasiete o de Caixa Bank Consumer, aportando la m\u00ednima documentaci\u00f3n y sin necesidad de cambiar de banco. Puedes consultar m\u00e1s informaci\u00f3n de la financiaci\u00f3n\u00a0<a href=\"https:\/\/fg.ull.es\/servicios-de-financiacion\/\" target=\"_blank\" rel=\"noopener\"><strong>aqu\u00ed<\/strong><\/a><\/p>\n<p>Si est\u00e1s trabajando su empresa puede acogerse al sistema de formaci\u00f3n bonificada a trav\u00e9s de\u00a0<strong>FUNDAE.\u00a0<a href=\"https:\/\/fg.ull.es\/formacion\/fundacion-estatal-para-la-formacion-en-el-empleo-fundae\/\" target=\"_blank\" rel=\"noopener\">Puedes consultar m\u00e1s informaci\u00f3n aqu\u00ed<\/a>.\u00a0<\/strong><\/p>\n<p>Si quieres tramitar la financiaci\u00f3n o\u00a0 la bonificaci\u00f3n por la FUNDAE env\u00edanos un mail a\u00a0<a href=\"mailto:gestpropios@ull.es\" target=\"_blank\" rel=\"noopener\">gestpropios@ull.es<\/a><\/p>\n<p>Para m\u00e1s informaci\u00f3n:<\/p>\n<ul>\n<li>922 319 927 (<em>lunes a viernes de 9 a 14 h. y lunes de 16.30-19 h.<\/em>)<\/li>\n<li><a href=\"mailto:gestpropios@ull.es\" target=\"_blank\" rel=\"noopener\">Gestpropios@ull.es<\/a><\/li>\n<\/ul>\n<h3>Ayudas<\/h3>\n<p><a href=\"https:\/\/sede.tenerife.es\/es\/resultados\/search?contenttypes[]=2&amp;q=becas&amp;p=all&amp;areas[]=flexicontent&amp;cc=p\" target=\"_blank\" rel=\"noopener\"><strong>Becas del Cabildo de Tenerife<\/strong><\/a>: En las \u00faltimas ediciones el Cabildo de Tenerife ha concedido becas destinadas a cursar estudios universitarios de grado y posgrado. Podr\u00e1s consultar\u00a0<a href=\"https:\/\/sede.tenerife.es\/es\/resultados\/search?contenttypes%5b%5d=2&amp;q=becas&amp;p=all&amp;areas%5b%5d=flexicontent&amp;cc=p\" target=\"_blank\" rel=\"noopener\"><strong>aqu\u00ed<\/strong><\/a>.[\/vc_column_text][\/vc_column][\/vc_row]<\/p>\n","protected":false},"excerpt":{"rendered":"<p>[vc_row][vc_column][vc_column_text] Formas de pago El coste del\u00a0Experto sistemas Inteligentes de Transporte\u00a0es de\u00a01500 \u20ac\u00a0(15 plazas) Puedes fraccionar el pago, en c\u00f3modas cuotas mensuales, tramitando tu cr\u00e9dito desde la Fundaci\u00f3n General de la ULL a trav\u00e9s de Cajasiete o de Caixa Bank Consumer, aportando la m\u00ednima documentaci\u00f3n y sin necesidad de cambiar de banco. Puedes consultar m\u00e1s&#8230;<\/p>\n","protected":false},"author":4,"featured_media":0,"parent":0,"menu_order":0,"comment_status":"closed","ping_status":"closed","template":"","meta":{"footnotes":""},"class_list":["post-57","page","type-page","status-publish","hentry"],"_links":{"self":[{"href":"https:\/\/www.ull.es\/formacion-permanente\/experto-universitario-sistemas-inteligentes-transporte\/wp-json\/wp\/v2\/pages\/57","targetHints":{"allow":["GET"]}}],"collection":[{"href":"https:\/\/www.ull.es\/formacion-permanente\/experto-universitario-sistemas-inteligentes-transporte\/wp-json\/wp\/v2\/pages"}],"about":[{"href":"https:\/\/www.ull.es\/formacion-permanente\/experto-universitario-sistemas-inteligentes-transporte\/wp-json\/wp\/v2\/types\/page"}],"author":[{"embeddable":true,"href":"https:\/\/www.ull.es\/formacion-permanente\/experto-universitario-sistemas-inteligentes-transporte\/wp-json\/wp\/v2\/users\/4"}],"replies":[{"embeddable":true,"href":"https:\/\/www.ull.es\/formacion-permanente\/experto-universitario-sistemas-inteligentes-transporte\/wp-json\/wp\/v2\/comments?post=57"}],"version-history":[{"count":6,"href":"https:\/\/www.ull.es\/formacion-permanente\/experto-universitario-sistemas-inteligentes-transporte\/wp-json\/wp\/v2\/pages\/57\/revisions"}],"predecessor-version":[{"id":265,"href":"https:\/\/www.ull.es\/formacion-permanente\/experto-universitario-sistemas-inteligentes-transporte\/wp-json\/wp\/v2\/pages\/57\/revisions\/265"}],"wp:attachment":[{"href":"https:\/\/www.ull.es\/formacion-permanente\/experto-universitario-sistemas-inteligentes-transporte\/wp-json\/wp\/v2\/media?parent=57"}],"curies":[{"name":"wp","href":"https:\/\/api.w.org\/{rel}","templated":true}]}}