{"id":69,"date":"2019-02-28T14:48:19","date_gmt":"2019-02-28T13:48:19","guid":{"rendered":"http:\/\/www.ull.es\/formacion-permanente\/diploma-gastronomia\/?page_id=69"},"modified":"2019-07-18T10:43:48","modified_gmt":"2019-07-18T08:43:48","slug":"formulario-de-inscripcion","status":"publish","type":"page","link":"https:\/\/www.ull.es\/formacion-permanente\/experto-universitario-sistemas-inteligentes-transporte\/formulario-de-inscripcion\/","title":{"rendered":"Formulario de inscripci\u00f3n"},"content":{"rendered":"<p>[vc_row][vc_column][vc_column_text]<\/p>\n<h1>Formulario de inscripci\u00f3n<\/h1>\n<p>[\/vc_column_text][\/vc_column][\/vc_row][vc_row][vc_column][vc_column_text]<span style=\"font-weight: 400;\">Si quieres <strong>m\u00e1s informaci\u00f3n\u00a0o si necesitas alg\u00fan tipo de ayuda<\/strong> (<a href=\"https:\/\/www.ull.es\/formacion-permanente\/experto-universitario-sistemas-inteligentes-transporte\/formulario-de-contacto\/\" target=\"_blank\" rel=\"noopener\">simplemente entra en este<strong> formulario de contacto<\/strong>)<\/a>, por el contrario si quieres realizar <strong>la preinscripci\u00f3n cumplimenta<\/strong> el formulario que tenemos a continuaci\u00f3n.<\/span><\/p>\n<p><span style=\"font-weight: 400;\">Nos pondremos en contacto contigo lo antes posible.<\/span>[\/vc_column_text][\/vc_column][\/vc_row][vc_row disable_element=\u00bbyes\u00bb][vc_column][vc_btn title=\u00bbAcceder al formulario\u00bb style=\u00bbflat\u00bb shape=\u00bbsquare\u00bb color=\u00bbblack\u00bb size=\u00bblg\u00bb align=\u00bbcenter\u00bb css_animation=\u00bbfadeInRight\u00bb link=\u00bburl:https%3A%2F%2Fforms.gle%2FFM4r2zusWPaKR85d9||target:%20_blank|rel:nofollow\u00bb][\/vc_column][\/vc_row][vc_row][vc_column][vc_raw_html]JTNDaWZyYW1lJTIwc3JjJTNEJTIyaHR0cHMlM0ElMkYlMkZkb2NzLmdvb2dsZS5jb20lMkZmb3JtcyUyRmQlMkZlJTJGMUZBSXBRTFNmNTNRel9zVl85RF9qaFFnbTk0Z2NjUTJkNVpkUl9PX3JLV2lkdHVRTUtGOXpEbXclMkZ2aWV3Zm9ybSUzRmVtYmVkZGVkJTNEdHJ1ZSUyMiUyMHdpZHRoJTNEJTIyNjQwJTIyJTIwaGVpZ2h0JTNEJTIyMjYwOCUyMiUyMGZyYW1lYm9yZGVyJTNEJTIyMCUyMiUyMG1hcmdpbmhlaWdodCUzRCUyMjAlMjIlMjBtYXJnaW53aWR0aCUzRCUyMjAlMjIlM0VDYXJnYW5kby4uLiUzQyUyRmlmcmFtZSUzRQ==[\/vc_raw_html][\/vc_column][\/vc_row]<\/p>\n","protected":false},"excerpt":{"rendered":"<p>[vc_row][vc_column][vc_column_text] Formulario de inscripci\u00f3n [\/vc_column_text][\/vc_column][\/vc_row][vc_row][vc_column][vc_column_text]Si quieres m\u00e1s informaci\u00f3n\u00a0o si necesitas alg\u00fan tipo de ayuda (simplemente entra en este formulario de contacto), por el contrario si quieres realizar la preinscripci\u00f3n cumplimenta el formulario que tenemos a continuaci\u00f3n. Nos pondremos en contacto contigo lo antes posible.[\/vc_column_text][\/vc_column][\/vc_row][vc_row disable_element=\u00bbyes\u00bb][vc_column][vc_btn title=\u00bbAcceder al formulario\u00bb style=\u00bbflat\u00bb shape=\u00bbsquare\u00bb color=\u00bbblack\u00bb size=\u00bblg\u00bb align=\u00bbcenter\u00bb css_animation=\u00bbfadeInRight\u00bb link=\u00bburl:https%3A%2F%2Fforms.gle%2FFM4r2zusWPaKR85d9||target:%20_blank|rel:nofollow\u00bb][\/vc_column][\/vc_row][vc_row][vc_column][vc_raw_html]JTNDaWZyYW1lJTIwc3JjJTNEJTIyaHR0cHMlM0ElMkYlMkZkb2NzLmdvb2dsZS5jb20lMkZmb3JtcyUyRmQlMkZlJTJGMUZBSXBRTFNmNTNRel9zVl85RF9qaFFnbTk0Z2NjUTJkNVpkUl9PX3JLV2lkdHVRTUtGOXpEbXclMkZ2aWV3Zm9ybSUzRmVtYmVkZGVkJTNEdHJ1ZSUyMiUyMHdpZHRoJTNEJTIyNjQwJTIyJTIwaGVpZ2h0JTNEJTIyMjYwOCUyMiUyMGZyYW1lYm9yZGVyJTNEJTIyMCUyMiUyMG1hcmdpbmhlaWdodCUzRCUyMjAlMjIlMjBtYXJnaW53aWR0aCUzRCUyMjAlMjIlM0VDYXJnYW5kby4uLiUzQyUyRmlmcmFtZSUzRQ==[\/vc_raw_html][\/vc_column][\/vc_row]<\/p>\n","protected":false},"author":4,"featured_media":0,"parent":0,"menu_order":0,"comment_status":"closed","ping_status":"closed","template":"","meta":{"footnotes":""},"class_list":["post-69","page","type-page","status-publish","hentry"],"_links":{"self":[{"href":"https:\/\/www.ull.es\/formacion-permanente\/experto-universitario-sistemas-inteligentes-transporte\/wp-json\/wp\/v2\/pages\/69","targetHints":{"allow":["GET"]}}],"collection":[{"href":"https:\/\/www.ull.es\/formacion-permanente\/experto-universitario-sistemas-inteligentes-transporte\/wp-json\/wp\/v2\/pages"}],"about":[{"href":"https:\/\/www.ull.es\/formacion-permanente\/experto-universitario-sistemas-inteligentes-transporte\/wp-json\/wp\/v2\/types\/page"}],"author":[{"embeddable":true,"href":"https:\/\/www.ull.es\/formacion-permanente\/experto-universitario-sistemas-inteligentes-transporte\/wp-json\/wp\/v2\/users\/4"}],"replies":[{"embeddable":true,"href":"https:\/\/www.ull.es\/formacion-permanente\/experto-universitario-sistemas-inteligentes-transporte\/wp-json\/wp\/v2\/comments?post=69"}],"version-history":[{"count":4,"href":"https:\/\/www.ull.es\/formacion-permanente\/experto-universitario-sistemas-inteligentes-transporte\/wp-json\/wp\/v2\/pages\/69\/revisions"}],"predecessor-version":[{"id":247,"href":"https:\/\/www.ull.es\/formacion-permanente\/experto-universitario-sistemas-inteligentes-transporte\/wp-json\/wp\/v2\/pages\/69\/revisions\/247"}],"wp:attachment":[{"href":"https:\/\/www.ull.es\/formacion-permanente\/experto-universitario-sistemas-inteligentes-transporte\/wp-json\/wp\/v2\/media?parent=69"}],"curies":[{"name":"wp","href":"https:\/\/api.w.org\/{rel}","templated":true}]}}