{"id":15,"date":"2018-03-15T14:10:54","date_gmt":"2018-03-15T14:10:54","guid":{"rendered":"http:\/\/www.ull.es\/formacion-permanente\/?page_id=15"},"modified":"2026-03-25T15:30:46","modified_gmt":"2026-03-25T15:30:46","slug":"informacion-general","status":"publish","type":"page","link":"https:\/\/www.ull.es\/formacion-permanente\/fr\/informacion-general\/","title":{"rendered":"informations g\u00e9n\u00e9rales"},"content":{"rendered":"\n<div class=\"wp-block-stackable-columns alignfull stk-block-columns stk-block stk-2314a6b\" data-block-id=\"2314a6b\"><style>.stk-2314a6b {padding-bottom:0px !important;margin-bottom:0px !important;}<\/style><div class=\"stk-row stk-inner-blocks stk-block-content stk-content-align stk-2314a6b-column alignfull\">\n<div class=\"wp-block-stackable-column stk-block-column stk-column stk-block stk-1d1764d\" data-v=\"4\" data-block-id=\"1d1764d\"><div class=\"stk-column-wrapper stk-block-column__content stk-container stk-1d1764d-container stk--no-background stk--no-padding\"><div class=\"stk-block-content stk-inner-blocks stk-1d1764d-inner-blocks\"><style id=\"depicter-239-inline-pre-css\">\n\n.depicter-239:not(.depicter-ready){\n\theight:400px;\n}\n\n\/***** Tablet *****\/\n@media screen and (max-width: 1024px){\n\n.depicter-239:not(.depicter-ready){\n\theight:700px;\n}\n\n}\n\/***** Mobile *****\/\n@media screen and (max-width: 767px){\n\n.depicter-239:not(.depicter-ready){\n\theight:360px;\n}\n\n}\n<\/style>\n<div id=\"depicter-239\" class=\"depicter depicter-document depicter-revert depicter-239 depicter-layout-fullwidth\">\n\n<div class=\"depicter-loading-container depicter-loading dotFlashing-dark\"><div class=\"depicter-loading-dark depicter-dot-flashing\">\n   <span><\/span>\n   <span><\/span>\n   <span><\/span>\n<\/div>\n<\/div>\n<div id=\"depicter-239-section-1\" class=\"depicter-section depicter-239-section-1\" data-name=\"Section 1\" data-type=\"section\" data-local-id=\"section-1\">\n<picture class=\"depicter-bg\">\n<source data-depicter-srcset=\"https:\/\/www.ull.es\/formacion-permanente\/wp-content\/uploads\/2026\/03\/mobile-1-7047.jpg, https:\/\/www.ull.es\/formacion-permanente\/wp-content\/uploads\/2026\/03\/mobile-1-7047-1000x1100.jpg 2x\" srcset=\"data:image\/gif;base64,R0lGODlhAQABAIAAAAAAAP\/\/\/yH5BAEAAAAALAAAAAABAAEAAAIBRAA7\" media=\"(max-width: 767px)\" \/>\n\n<source data-depicter-srcset=\"https:\/\/www.ull.es\/formacion-permanente\/wp-content\/uploads\/2026\/03\/mobile-2.jpg, https:\/\/www.ull.es\/formacion-permanente\/wp-content\/uploads\/2026\/03\/mobile-2-1000x1100.jpg 2x\" srcset=\"data:image\/gif;base64,R0lGODlhAQABAIAAAAAAAP\/\/\/yH5BAEAAAAALAAAAAABAAEAAAIBRAA7\" media=\"(max-width: 1024px)\" \/>\n\n<source data-depicter-srcset=\"https:\/\/www.ull.es\/formacion-permanente\/wp-content\/uploads\/2026\/03\/web-3.jpg, https:\/\/www.ull.es\/formacion-permanente\/wp-content\/uploads\/2026\/03\/web-3-1920x600.jpg 2x\" srcset=\"data:image\/gif;base64,R0lGODlhAQABAIAAAAAAAP\/\/\/yH5BAEAAAAALAAAAAABAAEAAAIBRAA7\" media=\"(min-width: 1025px)\" \/>\n<img decoding=\"async\" src=\"data:image\/gif;base64,R0lGODlhAQABAIAAAAAAAP\/\/\/yH5BAEAAAAALAAAAAABAAEAAAIBRAA7\" data-ken-burns=\"{'scale':1,'duration':'5000','focalPoint':{'x':0.5,'y':0.38000000000000000444089209850062616169452667236328125},'easing':'linear'}\" data-tablet-ken-burns=\"{'scale':0.75,'duration':0,'focalPoint':{'x':0.5,'y':0.38000000000000000444089209850062616169452667236328125},'easing':'linear'}\" data-mobile-ken-burns=\"{'scale':1,'duration':0,'focalPoint':{'x':0.5,'y':0.38000000000000000444089209850062616169452667236328125},'easing':'linear'}\" alt=\"\" data-depicter-src=\"https:\/\/www.ull.es\/formacion-permanente\/wp-content\/uploads\/2026\/03\/web-3.jpg\" data-object-fit=\"cover,custom,custom\" data-object-position=\",,center center\" data-crop=\"{'focalPoint':{'x':0.5,'y':0.5},'mediaSize':{'width':1280,'height':400}}\" data-tablet-crop=\"{'focalPoint':{'x':0.5,'y':0.5},'mediaSize':{'width':1024,'height':1126.40000000000009094947017729282379150390625}}\" data-mobile-crop=\"{'focalPoint':{'x':0.5,'y':0.38000000000000000444089209850062616169452667236328125},'mediaSize':{'width':767,'height':843}}\" \/>\n<\/picture>\n\n\n<picture id=\"depicter-239-element-19\" class=\"depicter-element depicter-layer depicter-239-element-19\" data-type=\"image\" data-wrap=\"true\" data-name=\"Image 12\" data-local-id=\"element-19\" data-offset=\"x:-262px;y:-404px;origin:tl\" data-mobile-offset=\"x:-21px;y:-14px;origin:tl\" data-width=\"262px,,406px\" data-height=\"288px,,446px\" data-responsive-scale=\"true,,\" data-crop=\"false\">\n<source data-depicter-srcset=\"https:\/\/www.ull.es\/formacion-permanente\/wp-content\/uploads\/2026\/03\/mobile-2-406x446.jpg, https:\/\/www.ull.es\/formacion-permanente\/wp-content\/uploads\/2026\/03\/mobile-2-812x892.jpg 2x\" srcset=\"data:image\/gif;base64,R0lGODlhAQABAIAAAAAAAP\/\/\/yH5BAEAAAAALAAAAAABAAEAAAIBRAA7\" media=\"(max-width: 767px)\" \/>\n\n<source data-depicter-srcset=\"https:\/\/www.ull.es\/formacion-permanente\/wp-content\/uploads\/2026\/03\/mobile-2-262x288.jpg, https:\/\/www.ull.es\/formacion-permanente\/wp-content\/uploads\/2026\/03\/mobile-2-524x576.jpg 2x\" srcset=\"data:image\/gif;base64,R0lGODlhAQABAIAAAAAAAP\/\/\/yH5BAEAAAAALAAAAAABAAEAAAIBRAA7\" media=\"(min-width: 768px)\" \/>\n<img decoding=\"async\" src=\"data:image\/gif;base64,R0lGODlhAQABAIAAAAAAAP\/\/\/yH5BAEAAAAALAAAAAABAAEAAAIBRAA7\" data-depicter-src=\"https:\/\/www.ull.es\/formacion-permanente\/wp-content\/uploads\/2026\/03\/mobile-2-262x288.jpg\" alt=\"\" \/>\n<\/picture>\n<h2 id=\"depicter-239-element-15\" class=\"depicter-element depicter-layer depicter-239-element-15\" data-type=\"text\" data-wrap=\"true\" data-name=\"Text 3\" data-local-id=\"element-15\" data-offset=\"x:356px;y:158px;origin:tl\" data-tablet-offset=\"x:59px;y:308px;origin:tl\" data-mobile-offset=\"x:3px;y:162px;origin:tl\" data-width=\"662px,906px,360px\" data-height=\"auto,auto,auto\" data-responsive-scale=\"true,,\">T\u00edtulos propios<br><\/h2>\n\n<div id=\"depicter-239-element-16\" class=\"depicter-element depicter-layer depicter-239-element-16\" data-type=\"shape\" data-wrap=\"true\" data-name=\"Shape 1\" data-local-id=\"element-16\" data-offset=\"x:356px;y:255px;origin:tl\" data-tablet-offset=\"x:294px;y:398px;origin:tl\" data-mobile-offset=\"x:81px;y:209px;origin:tl\" data-width=\"518px,465px,204px\" data-height=\"8px,8px,8px\" data-responsive-scale=\"true,,\"><\/div>\n<\/div>\n<\/div>\n<script>\n(window.depicterSetups = window.depicterSetups || []).push(function(){\n\tDepicter.basePath = 'https:\/\/www.ull.es\/formacion-permanente\/wp-content\/plugins\/depicter\/resources\/scripts\/player\/';\n\tconst dpPlayer = Depicter.setup('.depicter-239',\n\t\t{\"width\":[\"1200\",\"1024\",\"360\"],\"height\":[\"400\",\"700\",\"360\"],\"view\":\"basic\",\"keepAspectRatio\":true,\"preload\":0,\"layout\":\"fullwidth\",\"rtl\":false,\"initAfterAppear\":false,\"ajaxApiUrl\":\"https:\\\/\\\/www.ull.es\\\/formacion-permanente\\\/wp-admin\\\/admin-ajax.php\",\"mouseSwipe\":true,\"touchSwipe\":true,\"useWatermark\":false}\n\t);\n});\n<\/script><\/div><\/div><\/div>\n<\/div><\/div>\n\n\n\n<div class=\"wp-block-stackable-heading alignfull stk-block-heading stk--hide-mobile stk-block-heading--v2 stk-block stk-67e3263 stk-block-background\" id=\"oferta-de-titulos-propios-curso-2026-2027\" data-block-id=\"67e3263\"><style>.stk-67e3263 {background-color:#e2be27 !important;padding-top:35px !important;padding-bottom:35px !important;margin-bottom:41px !important;}.stk-67e3263:before{background-color:#e2be27 !important;}.stk-67e3263 .stk-block-heading__text{font-size:20px !important;color:#ffffff !important;font-weight:500 !important;font-family:\"ArgentumSans\", Sans-serif !important;}@media screen and (max-width: 1023px){.stk-67e3263 .stk-block-heading__text{font-size:20px !important;}}<\/style><h2 class=\"stk-block-heading__text has-text-color has-text-align-center\">OFERTA DE TITULOS PROPIOS CURSO 2026-2027<\/h2><\/div>\n\n\n\n<div class=\"wp-block-stackable-columns alignwide stk-block-columns stk-block stk-6d3c23a\" data-block-id=\"6d3c23a\"><style>.stk-6d3c23a {padding-right:12% !important;padding-left:12% !important;}.stk-6d3c23a-column{--stk-column-gap:35px !important;}@media screen and (max-width: 767px){.stk-6d3c23a {padding-right:0px !important;padding-left:0px !important;}}<\/style><div class=\"stk-row stk-inner-blocks stk-block-content stk-content-align stk-6d3c23a-column alignwide\">\n<div class=\"wp-block-stackable-column stk-block-column stk-column stk-block stk-c85aebf\" data-v=\"4\" data-block-id=\"c85aebf\"><div class=\"stk-column-wrapper stk-block-column__content stk-container stk-c85aebf-container stk--no-background stk--no-padding\"><div class=\"stk-block-content stk-inner-blocks stk-c85aebf-inner-blocks\">\n<div class=\"wp-block-stackable-heading stk-block-heading stk-block-heading--v2 stk-block stk-37ecbc0\" id=\"informacion-general\" data-block-id=\"37ecbc0\"><style>.stk-37ecbc0 .stk-block-heading__bottom-line{width:100% !important;background-color:#e7e7e7 !important;margin-top:30px !important;}.stk-37ecbc0 {margin-bottom:40px !important;}.stk-37ecbc0 .stk-block-heading__text{color:#000000 !important;font-weight:700 !important;}@media screen and (max-width: 767px){.stk-37ecbc0 {padding-top:var(--stk--preset--spacing--50, 1.5rem) !important;}}<\/style><h1 class=\"stk-block-heading__text has-text-color has-text-align-left\">Informaci\u00f3n general<\/h1><\/div>\n\n\n\n<div class=\"wp-block-stackable-text stk-block-text stk-block stk-6529108\" data-block-id=\"6529108\"><p class=\"stk-block-text__text\">Los estudios conducentes a la obtenci\u00f3n de t\u00edtulos propios de grado y de posgrado son las ense\u00f1anzas que lleva a cabo la Universidad de La Laguna con el fin de facilitar una formaci\u00f3n universitaria acorde con la demanda social y que no est\u00e9 atendida por los estudios universitarios oficiales de grado o posgrado. Los fines de estos t\u00edtulos son los siguientes:<\/p><\/div>\n\n\n\n<ul class=\"wp-block-list\">\n<li>Atender a ense\u00f1anzas no establecidas en el cat\u00e1logo de titulaciones oficiales de la Universidad de La Laguna.<\/li>\n\n\n\n<li>Completar la formaci\u00f3n acad\u00e9mica de los titulados y tituladas universitarios y de los profesionales, ofreciendo la posibilidad de promover su especializaci\u00f3n y actualizaci\u00f3n profesional, cient\u00edfica, t\u00e9cnica o art\u00edstica.<\/li>\n\n\n\n<li>Desarrollar actividades que respondan a las demandas de la Universidad o del entorno social, que sirvan para difundir nuestra cultura en otros pa\u00edses, as\u00ed como v\u00eda de colaboraci\u00f3n con otras universidades, instituciones u organismos p\u00fablicos y privados.<\/li>\n\n\n\n<li>Contribuir a la formaci\u00f3n a lo largo de la vida desde una perspectiva universitaria.<\/li>\n\n\n\n<li>En las titulaciones propias de posgrado, difundir nuevos \u00e1mbitos de investigaci\u00f3n con posibilidades de aplicaci\u00f3n profesional.<\/li>\n<\/ul>\n\n\n\n<p>En todo caso, estos t\u00edtulos carecer\u00e1n de los efectos que las disposiciones legales otorguen a los t\u00edtulos oficiales y con validez en todo el territorio nacional. No obstante, la Universidad de La Laguna propiciar\u00e1, el reconocimiento por organismos p\u00fablicos y privados de los t\u00edtulos correspondientes a sus ense\u00f1anzas propias.<\/p>\n\n\n\n<div class=\"wp-block-stackable-heading stk-block-heading stk-block-heading--v2 stk-block stk-cbd0c68\" id=\"modalidades-de-las-ensenanzas\" data-block-id=\"cbd0c68\"><style>.stk-cbd0c68 .stk-block-heading__bottom-line{width:100% !important;background-color:#e7e7e7 !important;margin-top:30px !important;}.stk-cbd0c68 {margin-bottom:40px !important;}.stk-cbd0c68 .stk-block-heading__text{color:#000000 !important;font-weight:700 !important;}@media screen and (max-width: 767px){.stk-cbd0c68 {padding-top:var(--stk--preset--spacing--50, 1.5rem) !important;}}<\/style><h2 class=\"stk-block-heading__text has-text-color has-text-align-left\">Modalidades de las ense\u00f1anzas<\/h2><\/div>\n\n\n\n<p>La Universidad de La Laguna ofrece las siguientes modalidades de t\u00edtulos propios de posgrado<\/p>\n\n\n\n<table border=\"0\" cellspacing=\"1\" cellpadding=\"5\">\n<thead>\n<tr>\n<th class=\"celdaHead\" colspan=\"2\">T\u00cdTULOS PROPIOS DE POSGRADO<\/th>\n<th class=\"celdaHead\">CR\u00c9DITOS ECTS<\/th>\n<\/tr>\n<\/thead>\n<tbody>\n<tr>\n<td class=\"celda1\" align=\"right\" valign=\"top\"><strong>M\u00e1ster de Formaci\u00f3n Permanente:<\/strong><\/td>\n<td class=\"celda1\">estudios de especializaci\u00f3n cient\u00edfica o formaci\u00f3n profesional avanzada<\/td>\n<td class=\"celda1\">60 &#8211; 120<\/td>\n<\/tr>\n<tr>\n<td class=\"celda1\" align=\"right\" valign=\"top\"><strong>Diploma de Especializaci\u00f3n:<\/strong><\/td>\n<td class=\"celda1\">formaci\u00f3n avanzada especializada en \u00e1reas o temas concretos<\/td>\n<td class=\"celda1\">32 &#8211; 50<\/td>\n<\/tr>\n<tr>\n<td class=\"celda1\" align=\"right\" valign=\"top\"><strong>Experto Universitario:<\/strong><\/td>\n<td class=\"celda1\">formaci\u00f3n para ampliar la profesionalizaci\u00f3n en \u00e1reas o temas concretos<\/td>\n<td class=\"celda1\">15 &#8211; 30<\/td>\n<\/tr>\n<tr>\n<td class=\"celda2\" align=\"right\" valign=\"top\"><strong>Certificado de Formaci\u00f3n Espec\u00edfica:<\/strong><\/td>\n<td class=\"celda2\" valign=\"top\">estudios o cursos de formaci\u00f3n espec\u00edfica, dirigidos a la ampliaci\u00f3n y actualizaci\u00f3n de conocimientos acad\u00e9micos, cient\u00edficos, culturales o profesionales<\/td>\n<td class=\"celda2\">&lt; 15<\/td>\n<\/tr>\n<\/tbody>\n<\/table>\n<table border=\"0\" cellspacing=\"1\" cellpadding=\"5\">\n<thead>\n<tr>\n<th class=\"celdaHead\" colspan=\"2\">T\u00cdTULOS PROPIOS DE GRADO<\/th>\n<th class=\"celdaHead\">CR\u00c9DITOS ECTS<\/th>\n<\/tr>\n<\/thead>\n<tbody>\n<tr>\n<td class=\"celda1\" align=\"right\" valign=\"top\"><\/td>\n<td class=\"celda1\">Inicial<\/td>\n<td class=\"celda1\">Hasta 60<\/td>\n<\/tr>\n<tr>\n<td class=\"celda1\" align=\"right\" valign=\"top\"><strong>Diploma Universitario<\/strong><\/td>\n<td class=\"celda1\">Intermedio<\/td>\n<td class=\"celda1\">Hasta 120<\/td>\n<\/tr>\n<tr>\n<td class=\"celda1\" align=\"right\" valign=\"top\"><\/td>\n<td class=\"celda1\">Avanzado<\/td>\n<td class=\"celda1\">Hasta 180<\/td>\n<\/tr>\n<\/tbody>\n<\/table>\n<\/div><\/div><\/div>\n<\/div><\/div>\n","protected":false},"excerpt":{"rendered":"<p>OFERTA DE TITULOS PROPIOS CURSO 2026-2027 Informaci\u00f3n general Los estudios conducentes a la obtenci\u00f3n de t\u00edtulos propios de grado y de posgrado son las ense\u00f1anzas que lleva a cabo la Universidad de La Laguna con el fin de facilitar una formaci\u00f3n universitaria acorde con la demanda social y que no est\u00e9 atendida por los estudios&#8230;<\/p>","protected":false},"author":1,"featured_media":0,"parent":0,"menu_order":0,"comment_status":"closed","ping_status":"closed","template":"templates\/template-frontpage.php","meta":{"_acf_changed":false,"footnotes":""},"class_list":["post-15","page","type-page","status-publish","hentry"],"acf":[],"yoast_head":"<!-- This site is optimized with the Yoast SEO plugin v27.2 - https:\/\/yoast.com\/product\/yoast-seo-wordpress\/ -->\n<title>Informaci\u00f3n general - Formaci\u00f3n Permanente<\/title>\n<meta name=\"robots\" content=\"index, follow, max-snippet:-1, max-image-preview:large, max-video-preview:-1\" \/>\n<link rel=\"canonical\" href=\"https:\/\/www.ull.es\/formacion-permanente\/fr\/informacion-general\/\" \/>\n<meta property=\"og:locale\" content=\"fr_FR\" \/>\n<meta property=\"og:type\" content=\"article\" \/>\n<meta property=\"og:title\" content=\"Informaci\u00f3n general - Formaci\u00f3n Permanente\" \/>\n<meta property=\"og:description\" content=\"OFERTA DE TITULOS PROPIOS CURSO 2026-2027 Informaci\u00f3n general Los estudios conducentes a la obtenci\u00f3n de t\u00edtulos propios de grado y de posgrado son las ense\u00f1anzas que lleva a cabo la Universidad de La Laguna con el fin de facilitar una formaci\u00f3n universitaria acorde con la demanda social y que no est\u00e9 atendida por los estudios...\" \/>\n<meta property=\"og:url\" content=\"https:\/\/www.ull.es\/formacion-permanente\/fr\/informacion-general\/\" \/>\n<meta property=\"og:site_name\" content=\"Formaci\u00f3n Permanente\" \/>\n<meta property=\"article:modified_time\" content=\"2026-03-25T15:30:46+00:00\" \/>\n<meta name=\"twitter:card\" content=\"summary_large_image\" \/>\n<meta name=\"twitter:label1\" content=\"Dur\u00e9e de lecture estim\u00e9e\" \/>\n\t<meta name=\"twitter:data1\" content=\"2 minutes\" \/>\n<script type=\"application\/ld+json\" class=\"yoast-schema-graph\">{\"@context\":\"https:\/\/schema.org\",\"@graph\":[{\"@type\":\"WebPage\",\"@id\":\"https:\/\/www.ull.es\/formacion-permanente\/informacion-general\/\",\"url\":\"https:\/\/www.ull.es\/formacion-permanente\/informacion-general\/\",\"name\":\"Informaci\u00f3n general - Formaci\u00f3n Permanente\",\"isPartOf\":{\"@id\":\"https:\/\/www.ull.es\/formacion-permanente\/#website\"},\"datePublished\":\"2018-03-15T14:10:54+00:00\",\"dateModified\":\"2026-03-25T15:30:46+00:00\",\"breadcrumb\":{\"@id\":\"https:\/\/www.ull.es\/formacion-permanente\/informacion-general\/#breadcrumb\"},\"inLanguage\":\"fr-FR\",\"potentialAction\":[{\"@type\":\"ReadAction\",\"target\":[\"https:\/\/www.ull.es\/formacion-permanente\/informacion-general\/\"]}]},{\"@type\":\"BreadcrumbList\",\"@id\":\"https:\/\/www.ull.es\/formacion-permanente\/informacion-general\/#breadcrumb\",\"itemListElement\":[{\"@type\":\"ListItem\",\"position\":1,\"name\":\"Portada\",\"item\":\"https:\/\/www.ull.es\/formacion-permanente\/\"},{\"@type\":\"ListItem\",\"position\":2,\"name\":\"Informaci\u00f3n general\"}]},{\"@type\":\"WebSite\",\"@id\":\"https:\/\/www.ull.es\/formacion-permanente\/#website\",\"url\":\"https:\/\/www.ull.es\/formacion-permanente\/\",\"name\":\"Formaci\u00f3n Permanente\",\"description\":\"\",\"potentialAction\":[{\"@type\":\"SearchAction\",\"target\":{\"@type\":\"EntryPoint\",\"urlTemplate\":\"https:\/\/www.ull.es\/formacion-permanente\/?s={search_term_string}\"},\"query-input\":{\"@type\":\"PropertyValueSpecification\",\"valueRequired\":true,\"valueName\":\"search_term_string\"}}],\"inLanguage\":\"fr-FR\"}]}<\/script>\n<!-- \/ Yoast SEO plugin. -->","yoast_head_json":{"title":"Informaci\u00f3n general - Formaci\u00f3n Permanente","robots":{"index":"index","follow":"follow","max-snippet":"max-snippet:-1","max-image-preview":"max-image-preview:large","max-video-preview":"max-video-preview:-1"},"canonical":"https:\/\/www.ull.es\/formacion-permanente\/fr\/informacion-general\/","og_locale":"fr_FR","og_type":"article","og_title":"Informaci\u00f3n general - Formaci\u00f3n Permanente","og_description":"OFERTA DE TITULOS PROPIOS CURSO 2026-2027 Informaci\u00f3n general Los estudios conducentes a la obtenci\u00f3n de t\u00edtulos propios de grado y de posgrado son las ense\u00f1anzas que lleva a cabo la Universidad de La Laguna con el fin de facilitar una formaci\u00f3n universitaria acorde con la demanda social y que no est\u00e9 atendida por los estudios...","og_url":"https:\/\/www.ull.es\/formacion-permanente\/fr\/informacion-general\/","og_site_name":"Formaci\u00f3n Permanente","article_modified_time":"2026-03-25T15:30:46+00:00","twitter_card":"summary_large_image","twitter_misc":{"Dur\u00e9e de lecture estim\u00e9e":"2 minutes"},"schema":{"@context":"https:\/\/schema.org","@graph":[{"@type":"WebPage","@id":"https:\/\/www.ull.es\/formacion-permanente\/informacion-general\/","url":"https:\/\/www.ull.es\/formacion-permanente\/informacion-general\/","name":"Informaci\u00f3n general - Formaci\u00f3n Permanente","isPartOf":{"@id":"https:\/\/www.ull.es\/formacion-permanente\/#website"},"datePublished":"2018-03-15T14:10:54+00:00","dateModified":"2026-03-25T15:30:46+00:00","breadcrumb":{"@id":"https:\/\/www.ull.es\/formacion-permanente\/informacion-general\/#breadcrumb"},"inLanguage":"fr-FR","potentialAction":[{"@type":"ReadAction","target":["https:\/\/www.ull.es\/formacion-permanente\/informacion-general\/"]}]},{"@type":"BreadcrumbList","@id":"https:\/\/www.ull.es\/formacion-permanente\/informacion-general\/#breadcrumb","itemListElement":[{"@type":"ListItem","position":1,"name":"Portada","item":"https:\/\/www.ull.es\/formacion-permanente\/"},{"@type":"ListItem","position":2,"name":"Informaci\u00f3n general"}]},{"@type":"WebSite","@id":"https:\/\/www.ull.es\/formacion-permanente\/#website","url":"https:\/\/www.ull.es\/formacion-permanente\/","name":"Formation continue","description":"","potentialAction":[{"@type":"SearchAction","target":{"@type":"EntryPoint","urlTemplate":"https:\/\/www.ull.es\/formacion-permanente\/?s={search_term_string}"},"query-input":{"@type":"PropertyValueSpecification","valueRequired":true,"valueName":"search_term_string"}}],"inLanguage":"fr-FR"}]}},"_links":{"self":[{"href":"https:\/\/www.ull.es\/formacion-permanente\/fr\/wp-json\/wp\/v2\/pages\/15","targetHints":{"allow":["GET"]}}],"collection":[{"href":"https:\/\/www.ull.es\/formacion-permanente\/fr\/wp-json\/wp\/v2\/pages"}],"about":[{"href":"https:\/\/www.ull.es\/formacion-permanente\/fr\/wp-json\/wp\/v2\/types\/page"}],"author":[{"embeddable":true,"href":"https:\/\/www.ull.es\/formacion-permanente\/fr\/wp-json\/wp\/v2\/users\/1"}],"replies":[{"embeddable":true,"href":"https:\/\/www.ull.es\/formacion-permanente\/fr\/wp-json\/wp\/v2\/comments?post=15"}],"version-history":[{"count":8,"href":"https:\/\/www.ull.es\/formacion-permanente\/fr\/wp-json\/wp\/v2\/pages\/15\/revisions"}],"predecessor-version":[{"id":4192,"href":"https:\/\/www.ull.es\/formacion-permanente\/fr\/wp-json\/wp\/v2\/pages\/15\/revisions\/4192"}],"wp:attachment":[{"href":"https:\/\/www.ull.es\/formacion-permanente\/fr\/wp-json\/wp\/v2\/media?parent=15"}],"curies":[{"name":"wp","href":"https:\/\/api.w.org\/{rel}","templated":true}]}}