{"id":26,"date":"2018-03-15T09:25:25","date_gmt":"2018-03-15T09:25:25","guid":{"rendered":"http:\/\/www.ull.es\/formacion-permanente\/master-universitario-cuidados-final-vida\/?page_id=26"},"modified":"2018-05-25T11:06:45","modified_gmt":"2018-05-25T11:06:45","slug":"justificacion-del-titulo","status":"publish","type":"page","link":"https:\/\/www.ull.es\/formacion-permanente\/master-formacion-permanente-cuidados-final-vida-tanatologia\/en\/justificacion-del-titulo\/","title":{"rendered":"Title justification"},"content":{"rendered":"<h1>Title justification<\/h1>\n<p>The Master&#039;s Degree in Thanatology, online (blended) modality, emerged in 2002, fundamentally from the integration of two large converging blocks: the possibility of training at the highest level in the professional curriculum of this great training gap surrounding human death and dying and care at the end of life and the adaptation of the teaching-learning strategies necessary and essential for the acquisition of said training in what refers to death and dying, in relation to the acquisition of adequate knowledge, attitudes and aptitudes.<\/p>\n<p>As a result of the convergence of both interests, daily online tutoring options are established, complemented by in-person workshops grouped into a short but intensive period. This allows students to travel from different backgrounds and ensures their training opportunities. This alternative approach addresses some, but not all, of the challenges.<\/p>\n<p>We are aware that knowledge about death and dying involves various dimensions, present to a greater or lesser degree in all cultural, social, biological, psychological, emotional and moral content, where the student is both the subject and object of knowledge, and makes use of this information to explain the surrounding social world, and which is built from alternatives and possibilities constructed from face-to-face training, supervised personal work and the completion of external internships in Health Centers.<\/p>","protected":false},"excerpt":{"rendered":"<p>Justificaci\u00f3n del t\u00edtulo El M\u00e1ster Propio en Tanatolog\u00eda, modalidad on-line (semipresencial), surgi\u00f3 en 2002, fundamentalmente de la integraci\u00f3n de dos grandes bloques confluyentes: posibilidad formativa de m\u00e1ximo nivel en el curr\u00edculum profesional de ese gran vac\u00edo formativo en torno a la muerte y el morir humanos y los cuidados al final de la vida y&#8230;<\/p>","protected":false},"author":1,"featured_media":0,"parent":0,"menu_order":0,"comment_status":"closed","ping_status":"closed","template":"","meta":{"footnotes":""},"class_list":["post-26","page","type-page","status-publish","hentry"],"_links":{"self":[{"href":"https:\/\/www.ull.es\/formacion-permanente\/master-formacion-permanente-cuidados-final-vida-tanatologia\/en\/wp-json\/wp\/v2\/pages\/26","targetHints":{"allow":["GET"]}}],"collection":[{"href":"https:\/\/www.ull.es\/formacion-permanente\/master-formacion-permanente-cuidados-final-vida-tanatologia\/en\/wp-json\/wp\/v2\/pages"}],"about":[{"href":"https:\/\/www.ull.es\/formacion-permanente\/master-formacion-permanente-cuidados-final-vida-tanatologia\/en\/wp-json\/wp\/v2\/types\/page"}],"author":[{"embeddable":true,"href":"https:\/\/www.ull.es\/formacion-permanente\/master-formacion-permanente-cuidados-final-vida-tanatologia\/en\/wp-json\/wp\/v2\/users\/1"}],"replies":[{"embeddable":true,"href":"https:\/\/www.ull.es\/formacion-permanente\/master-formacion-permanente-cuidados-final-vida-tanatologia\/en\/wp-json\/wp\/v2\/comments?post=26"}],"version-history":[{"count":3,"href":"https:\/\/www.ull.es\/formacion-permanente\/master-formacion-permanente-cuidados-final-vida-tanatologia\/en\/wp-json\/wp\/v2\/pages\/26\/revisions"}],"predecessor-version":[{"id":86,"href":"https:\/\/www.ull.es\/formacion-permanente\/master-formacion-permanente-cuidados-final-vida-tanatologia\/en\/wp-json\/wp\/v2\/pages\/26\/revisions\/86"}],"wp:attachment":[{"href":"https:\/\/www.ull.es\/formacion-permanente\/master-formacion-permanente-cuidados-final-vida-tanatologia\/en\/wp-json\/wp\/v2\/media?parent=26"}],"curies":[{"name":"wp","href":"https:\/\/api.w.org\/{rel}","templated":true}]}}