{"id":31,"date":"2018-03-15T09:39:30","date_gmt":"2018-03-15T09:39:30","guid":{"rendered":"http:\/\/www.ull.es\/formacion-permanente\/master-universitario-cuidados-final-vida\/?page_id=31"},"modified":"2025-08-06T07:53:53","modified_gmt":"2025-08-06T07:53:53","slug":"competencias","status":"publish","type":"page","link":"https:\/\/www.ull.es\/formacion-permanente\/master-formacion-permanente-cuidados-final-vida-tanatologia\/en\/competencias\/","title":{"rendered":"Competencies"},"content":{"rendered":"\n<div class=\"wp-block-stackable-columns alignfull stk-block-columns stk-block stk-8657999\" data-block-id=\"8657999\"><style>.stk-8657999 {padding-bottom:0px !important;margin-top:-30px !important;margin-bottom:0px !important;}@media screen and (max-width: 767px){.stk-8657999 {margin-top:-10% !important;}}<\/style><div class=\"stk-row stk-inner-blocks stk-block-content stk-content-align stk-8657999-column alignfull\">\n<div class=\"wp-block-stackable-column stk-block-column stk-column stk-block stk-914f03e\" data-v=\"4\" data-block-id=\"914f03e\"><div class=\"stk-column-wrapper stk-block-column__content stk-container stk-914f03e-container stk--no-background stk--no-padding\"><div class=\"stk-block-content stk-inner-blocks stk-914f03e-inner-blocks\"><style id=\"depicter-2-inline-pre-css\">\n\n.depicter-2:not(.depicter-ready){\n\theight:450px;\n}\n\n\/***** Tablet *****\/\n@media screen and (max-width: 1024px){\n\n.depicter-2:not(.depicter-ready){\n\theight:700px;\n}\n\n}\n\/***** Mobile *****\/\n@media screen and (max-width: 767px){\n\n.depicter-2:not(.depicter-ready){\n\theight:450px;\n}\n\n}\n<\/style>\n<div id=\"depicter-2\" class=\"depicter depicter-document depicter-revert depicter-2 depicter-layout-fullwidth\">\n\n<div class=\"depicter-loading-container depicter-loading dotFlashing-dark\"><div class=\"depicter-loading-dark depicter-dot-flashing\">\n   <span><\/span>\n   <span><\/span>\n   <span><\/span>\n<\/div>\n<\/div>\n<div id=\"depicter-2-section-1\" class=\"depicter-section depicter-2-section-1\" data-name=\"Section 1\" data-type=\"section\" data-local-id=\"section-1\">\n<picture class=\"depicter-bg\">\n<source data-depicter-srcset=\"https:\/\/www.ull.es\/formacion-permanente\/master-formacion-permanente-cuidados-final-vida-tanatologia\/wp-content\/uploads\/sites\/4\/2025\/08\/cuarto-de-hospital-768x513.jpg, https:\/\/www.ull.es\/formacion-permanente\/master-formacion-permanente-cuidados-final-vida-tanatologia\/wp-content\/uploads\/sites\/4\/2025\/08\/cuarto-de-hospital.jpg 2x\" srcset=\"data:image\/gif;base64,R0lGODlhAQABAIAAAAAAAP\/\/\/yH5BAEAAAAALAAAAAABAAEAAAIBRAA7\" media=\"(max-width: 1024px)\" \/>\n\n<source data-depicter-srcset=\"https:\/\/www.ull.es\/formacion-permanente\/master-formacion-permanente-cuidados-final-vida-tanatologia\/wp-content\/uploads\/sites\/4\/2025\/08\/cuarto-de-hospital.jpg, https:\/\/www.ull.es\/formacion-permanente\/master-formacion-permanente-cuidados-final-vida-tanatologia\/wp-content\/uploads\/sites\/4\/2025\/08\/cuarto-de-hospital-2000x1335.jpg 2x\" srcset=\"data:image\/gif;base64,R0lGODlhAQABAIAAAAAAAP\/\/\/yH5BAEAAAAALAAAAAABAAEAAAIBRAA7\" media=\"(min-width: 1025px)\" \/>\n<img decoding=\"async\" src=\"data:image\/gif;base64,R0lGODlhAQABAIAAAAAAAP\/\/\/yH5BAEAAAAALAAAAAABAAEAAAIBRAA7\" data-ken-burns=\"false\" data-tablet-ken-burns=\"false\" data-mobile-ken-burns=\"false\" alt=\"\" data-depicter-src=\"https:\/\/www.ull.es\/formacion-permanente\/master-formacion-permanente-cuidados-final-vida-tanatologia\/wp-content\/uploads\/sites\/4\/2025\/08\/cuarto-de-hospital.jpg\" data-object-fit=\"custom,custom,\" data-object-position=\"center top,,\" data-crop=\"{'focalPoint':{'x':0.5,'y':0.7800000000000000266453525910037569701671600341796875},'mediaSize':{'width':1792,'height':1196}}\" data-tablet-crop=\"{'focalPoint':{'x':0.5,'y':0.5},'mediaSize':{'width':1048.68913857677898704423569142818450927734375,'height':699.9999999999998863131622783839702606201171875}}\" data-mobile-crop=\"{'focalPoint':{'x':0.5,'y':0.5},'mediaSize':{'width':674.1573033707865079122711904346942901611328125,'height':450}}\" \/>\n<\/picture>\n\n\n<h1 id=\"depicter-2-element-5\" class=\"depicter-element depicter-layer depicter-2-element-5\" data-type=\"text\" data-wrap=\"true\" data-name=\"Text 2\" data-local-id=\"element-5\" data-offset=\"x:0px;y:118px;origin:tl\" data-tablet-offset=\"x:189px;y:206px;origin:tl\" data-mobile-offset=\"x:0px;y:142px;origin:tl\" data-width=\"1060px,646px,376px\" data-height=\"auto,auto,auto\" data-responsive-scale=\"true,,\">M\u00e1ster de Formaci\u00f3n Permanente en Cuidados de la Vida (Tanatolog\u00eda)<br><\/h1>\n\n<div id=\"depicter-2-element-10\" class=\"depicter-element depicter-layer depicter-2-element-10\" data-type=\"shape\" data-wrap=\"true\" data-name=\"Shape 1\" data-local-id=\"element-10\" data-offset=\"x:0px;y:366px;origin:tl\" data-tablet-offset=\"x:189px;y:506px;origin:tl\" data-mobile-offset=\"x:0px;y:313px;origin:tl\" data-width=\"968px,647px,360px\" data-height=\"8px,8px,8px\" data-responsive-scale=\"true,,\"><\/div>\n<\/div>\n<\/div>\n<script>\n(window.depicterSetups = window.depicterSetups || []).push(function(){\n\tDepicter.basePath = 'https:\/\/www.ull.es\/formacion-permanente\/master-formacion-permanente-cuidados-final-vida-tanatologia\/wp-content\/plugins\/depicter\/resources\/scripts\/player\/';\n\tconst dpPlayer = Depicter.setup('.depicter-2',\n\t\t{\"width\":[\"1200\",\"1024\",\"360\"],\"height\":[\"450\",\"700\",\"450\"],\"view\":\"basic\",\"keepAspectRatio\":true,\"preload\":0,\"layout\":\"fullwidth\",\"rtl\":false,\"initAfterAppear\":false,\"ajaxApiUrl\":\"https:\\\/\\\/www.ull.es\\\/formacion-permanente\\\/master-formacion-permanente-cuidados-final-vida-tanatologia\\\/wp-admin\\\/admin-ajax.php\",\"mouseSwipe\":true,\"touchSwipe\":true,\"useWatermark\":false}\n\t);\n});\n<\/script><\/div><\/div><\/div>\n<\/div><\/div>\n\n\n\n<div class=\"wp-block-stackable-columns alignfull stk-block-columns stk--hide-mobile stk-block stk-ceecbdc stk-block-background\" data-block-id=\"ceecbdc\"><style>.stk-ceecbdc {background-color:#e2be27 !important;padding-top:65px !important;padding-right:0px !important;padding-bottom:2px !important;padding-left:0px !important;margin-top:-20px !important;margin-bottom:0px !important;}.stk-ceecbdc:before{background-color:#e2be27 !important;}<\/style><div class=\"stk-row stk-inner-blocks stk-block-content stk-content-align stk-ceecbdc-column alignfull\">\n<div class=\"wp-block-stackable-column stk-block-column stk-column stk-block stk-fc60a5d\" data-v=\"4\" data-block-id=\"fc60a5d\"><div class=\"stk-column-wrapper stk-block-column__content stk-container stk-fc60a5d-container stk--no-background stk--no-padding\"><div class=\"stk-block-content stk-inner-blocks stk-fc60a5d-inner-blocks\">\n<div class=\"wp-block-stackable-spacer stk-block-spacer stk--no-padding stk-block stk-a3a8a68\" data-block-id=\"a3a8a68\"><style>.stk-a3a8a68 {height:0px !important;}<\/style><\/div>\n<\/div><\/div><\/div>\n<\/div><\/div>\n\n\n\n<div class=\"wp-block-stackable-columns stk-block-columns stk-block stk-8b59b96\" data-block-id=\"8b59b96\"><style>.stk-8b59b96 .stk--block-align-8b59b96{align-items:flex-start !important;}.stk-8b59b96 {margin-top:50px !important;}.stk-8b59b96-column{--stk-columns-spacing:0px !important;--stk-column-gap:50px !important;}@media screen and (max-width: 767px){.stk-8b59b96-column{row-gap:var(--stk--preset--spacing--60, 2.25rem) !important;}}<\/style><div class=\"stk-row stk-inner-blocks stk--block-align-8b59b96 stk-block-content stk-content-align stk-8b59b96-column\">\n<div class=\"wp-block-stackable-column stk-block-column stk-column stk-block stk-dbb7e15\" data-v=\"4\" data-block-id=\"dbb7e15\"><style>@media screen and (min-width: 768px){.stk-dbb7e15 {flex:var(--stk-flex-grow, 1) 1 66.7% !important;}}<\/style><div class=\"stk-column-wrapper stk-block-column__content stk-container stk-dbb7e15-container stk--no-background stk--no-padding\"><div class=\"stk-block-content stk-inner-blocks stk-dbb7e15-inner-blocks\">\n<div class=\"wp-block-stackable-heading stk-block-heading stk-block-heading--v2 stk-block stk-fc6338c\" id=\"competencias-especificas\" data-block-id=\"fc6338c\"><style>.stk-fc6338c .stk-block-heading__text{color:#000000 !important;}<\/style><h1 class=\"stk-block-heading__text has-text-color\">Competencias espec\u00edficas<\/h1><\/div>\n\n\n\n<div class=\"wp-block-stackable-text stk-block-text stk-block stk-47f2e5a\" data-block-id=\"47f2e5a\"><p class=\"stk-block-text__text\">CE1. Capacidad de iniciar proyectos de investigaci\u00f3n y definir el contexto y las variables que intervienen en un dise\u00f1o de investigaci\u00f3n en el \u00e1rea de la tanatolog\u00eda.<\/p><\/div>\n\n\n\n<p>CE2. Capacidad de liderar dirigir y coordinar instituciones y equipos en el \u00e1mbito de los cuidados al final de la vida.<\/p>\n\n\n\n<p>CE3. Capacidad de responder a las necesidades del paciente al final de la vida con la planificaci\u00f3n, prestaci\u00f3n y evaluaci\u00f3n de los programas individualizados m\u00e1s apropiados de atenci\u00f3n, junto con el cuidador principal, la familia y los&nbsp;otros trabajadores sanitarios o sociales.<\/p>\n\n\n\n<p>CE4. Capacidad para trabajar en el campo de la atenci\u00f3n al final de la vida en un contexto profesional \u00e9tico y de c\u00f3digos reguladores y legales, reconociendo y respondiendo a dilemas y temas \u00e9ticos o morales en la pr\u00e1ctica diaria y atendiendo a la diversidad cultural.<\/p>\n\n\n\n<p>CE5. Conocimiento de los C\u00f3digos \u00c9ticos y la Legislaci\u00f3n que regulan el derecho a una muerte digna en Espa\u00f1a, Europa y Am\u00e9rica.<\/p>\n\n\n\n<p>CE6. Dentro del contexto cl\u00ednico y comunitario de atenci\u00f3n al final de la vida y el duelo: capacidad de educar, facilitar, supervisar y dar soporte a los pacientes y sus familias.<\/p>\n\n\n\n<p>CE7. Gestionar, dise\u00f1ar y participar en programas de innovaci\u00f3n pedag\u00f3gica en Educaci\u00f3n tanatol\u00f3gica.<\/p>\n\n\n\n<p>CE8. Capacidad de informar, educar y comunicarse adecuadamente con pacientes en situaci\u00f3n terminal, sus familias y comunidades.<\/p>\n\n\n\n<p><strong>Competencias de las Pr\u00e1cticas Externas:<\/strong><\/p>\n\n\n\n<p>CE9 PE. Desarrollar las competencias instrumentales adquiridas.<\/p>\n\n\n\n<p>CE10 PE. Conocer instituciones, organismos y empresas vinculados con el \u00e1rea de cuidados al final de la vida, el morir y la muerte.<\/p>\n<\/div><\/div><\/div>\n\n\n\n<div class=\"wp-block-stackable-column stk-block-column stk-column stk-block stk-53ec762\" data-v=\"4\" data-block-id=\"53ec762\"><style>.stk-53ec762-inner-blocks{row-gap:0px !important;}.stk-53ec762 {padding-top:0px !important;padding-right:0px !important;padding-bottom:0px !important;padding-left:0px !important;margin-top:1.75% !important;}@media screen and (min-width: 768px){.stk-53ec762 {flex:var(--stk-flex-grow, 1) 1 33.3% !important;}}<\/style><div class=\"stk-column-wrapper stk-block-column__content stk-container stk-53ec762-container stk--no-background stk--no-padding\"><div class=\"stk-block-content stk-inner-blocks stk-53ec762-inner-blocks\">\n<ul class=\"widget-box\">\n<li class='contacto-header'>Informaci\u00f3n de contacto<\/li><li><i class=\"fa fa-map-marker\"><\/i> Avda. Astrof\u00edsico Francisco S\u00e1nchez, SN. Edificio Calabaza - AN.2D Apdo. 456 38200 San Crist\u00f3bal de La Laguna.<\/li><li><i class=\"fa fa-phone\"><\/i> (+34) 922 31 79 00 \/ 95 38<\/li><li><i class=\"fa fa-envelope\"><\/i>  <a href=mailto:tpropios@ull.es>tpropios@ull.es<\/a><\/li>\n<\/ul>\n\n\n\n\n\n<div class=\"wp-block-stackable-spacer stk-block-spacer stk--no-padding stk-block stk-6d33d0e\" data-block-id=\"6d33d0e\"><style>.stk-6d33d0e {height:25px !important;}<\/style><\/div>\n<\/div><\/div><\/div>\n<\/div><\/div>\n","protected":false},"excerpt":{"rendered":"<p>Competencias espec\u00edficas CE1. Capacidad de iniciar proyectos de investigaci\u00f3n y definir el contexto y las variables que intervienen en un dise\u00f1o de investigaci\u00f3n en el \u00e1rea de la tanatolog\u00eda. CE2. Capacidad de liderar dirigir y coordinar instituciones y equipos en el \u00e1mbito de los cuidados al final de la vida. CE3. Capacidad de responder a&#8230;<\/p>","protected":false},"author":1,"featured_media":0,"parent":0,"menu_order":0,"comment_status":"closed","ping_status":"closed","template":"templates\/template-frontpage.php","meta":{"footnotes":""},"class_list":["post-31","page","type-page","status-publish","hentry"],"_links":{"self":[{"href":"https:\/\/www.ull.es\/formacion-permanente\/master-formacion-permanente-cuidados-final-vida-tanatologia\/en\/wp-json\/wp\/v2\/pages\/31","targetHints":{"allow":["GET"]}}],"collection":[{"href":"https:\/\/www.ull.es\/formacion-permanente\/master-formacion-permanente-cuidados-final-vida-tanatologia\/en\/wp-json\/wp\/v2\/pages"}],"about":[{"href":"https:\/\/www.ull.es\/formacion-permanente\/master-formacion-permanente-cuidados-final-vida-tanatologia\/en\/wp-json\/wp\/v2\/types\/page"}],"author":[{"embeddable":true,"href":"https:\/\/www.ull.es\/formacion-permanente\/master-formacion-permanente-cuidados-final-vida-tanatologia\/en\/wp-json\/wp\/v2\/users\/1"}],"replies":[{"embeddable":true,"href":"https:\/\/www.ull.es\/formacion-permanente\/master-formacion-permanente-cuidados-final-vida-tanatologia\/en\/wp-json\/wp\/v2\/comments?post=31"}],"version-history":[{"count":4,"href":"https:\/\/www.ull.es\/formacion-permanente\/master-formacion-permanente-cuidados-final-vida-tanatologia\/en\/wp-json\/wp\/v2\/pages\/31\/revisions"}],"predecessor-version":[{"id":179,"href":"https:\/\/www.ull.es\/formacion-permanente\/master-formacion-permanente-cuidados-final-vida-tanatologia\/en\/wp-json\/wp\/v2\/pages\/31\/revisions\/179"}],"wp:attachment":[{"href":"https:\/\/www.ull.es\/formacion-permanente\/master-formacion-permanente-cuidados-final-vida-tanatologia\/en\/wp-json\/wp\/v2\/media?parent=31"}],"curies":[{"name":"wp","href":"https:\/\/api.w.org\/{rel}","templated":true}]}}