{"id":26,"date":"2018-03-15T09:25:25","date_gmt":"2018-03-15T09:25:25","guid":{"rendered":"http:\/\/www.ull.es\/formacion-permanente\/master-universitario-cuidados-final-vida\/?page_id=26"},"modified":"2018-05-25T11:06:45","modified_gmt":"2018-05-25T11:06:45","slug":"justificacion-del-titulo","status":"publish","type":"page","link":"https:\/\/www.ull.es\/formacion-permanente\/master-formacion-permanente-cuidados-final-vida-tanatologia\/fr\/justificacion-del-titulo\/","title":{"rendered":"Justification du titre"},"content":{"rendered":"<h1>Justification du titre<\/h1>\n<p>Le Master en Thanatologie, modalit\u00e9 en ligne (mixte), est n\u00e9 en 2002, fondamentalement de l&#039;int\u00e9gration de deux grands blocs convergents : la possibilit\u00e9 de se former au plus haut niveau dans le cursus professionnel de ce grand foss\u00e9 de formation autour de la mort et du mourir humains et des soins de fin de vie et l&#039;adaptation des strat\u00e9gies d&#039;enseignement-apprentissage n\u00e9cessaires et essentielles \u00e0 l&#039;acquisition de cette formation en ce qui concerne la mort et le mourir, en relation avec l&#039;acquisition de connaissances, d&#039;attitudes et d&#039;aptitudes ad\u00e9quates.<\/p>\n<p>Fruit de la convergence de ces deux int\u00e9r\u00eats, des options de tutorat en ligne quotidien sont mises en place, compl\u00e9t\u00e9es par des ateliers en pr\u00e9sentiel regroup\u00e9s sur une p\u00e9riode courte mais intensive. Cela permet aux \u00e9tudiants de diff\u00e9rents horizons de se former et de b\u00e9n\u00e9ficier de perspectives de formation. Cette approche alternative r\u00e9pond \u00e0 certains d\u00e9fis, mais pas \u00e0 tous.<\/p>\n<p>Nous sommes conscients que la connaissance de la mort et du mourir comporte diverses dimensions, pr\u00e9sentes \u00e0 un degr\u00e9 plus ou moins grand dans tous les contenus culturels, sociaux, biologiques, psychologiques, \u00e9motionnels et moraux, o\u00f9 l&#039;\u00e9tudiant est \u00e0 la fois sujet et objet de connaissance, et utilise ces informations pour expliquer le monde social qui l&#039;entoure, et qui se construit \u00e0 partir d&#039;alternatives et de possibilit\u00e9s construites \u00e0 partir de formations en pr\u00e9sentiel, de travaux personnels supervis\u00e9s et de la r\u00e9alisation de stages externes dans des Centres de Sant\u00e9.<\/p>","protected":false},"excerpt":{"rendered":"<p>Justificaci\u00f3n del t\u00edtulo El M\u00e1ster Propio en Tanatolog\u00eda, modalidad on-line (semipresencial), surgi\u00f3 en 2002, fundamentalmente de la integraci\u00f3n de dos grandes bloques confluyentes: posibilidad formativa de m\u00e1ximo nivel en el curr\u00edculum profesional de ese gran vac\u00edo formativo en torno a la muerte y el morir humanos y los cuidados al final de la vida y&#8230;<\/p>","protected":false},"author":1,"featured_media":0,"parent":0,"menu_order":0,"comment_status":"closed","ping_status":"closed","template":"","meta":{"footnotes":""},"class_list":["post-26","page","type-page","status-publish","hentry"],"_links":{"self":[{"href":"https:\/\/www.ull.es\/formacion-permanente\/master-formacion-permanente-cuidados-final-vida-tanatologia\/fr\/wp-json\/wp\/v2\/pages\/26","targetHints":{"allow":["GET"]}}],"collection":[{"href":"https:\/\/www.ull.es\/formacion-permanente\/master-formacion-permanente-cuidados-final-vida-tanatologia\/fr\/wp-json\/wp\/v2\/pages"}],"about":[{"href":"https:\/\/www.ull.es\/formacion-permanente\/master-formacion-permanente-cuidados-final-vida-tanatologia\/fr\/wp-json\/wp\/v2\/types\/page"}],"author":[{"embeddable":true,"href":"https:\/\/www.ull.es\/formacion-permanente\/master-formacion-permanente-cuidados-final-vida-tanatologia\/fr\/wp-json\/wp\/v2\/users\/1"}],"replies":[{"embeddable":true,"href":"https:\/\/www.ull.es\/formacion-permanente\/master-formacion-permanente-cuidados-final-vida-tanatologia\/fr\/wp-json\/wp\/v2\/comments?post=26"}],"version-history":[{"count":3,"href":"https:\/\/www.ull.es\/formacion-permanente\/master-formacion-permanente-cuidados-final-vida-tanatologia\/fr\/wp-json\/wp\/v2\/pages\/26\/revisions"}],"predecessor-version":[{"id":86,"href":"https:\/\/www.ull.es\/formacion-permanente\/master-formacion-permanente-cuidados-final-vida-tanatologia\/fr\/wp-json\/wp\/v2\/pages\/26\/revisions\/86"}],"wp:attachment":[{"href":"https:\/\/www.ull.es\/formacion-permanente\/master-formacion-permanente-cuidados-final-vida-tanatologia\/fr\/wp-json\/wp\/v2\/media?parent=26"}],"curies":[{"name":"wp","href":"https:\/\/api.w.org\/{rel}","templated":true}]}}