{"id":26,"date":"2018-03-15T09:25:25","date_gmt":"2018-03-15T09:25:25","guid":{"rendered":"http:\/\/www.ull.es\/formacion-permanente\/master-universitario-cuidados-final-vida\/?page_id=26"},"modified":"2018-05-25T11:06:45","modified_gmt":"2018-05-25T11:06:45","slug":"justificacion-del-titulo","status":"publish","type":"page","link":"https:\/\/www.ull.es\/formacion-permanente\/master-formacion-permanente-cuidados-final-vida-tanatologia\/justificacion-del-titulo\/","title":{"rendered":"Justificaci\u00f3n del t\u00edtulo"},"content":{"rendered":"<h1>Justificaci\u00f3n del t\u00edtulo<\/h1>\n<p>El M\u00e1ster Propio en Tanatolog\u00eda, modalidad on-line (semipresencial), surgi\u00f3 en 2002, fundamentalmente de la integraci\u00f3n de dos grandes bloques confluyentes: posibilidad formativa de m\u00e1ximo nivel en el curr\u00edculum profesional de ese gran vac\u00edo formativo en torno a la muerte y el morir humanos y los cuidados al final de la vida y de\u00a0adecuaci\u00f3n de las estrategias de ense\u00f1anza-aprendizaje necesarias e imprescindibles para la adquisici\u00f3n de dicha formaci\u00f3n en lo que la muerte y el morir se refiere, en lo relativo a adquisici\u00f3n de conocimientos, actitudes y aptitudes adecuadas.<\/p>\n<p>Fruto de la confluencia de ambos intereses, ello se arbitra formulas de tutorizaci\u00f3n diaria on-line, complementados con talleres presenciales que se agrupan en un periodo de tiempo corto aunque intensivo, de modo que se posibilita el traslado del alumnado desde distintas procedencias, y les asegura la posibilidad de formaci\u00f3n. F\u00f3rmula alternativa que solventa algunas de las dificultades, aunque no todas.<\/p>\n<p>Somos conscientes que el conocimiento sobre la muerte y el morir comporta diversas dimensiones, presentes en mayor o menor grado en todos los contenidos de car\u00e1cter cultural, social, biol\u00f3gico, psicol\u00f3gico, afectivo y moral, donde el alumno es sujeto y objeto del conocimiento, y hace uso de esta informaci\u00f3n para explicar el mundo social circundante, y que la cual se construye desde alternativas y posibilidades construidas desde la formaci\u00f3n presencial, trabajo personal tutorizado y realizaci\u00f3n de pr\u00e1cticas externas en Centros\u00a0Sanitarios.<\/p>\n","protected":false},"excerpt":{"rendered":"<p>Justificaci\u00f3n del t\u00edtulo El M\u00e1ster Propio en Tanatolog\u00eda, modalidad on-line (semipresencial), surgi\u00f3 en 2002, fundamentalmente de la integraci\u00f3n de dos grandes bloques confluyentes: posibilidad formativa de m\u00e1ximo nivel en el curr\u00edculum profesional de ese gran vac\u00edo formativo en torno a la muerte y el morir humanos y los cuidados al final de la vida y&#8230;<\/p>\n","protected":false},"author":1,"featured_media":0,"parent":0,"menu_order":0,"comment_status":"closed","ping_status":"closed","template":"","meta":{"footnotes":""},"class_list":["post-26","page","type-page","status-publish","hentry"],"_links":{"self":[{"href":"https:\/\/www.ull.es\/formacion-permanente\/master-formacion-permanente-cuidados-final-vida-tanatologia\/wp-json\/wp\/v2\/pages\/26","targetHints":{"allow":["GET"]}}],"collection":[{"href":"https:\/\/www.ull.es\/formacion-permanente\/master-formacion-permanente-cuidados-final-vida-tanatologia\/wp-json\/wp\/v2\/pages"}],"about":[{"href":"https:\/\/www.ull.es\/formacion-permanente\/master-formacion-permanente-cuidados-final-vida-tanatologia\/wp-json\/wp\/v2\/types\/page"}],"author":[{"embeddable":true,"href":"https:\/\/www.ull.es\/formacion-permanente\/master-formacion-permanente-cuidados-final-vida-tanatologia\/wp-json\/wp\/v2\/users\/1"}],"replies":[{"embeddable":true,"href":"https:\/\/www.ull.es\/formacion-permanente\/master-formacion-permanente-cuidados-final-vida-tanatologia\/wp-json\/wp\/v2\/comments?post=26"}],"version-history":[{"count":3,"href":"https:\/\/www.ull.es\/formacion-permanente\/master-formacion-permanente-cuidados-final-vida-tanatologia\/wp-json\/wp\/v2\/pages\/26\/revisions"}],"predecessor-version":[{"id":86,"href":"https:\/\/www.ull.es\/formacion-permanente\/master-formacion-permanente-cuidados-final-vida-tanatologia\/wp-json\/wp\/v2\/pages\/26\/revisions\/86"}],"wp:attachment":[{"href":"https:\/\/www.ull.es\/formacion-permanente\/master-formacion-permanente-cuidados-final-vida-tanatologia\/wp-json\/wp\/v2\/media?parent=26"}],"curies":[{"name":"wp","href":"https:\/\/api.w.org\/{rel}","templated":true}]}}