{"id":23,"date":"2018-03-15T09:21:38","date_gmt":"2018-03-15T09:21:38","guid":{"rendered":"http:\/\/www.ull.es\/formacion-permanente\/cef-competencias-para-liderazgo\/?page_id=23"},"modified":"2025-08-19T07:27:12","modified_gmt":"2025-08-19T07:27:12","slug":"descripcion-del-titulo","status":"publish","type":"page","link":"https:\/\/www.ull.es\/formacion-permanente\/master-formacion-permanente-docencia-universitaria\/en\/descripcion-del-titulo\/","title":{"rendered":"Title description"},"content":{"rendered":"\n<div class=\"wp-block-stackable-columns alignfull stk-block-columns stk-block stk-8657999\" data-block-id=\"8657999\"><style>.stk-8657999 {padding-bottom:0px !important;margin-top:-30px !important;margin-bottom:0px !important;}@media screen and (max-width: 767px){.stk-8657999 {margin-top:-10% !important;}}<\/style><div class=\"stk-row stk-inner-blocks stk-block-content stk-content-align stk-8657999-column alignfull\">\n<div class=\"wp-block-stackable-column stk-block-column stk-column stk-block stk-914f03e\" data-v=\"4\" data-block-id=\"914f03e\"><div class=\"stk-column-wrapper stk-block-column__content stk-container stk-914f03e-container stk--no-background stk--no-padding\"><div class=\"stk-block-content stk-inner-blocks stk-914f03e-inner-blocks\"><style id=\"depicter-2-inline-pre-css\">\n\n.depicter-2:not(.depicter-ready){\n\theight:450px;\n}\n\n\/***** Tablet *****\/\n@media screen and (max-width: 1024px){\n\n.depicter-2:not(.depicter-ready){\n\theight:700px;\n}\n\n}\n\/***** Mobile *****\/\n@media screen and (max-width: 767px){\n\n.depicter-2:not(.depicter-ready){\n\theight:450px;\n}\n\n}\n<\/style>\n<div id=\"depicter-2\" class=\"depicter depicter-document depicter-revert depicter-2 depicter-layout-fullwidth\">\n\n<div class=\"depicter-loading-container depicter-loading dotFlashing-dark\"><div class=\"depicter-loading-dark depicter-dot-flashing\">\n   <span><\/span>\n   <span><\/span>\n   <span><\/span>\n<\/div>\n<\/div>\n<div id=\"depicter-2-section-1\" class=\"depicter-section depicter-2-section-1\" data-name=\"Section 1\" data-type=\"section\" data-local-id=\"section-1\">\n<picture class=\"depicter-bg\">\n<source data-depicter-srcset=\"https:\/\/www.ull.es\/formacion-permanente\/master-formacion-permanente-docencia-universitaria\/wp-content\/uploads\/sites\/81\/2025\/08\/@PeXi289738-768x513.jpg, https:\/\/www.ull.es\/formacion-permanente\/master-formacion-permanente-docencia-universitaria\/wp-content\/uploads\/sites\/81\/2025\/08\/@PeXi289738.jpg 2x\" srcset=\"data:image\/gif;base64,R0lGODlhAQABAIAAAAAAAP\/\/\/yH5BAEAAAAALAAAAAABAAEAAAIBRAA7\" media=\"(max-width: 1024px)\" \/>\n\n<source data-depicter-srcset=\"https:\/\/www.ull.es\/formacion-permanente\/master-formacion-permanente-docencia-universitaria\/wp-content\/uploads\/sites\/81\/2025\/08\/@PeXi289738.jpg, https:\/\/www.ull.es\/formacion-permanente\/master-formacion-permanente-docencia-universitaria\/wp-content\/uploads\/sites\/81\/2025\/08\/@PeXi289738-1920x1283.jpg 2x\" srcset=\"data:image\/gif;base64,R0lGODlhAQABAIAAAAAAAP\/\/\/yH5BAEAAAAALAAAAAABAAEAAAIBRAA7\" media=\"(min-width: 1025px)\" \/>\n<img decoding=\"async\" src=\"data:image\/gif;base64,R0lGODlhAQABAIAAAAAAAP\/\/\/yH5BAEAAAAALAAAAAABAAEAAAIBRAA7\" data-ken-burns=\"false\" data-tablet-ken-burns=\"false\" data-mobile-ken-burns=\"false\" alt=\"\" data-depicter-src=\"https:\/\/www.ull.es\/formacion-permanente\/master-formacion-permanente-docencia-universitaria\/wp-content\/uploads\/sites\/81\/2025\/08\/@PeXi289738.jpg\" data-object-fit=\"custom,custom,\" data-object-position=\"center top,,\" data-crop=\"{'focalPoint':{'x':0.5,'y':0.5},'mediaSize':{'width':1200,'height':801.7103153393906040946603752672672271728515625}}\" data-tablet-crop=\"{'focalPoint':{'x':0.5,'y':0.5},'mediaSize':{'width':1047.759999999999990905052982270717620849609375,'height':700.0000000000001136868377216160297393798828125}}\" data-mobile-crop=\"{'focalPoint':{'x':0.5,'y':0.5},'mediaSize':{'width':673.55999999999994543031789362430572509765625,'height':450}}\" \/>\n<\/picture>\n\n\n<h1 id=\"depicter-2-element-5\" class=\"depicter-element depicter-layer depicter-2-element-5\" data-type=\"text\" data-wrap=\"true\" data-name=\"Text 2\" data-local-id=\"element-5\" data-offset=\"x:0px;y:99px;origin:tl\" data-tablet-offset=\"x:189px;y:206px;origin:tl\" data-mobile-offset=\"x:-2px;y:171px;origin:tl\" data-width=\"1200px,646px,376px\" data-height=\"auto,auto,auto\" data-responsive-scale=\"true,,\">M\u00e1ster de Formaci\u00f3n Permanente en Docencia Universitaria<br><\/h1>\n\n<div id=\"depicter-2-element-10\" class=\"depicter-element depicter-layer depicter-2-element-10\" data-type=\"shape\" data-wrap=\"true\" data-name=\"Shape 1\" data-local-id=\"element-10\" data-offset=\"x:0px;y:366px;origin:tl\" data-tablet-offset=\"x:189px;y:506px;origin:tl\" data-mobile-offset=\"x:0px;y:313px;origin:tl\" data-width=\"902px,647px,360px\" data-height=\"8px,8px,8px\" data-responsive-scale=\"true,,\"><\/div>\n<\/div>\n<\/div>\n<script>\n(window.depicterSetups = window.depicterSetups || []).push(function(){\n\tDepicter.basePath = 'https:\/\/www.ull.es\/formacion-permanente\/master-formacion-permanente-docencia-universitaria\/wp-content\/plugins\/depicter\/resources\/scripts\/player\/';\n\tconst dpPlayer = Depicter.setup('.depicter-2',\n\t\t{\"width\":[\"1200\",\"1024\",\"360\"],\"height\":[\"450\",\"700\",\"450\"],\"view\":\"basic\",\"keepAspectRatio\":true,\"preload\":0,\"layout\":\"fullwidth\",\"rtl\":false,\"initAfterAppear\":false,\"ajaxApiUrl\":\"https:\\\/\\\/www.ull.es\\\/formacion-permanente\\\/master-formacion-permanente-docencia-universitaria\\\/wp-admin\\\/admin-ajax.php\",\"mouseSwipe\":true,\"touchSwipe\":true,\"useWatermark\":false}\n\t);\n});\n<\/script><\/div><\/div><\/div>\n<\/div><\/div>\n\n\n\n<div class=\"wp-block-stackable-columns alignfull stk-block-columns stk--hide-mobile stk-block stk-ceecbdc stk-block-background\" data-block-id=\"ceecbdc\"><style>.stk-ceecbdc {background-color:#e2be27 !important;padding-top:65px !important;padding-right:0px !important;padding-bottom:2px !important;padding-left:0px !important;margin-top:-20px !important;margin-bottom:0px !important;}.stk-ceecbdc:before{background-color:#e2be27 !important;}<\/style><div class=\"stk-row stk-inner-blocks stk-block-content stk-content-align stk-ceecbdc-column alignfull\">\n<div class=\"wp-block-stackable-column stk-block-column stk-column stk-block stk-fc60a5d\" data-v=\"4\" data-block-id=\"fc60a5d\"><div class=\"stk-column-wrapper stk-block-column__content stk-container stk-fc60a5d-container stk--no-background stk--no-padding\"><div class=\"stk-block-content stk-inner-blocks stk-fc60a5d-inner-blocks\">\n<div class=\"wp-block-stackable-spacer stk-block-spacer stk--no-padding stk-block stk-a3a8a68\" data-block-id=\"a3a8a68\"><style>.stk-a3a8a68 {height:0px !important;}<\/style><\/div>\n<\/div><\/div><\/div>\n<\/div><\/div>\n\n\n\n<div class=\"wp-block-stackable-columns stk-block-columns stk-block stk-d73d9a8 stk-block-background\" data-block-id=\"d73d9a8\"><style>.stk-d73d9a8 {background-color:#ffffff !important;margin-top:15px !important;}.stk-d73d9a8:before{background-color:#ffffff !important;}<\/style><div class=\"stk-row stk-inner-blocks stk-block-content stk-content-align stk-d73d9a8-column\">\n<div class=\"wp-block-stackable-column stk-block-column stk-column stk-block stk-b3b8294\" data-v=\"4\" data-block-id=\"b3b8294\"><style>@media screen and (min-width: 768px){.stk-b3b8294 {flex:var(--stk-flex-grow, 1) 1 calc(66.7% - var(--stk-column-gap, 0px) * 1 \/ 2 ) !important;}}<\/style><div class=\"stk-column-wrapper stk-block-column__content stk-container stk-b3b8294-container stk--no-background stk--no-padding\"><div class=\"stk-block-content stk-inner-blocks stk-b3b8294-inner-blocks\">\n<h1 style=\"color:black;\">Descripci\u00f3n del t\u00edtulo<\/h1><br>\n<table width=\"70%\">\n<tbody>\n<tr>\n<td>Nombre del t\u00edtulo:<\/td>\n<td>Certificado de Formaci\u00f3n Espec\u00edfica en Competencias Esenciales para la Digitalizaci\u00f3n y Transformaci\u00f3n Digital del Transporte y la Log\u00edstica en Canarias<\/td>\n<\/tr>\n<tr>\n<td>Universidad y centros responsables:<\/td>\n<td>Universidad de La Laguna<\/td>\n<\/tr>\n<tr>\n<td>Tipo de ense\u00f1anza:<\/td>\n<td>Virtual<\/td>\n<\/tr>\n<tr>\n<td>Plazas ofertadas:<\/td>\n<td>30<\/td>\n<\/tr>\n<tr>\n<td>N\u00famero de cr\u00e9ditos:<\/td>\n<td>20<\/td>\n<\/tr>\n<tr>\n<td>Lugar de impartici\u00f3n:<\/td>\n<td><span style=\"font-weight: 400\">Campus virtual<\/span><\/td>\n<\/tr>\n<tr>\n<td>Duraci\u00f3n del t\u00edtulo:<\/td>\n<td><\/td>\n<\/tr>\n<tr>\n<td>Idiomas en los que se imparte:<\/td>\n<td>Espa\u00f1ol<\/td>\n<\/tr>\n<tr>\n<td>Tasas:<\/td>\n<td>0 \u20ac<\/td>\n<\/tr>\n<tr>\n<td>Precio del cr\u00e9dito:<\/td>\n<td>0<\/td>\n<\/tr>\n<\/tbody>\n<\/table>\n\n\n\n<h2 class=\"wp-block-heading has-black-color has-text-color has-link-color wp-elements-83918116c96cf0579c1b6d4277b10023\">Justificaci\u00f3n del t\u00edtulo<\/h2>\n\n\n\n<p>La Ley Org\u00e1nica 2\/2023, de 22 de marzo, del Sistema Universitario (LOSU) recoge espec\u00edficamente en su art\u00edculo 6.4 que \u201cLas universidades desarrollar\u00e1n la formaci\u00f3n inicial y continua para el desempe\u00f1o de las actividades docentes del profesorado y proporcionar\u00e1n las herramientas y recursos necesarios para lograr una docencia de calidad\u201d. Del mismo modo, en el art\u00edculo 67 se establece que \u201cLas universidades garantizar\u00e1n la formaci\u00f3n docente inicial y continuada de su profesorado. Asimismo, establecer\u00e1n planes de formaci\u00f3n inicial y de formaci\u00f3n a lo largo de la vida que garanticen la mejora profesional de su personal docente e investigador, en los distintos \u00e1mbitos de especializaci\u00f3n de la actividad universitaria, en el marco de la planificaci\u00f3n estrat\u00e9gica y de las prioridades de las propias universidades en materia de formaci\u00f3n\u201d. En ambos art\u00edculos se recoge la obligaci\u00f3n de las universidades de ofertar cursos de formaci\u00f3n dirigidos al profesorado que contribuyan al desempe\u00f1o de la funci\u00f3n docente y a su desarrollo profesional, tanto en lo que se refiere a la formaci\u00f3n inicial como a la formaci\u00f3n permanente.<\/p>\n\n\n\n<p>La LOSU enfatiza la necesidad de que las universidades promuevan la actualizaci\u00f3n y perfeccionamiento continuo de sus docentes a lo largo de toda su carrera profesional, considerando la formaci\u00f3n continua como un pilar esencial para mantener y mejorar la calidad de la ense\u00f1anza y la investigaci\u00f3n en el \u00e1mbito universitario.<\/p>\n\n\n\n<p>La propuesta de formaci\u00f3n de la Universidad de La Laguna va m\u00e1s all\u00e1 de cumplir con los requisitos legales; se fundamenta en su compromiso continuo con la excelencia educativa. Muestra de ello es la formaci\u00f3n docente permanente dirigida al profesorado universitario, que se viene ofertando mediante los programas anuales de formaci\u00f3n docente del profesorado desde el curso 2003-2004. A ellos se suma la iniciativa dirigida al profesorado novel, inicialmente a trav\u00e9s de actividades formativas en el plan de formaci\u00f3n docente y, posteriormente, a trav\u00e9s del Experto en Docencia Universitaria (EDU-ULL) y el Experto en Competencias Digitales, desde el curso 2020-2021 y, recientemente, mediante el Diploma de Experto\/a en Formaci\u00f3n para la Docencia Universitaria (FDU-ULL), desde el curso 2024-2025 que sustituye al EDU-ULL.&nbsp;<\/p>\n\n\n\n<p>El M\u00e1ster en Formaci\u00f3n Permanente en Docencia Universitaria se concibe como una formaci\u00f3n integral del profesorado que se articula, de forma modular, a partir de la formaci\u00f3n realizada en los diplomas de expertos de la Universidad de La Laguna anteriormente indicados, complet\u00e1ndose con la oferta formativa de esta universidad, alineada a los objetivos y competencias del m\u00e1ster.<\/p>\n\n\n\n<p>&nbsp;El M\u00e1ster consta de un total de 60 cr\u00e9ditos de los cuales 6 corresponden al Trabajo Fin de T\u00edtulo y el resto se obtienen a partir del reconocimiento de cr\u00e9ditos fruto de la formaci\u00f3n anteriormente indicada, cubri\u00e9ndose aspectos de la pedagog\u00eda, las metodolog\u00edas activas de ense\u00f1anza, la evaluaci\u00f3n del aprendizaje, la tutorizaci\u00f3n, la innovaci\u00f3n y la gesti\u00f3n del aula, entre otros. Por tanto, se trata de un t\u00edtulo de importancia estrat\u00e9gica para la Universidad de la Laguna, al establecer el modelo docente de la universidad a trav\u00e9s de la formaci\u00f3n permanente que proporciona a su personal acad\u00e9mico. Asimismo, es de suma importancia para el sistema universitario y para la sociedad canaria.<\/p>\n<\/div><\/div><\/div>\n\n\n\n<div class=\"wp-block-stackable-column stk-block-column stk-column stk-block stk-603205b\" data-v=\"4\" data-block-id=\"603205b\"><style>@media screen and (min-width: 768px){.stk-603205b {flex:var(--stk-flex-grow, 1) 1 calc(33.3% - var(--stk-column-gap, 0px) * 1 \/ 2 ) !important;}}<\/style><div class=\"stk-column-wrapper stk-block-column__content stk-container stk-603205b-container stk--no-background stk--no-padding\"><div class=\"stk-block-content stk-inner-blocks stk-603205b-inner-blocks\">\n<ul class=\"widget-box\">\n<li class='contacto-header'>Informaci\u00f3n de contacto<\/li><li><i class=\"fa fa-map-marker\"><\/i> Avenida  Astrof\u00edsico Francisco S\u00e1nchez, s\/n. Edificio Calabaza. 38200 San Crist\u00f3bal de La Laguna<\/li><li><i class=\"fa fa-phone\"><\/i> (+34) 922 31 79 00 \/ 95 38<\/li><li><i class=\"fa fa-envelope\"><\/i>  <a href=mailto:tpropios@ull.es>tpropios@ull.es<\/a><\/li>\n<\/ul>\n\n\n<\/div><\/div><\/div>\n<\/div><\/div>\n","protected":false},"excerpt":{"rendered":"<p>Title Description Title: Specific Training Certificate in Essential Competencies for the Digitalization and Digital Transformation of Transport and Logistics in the Canary Islands University and responsible centers: University of La Laguna Type of teaching: Online Places offered: 30 Number of credits: 20 Location of delivery: Virtual Campus Duration of the title: Languages in\u2026<\/p>","protected":false},"author":1,"featured_media":0,"parent":0,"menu_order":0,"comment_status":"closed","ping_status":"closed","template":"templates\/template-frontpage.php","meta":{"footnotes":""},"class_list":["post-23","page","type-page","status-publish","hentry"],"_links":{"self":[{"href":"https:\/\/www.ull.es\/formacion-permanente\/master-formacion-permanente-docencia-universitaria\/en\/wp-json\/wp\/v2\/pages\/23","targetHints":{"allow":["GET"]}}],"collection":[{"href":"https:\/\/www.ull.es\/formacion-permanente\/master-formacion-permanente-docencia-universitaria\/en\/wp-json\/wp\/v2\/pages"}],"about":[{"href":"https:\/\/www.ull.es\/formacion-permanente\/master-formacion-permanente-docencia-universitaria\/en\/wp-json\/wp\/v2\/types\/page"}],"author":[{"embeddable":true,"href":"https:\/\/www.ull.es\/formacion-permanente\/master-formacion-permanente-docencia-universitaria\/en\/wp-json\/wp\/v2\/users\/1"}],"replies":[{"embeddable":true,"href":"https:\/\/www.ull.es\/formacion-permanente\/master-formacion-permanente-docencia-universitaria\/en\/wp-json\/wp\/v2\/comments?post=23"}],"version-history":[{"count":13,"href":"https:\/\/www.ull.es\/formacion-permanente\/master-formacion-permanente-docencia-universitaria\/en\/wp-json\/wp\/v2\/pages\/23\/revisions"}],"predecessor-version":[{"id":356,"href":"https:\/\/www.ull.es\/formacion-permanente\/master-formacion-permanente-docencia-universitaria\/en\/wp-json\/wp\/v2\/pages\/23\/revisions\/356"}],"wp:attachment":[{"href":"https:\/\/www.ull.es\/formacion-permanente\/master-formacion-permanente-docencia-universitaria\/en\/wp-json\/wp\/v2\/media?parent=23"}],"curies":[{"name":"wp","href":"https:\/\/api.w.org\/{rel}","templated":true}]}}