{"id":31,"date":"2018-03-15T09:39:30","date_gmt":"2018-03-15T09:39:30","guid":{"rendered":"http:\/\/www.ull.es\/formacion-permanente\/cef-competencias-para-liderazgo\/?page_id=31"},"modified":"2025-08-22T06:43:58","modified_gmt":"2025-08-22T06:43:58","slug":"competencias","status":"publish","type":"page","link":"https:\/\/www.ull.es\/formacion-permanente\/master-formacion-permanente-docencia-universitaria\/en\/competencias\/","title":{"rendered":"Competencies"},"content":{"rendered":"\n<div class=\"wp-block-stackable-columns alignfull stk-block-columns stk-block stk-8657999\" data-block-id=\"8657999\"><style>.stk-8657999 {padding-bottom:0px !important;margin-top:-30px !important;margin-bottom:0px !important;}@media screen and (max-width: 767px){.stk-8657999 {margin-top:-10% !important;}}<\/style><div class=\"stk-row stk-inner-blocks stk-block-content stk-content-align stk-8657999-column alignfull\">\n<div class=\"wp-block-stackable-column stk-block-column stk-column stk-block stk-914f03e\" data-v=\"4\" data-block-id=\"914f03e\"><div class=\"stk-column-wrapper stk-block-column__content stk-container stk-914f03e-container stk--no-background stk--no-padding\"><div class=\"stk-block-content stk-inner-blocks stk-914f03e-inner-blocks\"><style id=\"depicter-2-inline-pre-css\">\n\n.depicter-2:not(.depicter-ready){\n\theight:450px;\n}\n\n\/***** Tablet *****\/\n@media screen and (max-width: 1024px){\n\n.depicter-2:not(.depicter-ready){\n\theight:700px;\n}\n\n}\n\/***** Mobile *****\/\n@media screen and (max-width: 767px){\n\n.depicter-2:not(.depicter-ready){\n\theight:450px;\n}\n\n}\n<\/style>\n<div id=\"depicter-2\" class=\"depicter depicter-document depicter-revert depicter-2 depicter-layout-fullwidth\">\n\n<div class=\"depicter-loading-container depicter-loading dotFlashing-dark\"><div class=\"depicter-loading-dark depicter-dot-flashing\">\n   <span><\/span>\n   <span><\/span>\n   <span><\/span>\n<\/div>\n<\/div>\n<div id=\"depicter-2-section-1\" class=\"depicter-section depicter-2-section-1\" data-name=\"Section 1\" data-type=\"section\" data-local-id=\"section-1\">\n<picture class=\"depicter-bg\">\n<source data-depicter-srcset=\"https:\/\/www.ull.es\/formacion-permanente\/master-formacion-permanente-docencia-universitaria\/wp-content\/uploads\/sites\/81\/2025\/08\/@PeXi289738-768x513.jpg, https:\/\/www.ull.es\/formacion-permanente\/master-formacion-permanente-docencia-universitaria\/wp-content\/uploads\/sites\/81\/2025\/08\/@PeXi289738.jpg 2x\" srcset=\"data:image\/gif;base64,R0lGODlhAQABAIAAAAAAAP\/\/\/yH5BAEAAAAALAAAAAABAAEAAAIBRAA7\" media=\"(max-width: 1024px)\" \/>\n\n<source data-depicter-srcset=\"https:\/\/www.ull.es\/formacion-permanente\/master-formacion-permanente-docencia-universitaria\/wp-content\/uploads\/sites\/81\/2025\/08\/@PeXi289738.jpg, https:\/\/www.ull.es\/formacion-permanente\/master-formacion-permanente-docencia-universitaria\/wp-content\/uploads\/sites\/81\/2025\/08\/@PeXi289738-1920x1283.jpg 2x\" srcset=\"data:image\/gif;base64,R0lGODlhAQABAIAAAAAAAP\/\/\/yH5BAEAAAAALAAAAAABAAEAAAIBRAA7\" media=\"(min-width: 1025px)\" \/>\n<img decoding=\"async\" src=\"data:image\/gif;base64,R0lGODlhAQABAIAAAAAAAP\/\/\/yH5BAEAAAAALAAAAAABAAEAAAIBRAA7\" data-ken-burns=\"false\" data-tablet-ken-burns=\"false\" data-mobile-ken-burns=\"false\" alt=\"\" data-depicter-src=\"https:\/\/www.ull.es\/formacion-permanente\/master-formacion-permanente-docencia-universitaria\/wp-content\/uploads\/sites\/81\/2025\/08\/@PeXi289738.jpg\" data-object-fit=\"custom,custom,\" data-object-position=\"center top,,\" data-crop=\"{'focalPoint':{'x':0.5,'y':0.5},'mediaSize':{'width':1200,'height':801.7103153393906040946603752672672271728515625}}\" data-tablet-crop=\"{'focalPoint':{'x':0.5,'y':0.5},'mediaSize':{'width':1047.759999999999990905052982270717620849609375,'height':700.0000000000001136868377216160297393798828125}}\" data-mobile-crop=\"{'focalPoint':{'x':0.5,'y':0.5},'mediaSize':{'width':673.55999999999994543031789362430572509765625,'height':450}}\" \/>\n<\/picture>\n\n\n<h1 id=\"depicter-2-element-5\" class=\"depicter-element depicter-layer depicter-2-element-5\" data-type=\"text\" data-wrap=\"true\" data-name=\"Text 2\" data-local-id=\"element-5\" data-offset=\"x:0px;y:99px;origin:tl\" data-tablet-offset=\"x:189px;y:206px;origin:tl\" data-mobile-offset=\"x:-2px;y:171px;origin:tl\" data-width=\"1200px,646px,376px\" data-height=\"auto,auto,auto\" data-responsive-scale=\"true,,\">M\u00e1ster de Formaci\u00f3n Permanente en Docencia Universitaria<br><\/h1>\n\n<div id=\"depicter-2-element-10\" class=\"depicter-element depicter-layer depicter-2-element-10\" data-type=\"shape\" data-wrap=\"true\" data-name=\"Shape 1\" data-local-id=\"element-10\" data-offset=\"x:0px;y:366px;origin:tl\" data-tablet-offset=\"x:189px;y:506px;origin:tl\" data-mobile-offset=\"x:0px;y:313px;origin:tl\" data-width=\"902px,647px,360px\" data-height=\"8px,8px,8px\" data-responsive-scale=\"true,,\"><\/div>\n<\/div>\n<\/div>\n<script>\n(window.depicterSetups = window.depicterSetups || []).push(function(){\n\tDepicter.basePath = 'https:\/\/www.ull.es\/formacion-permanente\/master-formacion-permanente-docencia-universitaria\/wp-content\/plugins\/depicter\/resources\/scripts\/player\/';\n\tconst dpPlayer = Depicter.setup('.depicter-2',\n\t\t{\"width\":[\"1200\",\"1024\",\"360\"],\"height\":[\"450\",\"700\",\"450\"],\"view\":\"basic\",\"keepAspectRatio\":true,\"preload\":0,\"layout\":\"fullwidth\",\"rtl\":false,\"initAfterAppear\":false,\"ajaxApiUrl\":\"https:\\\/\\\/www.ull.es\\\/formacion-permanente\\\/master-formacion-permanente-docencia-universitaria\\\/wp-admin\\\/admin-ajax.php\",\"mouseSwipe\":true,\"touchSwipe\":true,\"useWatermark\":false}\n\t);\n});\n<\/script><\/div><\/div><\/div>\n<\/div><\/div>\n\n\n\n<div class=\"wp-block-stackable-columns alignfull stk-block-columns stk--hide-mobile stk-block stk-ceecbdc stk-block-background\" data-block-id=\"ceecbdc\"><style>.stk-ceecbdc {background-color:#e2be27 !important;padding-top:65px !important;padding-right:0px !important;padding-bottom:2px !important;padding-left:0px !important;margin-top:-20px !important;margin-bottom:0px !important;}.stk-ceecbdc:before{background-color:#e2be27 !important;}<\/style><div class=\"stk-row stk-inner-blocks stk-block-content stk-content-align stk-ceecbdc-column alignfull\">\n<div class=\"wp-block-stackable-column stk-block-column stk-column stk-block stk-fc60a5d\" data-v=\"4\" data-block-id=\"fc60a5d\"><div class=\"stk-column-wrapper stk-block-column__content stk-container stk-fc60a5d-container stk--no-background stk--no-padding\"><div class=\"stk-block-content stk-inner-blocks stk-fc60a5d-inner-blocks\">\n<div class=\"wp-block-stackable-spacer stk-block-spacer stk--no-padding stk-block stk-a3a8a68\" data-block-id=\"a3a8a68\"><style>.stk-a3a8a68 {height:0px !important;}<\/style><\/div>\n<\/div><\/div><\/div>\n<\/div><\/div>\n\n\n\n<div class=\"wp-block-stackable-columns stk-block-columns stk-block stk-8b59b96\" data-block-id=\"8b59b96\"><style>.stk-8b59b96 .stk--block-align-8b59b96{align-items:flex-start !important;}.stk-8b59b96 {margin-top:50px !important;}.stk-8b59b96-column{--stk-columns-spacing:0px !important;--stk-column-gap:50px !important;}@media screen and (max-width: 767px){.stk-8b59b96-column{row-gap:var(--stk--preset--spacing--60, 2.25rem) !important;}}<\/style><div class=\"stk-row stk-inner-blocks stk--block-align-8b59b96 stk-block-content stk-content-align stk-8b59b96-column\">\n<div class=\"wp-block-stackable-column stk-block-column stk-column stk-block stk-dbb7e15\" data-v=\"4\" data-block-id=\"dbb7e15\"><style>@media screen and (min-width: 768px){.stk-dbb7e15 {flex:var(--stk-flex-grow, 1) 1 66.7% !important;}}<\/style><div class=\"stk-column-wrapper stk-block-column__content stk-container stk-dbb7e15-container stk--no-background stk--no-padding\"><div class=\"stk-block-content stk-inner-blocks stk-dbb7e15-inner-blocks\">\n<div class=\"wp-block-stackable-heading stk-block-heading stk-block-heading--v2 stk-block stk-fc6338c\" id=\"competencias\" data-block-id=\"fc6338c\"><style>.stk-fc6338c .stk-block-heading__text{color:#000000 !important;}<\/style><h1 class=\"stk-block-heading__text has-text-color\">Competencias<\/h1><\/div>\n\n\n\n<details class=\"wp-block-stackable-accordion stk-block-accordion stk-inner-blocks stk-block-content stk-block stk-f742639 is-style-default\" id=\"generales\" data-block-id=\"f742639\"><style>.stk-f742639 {margin-bottom:5px !important;}<\/style>\n<summary class=\"wp-block-stackable-column stk-block-column stk-column stk-block stk-892c21e stk--container-small stk-block-accordion__heading\" data-v=\"4\" data-block-id=\"892c21e\"><style>.stk-892c21e {border-style:solid !important;border-top-width:0px !important;border-right-width:0px !important;border-bottom-width:1px !important;border-left-width:0px !important;}<\/style><div class=\"stk-column-wrapper stk-block-column__content stk-container stk-892c21e-container stk--no-background stk--no-padding\"><div class=\"stk-block-content stk-inner-blocks stk-892c21e-inner-blocks\">\n<div class=\"wp-block-stackable-icon-label stk-block-icon-label stk-block stk-956ee49\" data-block-id=\"956ee49\"><style>.stk-956ee49 .stk-inner-blocks{gap:40px !important;}@media screen and (max-width: 1023px){.stk-956ee49 .stk-inner-blocks{gap:40px !important;}}@media screen and (max-width: 767px){.stk-956ee49 .stk-inner-blocks{gap:40px !important;}}<\/style><div class=\"stk-row stk-inner-blocks stk-block-content\">\n<div class=\"wp-block-stackable-icon stk-block-icon stk-block stk-693af38\" data-block-id=\"693af38\"><style>.stk-693af38 .stk--svg-wrapper .stk--inner-svg svg:last-child{height:24px !important;width:24px !important;}.stk-693af38 .stk--svg-wrapper .stk--inner-svg svg:last-child, .stk-693af38 .stk--svg-wrapper .stk--inner-svg svg:last-child :is(g, path, rect, polygon, ellipse){fill:#fcb900 !important;}<\/style><span class=\"stk--svg-wrapper stk--has-icon2\"><div class=\"stk--inner-svg\"><svg style=\"height:0;width:0\"><defs><linearGradient id=\"linear-gradient-693af38\" x1=\"0\" x2=\"100%\" y1=\"0\" y2=\"0\"><stop offset=\"0%\" style=\"stop-opacity:1;stop-color:var(--linear-gradient-693-af-38-color-1)\"><\/stop><stop offset=\"100%\" style=\"stop-opacity:1;stop-color:var(--linear-gradient-693-af-38-color-2)\"><\/stop><\/linearGradient><\/defs><\/svg><svg xmlns=\"http:\/\/www.w3.org\/2000\/svg\" viewBox=\"0 0 512 512\" aria-hidden=\"true\" width=\"32\" height=\"32\"><path d=\"M256 512A256 256 0 1 0 256 0a256 256 0 1 0 0 512zM169.8 165.3c7.9-22.3 29.1-37.3 52.8-37.3h58.3c34.9 0 63.1 28.3 63.1 63.1c0 22.6-12.1 43.5-31.7 54.8L280 264.4c-.2 13-10.9 23.6-24 23.6c-13.3 0-24-10.7-24-24V250.5c0-8.6 4.6-16.5 12.1-20.8l44.3-25.4c4.7-2.7 7.6-7.7 7.6-13.1c0-8.4-6.8-15.1-15.1-15.1H222.6c-3.4 0-6.4 2.1-7.5 5.3l-.4 1.2c-4.4 12.5-18.2 19-30.6 14.6s-19-18.2-14.6-30.6l.4-1.2zM224 352a32 32 0 1 1 64 0 32 32 0 1 1 -64 0z\"><\/path><\/svg><\/div><div class=\"stk--inner-svg stk--icon-2\" style=\"display:none\"><svg style=\"height:0;width:0\"><defs><linearGradient id=\"linear-gradient-693af38\" x1=\"0\" x2=\"100%\" y1=\"0\" y2=\"0\"><stop offset=\"0%\" style=\"stop-opacity:1;stop-color:var(--linear-gradient-693-af-38-color-1)\"><\/stop><stop offset=\"100%\" style=\"stop-opacity:1;stop-color:var(--linear-gradient-693-af-38-color-2)\"><\/stop><\/linearGradient><\/defs><\/svg><svg xmlns=\"http:\/\/www.w3.org\/2000\/svg\" viewBox=\"0 0 512 512\" aria-hidden=\"true\" width=\"32\" height=\"32\"><path d=\"M464 256A208 208 0 1 0 48 256a208 208 0 1 0 416 0zM0 256a256 256 0 1 1 512 0A256 256 0 1 1 0 256zm169.8-90.7c7.9-22.3 29.1-37.3 52.8-37.3h58.3c34.9 0 63.1 28.3 63.1 63.1c0 22.6-12.1 43.5-31.7 54.8L280 264.4c-.2 13-10.9 23.6-24 23.6c-13.3 0-24-10.7-24-24V250.5c0-8.6 4.6-16.5 12.1-20.8l44.3-25.4c4.7-2.7 7.6-7.7 7.6-13.1c0-8.4-6.8-15.1-15.1-15.1H222.6c-3.4 0-6.4 2.1-7.5 5.3l-.4 1.2c-4.4 12.5-18.2 19-30.6 14.6s-19-18.2-14.6-30.6l.4-1.2zM224 352a32 32 0 1 1 64 0 32 32 0 1 1 -64 0z\"><\/path><\/svg><\/div><\/span><\/div>\n\n\n\n<div class=\"wp-block-stackable-heading stk-block-heading stk-block-heading--v2 stk-block stk-6c2fa1d\" id=\"competencias-generales\" data-block-id=\"6c2fa1d\"><style>.stk-6c2fa1d .stk-block-heading__text{font-size:18px !important;font-weight:700 !important;font-family:\"Montserrat\", Sans-serif !important;}@media screen and (max-width: 1023px){.stk-6c2fa1d .stk-block-heading__text{font-size:18px !important;}}<\/style><p class=\"stk-block-heading__text\">Competencias Generales<\/p><\/div>\n<\/div><\/div>\n<\/div><\/div><\/summary>\n\n\n\n<div class=\"wp-block-stackable-column stk-block-column stk-column stk-block stk-4f2fad4 stk-block-accordion__content\" data-v=\"4\" data-block-id=\"4f2fad4\"><div class=\"stk-column-wrapper stk-block-column__content stk-container stk-4f2fad4-container stk--no-background stk--no-padding\"><div class=\"stk-block-content stk-inner-blocks stk-4f2fad4-inner-blocks\">\n<div class=\"wp-block-stackable-text stk-block-text stk-block stk-52c77c5\" data-block-id=\"52c77c5\"><p class=\"stk-block-text__text\">Conforme al&nbsp;<a href=\"https:\/\/sede.ull.es\/ecivilis-site\/bulletinBoard\/showBulletin\/30961:1\" target=\"_blank\" rel=\"noreferrer noopener\" target=\"_blank\" rel=\"noopener\">acuerdo 6.a) de 22-02-20204 del Consejo de Gobierno de la Universidad de La Laguna por el que<\/a>&nbsp;se aprueba el Reglamento de Ense\u00f1anzas Propias de la Universidad de La Laguna.<\/p><\/div>\n\n\n\n<p>Para acceder a los T\u00edtulos Propios de Posgrado (M\u00e1ster de Formaci\u00f3n Permanente, Diploma de Especializaci\u00f3n y Diploma de Experto o Experta) ser\u00e1 necesario:<\/p>\n\n\n\n<ol class=\"wp-block-list\">\n<li>Estar en posesi\u00f3n de un t\u00edtulo universitario oficial espa\u00f1ol u otro expedido por una instituci\u00f3n de educaci\u00f3n superior perteneciente a otro Estado miembro del Espacio Europeo de Educaci\u00f3n Superior, que faculte en el mismo para el acceso a ense\u00f1anzas de m\u00e1ster.<\/li>\n\n\n\n<li>Estar en posesi\u00f3n de un t\u00edtulo expedido por un sistema educativo ajeno al Espacio Europeo de Educaci\u00f3n Superior sin resoluci\u00f3n de homologaci\u00f3n o declaraci\u00f3n de equivalencia. En estos casos, la direcci\u00f3n acad\u00e9mica elevar\u00e1 un informe previo a la Comisi\u00f3n Acad\u00e9mica, que autorizar\u00e1 o denegar\u00e1 el acceso. En ning\u00fan caso la autorizaci\u00f3n implicar\u00e1 la homologaci\u00f3n del t\u00edtulo extranjero, ni su reconocimiento a otros efectos que el de cursar una ense\u00f1anza propia de posgrado en la ULL.<\/li>\n<\/ol>\n<\/div><\/div><\/div>\n<\/details>\n\n\n\n<details class=\"wp-block-stackable-accordion stk-block-accordion stk-inner-blocks stk-block-content stk-block stk-1d0705d is-style-default\" id=\"especificas\" data-block-id=\"1d0705d\"><style>.stk-1d0705d {margin-bottom:5px !important;}<\/style>\n<summary class=\"wp-block-stackable-column stk-block-column stk-column stk-block stk-2c0cee0 stk--container-small stk-block-accordion__heading\" data-v=\"4\" data-block-id=\"2c0cee0\"><style>.stk-2c0cee0 {border-style:solid !important;border-top-width:0px !important;border-right-width:0px !important;border-bottom-width:1px !important;border-left-width:0px !important;}<\/style><div class=\"stk-column-wrapper stk-block-column__content stk-container stk-2c0cee0-container stk--no-background stk--no-padding\"><div class=\"stk-block-content stk-inner-blocks stk-2c0cee0-inner-blocks\">\n<div class=\"wp-block-stackable-icon-label stk-block-icon-label stk-block stk-3e16e7a\" data-block-id=\"3e16e7a\"><style>.stk-3e16e7a .stk-inner-blocks{gap:40px !important;}@media screen and (max-width: 1023px){.stk-3e16e7a .stk-inner-blocks{gap:40px !important;}}@media screen and (max-width: 767px){.stk-3e16e7a .stk-inner-blocks{gap:40px !important;}}<\/style><div class=\"stk-row stk-inner-blocks stk-block-content\">\n<div class=\"wp-block-stackable-icon stk-block-icon stk-block stk-8ea5435\" data-block-id=\"8ea5435\"><style>.stk-8ea5435 .stk--svg-wrapper .stk--inner-svg svg:last-child{height:24px !important;width:24px !important;}.stk-8ea5435 .stk--svg-wrapper .stk--inner-svg svg:last-child, .stk-8ea5435 .stk--svg-wrapper .stk--inner-svg svg:last-child :is(g, path, rect, polygon, ellipse){fill:#fcb900 !important;}<\/style><span class=\"stk--svg-wrapper stk--has-icon2\"><div class=\"stk--inner-svg\"><svg style=\"height:0;width:0\"><defs><linearGradient id=\"linear-gradient-8ea5435\" x1=\"0\" x2=\"100%\" y1=\"0\" y2=\"0\"><stop offset=\"0%\" style=\"stop-opacity:1;stop-color:var(--linear-gradient-8-ea-5435-color-1)\"><\/stop><stop offset=\"100%\" style=\"stop-opacity:1;stop-color:var(--linear-gradient-8-ea-5435-color-2)\"><\/stop><\/linearGradient><\/defs><\/svg><svg xmlns=\"http:\/\/www.w3.org\/2000\/svg\" viewBox=\"0 0 512 512\" aria-hidden=\"true\" width=\"32\" height=\"32\"><path d=\"M256 512A256 256 0 1 0 256 0a256 256 0 1 0 0 512zM216 336h24V272H216c-13.3 0-24-10.7-24-24s10.7-24 24-24h48c13.3 0 24 10.7 24 24v88h8c13.3 0 24 10.7 24 24s-10.7 24-24 24H216c-13.3 0-24-10.7-24-24s10.7-24 24-24zm40-208a32 32 0 1 1 0 64 32 32 0 1 1 0-64z\"><\/path><\/svg><\/div><div class=\"stk--inner-svg stk--icon-2\" style=\"display:none\"><svg style=\"height:0;width:0\"><defs><linearGradient id=\"linear-gradient-8ea5435\" x1=\"0\" x2=\"100%\" y1=\"0\" y2=\"0\"><stop offset=\"0%\" style=\"stop-opacity:1;stop-color:var(--linear-gradient-8-ea-5435-color-1)\"><\/stop><stop offset=\"100%\" style=\"stop-opacity:1;stop-color:var(--linear-gradient-8-ea-5435-color-2)\"><\/stop><\/linearGradient><\/defs><\/svg><svg xmlns=\"http:\/\/www.w3.org\/2000\/svg\" viewBox=\"0 0 192 512\" aria-hidden=\"true\" width=\"32\" height=\"32\"><path d=\"M48 80a48 48 0 1 1 96 0A48 48 0 1 1 48 80zM0 224c0-17.7 14.3-32 32-32H96c17.7 0 32 14.3 32 32V448h32c17.7 0 32 14.3 32 32s-14.3 32-32 32H32c-17.7 0-32-14.3-32-32s14.3-32 32-32H64V256H32c-17.7 0-32-14.3-32-32z\"><\/path><\/svg><\/div><\/span><\/div>\n\n\n\n<div class=\"wp-block-stackable-heading stk-block-heading stk-block-heading--v2 stk-block stk-556466f\" id=\"competencias-especificas\" data-block-id=\"556466f\"><style>.stk-556466f .stk-block-heading__text{font-size:18px !important;font-weight:700 !important;font-family:\"Montserrat\", Sans-serif !important;}@media screen and (max-width: 1023px){.stk-556466f .stk-block-heading__text{font-size:18px !important;}}<\/style><p class=\"stk-block-heading__text\">Competencias Espec\u00edficas<\/p><\/div>\n<\/div><\/div>\n<\/div><\/div><\/summary>\n\n\n\n<div class=\"wp-block-stackable-column stk-block-column stk-column stk-block stk-7652c4c stk-block-accordion__content\" data-v=\"4\" data-block-id=\"7652c4c\"><div class=\"stk-column-wrapper stk-block-column__content stk-container stk-7652c4c-container stk--no-background stk--no-padding\"><div class=\"stk-block-content stk-inner-blocks stk-7652c4c-inner-blocks\">\n<div class=\"wp-block-stackable-text stk-block-text stk-block stk-53f57bf\" data-block-id=\"53f57bf\"><p class=\"stk-block-text__text\">La admisi\u00f3n se realizar\u00e1 en tres fases:<\/p><\/div>\n\n\n\n<p>Fase 1. Solicitud de acceso y apertura del expediente de reconocimiento&nbsp;<\/p>\n\n\n\n<p>Fase 2. Reconocimiento de la formaci\u00f3n<\/p>\n\n\n\n<p>Fase 3. Admisi\u00f3n y matr\u00edcula del Trabajo Fin de T\u00edtulo<\/p>\n\n\n\n<p><strong>REQUISITOS:<\/strong><\/p>\n\n\n\n<ol class=\"wp-block-list\">\n<li><strong>Ejercicio profesional:&nbsp;<\/strong>Estar vinculado como docente activo en la ULL en el momento de la solicitud.<\/li>\n\n\n\n<li><strong>Haber obtenido los dos t\u00edtulos siguientes expedidos por la Universidad de La Laguna:<\/strong>\n<ol class=\"wp-block-list\">\n<li>Diploma de Experto\/a en Formaci\u00f3n para la Docencia Universitaria (FDU-ULL) o, en su defecto, el Experto Universitario en Docencia Universitaria (EDU-ULL).<\/li>\n\n\n\n<li>Diploma de Experto\/a en Competencias Digitales para la Docencia (FCD-ULL).<\/li>\n<\/ol>\n<\/li>\n\n\n\n<li><strong>Superar la fase de reconocimiento de la formaci\u00f3n continua<\/strong>\n<ol class=\"wp-block-list\">\n<li>Acreditar entre 9 y 18 ECTS (seg\u00fan diploma cursado) mediante el reconocimiento de las&nbsp;actividades formativas en docencia universitaria realizadas tras la obtenci\u00f3n de los diplomas mencionados en el apartado 2.<\/li>\n\n\n\n<li>Las actividades formativas deben cumplir con los criterios establecidos en la presente memoria de implantaci\u00f3n del t\u00edtulo de formaci\u00f3n permanente.<\/li>\n<\/ol>\n<\/li>\n<\/ol>\n\n\n\n<p><strong>RECONOCIMIENTOS PARA LA FORMACI\u00d3N CONTINUA:<\/strong><\/p>\n\n\n\n<p>Se reconocer\u00e1n&nbsp;<strong>cursos de formaci\u00f3n docente<\/strong>&nbsp;atendiendo a los siguientes criterios:<\/p>\n\n\n\n<h3 class=\"wp-block-heading\"><strong>1.<\/strong>&nbsp;<strong>Tipolog\u00eda de cursos reconocibles<\/strong><\/h3>\n\n\n\n<ul class=\"wp-block-list\">\n<li>Cursos ofertados por:\n<ul class=\"wp-block-list\">\n<li>Universidad de La Laguna (ULL) \u2013 Plan de Formaci\u00f3n del Personal Docente e Investigador.<\/li>\n\n\n\n<li>Instituciones de prestigio con programas acreditados en docencia universitaria (ANECA, CRUE, INTEF, etc.).<\/li>\n<\/ul>\n<\/li>\n\n\n\n<li>No se admitir\u00e1n cursos gen\u00e9ricos de formaci\u00f3n no universitaria o no relacionados con la ense\u00f1anza superior.<\/li>\n<\/ul>\n\n\n\n<h3 class=\"wp-block-heading\"><strong>2. Contenidos alineados con el marco del m\u00e1ster<\/strong><\/h3>\n\n\n\n<p>El curso debe estar vinculado a alguna de las siguientes competencias:<\/p>\n\n\n\n<ul class=\"wp-block-list\">\n<li>Dise\u00f1o curricular y planificaci\u00f3n docente.<\/li>\n\n\n\n<li>Innovaci\u00f3n y metodolog\u00edas activas.<\/li>\n\n\n\n<li>Evaluaci\u00f3n del aprendizaje en educaci\u00f3n superior.<\/li>\n\n\n\n<li>Competencias digitales docentes (nivel B o superior seg\u00fan Marco de Referencia de la Competencia Digital Docente).<\/li>\n\n\n\n<li>Educaci\u00f3n inclusiva y atenci\u00f3n a la diversidad.<\/li>\n\n\n\n<li>Tutor\u00eda, mentor\u00eda y acompa\u00f1amiento al alumnado.<\/li>\n\n\n\n<li>Igualdad, sostenibilidad o \u00e9tica en la docencia universitaria.<\/li>\n\n\n\n<li>Calidad universitaria<\/li>\n\n\n\n<li>Inteligencia Artificial (<strong><em>de car\u00e1cter obligatorio<\/em><\/strong>)<\/li>\n<\/ul>\n\n\n\n<h3 class=\"wp-block-heading\"><strong>3. Evaluaci\u00f3n del aprendizaje<\/strong><\/h3>\n\n\n\n<ul class=\"wp-block-list\">\n<li>El curso debe incluir alg\u00fan tipo de evaluaci\u00f3n del aprendizaje (trabajo final, cuestionario, portafolio, etc.).<\/li>\n\n\n\n<li>Se exigir\u00e1 calificaci\u00f3n. No se reconoce el certificado con aprovechamiento o asistencia.&nbsp;<\/li>\n<\/ul>\n\n\n\n<h3 class=\"wp-block-heading\"><strong>4. Periodo de validez<\/strong><\/h3>\n\n\n\n<p>S\u00f3lo se podr\u00e1n reconocer cursos realizados a partir de la obtenci\u00f3n del primer Diploma de Experto (FDU-ULL\/EDU-ULL o FCD-ULL).<\/p>\n\n\n\n<h3 class=\"wp-block-heading\"><strong>5.<\/strong>&nbsp;<strong>Duraci\u00f3n y equivalencia<\/strong><\/h3>\n\n\n\n<p>Cada curso de formaci\u00f3n debe especificar su carga lectiva en horas.<\/p>\n\n\n\n<h3 class=\"wp-block-heading\"><strong>6. Documentaci\u00f3n necesaria para reconocimiento<\/strong><\/h3>\n\n\n\n<ul class=\"wp-block-list\">\n<li>Certificado oficial de realizaci\u00f3n, con indicaci\u00f3n de las horas y calificaci\u00f3n.<\/li>\n\n\n\n<li>Programa completo del curso (contenidos, metodolog\u00eda, evaluaci\u00f3n) (<em>excepto que sea una actividad del Plan de Formaci\u00f3n del Personal Docente e Investigador de ULL).<\/em><\/li>\n<\/ul>\n\n\n\n<h3 class=\"wp-block-heading\"><strong>7. Procedimiento de reconocimiento<\/strong><\/h3>\n\n\n\n<p>Se reunir\u00e1 una vez al a\u00f1o para resolver expedientes.<\/p>\n\n\n\n<p>La&nbsp;Comisi\u00f3n Acad\u00e9mica del M\u00e1ster<em>&nbsp;s<\/em>er\u00e1 el \u00f3rgano responsable de valorar las solicitudes de reconocimiento.<\/p>\n\n\n\n<p>Evaluar\u00e1 la adecuaci\u00f3n de cada curso a los criterios establecidos.<\/p>\n<\/div><\/div><\/div>\n<\/details>\n<\/div><\/div><\/div>\n\n\n\n<div class=\"wp-block-stackable-column stk-block-column stk-column stk-block stk-53ec762\" data-v=\"4\" data-block-id=\"53ec762\"><style>.stk-53ec762-inner-blocks{row-gap:0px !important;}.stk-53ec762 {padding-top:0px !important;padding-right:0px !important;padding-bottom:0px !important;padding-left:0px !important;margin-top:1.75% !important;}@media screen and (min-width: 768px){.stk-53ec762 {flex:var(--stk-flex-grow, 1) 1 33.3% !important;}}<\/style><div class=\"stk-column-wrapper stk-block-column__content stk-container stk-53ec762-container stk--no-background stk--no-padding\"><div class=\"stk-block-content stk-inner-blocks stk-53ec762-inner-blocks\">\n<ul class=\"widget-box\">\n<li class='contacto-header'>Informaci\u00f3n de contacto<\/li><li><i class=\"fa fa-map-marker\"><\/i> Avenida  Astrof\u00edsico Francisco S\u00e1nchez, s\/n. Edificio Calabaza. 38200 San Crist\u00f3bal de La Laguna<\/li><li><i class=\"fa fa-phone\"><\/i> (+34) 922 31 79 00 \/ 95 38<\/li><li><i class=\"fa fa-envelope\"><\/i>  <a href=mailto:tpropios@ull.es>tpropios@ull.es<\/a><\/li>\n<\/ul>\n\n\n\n\n\n<div class=\"wp-block-stackable-spacer stk-block-spacer stk--no-padding stk-block stk-6d33d0e\" data-block-id=\"6d33d0e\"><style>.stk-6d33d0e {height:25px !important;}<\/style><\/div>\n<\/div><\/div><\/div>\n<\/div><\/div>\n","protected":false},"excerpt":{"rendered":"<p>Competencies General Competencies In accordance with agreement 6.a) of 22-02-20204 of the Governing Council of the University of La Laguna, which approves the Regulations for University-Specific Studies. To access the University-Specific Postgraduate Degrees (Master&#039;s Degree in Continuing Education, Specialization Diploma, and Expert Diploma), it will be necessary\u2026<\/p>","protected":false},"author":1,"featured_media":0,"parent":0,"menu_order":0,"comment_status":"closed","ping_status":"closed","template":"templates\/template-frontpage.php","meta":{"footnotes":""},"class_list":["post-31","page","type-page","status-publish","hentry"],"_links":{"self":[{"href":"https:\/\/www.ull.es\/formacion-permanente\/master-formacion-permanente-docencia-universitaria\/en\/wp-json\/wp\/v2\/pages\/31","targetHints":{"allow":["GET"]}}],"collection":[{"href":"https:\/\/www.ull.es\/formacion-permanente\/master-formacion-permanente-docencia-universitaria\/en\/wp-json\/wp\/v2\/pages"}],"about":[{"href":"https:\/\/www.ull.es\/formacion-permanente\/master-formacion-permanente-docencia-universitaria\/en\/wp-json\/wp\/v2\/types\/page"}],"author":[{"embeddable":true,"href":"https:\/\/www.ull.es\/formacion-permanente\/master-formacion-permanente-docencia-universitaria\/en\/wp-json\/wp\/v2\/users\/1"}],"replies":[{"embeddable":true,"href":"https:\/\/www.ull.es\/formacion-permanente\/master-formacion-permanente-docencia-universitaria\/en\/wp-json\/wp\/v2\/comments?post=31"}],"version-history":[{"count":7,"href":"https:\/\/www.ull.es\/formacion-permanente\/master-formacion-permanente-docencia-universitaria\/en\/wp-json\/wp\/v2\/pages\/31\/revisions"}],"predecessor-version":[{"id":360,"href":"https:\/\/www.ull.es\/formacion-permanente\/master-formacion-permanente-docencia-universitaria\/en\/wp-json\/wp\/v2\/pages\/31\/revisions\/360"}],"wp:attachment":[{"href":"https:\/\/www.ull.es\/formacion-permanente\/master-formacion-permanente-docencia-universitaria\/en\/wp-json\/wp\/v2\/media?parent=31"}],"curies":[{"name":"wp","href":"https:\/\/api.w.org\/{rel}","templated":true}]}}