{"id":17,"date":"2019-02-28T11:44:12","date_gmt":"2019-02-28T10:44:12","guid":{"rendered":"http:\/\/www.ull.es\/formacion-permanente\/diploma-gastronomia\/?page_id=17"},"modified":"2019-05-09T09:59:11","modified_gmt":"2019-05-09T07:59:11","slug":"descripcion-del-titulo","status":"publish","type":"page","link":"https:\/\/www.ull.es\/formacion-permanente\/master-propio-agroecologia-soberania-alimentaria\/descripcion-del-titulo\/","title":{"rendered":"Descripci\u00f3n del t\u00edtulo"},"content":{"rendered":"<p>[vc_row][vc_column width=\u00bb2\/3&#8243;][vc_column_text]<\/p>\n<h1>Descripci\u00f3n del t\u00edtulo<\/h1>\n<p>El titulo tiene como objetivo formar profesionales principales en las \u00e1reas que se indican y para ello plantea un programa que permite a los estudiantes:<\/p>\n<ul>\n<li>Adquirir las bases te\u00f3ricas necesarias para analizar el funcionamiento de los agroecosistemas desde una visi\u00f3n global hol\u00edstica y transdisciplinar as\u00ed como conocer t\u00e9cnicas de producci\u00f3n agraria y ganadera con bases agroecol\u00f3gicas.<\/li>\n<li>Capacitar para evaluar la cadena agroalimentaria ecol\u00f3gica desde la producci\u00f3n y transformaci\u00f3n hasta la comercializaci\u00f3n, la distribuci\u00f3n y el consumo.<\/li>\n<li>Formar profesionalmente con el objetivo de emprender y gestionar proyectos en el marco de la soberan\u00eda alimentaria, la ecolog\u00eda urbana y la cooperaci\u00f3n al desarrollo rural.<\/li>\n<li>Capacitar para realizar tareas de investigaci\u00f3n y asesoramiento en fincas y empresas del sector de la agricultura y ganader\u00eda ecol\u00f3gica as\u00ed como en cooperaci\u00f3n al desarrollo rural.<\/li>\n<li>Recibir formaci\u00f3n t\u00e9cnica especializada para llevar a cabo las tareas de control de la producci\u00f3n agraria ecol\u00f3gica.<\/li>\n<\/ul>\n<p>[\/vc_column_text][\/vc_column][vc_column width=\u00bb1\/3&#8243;][vc_column_text]<ul class=\"widget-box\">\n<li class='contacto-header'>Informaci\u00f3n de contacto<\/li><\/ul>\n[\/vc_column_text][\/vc_column][\/vc_row]<\/p>\n","protected":false},"excerpt":{"rendered":"<p>[vc_row][vc_column width=\u00bb2\/3&#8243;][vc_column_text] Descripci\u00f3n del t\u00edtulo El titulo tiene como objetivo formar profesionales principales en las \u00e1reas que se indican y para ello plantea un programa que permite a los estudiantes: Adquirir las bases te\u00f3ricas necesarias para analizar el funcionamiento de los agroecosistemas desde una visi\u00f3n global hol\u00edstica y transdisciplinar as\u00ed como conocer t\u00e9cnicas de producci\u00f3n&#8230;<\/p>\n","protected":false},"author":4,"featured_media":0,"parent":0,"menu_order":0,"comment_status":"closed","ping_status":"closed","template":"","meta":{"footnotes":""},"class_list":["post-17","page","type-page","status-publish","hentry"],"_links":{"self":[{"href":"https:\/\/www.ull.es\/formacion-permanente\/master-propio-agroecologia-soberania-alimentaria\/wp-json\/wp\/v2\/pages\/17","targetHints":{"allow":["GET"]}}],"collection":[{"href":"https:\/\/www.ull.es\/formacion-permanente\/master-propio-agroecologia-soberania-alimentaria\/wp-json\/wp\/v2\/pages"}],"about":[{"href":"https:\/\/www.ull.es\/formacion-permanente\/master-propio-agroecologia-soberania-alimentaria\/wp-json\/wp\/v2\/types\/page"}],"author":[{"embeddable":true,"href":"https:\/\/www.ull.es\/formacion-permanente\/master-propio-agroecologia-soberania-alimentaria\/wp-json\/wp\/v2\/users\/4"}],"replies":[{"embeddable":true,"href":"https:\/\/www.ull.es\/formacion-permanente\/master-propio-agroecologia-soberania-alimentaria\/wp-json\/wp\/v2\/comments?post=17"}],"version-history":[{"count":3,"href":"https:\/\/www.ull.es\/formacion-permanente\/master-propio-agroecologia-soberania-alimentaria\/wp-json\/wp\/v2\/pages\/17\/revisions"}],"predecessor-version":[{"id":178,"href":"https:\/\/www.ull.es\/formacion-permanente\/master-propio-agroecologia-soberania-alimentaria\/wp-json\/wp\/v2\/pages\/17\/revisions\/178"}],"wp:attachment":[{"href":"https:\/\/www.ull.es\/formacion-permanente\/master-propio-agroecologia-soberania-alimentaria\/wp-json\/wp\/v2\/media?parent=17"}],"curies":[{"name":"wp","href":"https:\/\/api.w.org\/{rel}","templated":true}]}}