{"id":22,"date":"2019-02-28T11:53:54","date_gmt":"2019-02-28T10:53:54","guid":{"rendered":"http:\/\/www.ull.es\/formacion-permanente\/diploma-gastronomia\/?page_id=22"},"modified":"2022-09-15T12:34:56","modified_gmt":"2022-09-15T10:34:56","slug":"acceso-y-admision","status":"publish","type":"page","link":"https:\/\/www.ull.es\/formacion-permanente\/master-propio-agroecologia-soberania-alimentaria\/acceso-y-admision\/","title":{"rendered":"Acceso y admisi\u00f3n"},"content":{"rendered":"<p>[vc_row][vc_column width=\u00bb2\/3&#8243;][vc_column_text]<\/p>\n<h1>Acceso y admisi\u00f3n<\/h1>\n<p>[\/vc_column_text][vc_tta_accordion style=\u00bbflat\u00bb shape=\u00bbsquare\u00bb c_icon=\u00bbchevron\u00bb c_position=\u00bbright\u00bb active_section=\u00bb0&#8243; no_fill=\u00bbtrue\u00bb collapsible_all=\u00bbtrue\u00bb][vc_tta_section title=\u00bbAcceso\u00bb tab_id=\u00bbAcceso\u00bb][vc_column_text]Podr\u00e1n acceder a los estudios conducentes a la obtenci\u00f3n de t\u00edtulos propios de nivel de<br \/>\ngrado los alumnos que re\u00fanan los requisitos necesarios para el acceso a los estudios<br \/>\nuniversitarios oficiales de grado de acuerdo a lo establecido por las normas que sean de<br \/>\naplicaci\u00f3n.<br \/>\nEn caso de que el alumno no cumpla con los requisitos de acceso a las titulaciones<br \/>\noficiales de grado el director acad\u00e9mico del t\u00edtulo podr\u00e1 solicitar al Vicerrectorado<br \/>\nresponsable de la gesti\u00f3n de t\u00edtulos propios que se autorice dicho acceso, si se produce<br \/>\nalguna de las situaciones siguientes:<br \/>\na) Alumnado que demuestre poseer experiencia laboral en el \u00e1mbito de la titulaci\u00f3n a la<br \/>\nque desea acceder de, al menos, un a\u00f1o.<br \/>\nb) Alumnado que haya superado una prueba espec\u00edfica dise\u00f1ada por la direcci\u00f3n<br \/>\nacad\u00e9mica del t\u00edtulo, en los casos en que se hayan previsto este tipo de pruebas, en la<br \/>\nque el alumno demuestre estar en posesi\u00f3n de los conocimientos b\u00e1sicos para poder<br \/>\ncursar la titulaci\u00f3n propia con aprovechamiento, en la memoria de solicitud del t\u00edtulo.<br \/>\nc) Tambi\u00e9n tendr\u00e1n acceso a estudios conducentes a la obtenci\u00f3n de t\u00edtulos propios de<br \/>\ngrado de la ULL, quienes acrediten estar en posesi\u00f3n de una titulaci\u00f3n extranjera que sea<br \/>\nequivalente a la que se solicita a los alumnos espa\u00f1oles. Para este efecto no se requiere<br \/>\nla homologaci\u00f3n de dicho t\u00edtulo, sino la previa comprobaci\u00f3n que este faculta en el pa\u00eds<br \/>\nexpedidor del mismo para el acceso a estudios de grado.<\/p>\n<p>2. Podr\u00e1n acceder a los estudios y obtener la titulaci\u00f3n de t\u00edtulo propio de M\u00e1ster,<br \/>\nquienes cumplan los siguientes requisitos:<br \/>\na) Estar en posesi\u00f3n de un t\u00edtulo universitario oficial de grado, otro expresamente<br \/>\ndeclarado equivalente o un t\u00edtulo universitario oficial obtenido conforme a sistemas de<br \/>\neducaci\u00f3n universitaria anteriores al establecido en el Real Decreto 1393\/2007, de 29 de<br \/>\noctubre (BOE n\u00ba 260, de 30 de octubre).<br \/>\na)Estar en posesi\u00f3n de un t\u00edtulo propio de nivel de grado de la ULL, o equivalente de otra<br \/>\nuniversidad, con una duraci\u00f3n m\u00ednima de 120 cr\u00e9ditos ECTS. En este caso, el alumno<br \/>\npodr\u00e1 acceder a los estudios de m\u00e1ster pero no obtendr\u00e1 dicha titulaci\u00f3n. Si el alumno<br \/>\nsuperase la evaluaci\u00f3n de todas las asignaturas del t\u00edtulo podr\u00e1 solicitar la titulaci\u00f3n de<br \/>\nCertificado de Formaci\u00f3n Espec\u00edfica.<br \/>\nb) Acreditar haber superado al menos 180 cr\u00e9ditos ECTS correspondientes a ense\u00f1anzas<br \/>\noficiales de grado. En este caso, antes de solicitar el t\u00edtulo de m\u00e1ster el alumno debe<br \/>\nhaber finalizado sus estudios de grado. Si el alumno no finalizara sus estudios de grado<br \/>\noficial y solicita la titulaci\u00f3n del t\u00edtulo propio obtendr\u00eda el t\u00edtulo de Certificado de<br \/>\nFormaci\u00f3n Espec\u00edfica.<br \/>\nc) Quienes acrediten experiencia profesional en el campo de las actividades relacionadas<br \/>\ncon el t\u00edtulo propio de, al menos, dos a\u00f1os. En este caso, el alumno podr\u00e1 acceder a los<br \/>\nestudios de m\u00e1ster pero no obtendr\u00e1 dicha titulaci\u00f3n. Si el alumno superase la evaluaci\u00f3n<br \/>\nde todas las asignaturas del t\u00edtulo podr\u00e1 solicitar la titulaci\u00f3n de Certificado de Formaci\u00f3n<br \/>\nEspec\u00edfica. El Vicerrectorado con competencia en materia de t\u00edtulos propios verificar\u00e1 la<br \/>\nexperiencia profesional de estos alumnos y autorizar\u00e1 su acceso.<\/p>\n<p>3. Tambi\u00e9n tendr\u00e1n acceso a estudios conducentes a la obtenci\u00f3n de t\u00edtulos propios de<br \/>\nposgrado de la ULL, quienes acrediten estar en posesi\u00f3n de una titulaci\u00f3n extranjera de<br \/>\neducaci\u00f3n superior homologada o equivalente a los correspondientes t\u00edtulos espa\u00f1oles<br \/>\noficiales de grado. Para este efecto no se requiere la homologaci\u00f3n de dicho t\u00edtulo, sino la<br \/>\nprevia comprobaci\u00f3n que este faculta en el pa\u00eds expedidor del mismo para el acceso a<br \/>\nestudios de posgrado.<\/p>\n<p>4. En los casos en los que los alumnos no cumplan los requisitos de acceso, pero aun as\u00ed<br \/>\ndeseen cursar los estudios, podr\u00e1n realizarlos, pero al finalizar sus estudios no recibir\u00e1n el<br \/>\nt\u00edtulo universitario, sino que en su lugar recibir\u00e1n un certificado de asistencia y<br \/>\naprovechamiento a un curso formativo en el que aparecer\u00e1 la tem\u00e1tica, contenidos y<br \/>\nhoras realizadas. Este certificado ser\u00e1 emitido por el Vicerrectorado responsable de la<br \/>\ngesti\u00f3n de t\u00edtulos propios.<\/p>\n<p>5. Asimismo, se admitir\u00e1n alumnos que s\u00f3lo deseen cursar una o varias asignaturas de un<br \/>\nt\u00edtulo propio, siempre y cuando haya plazas libres. En estos casos, los alumnos recibir\u00e1n<br \/>\nun certificado de asistencia y aprovechamiento emitido por el Vicerrectorado<br \/>\nresponsable de la gesti\u00f3n de t\u00edtulos propios por cada una de las asignaturas cursadas.<\/p>\n<p><strong>Requisitos para alumnos\/as con titulaci\u00f3n extranjera<\/strong><\/p>\n<p>Tambi\u00e9n tendr\u00e1n acceso a estudios conducentes a la obtenci\u00f3n de t\u00edtulos propios de posgrado de la ULL, quienes acrediten estar en posesi\u00f3n de una titulaci\u00f3n extranjera de educaci\u00f3n superior homologada o equivalente a los correspondientes t\u00edtulos espa\u00f1oles oficiales de grado. Para este efecto no se requiere la homologaci\u00f3n de dicho t\u00edtulo, sino la previa comprobaci\u00f3n que este faculta en el pa\u00eds expedidor del mismo para el acceso a estudios de posgrado.<\/p>\n<p><strong>Alumnos\/as que no cumplan los requisitos de acceso<\/strong><\/p>\n<p>En los casos en los que los alumnos\/as no cumplan los requisitos de acceso, pero aun as\u00ed deseen cursar los estudios, podr\u00e1n realizarlos, pero al finalizar sus estudios no recibir\u00e1n el t\u00edtulo universitario, sino que en su lugar recibir\u00e1n un certificado de asistencia y aprovechamiento a un curso formativo en el que aparecer\u00e1 la tem\u00e1tica, contenidos y horas realizadas. Este certificado ser\u00e1 emitido por el Vicerrectorado responsable de la gesti\u00f3n de t\u00edtulos propios.<\/p>\n<p><strong>Alumnos\/as que cursan asignaturas sueltas<\/strong><\/p>\n<p>Asimismo, se admitir\u00e1n alumnos\/as que s\u00f3lo deseen cursar una o varias asignaturas de un t\u00edtulo propio, siempre y cuando haya plazas libres. En estos casos, los alumnos\/as recibir\u00e1n un certificado de asistencia y aprovechamiento emitido por el Vicerrectorado responsable de la gesti\u00f3n de t\u00edtulos propios por cada una de las asignaturas cursadas.[\/vc_column_text][\/vc_tta_section][vc_tta_section title=\u00bbAdmisi\u00f3n del alumnado\u00bb tab_id=\u00bbadmision-baremo\u00bb][vc_column_text]Un t\u00edtulo universitario oficial espa\u00f1ol<br \/>\nUn t\u00edtulo universitario extranjero que faculte en el pa\u00eds expedidor del t\u00edtulo para el acceso<br \/>\na ense\u00f1anzas de M\u00e1ster<br \/>\nSi la Comisi\u00f3n Acad\u00e9mica del t\u00edtulo desea establecer unos requisitos espec\u00edficos de<br \/>\nadmisi\u00f3n o criterios de valoraci\u00f3n de m\u00e9ritos para asignar las plazas, estos criterios<br \/>\ndeben ser incluidos en la propuesta de solicitud del t\u00edtulo propio de grado y posgrado y,<br \/>\nhechos p\u00fablicos en el periodo de preinscripci\u00f3n que se establezca.[\/vc_column_text][\/vc_tta_section][vc_tta_section title=\u00bbBaremaci\u00f3n del alumnado\u00bb tab_id=\u00bbbaremacion-del-alumnado\u00bb][vc_column_text]<strong>BAREMACION DEL ALUMNADO<\/strong><\/p>\n<table width=\"614\">\n<thead>\n<tr>\n<td width=\"414\"><strong>CRITERIOS DE VALORACION<\/strong><\/td>\n<td colspan=\"2\" width=\"201\"><strong>\u00a0\u00a0\u00a0\u00a0\u00a0\u00a0\u00a0\u00a0\u00a0\u00a0\u00a0\u00a0\u00a0\u00a0\u00a0\u00a0\u00a0\u00a0\u00a0 BAREMO<\/strong><\/td>\n<\/tr>\n<\/thead>\n<tbody>\n<tr>\n<td colspan=\"2\" width=\"510\">Nota media del expediente acad\u00e9mico<\/td>\n<td width=\"104\">33%<\/td>\n<\/tr>\n<tr>\n<td colspan=\"2\" width=\"510\">Formaci\u00f3n en materias afines al master<\/td>\n<td width=\"104\">\u00a033%<\/td>\n<\/tr>\n<tr>\n<td colspan=\"2\" width=\"510\">Experiencia profesional o de investigaci\u00f3n en materias afines al master<\/td>\n<td width=\"104\">\u00a034%<\/p>\n<p>&nbsp;<\/td>\n<\/tr>\n<tr>\n<td width=\"414\"><\/td>\n<td width=\"97\"><\/td>\n<td width=\"104\"><\/td>\n<\/tr>\n<\/tbody>\n<\/table>\n<p><u>Nota media del expediente<\/u>:<\/p>\n<ul>\n<li>Sobresaliente\u2026\u2026. 10 puntos<\/li>\n<li>Notable\u2026\u2026\u2026\u2026.\u2026.. 8 puntos<\/li>\n<li>Aprobado\u2026\u2026.\u2026.. \u00a0\u00a0\u00a06 puntos<\/li>\n<\/ul>\n<p>&nbsp;<\/p>\n<p><u>Cursos afines<\/u>:<\/p>\n<ul>\n<li>Master\u2026\u2026\u2026\u2026\u202610 puntos<\/li>\n<li>Grados\u2026\u2026\u2026\u2026\u2026 8 puntos<\/li>\n<li>Diplomas\u2026\u2026\u2026\u00a0 4 puntos<\/li>\n<\/ul>\n<p>&nbsp;<\/p>\n<ul>\n<li><u>Experiencia profesional o de investigaci\u00f3n<\/u>:<br \/>\nCada a\u00f1o de experiencia: 4 puntos<\/li>\n<\/ul>\n<p>[\/vc_column_text][\/vc_tta_section][vc_tta_section title=\u00bbPreinscripci\u00f3n y matr\u00edcula\u00bb tab_id=\u00bbpreinscripcion-matricula\u00bb][vc_column_text]<\/p>\n<table>\n<tbody>\n<tr>\n<td width=\"121\"><\/td>\n<td width=\"198\"><strong>INICIO<\/strong><\/td>\n<td width=\"199\"><strong>FIN<\/strong><\/td>\n<\/tr>\n<tr>\n<td width=\"121\"><a href=\"https:\/\/sede.ull.es\/ecivilis-site\/catalog\/showProcedure\/329\" target=\"_blank\" rel=\"noopener\"><strong>PREINSCRIPCI\u00d3N<\/strong><\/a><\/td>\n<td width=\"198\">1 mayo 2022<\/td>\n<td width=\"199\">23 septiembre 2022<\/td>\n<\/tr>\n<tr>\n<td width=\"121\"><strong>MATR\u00cdCULA<\/strong><\/td>\n<td width=\"198\">15 septiembre 2022<\/td>\n<td width=\"199\">7 octubre 2022<\/td>\n<\/tr>\n<tr>\n<td width=\"121\"><strong>IMPARTICI\u00d3N<\/strong><\/td>\n<td width=\"198\">14 octubre 2022<\/td>\n<td width=\"199\">30 septiembre 2023<\/td>\n<\/tr>\n<\/tbody>\n<\/table>\n<ul>\n<li><strong>Preinscripci\u00f3n<\/strong> a trav\u00e9s de la <a href=\"https:\/\/www.ull.es\/formacion-permanente\/procedimiento-de-preinscripcion\/\" target=\"_blank\" rel=\"noopener\"><strong>Sede Electr\u00f3nica de la Universidad de La Laguna<\/strong><\/a>.<\/li>\n<\/ul>\n<p>[\/vc_column_text][\/vc_tta_section][\/vc_tta_accordion][\/vc_column][vc_column width=\u00bb1\/3&#8243;][vc_column_text]<ul class=\"widget-box\">\n<li class='contacto-header'>Informaci\u00f3n de contacto<\/li><\/ul>\n[\/vc_column_text][\/vc_column][\/vc_row][vc_row][vc_column][\/vc_column][\/vc_row]<\/p>\n","protected":false},"excerpt":{"rendered":"<p>[vc_row][vc_column width=\u00bb2\/3&#8243;][vc_column_text] Acceso y admisi\u00f3n [\/vc_column_text][vc_tta_accordion style=\u00bbflat\u00bb shape=\u00bbsquare\u00bb c_icon=\u00bbchevron\u00bb c_position=\u00bbright\u00bb active_section=\u00bb0&#8243; no_fill=\u00bbtrue\u00bb collapsible_all=\u00bbtrue\u00bb][vc_tta_section title=\u00bbAcceso\u00bb tab_id=\u00bbAcceso\u00bb][vc_column_text]Podr\u00e1n acceder a los estudios conducentes a la obtenci\u00f3n de t\u00edtulos propios de nivel de grado los alumnos que re\u00fanan los requisitos necesarios para el acceso a los estudios universitarios oficiales de grado de acuerdo a lo establecido por las normas&#8230;<\/p>\n","protected":false},"author":4,"featured_media":0,"parent":0,"menu_order":0,"comment_status":"closed","ping_status":"closed","template":"","meta":{"footnotes":""},"class_list":["post-22","page","type-page","status-publish","hentry"],"_links":{"self":[{"href":"https:\/\/www.ull.es\/formacion-permanente\/master-propio-agroecologia-soberania-alimentaria\/wp-json\/wp\/v2\/pages\/22","targetHints":{"allow":["GET"]}}],"collection":[{"href":"https:\/\/www.ull.es\/formacion-permanente\/master-propio-agroecologia-soberania-alimentaria\/wp-json\/wp\/v2\/pages"}],"about":[{"href":"https:\/\/www.ull.es\/formacion-permanente\/master-propio-agroecologia-soberania-alimentaria\/wp-json\/wp\/v2\/types\/page"}],"author":[{"embeddable":true,"href":"https:\/\/www.ull.es\/formacion-permanente\/master-propio-agroecologia-soberania-alimentaria\/wp-json\/wp\/v2\/users\/4"}],"replies":[{"embeddable":true,"href":"https:\/\/www.ull.es\/formacion-permanente\/master-propio-agroecologia-soberania-alimentaria\/wp-json\/wp\/v2\/comments?post=22"}],"version-history":[{"count":19,"href":"https:\/\/www.ull.es\/formacion-permanente\/master-propio-agroecologia-soberania-alimentaria\/wp-json\/wp\/v2\/pages\/22\/revisions"}],"predecessor-version":[{"id":313,"href":"https:\/\/www.ull.es\/formacion-permanente\/master-propio-agroecologia-soberania-alimentaria\/wp-json\/wp\/v2\/pages\/22\/revisions\/313"}],"wp:attachment":[{"href":"https:\/\/www.ull.es\/formacion-permanente\/master-propio-agroecologia-soberania-alimentaria\/wp-json\/wp\/v2\/media?parent=22"}],"curies":[{"name":"wp","href":"https:\/\/api.w.org\/{rel}","templated":true}]}}