{"id":27,"date":"2019-02-28T12:52:28","date_gmt":"2019-02-28T11:52:28","guid":{"rendered":"http:\/\/www.ull.es\/formacion-permanente\/diploma-gastronomia\/?page_id=27"},"modified":"2022-08-04T11:59:41","modified_gmt":"2022-08-04T09:59:41","slug":"horarios-y-calendario-examenes","status":"publish","type":"page","link":"https:\/\/www.ull.es\/formacion-permanente\/master-propio-agroecologia-soberania-alimentaria\/horarios-y-calendario-examenes\/","title":{"rendered":"Horarios y Calendario Ex\u00e1menes"},"content":{"rendered":"<p>[vc_row][vc_column width=\u00bb2\/3&#8243;][vc_column_text]<\/p>\n<div class=\"wpb_text_column wpb_content_element \">\n<div class=\"wpb_wrapper\">\n<h1>Horarios<\/h1>\n<\/div>\n<\/div>\n<div class=\"wpb_text_column wpb_content_element \">\n<div class=\"wpb_wrapper\">\n<p><span style=\"font-weight: 400;\">La secuencia en el desarrollo de los distintos m\u00f3dulos que componen el programa docente, comienzo y finalizaci\u00f3n aproximada de los mismos se muestra en el siguiente\u00a0<strong><a href=\"https:\/\/drive.google.com\/file\/d\/1Mr2bQESLLt06or-QAqeG2SpwWTMsU32v\/view?usp=sharing\" target=\"_blank\" rel=\"noopener noreferrer\" target=\"_blank\" rel=\"noopener\">enlace<\/a>.<\/strong><\/span><\/p>\n<p><span style=\"font-weight: 400;\">L<\/span><span style=\"font-weight: 400;\">as clases <\/span><span style=\"font-weight: 400;\">online <\/span><span style=\"font-weight: 400;\">se desarrollaran los d\u00edas indicados\u00a0 preferentemente en horario viernes tarde (16:00 h a 20:00 h) y s\u00e1bado (10:00 h a 14:00 h). Las clases permanecer\u00e1n grabadas y a disposici\u00f3n de los alumnos durante los 15 d\u00edas siguientes \u00a0de su impartici\u00f3n.<\/span><\/p>\n<p><span style=\"font-weight: 400;\">Las clases presenciales se desarrollaran los d\u00edas que se indican, en horarios preferentemente de ma\u00f1ana (9:00h a 15:00 h) y \u00a0tarde de (17:00 h a 20:00 h).<\/span><\/p>\n<\/div>\n<\/div>\n<p>[\/vc_column_text][vc_empty_space][\/vc_column][vc_column width=\u00bb1\/3&#8243;][vc_column_text]<ul class=\"widget-box\">\n<li class='contacto-header'>Informaci\u00f3n de contacto<\/li><\/ul>\n[\/vc_column_text][\/vc_column][\/vc_row][vc_row][vc_column width=\u00bb2\/3&#8243;][vc_column_text]<\/p>\n<h1>Calendario de ex\u00e1menes<\/h1>\n<p><span style=\"font-weight: 400;\">Los ex\u00e1menes de cada m\u00f3dulo se realizaran en 1\u00aa convocatoria 15 d\u00edas despu\u00e9s de haber finalizado y en 2\u00ba convocatoria 30 d\u00edas despu\u00e9s de la 1\u00aa.<\/span><\/p>\n<ul>\n<li>1\u00aaconvocatoria Enero 2023<\/li>\n<\/ul>\n<ul>\n<li>2\u00aaconvocatoria Junio 2023<\/li>\n<\/ul>\n<p>[\/vc_column_text][\/vc_column][vc_column width=\u00bb1\/3&#8243;][\/vc_column][\/vc_row][vc_row][vc_column][\/vc_column][\/vc_row]<\/p>\n","protected":false},"excerpt":{"rendered":"<p>[vc_row][vc_column width=\u00bb2\/3&#8243;][vc_column_text] Horarios La secuencia en el desarrollo de los distintos m\u00f3dulos que componen el programa docente, comienzo y finalizaci\u00f3n aproximada de los mismos se muestra en el siguiente\u00a0enlace. Las clases online se desarrollaran los d\u00edas indicados\u00a0 preferentemente en horario viernes tarde (16:00 h a 20:00 h) y s\u00e1bado (10:00 h a 14:00 h). Las&#8230;<\/p>\n","protected":false},"author":4,"featured_media":0,"parent":0,"menu_order":0,"comment_status":"closed","ping_status":"closed","template":"","meta":{"footnotes":""},"class_list":["post-27","page","type-page","status-publish","hentry"],"_links":{"self":[{"href":"https:\/\/www.ull.es\/formacion-permanente\/master-propio-agroecologia-soberania-alimentaria\/wp-json\/wp\/v2\/pages\/27","targetHints":{"allow":["GET"]}}],"collection":[{"href":"https:\/\/www.ull.es\/formacion-permanente\/master-propio-agroecologia-soberania-alimentaria\/wp-json\/wp\/v2\/pages"}],"about":[{"href":"https:\/\/www.ull.es\/formacion-permanente\/master-propio-agroecologia-soberania-alimentaria\/wp-json\/wp\/v2\/types\/page"}],"author":[{"embeddable":true,"href":"https:\/\/www.ull.es\/formacion-permanente\/master-propio-agroecologia-soberania-alimentaria\/wp-json\/wp\/v2\/users\/4"}],"replies":[{"embeddable":true,"href":"https:\/\/www.ull.es\/formacion-permanente\/master-propio-agroecologia-soberania-alimentaria\/wp-json\/wp\/v2\/comments?post=27"}],"version-history":[{"count":13,"href":"https:\/\/www.ull.es\/formacion-permanente\/master-propio-agroecologia-soberania-alimentaria\/wp-json\/wp\/v2\/pages\/27\/revisions"}],"predecessor-version":[{"id":311,"href":"https:\/\/www.ull.es\/formacion-permanente\/master-propio-agroecologia-soberania-alimentaria\/wp-json\/wp\/v2\/pages\/27\/revisions\/311"}],"wp:attachment":[{"href":"https:\/\/www.ull.es\/formacion-permanente\/master-propio-agroecologia-soberania-alimentaria\/wp-json\/wp\/v2\/media?parent=27"}],"curies":[{"name":"wp","href":"https:\/\/api.w.org\/{rel}","templated":true}]}}