{"id":40,"date":"2019-02-28T13:04:13","date_gmt":"2019-02-28T12:04:13","guid":{"rendered":"http:\/\/www.ull.es\/formacion-permanente\/diploma-gastronomia\/?page_id=40"},"modified":"2022-08-04T12:01:19","modified_gmt":"2022-08-04T10:01:19","slug":"estructura-del-plan-de-estudios","status":"publish","type":"page","link":"https:\/\/www.ull.es\/formacion-permanente\/master-propio-agroecologia-soberania-alimentaria\/estructura-del-plan-de-estudios\/","title":{"rendered":"Estructura del plan de estudios"},"content":{"rendered":"<p>[vc_row][vc_column width=\u00bb2\/3&#8243;][vc_column_text]<\/p>\n<h1>Estructura del plan de estudios<\/h1>\n<p>El Master consta de 60 ETCS de los cuales 24 son te\u00f3ricos online, 18 presenciales y pr\u00e1cticos y 18 correspondientes al proyecto final de Master y se desarrollar\u00e1 desde octubre de 2022 a octubre de 2023.<\/p>\n<p><span style=\"font-weight: 400;\">El alumno elegir\u00e1 entre las asignaturas optativas ofertadas hasta completar 10 ETCS.<\/span><\/p>\n<p>&nbsp;<\/p>\n<table>\n<tbody>\n<tr>\n<td colspan=\"2\"><b>ESTRUCTURA GENERAL DEL PLAN DE ESTUDIOS<\/b><\/td>\n<\/tr>\n<tr>\n<td><b>TIPO DE ASIGNATURAS\/MATERIAS<\/b><\/td>\n<td><b>CR\u00c9DITOS ETCS<\/b><\/td>\n<\/tr>\n<tr>\n<td><span style=\"font-weight: 400;\">Obligatorias<\/span><\/td>\n<td><span style=\"font-weight: 400;\">24<\/span><\/td>\n<\/tr>\n<tr>\n<td><span style=\"font-weight: 400;\">Optativas<\/span><\/td>\n<td><span style=\"font-weight: 400;\">10<\/span><\/td>\n<\/tr>\n<tr>\n<td><span style=\"font-weight: 400;\">Pr\u00e1cticas externas <\/span><\/td>\n<td><span style=\"font-weight: 400;\">8<\/span><\/td>\n<\/tr>\n<tr>\n<td><span style=\"font-weight: 400;\">Trabajo fin de titulaci\u00f3n<\/span><\/td>\n<td><span style=\"font-weight: 400;\">18<\/span><\/td>\n<\/tr>\n<tr>\n<td><\/td>\n<td><\/td>\n<\/tr>\n<tr>\n<td><b>TOTAL<\/b><\/td>\n<td><b>60<\/b><\/td>\n<\/tr>\n<\/tbody>\n<\/table>\n<p><a href=\"https:\/\/drive.google.com\/file\/d\/1Mr2bQESLLt06or-QAqeG2SpwWTMsU32v\/view?usp=sharing\" target=\"_blank\" rel=\"noopener\" target=\"_blank\" rel=\"noopener\">DESGLOSE CURRICULAR DE LA TITULACI\u00d3N, CURSO 2022-2023<\/a>[\/vc_column_text][\/vc_column][vc_column width=\u00bb1\/3&#8243;][vc_column_text]<ul class=\"widget-box\">\n<li class='contacto-header'>Informaci\u00f3n de contacto<\/li><\/ul>\n[\/vc_column_text][\/vc_column][\/vc_row]<\/p>\n","protected":false},"excerpt":{"rendered":"<p>[vc_row][vc_column width=\u00bb2\/3&#8243;][vc_column_text] Estructura del plan de estudios El Master consta de 60 ETCS de los cuales 24 son te\u00f3ricos online, 18 presenciales y pr\u00e1cticos y 18 correspondientes al proyecto final de Master y se desarrollar\u00e1 desde octubre de 2022 a octubre de 2023. El alumno elegir\u00e1 entre las asignaturas optativas ofertadas hasta completar 10 ETCS&#8230;.<\/p>\n","protected":false},"author":4,"featured_media":0,"parent":0,"menu_order":0,"comment_status":"closed","ping_status":"closed","template":"","meta":{"footnotes":""},"class_list":["post-40","page","type-page","status-publish","hentry"],"_links":{"self":[{"href":"https:\/\/www.ull.es\/formacion-permanente\/master-propio-agroecologia-soberania-alimentaria\/wp-json\/wp\/v2\/pages\/40","targetHints":{"allow":["GET"]}}],"collection":[{"href":"https:\/\/www.ull.es\/formacion-permanente\/master-propio-agroecologia-soberania-alimentaria\/wp-json\/wp\/v2\/pages"}],"about":[{"href":"https:\/\/www.ull.es\/formacion-permanente\/master-propio-agroecologia-soberania-alimentaria\/wp-json\/wp\/v2\/types\/page"}],"author":[{"embeddable":true,"href":"https:\/\/www.ull.es\/formacion-permanente\/master-propio-agroecologia-soberania-alimentaria\/wp-json\/wp\/v2\/users\/4"}],"replies":[{"embeddable":true,"href":"https:\/\/www.ull.es\/formacion-permanente\/master-propio-agroecologia-soberania-alimentaria\/wp-json\/wp\/v2\/comments?post=40"}],"version-history":[{"count":15,"href":"https:\/\/www.ull.es\/formacion-permanente\/master-propio-agroecologia-soberania-alimentaria\/wp-json\/wp\/v2\/pages\/40\/revisions"}],"predecessor-version":[{"id":312,"href":"https:\/\/www.ull.es\/formacion-permanente\/master-propio-agroecologia-soberania-alimentaria\/wp-json\/wp\/v2\/pages\/40\/revisions\/312"}],"wp:attachment":[{"href":"https:\/\/www.ull.es\/formacion-permanente\/master-propio-agroecologia-soberania-alimentaria\/wp-json\/wp\/v2\/media?parent=40"}],"curies":[{"name":"wp","href":"https:\/\/api.w.org\/{rel}","templated":true}]}}