{"id":43,"date":"2019-02-28T13:06:59","date_gmt":"2019-02-28T12:06:59","guid":{"rendered":"http:\/\/www.ull.es\/formacion-permanente\/diploma-gastronomia\/?page_id=43"},"modified":"2021-11-03T12:53:18","modified_gmt":"2021-11-03T11:53:18","slug":"guias-docentes","status":"publish","type":"page","link":"https:\/\/www.ull.es\/formacion-permanente\/master-propio-agroecologia-soberania-alimentaria\/guias-docentes\/","title":{"rendered":"Gu\u00edas docentes"},"content":{"rendered":"<p>[vc_row][vc_column][vc_column_text]<\/p>\n<h1>Fichas descriptivas de las asignaturas<\/h1>\n<ul>\n<li><a href=\"https:\/\/drive.google.com\/file\/d\/123Hk4HcLXjdwlXKC7zUfAP54NzwQoLk_\/view?usp=sharing\" target=\"_blank\" rel=\"noopener\">Introducci\u00f3n a la agroecolog\u00eda. Bases para un an\u00e1lisis complejo y transdisciplinar<\/a><\/li>\n<li><a href=\"https:\/\/drive.google.com\/file\/d\/1ohQalfSi4A07-3uVJ5BdRmG5XFWjhl4q\/view?usp=sharing\" target=\"_blank\" rel=\"noopener\">Cooperativismo, econom\u00eda social, econom\u00eda circular y econom\u00eda verde<\/a><\/li>\n<li><a href=\"https:\/\/drive.google.com\/file\/d\/1qGz480QwrlDYRQU84SmCGcUhGclCKKaz\/view?usp=sharing\" target=\"_blank\" rel=\"noopener\">Formulaci\u00f3n de proyectos sociales, ambientales y de cooperaci\u00f3n internacional<\/a><\/li>\n<li><a href=\"https:\/\/drive.google.com\/file\/d\/13YK-JZUwrJ_PCX2f_c7Z3LTSguEM_fWm\/view?usp=sharing\" target=\"_blank\" rel=\"noopener\">Marco te\u00f3rico de los planteamientos agroecol\u00f3gicos<\/a><\/li>\n<li><a href=\"https:\/\/drive.google.com\/file\/d\/1X7OXTFqqkLxuwrJCKwauDjxqL6hYxMEn\/view?usp=sharing\" target=\"_blank\" rel=\"noopener\">La transici\u00f3n agroecol\u00f3gica. \u00bfOtro mundo es posible? Un an\u00e1lisis sociecon\u00f3mico del futuro de la Tierra<\/a><\/li>\n<li><a href=\"https:\/\/drive.google.com\/file\/d\/177ZSMCwuSLBeVPQ9dfckPcxgqyN3hR1b\/view?usp=sharing\" target=\"_blank\" rel=\"noopener\">La salud de los agrosistemas. Control de plagas y enfermedades con bases agroecol\u00f3gicas<\/a><\/li>\n<li><a href=\"https:\/\/drive.google.com\/file\/d\/1PX6JOgQhkmfZWU9RJIuLZn5BKSd1a6jO\/view?usp=sharing\" target=\"_blank\" rel=\"noopener\">Practicas externas Agroecol\u00f3gicas<\/a><\/li>\n<li><a href=\"https:\/\/drive.google.com\/file\/d\/1qWftd3-Q7XB9h-760P1YHf5uD5i5CECa\/view?usp=sharing\" target=\"_blank\" rel=\"noopener\">Manejo de hortalizas, frutales y jardines en ambientes mediterr\u00e1neos. La cultura agraria Hispano-\u00c1rabe<\/a><\/li>\n<li><a href=\"https:\/\/drive.google.com\/file\/d\/1pmjDC2DBqXvI3_jf1VoSiT6M6nnfU-9Z\/view?usp=sharing\" target=\"_blank\" rel=\"noopener\">Manejo de huertas y jardines en la cultura agraria Andalus\u00ed. El Huerto &#8211; Jard\u00edn- Para\u00edso<\/a><\/li>\n<li><a href=\"https:\/\/drive.google.com\/file\/d\/1dwlRo2gsqVnlDBiKENsyJNB_g0j25iIX\/view?usp=sharing\" target=\"_blank\" rel=\"noopener\">Restauraci\u00f3n de suelos. Actividad biol\u00f3gica y manejo de la biodiversidad cultivada<\/a><\/li>\n<li><a href=\"https:\/\/drive.google.com\/file\/d\/1Xv_lYMD0UqhrSUdOWN-2lOTKinyBhqjm\/view?usp=sharing\" target=\"_blank\" rel=\"noopener\">Manejo de agrosistemas subtropicales de frutales: Pl\u00e1tano, aguacate, mango, c\u00edtricos y papaya. La importancia de la ordenaci\u00f3n del territorio<\/a><\/li>\n<li><a href=\"https:\/\/drive.google.com\/file\/d\/16Nnbb89Ogy2x85kPxhroB7kUPSaREIuT\/view?usp=sharing\" target=\"_blank\" rel=\"noopener\">Manejo del ganado ovino y caprino en zonas \u00e1ridas. Bases para una transici\u00f3n ganadera ecol\u00f3gica. La importancia de la industria artesanal de elaboraci\u00f3n de quesos<\/a><\/li>\n<li><a href=\"https:\/\/drive.google.com\/file\/d\/1p4MfD_mAvs1tqrGAbW_kU9lsXtUHq90Z\/view?usp=sharing\" target=\"_blank\" rel=\"noopener\">Ecoturismo y ecolog\u00eda urbana. Bases para una transici\u00f3n ecol\u00f3gica desde el municipalismo<\/a><\/li>\n<li><a href=\"https:\/\/drive.google.com\/file\/d\/1zSqYmQr53GIOhTXyMOJ7I5CbUqS9bBVo\/view?usp=sharing\" target=\"_blank\" rel=\"noopener\">Trabajo Fin de M\u00e1ster<\/a><\/li>\n<li><a href=\"https:\/\/drive.google.com\/file\/d\/1K0f9ABZ-MvD5zjVEVzyDuILKtCQLPBL3\/view?usp=sharing\" target=\"_blank\" rel=\"noopener\">Complemento al TFM<\/a><\/li>\n<\/ul>\n<p>[\/vc_column_text][\/vc_column][\/vc_row]<\/p>\n","protected":false},"excerpt":{"rendered":"<p>[vc_row][vc_column][vc_column_text] Fichas descriptivas de las asignaturas Introducci\u00f3n a la agroecolog\u00eda. Bases para un an\u00e1lisis complejo y transdisciplinar Cooperativismo, econom\u00eda social, econom\u00eda circular y econom\u00eda verde Formulaci\u00f3n de proyectos sociales, ambientales y de cooperaci\u00f3n internacional Marco te\u00f3rico de los planteamientos agroecol\u00f3gicos La transici\u00f3n agroecol\u00f3gica. \u00bfOtro mundo es posible? Un an\u00e1lisis sociecon\u00f3mico del futuro de la Tierra&#8230;<\/p>\n","protected":false},"author":4,"featured_media":0,"parent":0,"menu_order":0,"comment_status":"closed","ping_status":"closed","template":"","meta":{"footnotes":""},"class_list":["post-43","page","type-page","status-publish","hentry"],"_links":{"self":[{"href":"https:\/\/www.ull.es\/formacion-permanente\/master-propio-agroecologia-soberania-alimentaria\/wp-json\/wp\/v2\/pages\/43","targetHints":{"allow":["GET"]}}],"collection":[{"href":"https:\/\/www.ull.es\/formacion-permanente\/master-propio-agroecologia-soberania-alimentaria\/wp-json\/wp\/v2\/pages"}],"about":[{"href":"https:\/\/www.ull.es\/formacion-permanente\/master-propio-agroecologia-soberania-alimentaria\/wp-json\/wp\/v2\/types\/page"}],"author":[{"embeddable":true,"href":"https:\/\/www.ull.es\/formacion-permanente\/master-propio-agroecologia-soberania-alimentaria\/wp-json\/wp\/v2\/users\/4"}],"replies":[{"embeddable":true,"href":"https:\/\/www.ull.es\/formacion-permanente\/master-propio-agroecologia-soberania-alimentaria\/wp-json\/wp\/v2\/comments?post=43"}],"version-history":[{"count":11,"href":"https:\/\/www.ull.es\/formacion-permanente\/master-propio-agroecologia-soberania-alimentaria\/wp-json\/wp\/v2\/pages\/43\/revisions"}],"predecessor-version":[{"id":296,"href":"https:\/\/www.ull.es\/formacion-permanente\/master-propio-agroecologia-soberania-alimentaria\/wp-json\/wp\/v2\/pages\/43\/revisions\/296"}],"wp:attachment":[{"href":"https:\/\/www.ull.es\/formacion-permanente\/master-propio-agroecologia-soberania-alimentaria\/wp-json\/wp\/v2\/media?parent=43"}],"curies":[{"name":"wp","href":"https:\/\/api.w.org\/{rel}","templated":true}]}}