{"id":53,"date":"2019-02-28T13:44:26","date_gmt":"2019-02-28T12:44:26","guid":{"rendered":"http:\/\/www.ull.es\/formacion-permanente\/diploma-gastronomia\/?page_id=53"},"modified":"2022-09-15T12:35:55","modified_gmt":"2022-09-15T10:35:55","slug":"acceso-inscripcion","status":"publish","type":"page","link":"https:\/\/www.ull.es\/formacion-permanente\/master-propio-agroecologia-soberania-alimentaria\/acceso-inscripcion\/","title":{"rendered":"Acceso &#8211; Inscripci\u00f3n"},"content":{"rendered":"<p>[vc_row][vc_column width=\u00bb2\/3&#8243;][vc_column_text]<\/p>\n<h1>Acceso-Inscripci\u00f3n<\/h1>\n<p>&nbsp;<\/p>\n<p><strong>&#8211; Debes formalizar tu PREINSCRIPCI\u00d3N<\/strong> entre el 01 de mayo del 2022 hasta el 23 de septiembre del 2022 a trav\u00e9s de la <strong><a href=\"https:\/\/www.ull.es\/formacion-permanente\/procedimiento-de-preinscripcion\/\" target=\"_blank\" rel=\"noopener\">Sede Electr\u00f3nica de la Universidad de La Laguna<\/a><\/strong><\/p>\n<p>&#8211; El <strong>per\u00edodo de MATRICULACI\u00d3N<\/strong> comienza el 15 de septiembre del 2022 hasta el 07 de octubre del 2022.<\/p>\n<p><strong>&#8211; La IMPARTICI\u00d3N de este m\u00e1ster propio<\/strong> comienza el 14 de octubre del 2022 y finaliza el 30 de septiembre del 2023.<\/p>\n<p>&nbsp;<\/p>\n<p><strong>\u00a1Inscr\u00edbete antes de que se agoten las plazas!<\/strong><\/p>\n<p><b>Instituci\u00f3n y contacto:<\/b>\u00a0Fundaci\u00f3n Instituto de Agricultura Ecol\u00f3gica y Sostenible. (Salva Bertomeu)<\/p>\n<p><b>Direcci\u00f3n electr\u00f3nica<\/b>: info@multiversidad.es<br \/>\n<b><\/b><\/p>\n<p><b>P\u00e1gina web<\/b>:\u00a0<a href=\"https:\/\/www.ull.es\/formacion-permanente\/master-propio-agroecologia-soberania-alimentaria\/\" target=\"_blank\" rel=\"noopener\">https:\/\/www.ull.es\/formacion-permanente\/master-propio-agroecologia-soberania-alimentaria\/<\/a><\/p>\n<p><b>Tel\u00e9fono<\/b>: 659.189.333<br \/>\n<b><\/b><\/p>\n<p><b>Observaciones<\/b>: de lunes a viernes, de 9 a 14 h (horario de la secretar\u00eda).[\/vc_column_text][\/vc_column][vc_column width=\u00bb1\/3&#8243;][vc_column_text]<ul class=\"widget-box\">\n<li class='contacto-header'>Informaci\u00f3n de contacto<\/li><\/ul>\n[\/vc_column_text][\/vc_column][\/vc_row]<\/p>\n","protected":false},"excerpt":{"rendered":"<p>[vc_row][vc_column width=\u00bb2\/3&#8243;][vc_column_text] Acceso-Inscripci\u00f3n &nbsp; &#8211; Debes formalizar tu PREINSCRIPCI\u00d3N entre el 01 de mayo del 2022 hasta el 23 de septiembre del 2022 a trav\u00e9s de la Sede Electr\u00f3nica de la Universidad de La Laguna &#8211; El per\u00edodo de MATRICULACI\u00d3N comienza el 15 de septiembre del 2022 hasta el 07 de octubre del 2022. &#8211;&#8230;<\/p>\n","protected":false},"author":4,"featured_media":0,"parent":0,"menu_order":0,"comment_status":"closed","ping_status":"closed","template":"","meta":{"footnotes":""},"class_list":["post-53","page","type-page","status-publish","hentry"],"_links":{"self":[{"href":"https:\/\/www.ull.es\/formacion-permanente\/master-propio-agroecologia-soberania-alimentaria\/wp-json\/wp\/v2\/pages\/53","targetHints":{"allow":["GET"]}}],"collection":[{"href":"https:\/\/www.ull.es\/formacion-permanente\/master-propio-agroecologia-soberania-alimentaria\/wp-json\/wp\/v2\/pages"}],"about":[{"href":"https:\/\/www.ull.es\/formacion-permanente\/master-propio-agroecologia-soberania-alimentaria\/wp-json\/wp\/v2\/types\/page"}],"author":[{"embeddable":true,"href":"https:\/\/www.ull.es\/formacion-permanente\/master-propio-agroecologia-soberania-alimentaria\/wp-json\/wp\/v2\/users\/4"}],"replies":[{"embeddable":true,"href":"https:\/\/www.ull.es\/formacion-permanente\/master-propio-agroecologia-soberania-alimentaria\/wp-json\/wp\/v2\/comments?post=53"}],"version-history":[{"count":16,"href":"https:\/\/www.ull.es\/formacion-permanente\/master-propio-agroecologia-soberania-alimentaria\/wp-json\/wp\/v2\/pages\/53\/revisions"}],"predecessor-version":[{"id":314,"href":"https:\/\/www.ull.es\/formacion-permanente\/master-propio-agroecologia-soberania-alimentaria\/wp-json\/wp\/v2\/pages\/53\/revisions\/314"}],"wp:attachment":[{"href":"https:\/\/www.ull.es\/formacion-permanente\/master-propio-agroecologia-soberania-alimentaria\/wp-json\/wp\/v2\/media?parent=53"}],"curies":[{"name":"wp","href":"https:\/\/api.w.org\/{rel}","templated":true}]}}